{"id":1016,"date":"2023-06-20T12:26:46","date_gmt":"2023-06-20T10:26:46","guid":{"rendered":"https:\/\/observatoriodelplacer.com\/?page_id=1016"},"modified":"2023-11-01T09:33:48","modified_gmt":"2023-11-01T07:33:48","slug":"reconocimientos-anales-recorridos-boca-an0-y-lo-en-medio","status":"publish","type":"page","link":"https:\/\/observatoriodelplacer.com\/en\/reconocimientos-anales-recorridos-boca-an0-y-lo-en-medio\/","title":{"rendered":"(Re)conocimientos anales: recorridos boca, an0, y lo en medio"},"content":{"rendered":"<div class=\"wp-block-columns is-layout-flex wp-container-core-columns-is-layout-28f84493 wp-block-columns-is-layout-flex\">\n<div class=\"wp-block-column is-layout-flow wp-block-column-is-layout-flow\">\n<p class=\"has-text-align-left\"><strong>S\u00e1bado 2 de Dicembre<\/strong> \u00b7 <strong>12-17h<\/strong><br><em>Facilitates<\/em> flor c \/ cauro<\/p>\n\n\n\n<p>Siguiendo la l\u00ednea del primer taller, vamos a intentar explorar los (des)bordes de lo que crea un cuerpo. Con proposiciones que muevan sutilmente lo familiar en lo extra\u00f1o nos iremos disolviendo en otras ORTOgraf\u00edas er*ticas posibles, otras posibles relaciones boca, an0, y lo en medio. Nos sumergiremos en las babas de gestos que (des)componen \u00f3rganos y sus adentro-fuera, desbordando lo humano, intentando otras pr\u00e1cticas del coger que construyan otras materialidades posibles de los cuerpos.<br>No es necesario haber asistido a la primera parte para aprovechar la experiencia.<\/p>\n\n\n\n<p class=\"has-text-align-right\"><em>Si la identidad sexual es performativa, es decir, un efecto de la repetici\u00f3n sistem\u00e1tica de pr\u00e1cticas y discursos de la ley heterosexual que construye la materialidad de los cuerpos \u00bfqu\u00e9 relevancia tienen nuestros modos de coger en la construcci\u00f3n identitaria?<\/em><br><strong><em>val flores<\/em><\/strong><\/p>\n\n\n\n<p>\u00bfQu\u00e9 ser\u00eda de nuestras cuerpas si emergieran m\u00e1s &#8216;\u00f3rganos sexuales&#8217;? Intentaremos generar disturbios som\u00e1ticos para practicar otra(s) anatom\u00eda(s) posible(s). Tentativas relacionales boca, an0 y lo en medio. Mucosas, masticares, fluidos, lameres. Contracciones, fricciones, vibraciones. Imaginar-practicar otras ORTOgraf\u00edas er\u00f3ticas (cuerpo-pr\u00e1cticas, cuerpo-movimiento, m\u00e1s all\u00e1 del cuerpo, la Cuerpa), des\/re-localizar el placer, los afectos y las formas de sentirlos.<\/p>\n\n\n\n<p><strong>Colaboraci\u00f3n Taller<\/strong><br>55\u20ac hasta el 24 de noviembre despu\u00e9s 65\u20ac.<\/p>\n\n\n\n<p class=\"has-nv-site-bg-color has-text-color has-background\" style=\"background-color:#ff5050\"><strong><em><em>*** We do not want anyone to be left out of the activities due to economic issues. If this is your case, let us know and we will look for possible exchanges or a reduced collaboration.<\/em><br><\/em>Likewise, Observatorio del Placer is a project in formation, if you want to support us with greater collaboration, it will also be welcome.<\/strong><\/p>\n\n\n\n<p>MAKE YOUR REGISTRATION THROUGH THIS LINK<\/p>\n\n\n\n<p><a href=\"https:\/\/forms.gle\/9VsmECD7Jd5Rre1EA\" data-type=\"link\" data-id=\"https:\/\/forms.gle\/9VsmECD7Jd5Rre1EA\" target=\"_blank\" rel=\"noreferrer noopener\"><strong>https:\/\/forms.gle\/9VsmECD7Jd5Rre1EA<\/strong><\/a><\/p>\n\n\n\n<p><strong><strong>Flor C. \/ Cauro<\/strong><\/strong><br>\u2018Centro mis exploraciones en torno a espacios sensoriales, explorando movimientos de la atenci\u00f3n, y la emergencia de imaginarios. Estar con-junto y ser en alteridad son preguntas, palabras, pr\u00e1cticas, que se me han hecho Cuerpa, y que difracto con lo que voy haciendo\/siendo. Qu\u00e9 ser\u00eda componer un universo sensorial desde el cual des-encontrarnos? C\u00f3mo estar juntes sin que eso implique o necesite de lo com\u00fan o del consenso (pero s\u00ed del consentimiento ;)). C\u00f3mo estar con otres, humanes, no-humanes, m\u00e1s que humanes, encontr\u00e1ndome en una alteridad de m\u00ed.<\/p>\n<\/div>\n\n\n\n<div class=\"wp-block-column is-layout-flow wp-block-column-is-layout-flow\" style=\"flex-basis:33%\">\n<figure class=\"wp-block-image size-large\"><img loading=\"lazy\" decoding=\"async\" width=\"1024\" height=\"1024\" src=\"https:\/\/observatoriodelplacer.com\/wp-content\/uploads\/2023\/10\/reconocimientos-1024x1024.png\" alt=\"\" class=\"wp-image-1390\" srcset=\"https:\/\/observatoriodelplacer.com\/wp-content\/uploads\/2023\/10\/reconocimientos-1024x1024.png 1024w, https:\/\/observatoriodelplacer.com\/wp-content\/uploads\/2023\/10\/reconocimientos-300x300.png 300w, https:\/\/observatoriodelplacer.com\/wp-content\/uploads\/2023\/10\/reconocimientos-150x150.png 150w, https:\/\/observatoriodelplacer.com\/wp-content\/uploads\/2023\/10\/reconocimientos-768x768.png 768w, https:\/\/observatoriodelplacer.com\/wp-content\/uploads\/2023\/10\/reconocimientos.png 1080w\" sizes=\"auto, (max-width: 1024px) 100vw, 1024px\" \/><\/figure>\n\n\n\n<p><\/p>\n\n\n\n<figure class=\"wp-block-image size-large\"><img loading=\"lazy\" decoding=\"async\" width=\"768\" height=\"1024\" src=\"https:\/\/observatoriodelplacer.com\/wp-content\/uploads\/2023\/10\/IMG-20230620-WA0018-768x1024.jpg\" alt=\"\" class=\"wp-image-1393\" srcset=\"https:\/\/observatoriodelplacer.com\/wp-content\/uploads\/2023\/10\/IMG-20230620-WA0018-768x1024.jpg 768w, https:\/\/observatoriodelplacer.com\/wp-content\/uploads\/2023\/10\/IMG-20230620-WA0018-225x300.jpg 225w, https:\/\/observatoriodelplacer.com\/wp-content\/uploads\/2023\/10\/IMG-20230620-WA0018-1152x1536.jpg 1152w, https:\/\/observatoriodelplacer.com\/wp-content\/uploads\/2023\/10\/IMG-20230620-WA0018.jpg 1500w\" sizes=\"auto, (max-width: 768px) 100vw, 768px\" \/><\/figure>\n\n\n\n<p><\/p>\n<\/div>\n<\/div>","protected":false},"excerpt":{"rendered":"<p>S\u00e1bado 2 de Dicembre \u00b7 12-17hFacilita flor c \/ cauro Siguiendo la l\u00ednea del primer taller, vamos a intentar explorar los (des)bordes de lo que crea un cuerpo. Con proposiciones que muevan sutilmente lo familiar en lo extra\u00f1o nos iremos disolviendo en otras ORTOgraf\u00edas er*ticas posibles, otras posibles relaciones boca, an0, y lo en medio. [&hellip;]<\/p>\n","protected":false},"author":1,"featured_media":0,"parent":0,"menu_order":0,"comment_status":"closed","ping_status":"closed","template":"","meta":{"site-sidebar-layout":"default","site-content-layout":"","ast-site-content-layout":"","site-content-style":"default","site-sidebar-style":"default","ast-global-header-display":"","ast-banner-title-visibility":"","ast-main-header-display":"","ast-hfb-above-header-display":"","ast-hfb-below-header-display":"","ast-hfb-mobile-header-display":"","site-post-title":"","ast-breadcrumbs-content":"","ast-featured-img":"","footer-sml-layout":"","theme-transparent-header-meta":"","adv-header-id-meta":"","stick-header-meta":"","header-above-stick-meta":"","header-main-stick-meta":"","header-below-stick-meta":"","astra-migrate-meta-layouts":"default","ast-page-background-enabled":"default","ast-page-background-meta":{"desktop":{"background-color":"var(--ast-global-color-4)","background-image":"","background-repeat":"repeat","background-position":"center center","background-size":"auto","background-attachment":"scroll","background-type":"","background-media":"","overlay-type":"","overlay-color":"","overlay-opacity":"","overlay-gradient":""},"tablet":{"background-color":"","background-image":"","background-repeat":"repeat","background-position":"center center","background-size":"auto","background-attachment":"scroll","background-type":"","background-media":"","overlay-type":"","overlay-color":"","overlay-opacity":"","overlay-gradient":""},"mobile":{"background-color":"","background-image":"","background-repeat":"repeat","background-position":"center center","background-size":"auto","background-attachment":"scroll","background-type":"","background-media":"","overlay-type":"","overlay-color":"","overlay-opacity":"","overlay-gradient":""}},"ast-content-background-meta":{"desktop":{"background-color":"var(--ast-global-color-5)","background-image":"","background-repeat":"repeat","background-position":"center center","background-size":"auto","background-attachment":"scroll","background-type":"","background-media":"","overlay-type":"","overlay-color":"","overlay-opacity":"","overlay-gradient":""},"tablet":{"background-color":"var(--ast-global-color-5)","background-image":"","background-repeat":"repeat","background-position":"center center","background-size":"auto","background-attachment":"scroll","background-type":"","background-media":"","overlay-type":"","overlay-color":"","overlay-opacity":"","overlay-gradient":""},"mobile":{"background-color":"var(--ast-global-color-5)","background-image":"","background-repeat":"repeat","background-position":"center center","background-size":"auto","background-attachment":"scroll","background-type":"","background-media":"","overlay-type":"","overlay-color":"","overlay-opacity":"","overlay-gradient":""}},"footnotes":""},"class_list":["post-1016","page","type-page","status-publish","hentry"],"_links":{"self":[{"href":"https:\/\/observatoriodelplacer.com\/en\/wp-json\/wp\/v2\/pages\/1016","targetHints":{"allow":["GET"]}}],"collection":[{"href":"https:\/\/observatoriodelplacer.com\/en\/wp-json\/wp\/v2\/pages"}],"about":[{"href":"https:\/\/observatoriodelplacer.com\/en\/wp-json\/wp\/v2\/types\/page"}],"author":[{"embeddable":true,"href":"https:\/\/observatoriodelplacer.com\/en\/wp-json\/wp\/v2\/users\/1"}],"replies":[{"embeddable":true,"href":"https:\/\/observatoriodelplacer.com\/en\/wp-json\/wp\/v2\/comments?post=1016"}],"version-history":[{"count":25,"href":"https:\/\/observatoriodelplacer.com\/en\/wp-json\/wp\/v2\/pages\/1016\/revisions"}],"predecessor-version":[{"id":3427,"href":"https:\/\/observatoriodelplacer.com\/en\/wp-json\/wp\/v2\/pages\/1016\/revisions\/3427"}],"wp:attachment":[{"href":"https:\/\/observatoriodelplacer.com\/en\/wp-json\/wp\/v2\/media?parent=1016"}],"curies":[{"name":"wp","href":"https:\/\/api.w.org\/{rel}","templated":true}]}}