{"id":1069,"date":"2023-06-21T13:53:55","date_gmt":"2023-06-21T11:53:55","guid":{"rendered":"https:\/\/observatoriodelplacer.com\/?page_id=1069"},"modified":"2024-02-15T10:23:57","modified_gmt":"2024-02-15T08:23:57","slug":"arneses-shibari","status":"publish","type":"page","link":"https:\/\/observatoriodelplacer.com\/en\/arneses-shibari\/","title":{"rendered":"Arneses Shibari: Acogiendo el arte de la conexi\u00f3n"},"content":{"rendered":"<div class=\"wp-block-columns is-layout-flex wp-container-core-columns-is-layout-28f84493 wp-block-columns-is-layout-flex\">\n<div class=\"wp-block-column is-layout-flow wp-block-column-is-layout-flow\">\n<p class=\"has-text-align-left\"><strong>S\u00e1bado 23 de marzo<\/strong> \u00b7 <strong>12-18h<\/strong> &#8211; <a href=\"https:\/\/observatoriodelplacer.com\/en\/shibari-harness-eng\/\" data-type=\"page\" data-id=\"1126\"><strong><em>english versi\u00f3n<\/em><\/strong><\/a><br><em>Facilitates <strong>Ron Hades<\/strong><\/em><br>\u00b7 Plazas limitadas \u00b7<\/p>\n\n\n\n<p>\u00bfYa sabes lo b\u00e1sico, pero no sabes qu\u00e9 hacer con ello? \u00bfO alguna vez te has encontrado luchando por recordar los intrincados patrones de los arneses de shibari despu\u00e9s de asistir a talleres? Desvela el misterio y \u00fanete a nosotres para vivir una experiencia \u00fanica en nuestro Taller de Arneses de Shibari.<\/p>\n\n\n\n<p><strong><em>Lo que descubrir\u00e1s:<\/em><\/strong><br>\u2013 Dominio estructural: comprende la estructura fundamental de los arneses b\u00e1sicos, lo que te permitir\u00e1 recordarlos y recrearlos con facilidad.<br>\u2013 Adaptabilidad: aprende a construir diversos arneses adaptados a diferentes tipos de cuerpx y \u00e1reas espec\u00edficas, fomentando la adaptabilidad y la creatividad.<br>\u2013 Pr\u00e1ctica inclusiva: explora t\u00e9cnicas para adaptar su enfoque para adaptarse a varios tipos de cuerpx y respetar las limitaciones f\u00edsicas individuales.<\/p>\n\n\n\n<p><strong><em>Requisitos previos:<\/em><\/strong><br>Para aprovechar al m\u00e1ximo este taller, lxs participantes deben tener un nivel de comodidad con ataduras de columna simple y doble. Este conocimiento fundamental mejorar\u00e1 tu comprensi\u00f3n de los arneses de shibari.<\/p>\n\n\n\n<p><strong><em>Materiales necesarios:<\/em><\/strong><br>Trae al menos cinco cuerdas de c\u00e1\u00f1amo o yute (de 6 u 8 mm de espesor), cada una de ocho metros de largo. Estas se pueden proporcionar de forma gratuita para el curso y tambi\u00e9n se pueden comprar.<\/p>\n\n\n\n<p><strong><em>Lenguaje de instrucci\u00f3n:<\/em><\/strong><br>El taller se llevar\u00e1 a cabo tanto en ingl\u00e9s como en espa\u00f1ol, lo que garantizar\u00e1 una experiencia de aprendizaje integral para todxs lxs participantes.<\/p>\n\n\n\n<p><strong><em>Compa\u00f1erxs de pr\u00e1ctica:<\/em><\/strong><br>Si bien tendr\u00e1s la oportunidad de practicar con otrxs participantes, puedes traer a tu compa\u00f1erx de pr\u00e1ctica. Ten en cuenta que debido a las plazas limitadas, tu compa\u00f1erx tambi\u00e9n debe registrarse para el taller.<br>\u00a1Tejamos conexiones y dominaremos juntxs el arte del shibari!<\/p>\n\n\n\n<p><strong>Colaboraci\u00f3n Taller 80\u20ac<\/strong><br><strong>o<\/strong><br>Variable seg\u00fan tu situaci\u00f3n actual. 40-90\u20ac<br><a href=\"https:\/\/observatoriodelplacer.com\/en\/colaboracion-variable\/\"><strong>Consult information about variable collaboration<\/strong><\/a><br>_ 150\u20ac si se realizan los dos talleres de Ron Hades (s\u00e1b y <a href=\"https:\/\/observatoriodelplacer.com\/en\/predicamento\/\" data-type=\"page\" data-id=\"1092\"><strong>dom<\/strong><\/a>) <\/p>\n\n\n\n<p class=\"has-nv-site-bg-color has-text-color has-background\" style=\"background-color:#ff5050\"><strong><em><em>*** No queremos que nadie quede fuera de las actividades por tema econ\u00f3mico, si es tu caso av\u00edsanos y buscaremos posibles intercambios o una colaboraci\u00f3n m\u00e1s reducida.<\/em><br><\/em>Likewise, Observatorio del Placer is a project in formation, if you want to support us with greater collaboration, it will also be welcome.<\/strong><\/p>\n\n\n\n<p>MAKE YOUR REGISTRATION THROUGH THIS LINK<\/p>\n\n\n\n<p><a href=\"https:\/\/forms.gle\/Est7aNhdUrsGQwic9\" target=\"_blank\" rel=\"noopener\"><strong>https:\/\/forms.gle\/Est7aNhdUrsGQwic9<\/strong><\/a><\/p>\n\n\n\n<h2 class=\"wp-block-heading\" id=\"1652429611\">RON HADES\u00a0(no pronoum)<\/h2>\n\n\n\n<hr class=\"wp-block-separator has-alpha-channel-opacity\" id=\"1306058526\"\/>\n\n\n\n<p>Ron is non-binary queer full service sexworker, porn performer, Activist and kink educator.<\/p>\n\n\n\n<p>Bondage is the natural highlight of their path, because it allowed them to channel and combine their sexual energy, spiritual talent, aesthetic vision and dominant personality into a form of art, meditation, power.<\/p>\n\n\n\n<p>During their workshops they leads people into a safer space where there are no over structures, no categories, no names, so that everyone* can follow the path the way to personal unfoldment.<\/p>\n\n\n\n<p>Ron gives different types of workshops since 2018: bondage meditation, bondage for sex workers, for couples, for beginners and intermediate level and private coaching for BDSM.<br><a rel=\"noreferrer noopener\" href=\"https:\/\/www.ronhades.com\/\" target=\"_blank\"><strong>https:\/\/www.ronhades.com<\/strong><\/a><\/p>\n<\/div>\n\n\n\n<div class=\"wp-block-column is-layout-flow wp-block-column-is-layout-flow\" style=\"flex-basis:33%\">\n<figure class=\"wp-block-image size-large\"><img loading=\"lazy\" decoding=\"async\" width=\"1024\" height=\"1024\" src=\"https:\/\/observatoriodelplacer.com\/wp-content\/uploads\/2024\/01\/arnesdeshibari-3-1024x1024.png\" alt=\"\" class=\"wp-image-1801\" srcset=\"https:\/\/observatoriodelplacer.com\/wp-content\/uploads\/2024\/01\/arnesdeshibari-3-1024x1024.png 1024w, https:\/\/observatoriodelplacer.com\/wp-content\/uploads\/2024\/01\/arnesdeshibari-3-300x300.png 300w, https:\/\/observatoriodelplacer.com\/wp-content\/uploads\/2024\/01\/arnesdeshibari-3-150x150.png 150w, https:\/\/observatoriodelplacer.com\/wp-content\/uploads\/2024\/01\/arnesdeshibari-3-768x768.png 768w, https:\/\/observatoriodelplacer.com\/wp-content\/uploads\/2024\/01\/arnesdeshibari-3.png 1080w\" sizes=\"auto, (max-width: 1024px) 100vw, 1024px\" \/><\/figure>\n\n\n\n<p><\/p>\n\n\n\n<figure class=\"wp-block-image size-large\"><img loading=\"lazy\" decoding=\"async\" width=\"1024\" height=\"683\" src=\"https:\/\/observatoriodelplacer.com\/wp-content\/uploads\/2023\/08\/1234213513-a523c8b3-1920w-1024x683.jpg\" alt=\"\" class=\"wp-image-1223\" srcset=\"https:\/\/observatoriodelplacer.com\/wp-content\/uploads\/2023\/08\/1234213513-a523c8b3-1920w-1024x683.jpg 1024w, https:\/\/observatoriodelplacer.com\/wp-content\/uploads\/2023\/08\/1234213513-a523c8b3-1920w-300x200.jpg 300w, https:\/\/observatoriodelplacer.com\/wp-content\/uploads\/2023\/08\/1234213513-a523c8b3-1920w-768x512.jpg 768w, https:\/\/observatoriodelplacer.com\/wp-content\/uploads\/2023\/08\/1234213513-a523c8b3-1920w-1536x1024.jpg 1536w, https:\/\/observatoriodelplacer.com\/wp-content\/uploads\/2023\/08\/1234213513-a523c8b3-1920w-930x620.jpg 930w, https:\/\/observatoriodelplacer.com\/wp-content\/uploads\/2023\/08\/1234213513-a523c8b3-1920w.jpg 1920w\" sizes=\"auto, (max-width: 1024px) 100vw, 1024px\" \/><\/figure>\n\n\n\n<p><\/p>\n<\/div>\n<\/div>","protected":false},"excerpt":{"rendered":"<p>S\u00e1bado 23 de marzo \u00b7 12-18h &#8211; english versi\u00f3nFacilita Ron Hades\u00b7 Plazas limitadas \u00b7 \u00bfYa sabes lo b\u00e1sico, pero no sabes qu\u00e9 hacer con ello? \u00bfO alguna vez te has encontrado luchando por recordar los intrincados patrones de los arneses de shibari despu\u00e9s de asistir a talleres? Desvela el misterio y \u00fanete a nosotres para [&hellip;]<\/p>\n","protected":false},"author":1,"featured_media":0,"parent":0,"menu_order":0,"comment_status":"closed","ping_status":"closed","template":"","meta":{"site-sidebar-layout":"default","site-content-layout":"","ast-site-content-layout":"","site-content-style":"default","site-sidebar-style":"default","ast-global-header-display":"","ast-banner-title-visibility":"","ast-main-header-display":"","ast-hfb-above-header-display":"","ast-hfb-below-header-display":"","ast-hfb-mobile-header-display":"","site-post-title":"","ast-breadcrumbs-content":"","ast-featured-img":"","footer-sml-layout":"","theme-transparent-header-meta":"","adv-header-id-meta":"","stick-header-meta":"","header-above-stick-meta":"","header-main-stick-meta":"","header-below-stick-meta":"","astra-migrate-meta-layouts":"default","ast-page-background-enabled":"default","ast-page-background-meta":{"desktop":{"background-color":"var(--ast-global-color-4)","background-image":"","background-repeat":"repeat","background-position":"center center","background-size":"auto","background-attachment":"scroll","background-type":"","background-media":"","overlay-type":"","overlay-color":"","overlay-opacity":"","overlay-gradient":""},"tablet":{"background-color":"","background-image":"","background-repeat":"repeat","background-position":"center center","background-size":"auto","background-attachment":"scroll","background-type":"","background-media":"","overlay-type":"","overlay-color":"","overlay-opacity":"","overlay-gradient":""},"mobile":{"background-color":"","background-image":"","background-repeat":"repeat","background-position":"center center","background-size":"auto","background-attachment":"scroll","background-type":"","background-media":"","overlay-type":"","overlay-color":"","overlay-opacity":"","overlay-gradient":""}},"ast-content-background-meta":{"desktop":{"background-color":"var(--ast-global-color-5)","background-image":"","background-repeat":"repeat","background-position":"center center","background-size":"auto","background-attachment":"scroll","background-type":"","background-media":"","overlay-type":"","overlay-color":"","overlay-opacity":"","overlay-gradient":""},"tablet":{"background-color":"var(--ast-global-color-5)","background-image":"","background-repeat":"repeat","background-position":"center center","background-size":"auto","background-attachment":"scroll","background-type":"","background-media":"","overlay-type":"","overlay-color":"","overlay-opacity":"","overlay-gradient":""},"mobile":{"background-color":"var(--ast-global-color-5)","background-image":"","background-repeat":"repeat","background-position":"center center","background-size":"auto","background-attachment":"scroll","background-type":"","background-media":"","overlay-type":"","overlay-color":"","overlay-opacity":"","overlay-gradient":""}},"footnotes":""},"class_list":["post-1069","page","type-page","status-publish","hentry"],"_links":{"self":[{"href":"https:\/\/observatoriodelplacer.com\/en\/wp-json\/wp\/v2\/pages\/1069","targetHints":{"allow":["GET"]}}],"collection":[{"href":"https:\/\/observatoriodelplacer.com\/en\/wp-json\/wp\/v2\/pages"}],"about":[{"href":"https:\/\/observatoriodelplacer.com\/en\/wp-json\/wp\/v2\/types\/page"}],"author":[{"embeddable":true,"href":"https:\/\/observatoriodelplacer.com\/en\/wp-json\/wp\/v2\/users\/1"}],"replies":[{"embeddable":true,"href":"https:\/\/observatoriodelplacer.com\/en\/wp-json\/wp\/v2\/comments?post=1069"}],"version-history":[{"count":52,"href":"https:\/\/observatoriodelplacer.com\/en\/wp-json\/wp\/v2\/pages\/1069\/revisions"}],"predecessor-version":[{"id":1932,"href":"https:\/\/observatoriodelplacer.com\/en\/wp-json\/wp\/v2\/pages\/1069\/revisions\/1932"}],"wp:attachment":[{"href":"https:\/\/observatoriodelplacer.com\/en\/wp-json\/wp\/v2\/media?parent=1069"}],"curies":[{"name":"wp","href":"https:\/\/api.w.org\/{rel}","templated":true}]}}