{"id":1234,"date":"2023-08-30T17:47:33","date_gmt":"2023-08-30T15:47:33","guid":{"rendered":"https:\/\/observatoriodelplacer.com\/?page_id=1234"},"modified":"2023-09-03T10:29:21","modified_gmt":"2023-09-03T08:29:21","slug":"los-ojitos-de-dios","status":"publish","type":"page","link":"https:\/\/observatoriodelplacer.com\/en\/los-ojitos-de-dios\/","title":{"rendered":"Los Ojitos de Dios"},"content":{"rendered":"<div class=\"wp-block-columns is-layout-flex wp-container-core-columns-is-layout-28f84493 wp-block-columns-is-layout-flex\">\n<div class=\"wp-block-column is-layout-flow wp-block-column-is-layout-flow\">\n<h5 class=\"wp-block-heading\">Proyecto de Caos F.<br>_ <strong>residency<\/strong> <strong>10-15 Abril 23&#8242;<\/strong><br>_ <strong>performance Domingo 14 Mayo 19<\/strong>-21<\/h5>\n\n\n\n<p>Los ojitos de Dios es un formato de performance de contenido sexual expl\u00edcito basado en la exploraci\u00f3n en grupo (3 a 5 personas) de los gustos er\u00f3ticos y fantas\u00edas m\u00e1s deseables y ocultas de cada voluntarix. Todo ello sucede gracias a las \u00f3rdenes sonoras dadas por un Dios invisible y solo perceptibles por lxs participantes, quienes sin conocerse entre s\u00ed se encuentran en un mismo espacio esc\u00e9nico para tener un encuentro sexual orquestado. <br>Dios conoce los anhelos de cada criatura y lxs pone a jugar y operar en un teatro er\u00f3tico despersonalizado y liberador que tiene como objetivo permitir a las criaturas proporcionar y proporcionarse placer de forma colectiva disfrutando del placer de \u00abser usadx\u00bb.<br>El experimento perform\u00e1tico se encuentra en su fase de testeo, por lo que durante la semana de residencia la artista estar\u00e1 realizando ensayos que, sin embargo, aseguran una experiencia er\u00f3tica dirigida.<\/p>\n\n\n\n<p>Caos F. mostr\u00f3 su proceso el domingo 14 de mayo del 2023.<\/p>\n\n\n\n<hr class=\"wp-block-separator has-alpha-channel-opacity\"\/>\n\n\n\n<h2 class=\"wp-block-heading\"><strong>Caos F <\/strong><\/h2>\n\n\n\n<p>Es inventora de experiencias, artista performer y facilitadora de fantas\u00edas con base en Madrid. <br>Inicia sus estudios en el campo de la Filosof\u00eda y en 2017 lanza un proyecto de divulgaci\u00f3n cultural donde realiza su primera performance, a lo que le que sigue su trabajo con el colectivo de arte y arquitectura Basurama. Tras graduarse contin\u00faa su carrera en el campo de la investigaci\u00f3n te\u00f3rica en el CSIC en temas de cuerpo y la danza. Poco despu\u00e9s inicia su proyecto Exploraeldeseo donde, desde el trabajo sexual, facilita la exploraci\u00f3n y disfrute de los gustos er\u00f3ticos alternativos. <br>Actualmente se encuentra desarrollando la estructura perform\u00e1tica \u201cLos ojitos de Dios\u201d, un laboratorio er\u00f3tico dirigido donde pone en el centro los encuentros grupales, el placer por ser usadx y la eliminaci\u00f3n de la culpa. Este a\u00f1o 2023 iniciar\u00e1 un tour por diferentes pa\u00edses de Europa realizando sesiones de facilitaci\u00f3n de fantas\u00edas y dando a conocer su proyecto performativo.<\/p>\n\n\n\n<p><\/p>\n<\/div>\n\n\n\n<div class=\"wp-block-column is-layout-flow wp-block-column-is-layout-flow\" style=\"flex-basis:35%\">\n<figure class=\"wp-block-image size-large\"><img loading=\"lazy\" decoding=\"async\" width=\"1024\" height=\"1024\" src=\"https:\/\/observatoriodelplacer.com\/wp-content\/uploads\/2023\/04\/cartelOjitos-1024x1024.png\" alt=\"\" class=\"wp-image-943\" srcset=\"https:\/\/observatoriodelplacer.com\/wp-content\/uploads\/2023\/04\/cartelOjitos-1024x1024.png 1024w, https:\/\/observatoriodelplacer.com\/wp-content\/uploads\/2023\/04\/cartelOjitos-300x300.png 300w, https:\/\/observatoriodelplacer.com\/wp-content\/uploads\/2023\/04\/cartelOjitos-150x150.png 150w, https:\/\/observatoriodelplacer.com\/wp-content\/uploads\/2023\/04\/cartelOjitos-768x768.png 768w, https:\/\/observatoriodelplacer.com\/wp-content\/uploads\/2023\/04\/cartelOjitos.png 1080w\" sizes=\"auto, (max-width: 1024px) 100vw, 1024px\" \/><\/figure>\n\n\n\n<figure class=\"wp-block-image size-large\"><img loading=\"lazy\" decoding=\"async\" width=\"683\" height=\"1024\" src=\"https:\/\/observatoriodelplacer.com\/wp-content\/uploads\/2023\/08\/image_6483441-3-683x1024.jpg\" alt=\"\" class=\"wp-image-1235\" srcset=\"https:\/\/observatoriodelplacer.com\/wp-content\/uploads\/2023\/08\/image_6483441-3-683x1024.jpg 683w, https:\/\/observatoriodelplacer.com\/wp-content\/uploads\/2023\/08\/image_6483441-3-200x300.jpg 200w, https:\/\/observatoriodelplacer.com\/wp-content\/uploads\/2023\/08\/image_6483441-3-768x1152.jpg 768w, https:\/\/observatoriodelplacer.com\/wp-content\/uploads\/2023\/08\/image_6483441-3-1024x1536.jpg 1024w, https:\/\/observatoriodelplacer.com\/wp-content\/uploads\/2023\/08\/image_6483441-3-1365x2048.jpg 1365w, https:\/\/observatoriodelplacer.com\/wp-content\/uploads\/2023\/08\/image_6483441-3-scaled.jpg 1707w\" sizes=\"auto, (max-width: 683px) 100vw, 683px\" \/><\/figure>\n<\/div>\n<\/div>","protected":false},"excerpt":{"rendered":"<p>Proyecto de Caos F._ residencia 10-15 Abril 23&#8242;_ performance Domingo 14 Mayo 19-21 Los ojitos de Dios es un formato de performance de contenido sexual expl\u00edcito basado en la exploraci\u00f3n en grupo (3 a 5 personas) de los gustos er\u00f3ticos y fantas\u00edas m\u00e1s deseables y ocultas de cada voluntarix. Todo ello sucede gracias a las [&hellip;]<\/p>\n","protected":false},"author":1,"featured_media":0,"parent":0,"menu_order":0,"comment_status":"closed","ping_status":"closed","template":"","meta":{"site-sidebar-layout":"default","site-content-layout":"","ast-site-content-layout":"","site-content-style":"default","site-sidebar-style":"default","ast-global-header-display":"","ast-banner-title-visibility":"","ast-main-header-display":"","ast-hfb-above-header-display":"","ast-hfb-below-header-display":"","ast-hfb-mobile-header-display":"","site-post-title":"","ast-breadcrumbs-content":"","ast-featured-img":"","footer-sml-layout":"","theme-transparent-header-meta":"","adv-header-id-meta":"","stick-header-meta":"","header-above-stick-meta":"","header-main-stick-meta":"","header-below-stick-meta":"","astra-migrate-meta-layouts":"default","ast-page-background-enabled":"default","ast-page-background-meta":{"desktop":{"background-color":"var(--ast-global-color-4)","background-image":"","background-repeat":"repeat","background-position":"center center","background-size":"auto","background-attachment":"scroll","background-type":"","background-media":"","overlay-type":"","overlay-color":"","overlay-opacity":"","overlay-gradient":""},"tablet":{"background-color":"","background-image":"","background-repeat":"repeat","background-position":"center center","background-size":"auto","background-attachment":"scroll","background-type":"","background-media":"","overlay-type":"","overlay-color":"","overlay-opacity":"","overlay-gradient":""},"mobile":{"background-color":"","background-image":"","background-repeat":"repeat","background-position":"center center","background-size":"auto","background-attachment":"scroll","background-type":"","background-media":"","overlay-type":"","overlay-color":"","overlay-opacity":"","overlay-gradient":""}},"ast-content-background-meta":{"desktop":{"background-color":"var(--ast-global-color-5)","background-image":"","background-repeat":"repeat","background-position":"center center","background-size":"auto","background-attachment":"scroll","background-type":"","background-media":"","overlay-type":"","overlay-color":"","overlay-opacity":"","overlay-gradient":""},"tablet":{"background-color":"var(--ast-global-color-5)","background-image":"","background-repeat":"repeat","background-position":"center center","background-size":"auto","background-attachment":"scroll","background-type":"","background-media":"","overlay-type":"","overlay-color":"","overlay-opacity":"","overlay-gradient":""},"mobile":{"background-color":"var(--ast-global-color-5)","background-image":"","background-repeat":"repeat","background-position":"center center","background-size":"auto","background-attachment":"scroll","background-type":"","background-media":"","overlay-type":"","overlay-color":"","overlay-opacity":"","overlay-gradient":""}},"footnotes":""},"class_list":["post-1234","page","type-page","status-publish","hentry"],"_links":{"self":[{"href":"https:\/\/observatoriodelplacer.com\/en\/wp-json\/wp\/v2\/pages\/1234","targetHints":{"allow":["GET"]}}],"collection":[{"href":"https:\/\/observatoriodelplacer.com\/en\/wp-json\/wp\/v2\/pages"}],"about":[{"href":"https:\/\/observatoriodelplacer.com\/en\/wp-json\/wp\/v2\/types\/page"}],"author":[{"embeddable":true,"href":"https:\/\/observatoriodelplacer.com\/en\/wp-json\/wp\/v2\/users\/1"}],"replies":[{"embeddable":true,"href":"https:\/\/observatoriodelplacer.com\/en\/wp-json\/wp\/v2\/comments?post=1234"}],"version-history":[{"count":5,"href":"https:\/\/observatoriodelplacer.com\/en\/wp-json\/wp\/v2\/pages\/1234\/revisions"}],"predecessor-version":[{"id":1262,"href":"https:\/\/observatoriodelplacer.com\/en\/wp-json\/wp\/v2\/pages\/1234\/revisions\/1262"}],"wp:attachment":[{"href":"https:\/\/observatoriodelplacer.com\/en\/wp-json\/wp\/v2\/media?parent=1234"}],"curies":[{"name":"wp","href":"https:\/\/api.w.org\/{rel}","templated":true}]}}