{"id":1276,"date":"2023-09-30T11:29:39","date_gmt":"2023-09-30T09:29:39","guid":{"rendered":"https:\/\/observatoriodelplacer.com\/?page_id=1276"},"modified":"2023-09-30T11:35:05","modified_gmt":"2023-09-30T09:35:05","slug":"oltrepelle-2aedicion","status":"publish","type":"page","link":"https:\/\/observatoriodelplacer.com\/en\/oltrepelle-2aedicion\/","title":{"rendered":"OltrePelle 2\u00aaedici\u00f3n"},"content":{"rendered":"<div class=\"wp-block-columns is-layout-flex wp-container-core-columns-is-layout-28f84493 wp-block-columns-is-layout-flex\">\n<div class=\"wp-block-column is-layout-flow wp-block-column-is-layout-flow\">\n<p class=\"has-text-align-left\"><strong>Domingo 15 Octubre<\/strong> \u00b7 <strong>11-15h<\/strong> &#8211; <strong><em><a href=\"https:\/\/observatoriodelplacer.com\/en\/oltrepelle-2nd-edition\/\" data-type=\"page\" data-id=\"1281\">english<\/a><\/em><\/strong><br><em>Facilitates <strong><em><strong>Bruixes_Lab<\/strong><\/em><\/strong><\/em><br>\u00b7 Plazas limitadas \u00b7 Barcelona<\/p>\n\n\n\n<p>Tras completar la primera fecha abrimos una segunda edici\u00f3n para que nadie quede fuera!<\/p>\n\n\n\n<p>\u00danete a las Bruixes&nbsp;en su laboratorio bio-erotico para experimentar con fluidos corporales, electr\u00f3nica, biomateriales, segundas pieles y e-textiles para crear tu dise\u00f1o kinky personalizado.<br>Jugaremos con nuevos m\u00e9todos de fabricaci\u00f3n de superficies sensoriales para wearables e imaginaremos c\u00f3mo la biotecnolog\u00eda y los nuevos materiales responder\u00e1n a los auto-placeres er\u00f3ticos, abriendo un di\u00e1logo para reivindicar los tab\u00faes y estigmas de la sociedad y explorar la sexualidad a trav\u00e9s de la tecnolog\u00eda.<\/p>\n\n\n\n<p>El taller \u00ab<strong>OltrePelle\u00bb<\/strong>&nbsp;est\u00e1 dise\u00f1ado para explorar el potencial de las algas y la celulosa bacteriana para un futuro sostenible en el mundo de la s\u0259xtech (tecnolog\u00edas sexuales) en t\u00e9rminos de cultivo de materiales vivos y creaci\u00f3n de escenarios especulativos para segundas pieles, sensores h\u00e1pticos eco-er\u00f3ticos, arneses y dise\u00f1os kinky.<br>Aprender nuevos m\u00e9todos de fabricaci\u00f3n de interfaces sensoriales e imaginar c\u00f3mo la biotecnolog\u00eda y los nuevos materiales responder\u00e1n a los auto-placeres er\u00f3ticos, abriendo un di\u00e1logo para reivindicar los tab\u00faes y estigmas de la sociedad y explorar la sexualidad a trav\u00e9s de la tecnolog\u00eda.<\/p>\n\n\n\n<p><em><strong>\u00bfC\u00f3mo puede la tecnolog\u00eda aumentar nuestro placer y ayudarnos a explorar y reclamar nuestra liberaci\u00f3n sexual?<\/strong><\/em><br><em><strong>\u00bfY si pudi\u00e9ramos crear pieles sensoriales utilizando nuestros fluidos corporales?<\/strong><\/em><\/p>\n\n\n\n<p>Durante el taller aprender\u00e1s a cultivar biotejidos a base de algas, a experimentar con fluidos corporales y circuitos sexuales, y a dise\u00f1ar pieles h\u00e1pticas y e-textiles.<\/p>\n\n\n\n<p>A trav\u00e9s de pr\u00e1cticas de bio-hacking y tecnolog\u00edas DIY de c\u00f3digo abierto, hackear\u00e1s tu placer y crear\u00e1s tu propio dispositivo kinky wearable.<\/p>\n\n\n\n<p>Todos los materiales y herramientas est\u00e1n incluidos y no se requieren conocimientos previos de electr\u00f3nica. Si ya tienes experiencia y quieres ir m\u00e1s all\u00e1, puedes traer tu propio arduino, sensores y port\u00e1til. Te recomendamos que traigas cualquier gadget o textil adicional que quieras integrar en tu dise\u00f1o y tus propios fluidos corporales sexuales si quieres experimentar.<\/p>\n\n\n\n<p>El taller se impartir\u00e1 en ingl\u00e9s y espa\u00f1ol.<\/p>\n\n\n\n<p><strong>Colaboraci\u00f3n Taller<\/strong> 60\u20ac<\/p>\n\n\n\n<p class=\"has-nv-site-bg-color has-text-color has-background\" style=\"background-color:#ff5050\"><strong><em><em>*** We do not want anyone to be left out of the activities due to economic issues. If this is your case, let us know and we will look for possible exchanges or a reduced collaboration.<\/em><br><\/em>Likewise, Observatorio del Placer is a project in formation, if you want to support us with greater collaboration, it will also be welcome.<\/strong><\/p>\n\n\n\n<p>MAKE YOUR REGISTRATION THROUGH THIS LINK<\/p>\n\n\n\n<p><a href=\"https:\/\/forms.gle\/dAcxiAACQupfSBtRA\" target=\"_blank\" rel=\"noopener\"><strong>https:\/\/forms.gle\/dAcxiAACQupfSBtRA<\/strong><\/a><\/p>\n\n\n\n<h2 class=\"wp-block-heading\" id=\"1652429611\"><em><strong>Bruixes_Lab<\/strong><\/em><\/h2>\n\n\n\n<hr class=\"wp-block-separator has-alpha-channel-opacity\" id=\"1306058526\"\/>\n\n\n\n<p><em>Es un laboratorio n\u00f3mada donde se realizan rituales de biohacking y brujer\u00eda para crear escenarios especulativos sobre el cuidado y el placer \u00edntimos y desestigmatizar los tab\u00faes en torno a la sexualidad. Un espacio interactivo donde biotecnolog\u00eda \u00edntima, bdsm, transfeminismo y pr\u00e1cticas DIY se entrelazan en simbiosis con entornos naturales, microbiolog\u00eda y fluidos corporales.<\/em><br><a rel=\"noreferrer noopener\" href=\"https:\/\/www.instagram.com\/bruixes_lab\/\" data-type=\"link\" data-id=\"https:\/\/www.instagram.com\/bruixes_lab\/\" target=\"_blank\"><strong>@bruiXes_Lab<\/strong><\/a><\/p>\n\n\n\n<figure class=\"wp-block-image size-large\"><img loading=\"lazy\" decoding=\"async\" width=\"1003\" height=\"1024\" src=\"https:\/\/observatoriodelplacer.com\/wp-content\/uploads\/2023\/08\/photo-output-5-1003x1024.jpg\" alt=\"\" class=\"wp-image-1179\" srcset=\"https:\/\/observatoriodelplacer.com\/wp-content\/uploads\/2023\/08\/photo-output-5-1003x1024.jpg 1003w, https:\/\/observatoriodelplacer.com\/wp-content\/uploads\/2023\/08\/photo-output-5-294x300.jpg 294w, https:\/\/observatoriodelplacer.com\/wp-content\/uploads\/2023\/08\/photo-output-5-768x784.jpg 768w, https:\/\/observatoriodelplacer.com\/wp-content\/uploads\/2023\/08\/photo-output-5-1504x1536.jpg 1504w, https:\/\/observatoriodelplacer.com\/wp-content\/uploads\/2023\/08\/photo-output-5-2005x2048.jpg 2005w\" sizes=\"auto, (max-width: 1003px) 100vw, 1003px\" \/><\/figure>\n<\/div>\n\n\n\n<div class=\"wp-block-column is-layout-flow wp-block-column-is-layout-flow\" style=\"flex-basis:35%\">\n<figure class=\"wp-block-image size-large\"><img loading=\"lazy\" decoding=\"async\" width=\"1024\" height=\"1024\" src=\"https:\/\/observatoriodelplacer.com\/wp-content\/uploads\/2023\/09\/plantilla_oltrePelle2-2-1024x1024.png\" alt=\"\" class=\"wp-image-1277\" srcset=\"https:\/\/observatoriodelplacer.com\/wp-content\/uploads\/2023\/09\/plantilla_oltrePelle2-2-1024x1024.png 1024w, https:\/\/observatoriodelplacer.com\/wp-content\/uploads\/2023\/09\/plantilla_oltrePelle2-2-300x300.png 300w, https:\/\/observatoriodelplacer.com\/wp-content\/uploads\/2023\/09\/plantilla_oltrePelle2-2-150x150.png 150w, https:\/\/observatoriodelplacer.com\/wp-content\/uploads\/2023\/09\/plantilla_oltrePelle2-2-768x768.png 768w, https:\/\/observatoriodelplacer.com\/wp-content\/uploads\/2023\/09\/plantilla_oltrePelle2-2.png 1080w\" sizes=\"auto, (max-width: 1024px) 100vw, 1024px\" \/><\/figure>\n\n\n\n<figure class=\"wp-block-image size-large\"><img loading=\"lazy\" decoding=\"async\" width=\"704\" height=\"1024\" src=\"https:\/\/observatoriodelplacer.com\/wp-content\/uploads\/2023\/08\/photo-output-3-704x1024.jpg\" alt=\"\" class=\"wp-image-1178\" srcset=\"https:\/\/observatoriodelplacer.com\/wp-content\/uploads\/2023\/08\/photo-output-3-704x1024.jpg 704w, https:\/\/observatoriodelplacer.com\/wp-content\/uploads\/2023\/08\/photo-output-3-206x300.jpg 206w, https:\/\/observatoriodelplacer.com\/wp-content\/uploads\/2023\/08\/photo-output-3-768x1117.jpg 768w, https:\/\/observatoriodelplacer.com\/wp-content\/uploads\/2023\/08\/photo-output-3-1056x1536.jpg 1056w, https:\/\/observatoriodelplacer.com\/wp-content\/uploads\/2023\/08\/photo-output-3-1408x2048.jpg 1408w, https:\/\/observatoriodelplacer.com\/wp-content\/uploads\/2023\/08\/photo-output-3-scaled.jpg 1760w\" sizes=\"auto, (max-width: 704px) 100vw, 704px\" \/><\/figure>\n<\/div>\n<\/div>","protected":false},"excerpt":{"rendered":"<p>Domingo 15 Octubre \u00b7 11-15h &#8211; englishFacilita Bruixes_Lab\u00b7 Plazas limitadas \u00b7 Barcelona Tras completar la primera fecha abrimos una segunda edici\u00f3n para que nadie quede fuera! \u00danete a las Bruixes&nbsp;en su laboratorio bio-erotico para experimentar con fluidos corporales, electr\u00f3nica, biomateriales, segundas pieles y e-textiles para crear tu dise\u00f1o kinky personalizado.Jugaremos con nuevos m\u00e9todos de fabricaci\u00f3n [&hellip;]<\/p>\n","protected":false},"author":1,"featured_media":0,"parent":0,"menu_order":0,"comment_status":"closed","ping_status":"closed","template":"","meta":{"site-sidebar-layout":"default","site-content-layout":"","ast-site-content-layout":"","site-content-style":"default","site-sidebar-style":"default","ast-global-header-display":"","ast-banner-title-visibility":"","ast-main-header-display":"","ast-hfb-above-header-display":"","ast-hfb-below-header-display":"","ast-hfb-mobile-header-display":"","site-post-title":"","ast-breadcrumbs-content":"","ast-featured-img":"","footer-sml-layout":"","theme-transparent-header-meta":"","adv-header-id-meta":"","stick-header-meta":"","header-above-stick-meta":"","header-main-stick-meta":"","header-below-stick-meta":"","astra-migrate-meta-layouts":"default","ast-page-background-enabled":"default","ast-page-background-meta":{"desktop":{"background-color":"var(--ast-global-color-4)","background-image":"","background-repeat":"repeat","background-position":"center center","background-size":"auto","background-attachment":"scroll","background-type":"","background-media":"","overlay-type":"","overlay-color":"","overlay-opacity":"","overlay-gradient":""},"tablet":{"background-color":"","background-image":"","background-repeat":"repeat","background-position":"center center","background-size":"auto","background-attachment":"scroll","background-type":"","background-media":"","overlay-type":"","overlay-color":"","overlay-opacity":"","overlay-gradient":""},"mobile":{"background-color":"","background-image":"","background-repeat":"repeat","background-position":"center center","background-size":"auto","background-attachment":"scroll","background-type":"","background-media":"","overlay-type":"","overlay-color":"","overlay-opacity":"","overlay-gradient":""}},"ast-content-background-meta":{"desktop":{"background-color":"var(--ast-global-color-5)","background-image":"","background-repeat":"repeat","background-position":"center center","background-size":"auto","background-attachment":"scroll","background-type":"","background-media":"","overlay-type":"","overlay-color":"","overlay-opacity":"","overlay-gradient":""},"tablet":{"background-color":"var(--ast-global-color-5)","background-image":"","background-repeat":"repeat","background-position":"center center","background-size":"auto","background-attachment":"scroll","background-type":"","background-media":"","overlay-type":"","overlay-color":"","overlay-opacity":"","overlay-gradient":""},"mobile":{"background-color":"var(--ast-global-color-5)","background-image":"","background-repeat":"repeat","background-position":"center center","background-size":"auto","background-attachment":"scroll","background-type":"","background-media":"","overlay-type":"","overlay-color":"","overlay-opacity":"","overlay-gradient":""}},"footnotes":""},"class_list":["post-1276","page","type-page","status-publish","hentry"],"_links":{"self":[{"href":"https:\/\/observatoriodelplacer.com\/en\/wp-json\/wp\/v2\/pages\/1276","targetHints":{"allow":["GET"]}}],"collection":[{"href":"https:\/\/observatoriodelplacer.com\/en\/wp-json\/wp\/v2\/pages"}],"about":[{"href":"https:\/\/observatoriodelplacer.com\/en\/wp-json\/wp\/v2\/types\/page"}],"author":[{"embeddable":true,"href":"https:\/\/observatoriodelplacer.com\/en\/wp-json\/wp\/v2\/users\/1"}],"replies":[{"embeddable":true,"href":"https:\/\/observatoriodelplacer.com\/en\/wp-json\/wp\/v2\/comments?post=1276"}],"version-history":[{"count":3,"href":"https:\/\/observatoriodelplacer.com\/en\/wp-json\/wp\/v2\/pages\/1276\/revisions"}],"predecessor-version":[{"id":1285,"href":"https:\/\/observatoriodelplacer.com\/en\/wp-json\/wp\/v2\/pages\/1276\/revisions\/1285"}],"wp:attachment":[{"href":"https:\/\/observatoriodelplacer.com\/en\/wp-json\/wp\/v2\/media?parent=1276"}],"curies":[{"name":"wp","href":"https:\/\/api.w.org\/{rel}","templated":true}]}}