{"id":1300,"date":"2023-10-03T18:32:39","date_gmt":"2023-10-03T16:32:39","guid":{"rendered":"https:\/\/observatoriodelplacer.com\/?page_id=1300"},"modified":"2023-11-10T11:48:31","modified_gmt":"2023-11-10T09:48:31","slug":"first-contact","status":"publish","type":"page","link":"https:\/\/observatoriodelplacer.com\/en\/first-contact\/","title":{"rendered":"First Contact"},"content":{"rendered":"<div class=\"wp-block-columns is-layout-flex wp-container-core-columns-is-layout-28f84493 wp-block-columns-is-layout-flex\">\n<div class=\"wp-block-column is-layout-flow wp-block-column-is-layout-flow\">\n<p><strong>S\u00e1bado 11 Noviembre 11-19h<\/strong> &#8211; <a href=\"https:\/\/observatoriodelplacer.com\/en\/first-contact-eng\/\" data-type=\"page\" data-id=\"1288\"><strong><em>English version<\/em><\/strong><\/a> &#8211;<br>Facilitates <em><strong>Milo Monster<\/strong><\/em><br>\u00b7 PLAZAS LIMITADAS \u00b7<\/p>\n\n\n\n<p><em>FIRST CONTACT <\/em>es una experiencia sensual de juego de rol en vivo con elementos de erotismo, ciencia ficci\u00f3n y horror psicol\u00f3gico. Lxs participantes interpretan personajes dentro de un marco narrativo presentado por lxs organizadorxs, sumergi\u00e9ndose en una historia con sus compa\u00f1erxs de juego.<\/p>\n\n\n\n<p class=\"has-text-align-right\"><em>Lam\u00ed el costado del cuello de A, sabore\u00e9 el temblor de su pulso bajo mi lengua, el sabor de la sal. Mi espalda se arque\u00f3 contra el fr\u00edo cristal del tanque que conten\u00eda a la criatura alien\u00edgena, en contraste con el calor de los cuerpos de mis compa\u00f1erxs a mi alrededor.<br>\u00ab\u00bfComo llegu\u00e9 aqui?\u00bb Iba de camino al centro de mando, pero no recordaba por qu\u00e9. Se hab\u00eda sentido tan importante hace un momento\u2026<br>Los dedos de L se entrelazaron a trav\u00e9s de mi cabello. J presion\u00f3 sus palmas en mis caderas, su aliento caliente contra mi muslo. Nuestra piel desnuda brillaba a la luz del tanque. En medio de la avalancha de sensaciones, ya no pod\u00eda distinguir d\u00f3nde terminaba mi cuerpo y comenzaba otro.<br>Un hambre extra\u00f1a vibr\u00f3 a trav\u00e9s de m\u00ed, diferente a todo lo que hab\u00eda sentido antes. A diferencia de cualquier cosa humana.<\/em><\/p>\n\n\n\n<p>El desarrollo de viajes m\u00e1s r\u00e1pidos que la luz permiti\u00f3 a la humanidad explorar el universo m\u00e1s all\u00e1 de nuestro sistema solar. Desde entonces, nos hemos expandido por todo nuestro rinc\u00f3n de la galaxia.<br>Hace cinco d\u00edas, una forma de vida extraterrestre, diferente a cualquier cosa que la humanidad haya encontrado antes, se estrell\u00f3 en las afueras del puesto fronterizo en Seti IV. La nave espacial Tramuntana ha sido enviada por las Fuerzas Expedicionarias por Uni\u00f3n Terran para recolectar esta forma de vida y entregarla de manera segura a una estaci\u00f3n de investigaci\u00f3n para su posterior estudio.<br>Desde el exterior, la nave est\u00e1 amenazada por tormentas solares y otros peligros de los viajes espaciales. Pero en su interior se est\u00e1n agitando cosas mucho m\u00e1s extra\u00f1as. Los deseos enterrados y los impulsos transgresores salen a la superficie. Para las personas a bordo, los l\u00edmites entre mentes y cuerpos, fantas\u00eda y realidad cambian a medida que comienzan a experimentar su mundo (y a lxs demxs) de una manera m\u00e1s que humana.<br>Cuanto m\u00e1s tiempo pasa la tripulaci\u00f3n en presencia de la criatura alien\u00edgena, m\u00e1s se dan cuenta\u2026 Este viaje los transformar\u00e1 para siempre.<\/p>\n\n\n\n<p>Activity open to those who investigate their sexuality regardless of the gender or identity of the people they will meet in the experience.<\/p>\n\n\n\n<p><strong><em>Milo Monster<\/em><\/strong> ofrecer\u00e1 el taller en ingl\u00e9s. Habr\u00e1 traducci\u00f3n simult\u00e1nea. Cada persona puede participar en el idioma que prefiera.<\/p>\n\n\n\n<p><strong>Colaboraci\u00f3n taller \u20ac65<\/strong><\/p>\n\n\n\n<p class=\"has-nv-site-bg-color has-text-color has-background\" style=\"background-color:#ff5050\"><strong><em>*** We do not want anyone to be left out of the activities due to economic issues. If this is your case, let us know and we will look for possible exchanges or reduced collaboration.<\/em><\/strong><em><br><\/em>Likewise, Observatorio del Placer is a project in formation, if you want to support us with greater collaboration, it will also be welcome.<\/p>\n\n\n\n<p>TE PUEDES REGISTRAR A TRAV\u00c9S DE ESTE LINK<\/p>\n\n\n\n<p><a href=\"https:\/\/linktr.ee\/observatoriodelplacer\" target=\"_blank\" rel=\"noopener\"><strong>https:\/\/linktr.ee\/observatoriodelplacer<\/strong><\/a><\/p>\n\n\n\n<h2 class=\"wp-block-heading\" id=\"1652429611\">MILO MONSTER<\/h2>\n\n\n\n<hr class=\"wp-block-separator has-alpha-channel-opacity\" id=\"1306058526\"\/>\n\n\n\n<p>Es un artista interdisciplinario afincado en Barcelona que dise\u00f1a experiencias narrativas inmersivas para el aprendizaje transformador y la exploraci\u00f3n interpersonal. Incorporando su experiencia en escritura, teatro y pr\u00e1ctica consciente de BDSM, el trabajo de Milo utiliza juegos de roles y construcci\u00f3n narrativa cooperativa para explorar la identidad, experimentar con perspectivas y crear conexiones poderosas entre los participantes. Ha impartido talleres de improvisaci\u00f3n l\u00fadica y juego de roles er\u00f3ticos.<\/p>\n\n\n\n<h3 class=\"wp-block-heading\" id=\"1652429611\">\u00bfQU\u00c9 ES LARP? (JUEGO DE ROL EN VIVO)<\/h3>\n\n\n\n<hr class=\"wp-block-separator has-alpha-channel-opacity\" id=\"1306058526\"\/>\n\n\n\n<p>El LARP ha sido comparado con los juegos de rol de mesa (como Dungeons and Dragons) sin dados, y con el teatro de improvisaci\u00f3n sin p\u00fablico.<\/p>\n\n\n\n<p>\u00bfRecuerdas los juegos de \u201cfingir\u201d que jugabas cuando eras ni\u00f1x? \u00bfD\u00f3nde t\u00fa y tus amigxs fingisteis ser caballeros o princesas, sirenas o ladrones y representasteis una historia de vuestra propia invenci\u00f3n? LARP es algo as\u00ed.<\/p>\n\n\n\n<p>B\u00e1sicamente, LARP es una narraci\u00f3n colaborativa. Eso significa que, como participante, est\u00e1s ayudando a crear la experiencia para ti y tus compa\u00f1erxs jugadorxs. Quienes organizan proporcionan un marco. Estas son herramientas b\u00e1sicas para la creaci\u00f3n de historias, que incluyen un escenario, perfiles de personajes, mec\u00e1nicas de seguridad y algunos peque\u00f1os eventos que dan estructura y ritmo al juego. Luego entregan las llaves a lxs jugadorxs y les permiten conducir la historia con sus interacciones.<\/p>\n\n\n\n<p>Es imposible \u201cganar\u201d o \u201cperder\u201d un LARP. No hay n\u00fameros que memorizar ni puntos que ganar. Obtienes lo que pones: aportas energ\u00eda, te comprometes con la experiencia y apoyas a tus compa\u00f1erxs.<\/p>\n\n\n\n<p><strong>How does it work?<\/strong><\/p>\n\n\n\n<p>Como parte del formulario de solicitud, responder\u00e1s algunas preguntas sobre tus preferencias para la experiencia y seleccionar\u00e1s los 3 perfiles de personajes que m\u00e1s te gustar\u00eda interpretar. Los organizadores intentar\u00e1n asignar a cada uno uno de sus roles preferidos, pero esto no siempre ser\u00e1 posible. Cuando tengas confirmada tu asistencia, recibir\u00e1s la asignaci\u00f3n de tu personaje al menos una semana antes del evento.<\/p>\n\n\n\n<p>Hay 15-20 perfiles de personajes. Se trata de descripciones vagas de la personalidad del personaje, sus deseos y miedos, y su papel en el grupo. El perfil del personaje es un punto de partida: t\u00fa, quien juegas, lo interpretar\u00e1s y ampliar\u00e1s para darle vida.<\/p>\n\n\n\n<p>Cada personaje incluye al menos una conexi\u00f3n abierta con otrx\/s personaje\/s. Durante los talleres, colaborar\u00e1s con otrxs jugadorxs para crear esas conexiones. Tambi\u00e9n tienes la opci\u00f3n de dejar de lado la conexi\u00f3n haci\u00e9ndola con personaje\/s \u201cfuera de pantalla\u201d (que no aparecer\u00e1 en el LARP).<\/p>\n\n\n\n<p>La jornada del LARP comenzar\u00e1 con talleres fuera de lo com\u00fan. Revisaremos t\u00e9cnicas de seguridad y consentimiento, crearemos conexiones entre personajes y construiremos las bases para nuestro juego. Luego lxs jugadorxs se meter\u00e1n en el personaje y comenzar\u00e1 el LARP. El LARP se desarrollar\u00e1 en 3 actos. Puedes salir del espacio en cualquier momento que lo necesites y comunicarte con tus compa\u00f1erxs jugadorxs usando las t\u00e9cnicas de la gu\u00eda de juego. De lo contrario, si est\u00e1s en el espacio de juego, eres parte del personaje y de la historia.<\/p>\n\n\n\n<p>Al final del LARP, habr\u00e1 una breve sesi\u00f3n informativa para ayudarnos a salir del personaje y comenzar a procesar la experiencia.<\/p>\n\n\n\n<p><strong>\u00bfNecesito disfraz?<\/strong><\/p>\n\n\n\n<p>Te pedimos que uses ropa sencilla, negra o lo que te haga sentir c\u00f3modx y sexy. Puedes agregar cosas que se adapten a tu personaje, pero no es necesario tener ning\u00fan disfraz elaborado. Lo m\u00e1s importante es que est\u00e9s c\u00f3modx y puedas moverte libremente con lo que lleves puesto.<\/p>\n<\/div>\n\n\n\n<div class=\"wp-block-column is-layout-flow wp-block-column-is-layout-flow\" style=\"flex-basis:35%\">\n<figure class=\"wp-block-image size-large\"><img loading=\"lazy\" decoding=\"async\" width=\"1024\" height=\"1024\" src=\"https:\/\/observatoriodelplacer.com\/wp-content\/uploads\/2023\/10\/FirstContact-1-1024x1024.png\" alt=\"\" class=\"wp-image-1303\" srcset=\"https:\/\/observatoriodelplacer.com\/wp-content\/uploads\/2023\/10\/FirstContact-1-1024x1024.png 1024w, https:\/\/observatoriodelplacer.com\/wp-content\/uploads\/2023\/10\/FirstContact-1-300x300.png 300w, https:\/\/observatoriodelplacer.com\/wp-content\/uploads\/2023\/10\/FirstContact-1-150x150.png 150w, https:\/\/observatoriodelplacer.com\/wp-content\/uploads\/2023\/10\/FirstContact-1-768x768.png 768w, https:\/\/observatoriodelplacer.com\/wp-content\/uploads\/2023\/10\/FirstContact-1.png 1080w\" sizes=\"auto, (max-width: 1024px) 100vw, 1024px\" \/><\/figure>\n\n\n\n<p><\/p>\n\n\n\n<figure class=\"wp-block-image size-large\"><img loading=\"lazy\" decoding=\"async\" width=\"768\" height=\"1024\" src=\"https:\/\/observatoriodelplacer.com\/wp-content\/uploads\/2023\/10\/WhatsApp-Image-2023-10-03-at-21.20.15-768x1024.jpeg\" alt=\"\" class=\"wp-image-1311\" title=\"Milo Monster\" srcset=\"https:\/\/observatoriodelplacer.com\/wp-content\/uploads\/2023\/10\/WhatsApp-Image-2023-10-03-at-21.20.15-768x1024.jpeg 768w, https:\/\/observatoriodelplacer.com\/wp-content\/uploads\/2023\/10\/WhatsApp-Image-2023-10-03-at-21.20.15-225x300.jpeg 225w, https:\/\/observatoriodelplacer.com\/wp-content\/uploads\/2023\/10\/WhatsApp-Image-2023-10-03-at-21.20.15-1152x1536.jpeg 1152w, https:\/\/observatoriodelplacer.com\/wp-content\/uploads\/2023\/10\/WhatsApp-Image-2023-10-03-at-21.20.15.jpeg 1536w\" sizes=\"auto, (max-width: 768px) 100vw, 768px\" \/><\/figure>\n<\/div>\n<\/div>","protected":false},"excerpt":{"rendered":"<p>S\u00e1bado 11 Noviembre 11-19h &#8211; English version &#8211;Facilita Milo Monster\u00b7 PLAZAS LIMITADAS \u00b7 FIRST CONTACT es una experiencia sensual de juego de rol en vivo con elementos de erotismo, ciencia ficci\u00f3n y horror psicol\u00f3gico. Lxs participantes interpretan personajes dentro de un marco narrativo presentado por lxs organizadorxs, sumergi\u00e9ndose en una historia con sus compa\u00f1erxs de [&hellip;]<\/p>\n","protected":false},"author":1,"featured_media":0,"parent":0,"menu_order":0,"comment_status":"closed","ping_status":"closed","template":"","meta":{"site-sidebar-layout":"default","site-content-layout":"","ast-site-content-layout":"","site-content-style":"default","site-sidebar-style":"default","ast-global-header-display":"","ast-banner-title-visibility":"","ast-main-header-display":"","ast-hfb-above-header-display":"","ast-hfb-below-header-display":"","ast-hfb-mobile-header-display":"","site-post-title":"","ast-breadcrumbs-content":"","ast-featured-img":"","footer-sml-layout":"","theme-transparent-header-meta":"","adv-header-id-meta":"","stick-header-meta":"","header-above-stick-meta":"","header-main-stick-meta":"","header-below-stick-meta":"","astra-migrate-meta-layouts":"default","ast-page-background-enabled":"default","ast-page-background-meta":{"desktop":{"background-color":"var(--ast-global-color-4)","background-image":"","background-repeat":"repeat","background-position":"center center","background-size":"auto","background-attachment":"scroll","background-type":"","background-media":"","overlay-type":"","overlay-color":"","overlay-opacity":"","overlay-gradient":""},"tablet":{"background-color":"","background-image":"","background-repeat":"repeat","background-position":"center center","background-size":"auto","background-attachment":"scroll","background-type":"","background-media":"","overlay-type":"","overlay-color":"","overlay-opacity":"","overlay-gradient":""},"mobile":{"background-color":"","background-image":"","background-repeat":"repeat","background-position":"center center","background-size":"auto","background-attachment":"scroll","background-type":"","background-media":"","overlay-type":"","overlay-color":"","overlay-opacity":"","overlay-gradient":""}},"ast-content-background-meta":{"desktop":{"background-color":"var(--ast-global-color-5)","background-image":"","background-repeat":"repeat","background-position":"center center","background-size":"auto","background-attachment":"scroll","background-type":"","background-media":"","overlay-type":"","overlay-color":"","overlay-opacity":"","overlay-gradient":""},"tablet":{"background-color":"var(--ast-global-color-5)","background-image":"","background-repeat":"repeat","background-position":"center center","background-size":"auto","background-attachment":"scroll","background-type":"","background-media":"","overlay-type":"","overlay-color":"","overlay-opacity":"","overlay-gradient":""},"mobile":{"background-color":"var(--ast-global-color-5)","background-image":"","background-repeat":"repeat","background-position":"center center","background-size":"auto","background-attachment":"scroll","background-type":"","background-media":"","overlay-type":"","overlay-color":"","overlay-opacity":"","overlay-gradient":""}},"footnotes":""},"class_list":["post-1300","page","type-page","status-publish","hentry"],"_links":{"self":[{"href":"https:\/\/observatoriodelplacer.com\/en\/wp-json\/wp\/v2\/pages\/1300","targetHints":{"allow":["GET"]}}],"collection":[{"href":"https:\/\/observatoriodelplacer.com\/en\/wp-json\/wp\/v2\/pages"}],"about":[{"href":"https:\/\/observatoriodelplacer.com\/en\/wp-json\/wp\/v2\/types\/page"}],"author":[{"embeddable":true,"href":"https:\/\/observatoriodelplacer.com\/en\/wp-json\/wp\/v2\/users\/1"}],"replies":[{"embeddable":true,"href":"https:\/\/observatoriodelplacer.com\/en\/wp-json\/wp\/v2\/comments?post=1300"}],"version-history":[{"count":16,"href":"https:\/\/observatoriodelplacer.com\/en\/wp-json\/wp\/v2\/pages\/1300\/revisions"}],"predecessor-version":[{"id":1443,"href":"https:\/\/observatoriodelplacer.com\/en\/wp-json\/wp\/v2\/pages\/1300\/revisions\/1443"}],"wp:attachment":[{"href":"https:\/\/observatoriodelplacer.com\/en\/wp-json\/wp\/v2\/media?parent=1300"}],"curies":[{"name":"wp","href":"https:\/\/api.w.org\/{rel}","templated":true}]}}