{"id":1334,"date":"2023-10-13T18:40:27","date_gmt":"2023-10-13T16:40:27","guid":{"rendered":"https:\/\/observatoriodelplacer.com\/?page_id=1334"},"modified":"2023-12-11T17:35:05","modified_gmt":"2023-12-11T15:35:05","slug":"puts-somatics","status":"publish","type":"page","link":"https:\/\/observatoriodelplacer.com\/en\/puts-somatics\/","title":{"rendered":"PUT*S SOMATIC*S"},"content":{"rendered":"<div class=\"wp-block-columns is-layout-flex wp-container-core-columns-is-layout-28f84493 wp-block-columns-is-layout-flex\">\n<div class=\"wp-block-column is-layout-flow wp-block-column-is-layout-flow\">\n<p><strong>(perfo-sesi\u00f3n \/ s. se*ual perform\u00e1tico en donde la performance est\u00e1 al servicio de lo som\u00e1tico). <a href=\"https:\/\/observatoriodelplacer.com\/en\/puts-somatics-eng\/\" data-type=\"page\" data-id=\"1352\">&#8211; English &#8211;<\/a><\/strong><\/p>\n\n\n\n<p><strong>1, 2, 3 y 4 de noviembre<\/strong><strong><br><\/strong>By\/With <strong>put*s somatic*s<\/strong><strong><br><\/strong>INDIVIDUAL SESSIONS<\/p>\n\n\n\n<p>\u00bfUna performance agencial? \u00bfUna ofrenda sexual? \u00bfUn servicio som\u00e1tico?&nbsp;<\/p>\n\n\n\n<p class=\"has-text-align-right\"><em>\u2026 D\u00f3cilmente alargas la mano para acariciar y encuentras que la forma se convierte en contenido, y el polvo en el que nos convertiremos queda lleno de posibilidades de vida. Ayer te bautic\u00e9 en el agua salada con romero salado y orgulloso, tres veces, y tres veces me ba\u00f1\u00e9 en el mismo agua y en el mismo romero que dej\u00e9 luego viajar sin fin. Transmutando romero en agua \u2026<\/em> (put*s somatic*s)<\/p>\n\n\n\n<p><strong>put*s somatic*s<\/strong> es una perfo-sesi\u00f3n para 1 persona.<br>Nos interesa explorar la descomposici\u00f3n entre performance y trabajo sexual.<br>La propuesta invita a ser parte agencial de la experiencia -espectadorx respons(h)abilidad-. Es un ofrecimiento po\u00e9tico-t\u00e1ctil (con posibilidad de desnudez) que intenta transitar sensaciones sutiles explorando imaginarios viscerales, sin expectativas. Al atravesar las propuestas est\u00e1s invitadx a responder mutando, descansando, moviendo, sonando,\u2026<\/p>\n\n\n\n<p>Put*s somatic*s es un ser \u2013 invitaci\u00f3n a sexualidades desesperanzadas que habitan y emergen en las f(r)icciones que no\/fuimos y no\/seremos. Su mundo se constituye en cada (des)encuentro.<\/p>\n\n\n\n<p class=\"has-text-align-right\"><em>\u2026 among the guts that I stir to find something to cling to, something whispers to me from the no\/absence: There is no clinging-One. Perhaps there is clinging to another-that-binds \u2026 (put*s somatic*s)<\/em>(put*s somatic*s)<\/p>\n\n\n\n<p>Thus, the proposal has the following format ---&gt;<\/p>\n\n\n\n<p><strong>Duraci\u00f3n:<\/strong> Hay una duraci\u00f3n que no es fija y que depende de lo que hay y lo que no hay en el momento; de las emergencias que (no) se den.<\/p>\n\n\n\n<p><strong>Precio:<\/strong> Aportaci\u00f3n a voluntad entre 0,33 euros y 333 euros. La aportaci\u00f3n debe realizarse antes de la perfo-sesi\u00f3n.\u00a0<br>You can contact us with any questions or concerns at putsomatics@gmail.com. Once you have completed the form, we will contact you.<\/p>\n<\/div>\n\n\n\n<div class=\"wp-block-column is-layout-flow wp-block-column-is-layout-flow\" style=\"flex-basis:35%\">\n<figure class=\"wp-block-image size-large\"><img loading=\"lazy\" decoding=\"async\" width=\"1024\" height=\"682\" src=\"https:\/\/observatoriodelplacer.com\/wp-content\/uploads\/2023\/10\/1697038728086-1024x682.jpg\" alt=\"\" class=\"wp-image-1336\" srcset=\"https:\/\/observatoriodelplacer.com\/wp-content\/uploads\/2023\/10\/1697038728086-1024x682.jpg 1024w, https:\/\/observatoriodelplacer.com\/wp-content\/uploads\/2023\/10\/1697038728086-300x200.jpg 300w, https:\/\/observatoriodelplacer.com\/wp-content\/uploads\/2023\/10\/1697038728086-768x512.jpg 768w, https:\/\/observatoriodelplacer.com\/wp-content\/uploads\/2023\/10\/1697038728086-930x620.jpg 930w, https:\/\/observatoriodelplacer.com\/wp-content\/uploads\/2023\/10\/1697038728086.jpg 1280w\" sizes=\"auto, (max-width: 1024px) 100vw, 1024px\" \/><\/figure>\n\n\n\n<p><\/p>\n\n\n\n<figure class=\"wp-block-image size-large\"><img loading=\"lazy\" decoding=\"async\" width=\"1024\" height=\"682\" src=\"https:\/\/observatoriodelplacer.com\/wp-content\/uploads\/2023\/10\/1697038728063-1024x682.jpg\" alt=\"\" class=\"wp-image-1335\" srcset=\"https:\/\/observatoriodelplacer.com\/wp-content\/uploads\/2023\/10\/1697038728063-1024x682.jpg 1024w, https:\/\/observatoriodelplacer.com\/wp-content\/uploads\/2023\/10\/1697038728063-300x200.jpg 300w, https:\/\/observatoriodelplacer.com\/wp-content\/uploads\/2023\/10\/1697038728063-768x512.jpg 768w, https:\/\/observatoriodelplacer.com\/wp-content\/uploads\/2023\/10\/1697038728063-930x620.jpg 930w, https:\/\/observatoriodelplacer.com\/wp-content\/uploads\/2023\/10\/1697038728063.jpg 1280w\" sizes=\"auto, (max-width: 1024px) 100vw, 1024px\" \/><\/figure>\n\n\n\n<p>Imagenes y video de <a href=\"https:\/\/www.instagram.com\/marianaerato\/\" data-type=\"link\" data-id=\"https:\/\/www.instagram.com\/marianaerato\/\" target=\"_blank\" rel=\"noopener\"><strong>Mariana Erato<\/strong><\/a><\/p>\n\n\n\n<figure class=\"wp-block-video\"><video height=\"1080\" style=\"aspect-ratio: 1920 \/ 1080;\" width=\"1920\" autoplay controls loop src=\"https:\/\/observatoriodelplacer.com\/wp-content\/uploads\/2023\/10\/4_5854731068074103301.mp4\"><\/video><\/figure>\n\n\n\n<figure class=\"wp-block-image size-large\"><img loading=\"lazy\" decoding=\"async\" width=\"1024\" height=\"682\" src=\"https:\/\/observatoriodelplacer.com\/wp-content\/uploads\/2023\/10\/5864243549212622550_121-1024x682.jpg\" alt=\"\" class=\"wp-image-1347\" title=\"Milo Monster\" srcset=\"https:\/\/observatoriodelplacer.com\/wp-content\/uploads\/2023\/10\/5864243549212622550_121-1024x682.jpg 1024w, https:\/\/observatoriodelplacer.com\/wp-content\/uploads\/2023\/10\/5864243549212622550_121-300x200.jpg 300w, https:\/\/observatoriodelplacer.com\/wp-content\/uploads\/2023\/10\/5864243549212622550_121-768x512.jpg 768w, https:\/\/observatoriodelplacer.com\/wp-content\/uploads\/2023\/10\/5864243549212622550_121-930x620.jpg 930w, https:\/\/observatoriodelplacer.com\/wp-content\/uploads\/2023\/10\/5864243549212622550_121.jpg 1280w\" sizes=\"auto, (max-width: 1024px) 100vw, 1024px\" \/><\/figure>\n<\/div>\n<\/div>","protected":false},"excerpt":{"rendered":"<p>(perfo-sesi\u00f3n \/ s. se*ual perform\u00e1tico en donde la performance est\u00e1 al servicio de lo som\u00e1tico). &#8211; English &#8211; 1, 2, 3 y 4 de noviembreCon put*s somatic*sSESIONES INDIVIDUALES \u00b7 \u00bfUna performance agencial? \u00bfUna ofrenda sexual? \u00bfUn servicio som\u00e1tico?&nbsp; \u2026 D\u00f3cilmente alargas la mano para acariciar y encuentras que la forma se convierte en contenido, y [&hellip;]<\/p>\n","protected":false},"author":1,"featured_media":0,"parent":0,"menu_order":0,"comment_status":"closed","ping_status":"closed","template":"","meta":{"site-sidebar-layout":"default","site-content-layout":"","ast-site-content-layout":"","site-content-style":"default","site-sidebar-style":"default","ast-global-header-display":"","ast-banner-title-visibility":"","ast-main-header-display":"","ast-hfb-above-header-display":"","ast-hfb-below-header-display":"","ast-hfb-mobile-header-display":"","site-post-title":"","ast-breadcrumbs-content":"","ast-featured-img":"","footer-sml-layout":"","theme-transparent-header-meta":"","adv-header-id-meta":"","stick-header-meta":"","header-above-stick-meta":"","header-main-stick-meta":"","header-below-stick-meta":"","astra-migrate-meta-layouts":"default","ast-page-background-enabled":"default","ast-page-background-meta":{"desktop":{"background-color":"var(--ast-global-color-4)","background-image":"","background-repeat":"repeat","background-position":"center center","background-size":"auto","background-attachment":"scroll","background-type":"","background-media":"","overlay-type":"","overlay-color":"","overlay-opacity":"","overlay-gradient":""},"tablet":{"background-color":"","background-image":"","background-repeat":"repeat","background-position":"center center","background-size":"auto","background-attachment":"scroll","background-type":"","background-media":"","overlay-type":"","overlay-color":"","overlay-opacity":"","overlay-gradient":""},"mobile":{"background-color":"","background-image":"","background-repeat":"repeat","background-position":"center center","background-size":"auto","background-attachment":"scroll","background-type":"","background-media":"","overlay-type":"","overlay-color":"","overlay-opacity":"","overlay-gradient":""}},"ast-content-background-meta":{"desktop":{"background-color":"var(--ast-global-color-5)","background-image":"","background-repeat":"repeat","background-position":"center center","background-size":"auto","background-attachment":"scroll","background-type":"","background-media":"","overlay-type":"","overlay-color":"","overlay-opacity":"","overlay-gradient":""},"tablet":{"background-color":"var(--ast-global-color-5)","background-image":"","background-repeat":"repeat","background-position":"center center","background-size":"auto","background-attachment":"scroll","background-type":"","background-media":"","overlay-type":"","overlay-color":"","overlay-opacity":"","overlay-gradient":""},"mobile":{"background-color":"var(--ast-global-color-5)","background-image":"","background-repeat":"repeat","background-position":"center center","background-size":"auto","background-attachment":"scroll","background-type":"","background-media":"","overlay-type":"","overlay-color":"","overlay-opacity":"","overlay-gradient":""}},"footnotes":""},"class_list":["post-1334","page","type-page","status-publish","hentry"],"_links":{"self":[{"href":"https:\/\/observatoriodelplacer.com\/en\/wp-json\/wp\/v2\/pages\/1334","targetHints":{"allow":["GET"]}}],"collection":[{"href":"https:\/\/observatoriodelplacer.com\/en\/wp-json\/wp\/v2\/pages"}],"about":[{"href":"https:\/\/observatoriodelplacer.com\/en\/wp-json\/wp\/v2\/types\/page"}],"author":[{"embeddable":true,"href":"https:\/\/observatoriodelplacer.com\/en\/wp-json\/wp\/v2\/users\/1"}],"replies":[{"embeddable":true,"href":"https:\/\/observatoriodelplacer.com\/en\/wp-json\/wp\/v2\/comments?post=1334"}],"version-history":[{"count":17,"href":"https:\/\/observatoriodelplacer.com\/en\/wp-json\/wp\/v2\/pages\/1334\/revisions"}],"predecessor-version":[{"id":1541,"href":"https:\/\/observatoriodelplacer.com\/en\/wp-json\/wp\/v2\/pages\/1334\/revisions\/1541"}],"wp:attachment":[{"href":"https:\/\/observatoriodelplacer.com\/en\/wp-json\/wp\/v2\/media?parent=1334"}],"curies":[{"name":"wp","href":"https:\/\/api.w.org\/{rel}","templated":true}]}}