{"id":1369,"date":"2023-10-23T12:36:26","date_gmt":"2023-10-23T10:36:26","guid":{"rendered":"https:\/\/observatoriodelplacer.com\/?page_id=1369"},"modified":"2023-10-23T13:10:24","modified_gmt":"2023-10-23T11:10:24","slug":"puts-somatics-residencia","status":"publish","type":"page","link":"https:\/\/observatoriodelplacer.com\/en\/puts-somatics-residencia\/","title":{"rendered":"put*s somatic*s"},"content":{"rendered":"<div class=\"wp-block-columns is-layout-flex wp-container-core-columns-is-layout-28f84493 wp-block-columns-is-layout-flex\">\n<div class=\"wp-block-column is-layout-flow wp-block-column-is-layout-flow\">\n<h5 class=\"wp-block-heading\">_ residencia 25 &#8211; 31 Octubre 23&#8242;<br>_ pr\u00e1ctica 1 &#8211; 4 Noviembre<\/h5>\n\n\n\n<p>La investigaci\u00f3n de put<em>s somatic<\/em>s tiene como eje el servicio sexual, y es la idea de servicio la que est\u00e1 siendo atendida. Existe una pregunta por los bordes de la(s) sexualidad(es) que puede servir como suelo donde reposar. \u00bfCu\u00e1les son las posibles direccionalidades de un servicio? \u00bfCu\u00e1les son las posibles entidades agenciales en un servicio? \u00bfSe puede estar al servicio de lo que emerge? \u00bfDe las memorias del toque de su dedos en la hoja del helecho? \u00bfDe la luz que roza el aire del espacio y tu cuerpo? \u00bfDe nuestro recuerdo? \u00bfDel aire que sudan las hojas verdes del rinc\u00f3n? \u00bfDel calor de los focos rozando la textura del suelo? \u00bfHay posibilidad de un deseo autopoi\u00e9tico?<\/p>\n\n\n\n<p>Estas y otras preguntas crean desesperanzados mapas relacionales. A partir de tus respuestas del formulario, lxs putxs som\u00e1ticas (se) re-crean, piensan y construyen una serie de gestos, territorios y propuestas donde intentar explorar otras se*ualidades y servicios posibles, en tensi\u00f3n (creativa) con las ideas de higienizaci\u00f3n y coreograf\u00eda de la imagen-deseo homogeneizantes.<\/p>\n\n\n\n<hr class=\"wp-block-separator has-alpha-channel-opacity\"\/>\n\n\n\n<h2 class=\"wp-block-heading\"><strong>put*s somatic*s <\/strong><\/h2>\n\n\n\n<p>Put*s somatic*s es un ser \u2013 invitaci\u00f3n a sexualidades desesperanzadas que habitan y emergen en las f(r)icciones que no\/fuimos y no\/seremos. Su mundo se constituye en cada (des)encuentro.<\/p>\n\n\n\n<p><em>\u2026 among the guts that I stir to find something to cling to, something whispers to me from the no\/absence: There is no clinging-One. Perhaps there is clinging to another-that-binds \u2026 (put*s somatic*s)<\/em>(put*s somatic*s)<\/p>\n\n\n\n<p><\/p>\n<\/div>\n\n\n\n<div class=\"wp-block-column is-layout-flow wp-block-column-is-layout-flow\" style=\"flex-basis:35%\">\n<figure class=\"wp-block-image size-large\"><img loading=\"lazy\" decoding=\"async\" width=\"1024\" height=\"682\" src=\"https:\/\/observatoriodelplacer.com\/wp-content\/uploads\/2023\/10\/5864243549212622550_121-1024x682.jpg\" alt=\"\" class=\"wp-image-1347\" srcset=\"https:\/\/observatoriodelplacer.com\/wp-content\/uploads\/2023\/10\/5864243549212622550_121-1024x682.jpg 1024w, https:\/\/observatoriodelplacer.com\/wp-content\/uploads\/2023\/10\/5864243549212622550_121-300x200.jpg 300w, https:\/\/observatoriodelplacer.com\/wp-content\/uploads\/2023\/10\/5864243549212622550_121-768x512.jpg 768w, https:\/\/observatoriodelplacer.com\/wp-content\/uploads\/2023\/10\/5864243549212622550_121-930x620.jpg 930w, https:\/\/observatoriodelplacer.com\/wp-content\/uploads\/2023\/10\/5864243549212622550_121.jpg 1280w\" sizes=\"auto, (max-width: 1024px) 100vw, 1024px\" \/><\/figure>\n\n\n\n<p><\/p>\n\n\n\n<figure class=\"wp-block-video\"><video height=\"1080\" style=\"aspect-ratio: 1920 \/ 1080;\" width=\"1920\" autoplay controls loop src=\"https:\/\/observatoriodelplacer.com\/wp-content\/uploads\/2023\/10\/4_5854731068074103301.mp4\"><\/video><\/figure>\n\n\n\n<p><\/p>\n\n\n\n<p><\/p>\n<\/div>\n<\/div>","protected":false},"excerpt":{"rendered":"<p>_ residencia 25 &#8211; 31 Octubre 23&#8242;_ pr\u00e1ctica 1 &#8211; 4 Noviembre La investigaci\u00f3n de puts somatics tiene como eje el servicio sexual, y es la idea de servicio la que est\u00e1 siendo atendida. Existe una pregunta por los bordes de la(s) sexualidad(es) que puede servir como suelo donde reposar. \u00bfCu\u00e1les son las posibles direccionalidades [&hellip;]<\/p>\n","protected":false},"author":1,"featured_media":0,"parent":0,"menu_order":0,"comment_status":"closed","ping_status":"closed","template":"","meta":{"site-sidebar-layout":"default","site-content-layout":"","ast-site-content-layout":"","site-content-style":"default","site-sidebar-style":"default","ast-global-header-display":"","ast-banner-title-visibility":"","ast-main-header-display":"","ast-hfb-above-header-display":"","ast-hfb-below-header-display":"","ast-hfb-mobile-header-display":"","site-post-title":"","ast-breadcrumbs-content":"","ast-featured-img":"","footer-sml-layout":"","theme-transparent-header-meta":"","adv-header-id-meta":"","stick-header-meta":"","header-above-stick-meta":"","header-main-stick-meta":"","header-below-stick-meta":"","astra-migrate-meta-layouts":"default","ast-page-background-enabled":"default","ast-page-background-meta":{"desktop":{"background-color":"var(--ast-global-color-4)","background-image":"","background-repeat":"repeat","background-position":"center center","background-size":"auto","background-attachment":"scroll","background-type":"","background-media":"","overlay-type":"","overlay-color":"","overlay-opacity":"","overlay-gradient":""},"tablet":{"background-color":"","background-image":"","background-repeat":"repeat","background-position":"center center","background-size":"auto","background-attachment":"scroll","background-type":"","background-media":"","overlay-type":"","overlay-color":"","overlay-opacity":"","overlay-gradient":""},"mobile":{"background-color":"","background-image":"","background-repeat":"repeat","background-position":"center center","background-size":"auto","background-attachment":"scroll","background-type":"","background-media":"","overlay-type":"","overlay-color":"","overlay-opacity":"","overlay-gradient":""}},"ast-content-background-meta":{"desktop":{"background-color":"var(--ast-global-color-5)","background-image":"","background-repeat":"repeat","background-position":"center center","background-size":"auto","background-attachment":"scroll","background-type":"","background-media":"","overlay-type":"","overlay-color":"","overlay-opacity":"","overlay-gradient":""},"tablet":{"background-color":"var(--ast-global-color-5)","background-image":"","background-repeat":"repeat","background-position":"center center","background-size":"auto","background-attachment":"scroll","background-type":"","background-media":"","overlay-type":"","overlay-color":"","overlay-opacity":"","overlay-gradient":""},"mobile":{"background-color":"var(--ast-global-color-5)","background-image":"","background-repeat":"repeat","background-position":"center center","background-size":"auto","background-attachment":"scroll","background-type":"","background-media":"","overlay-type":"","overlay-color":"","overlay-opacity":"","overlay-gradient":""}},"footnotes":""},"class_list":["post-1369","page","type-page","status-publish","hentry"],"_links":{"self":[{"href":"https:\/\/observatoriodelplacer.com\/en\/wp-json\/wp\/v2\/pages\/1369","targetHints":{"allow":["GET"]}}],"collection":[{"href":"https:\/\/observatoriodelplacer.com\/en\/wp-json\/wp\/v2\/pages"}],"about":[{"href":"https:\/\/observatoriodelplacer.com\/en\/wp-json\/wp\/v2\/types\/page"}],"author":[{"embeddable":true,"href":"https:\/\/observatoriodelplacer.com\/en\/wp-json\/wp\/v2\/users\/1"}],"replies":[{"embeddable":true,"href":"https:\/\/observatoriodelplacer.com\/en\/wp-json\/wp\/v2\/comments?post=1369"}],"version-history":[{"count":4,"href":"https:\/\/observatoriodelplacer.com\/en\/wp-json\/wp\/v2\/pages\/1369\/revisions"}],"predecessor-version":[{"id":1381,"href":"https:\/\/observatoriodelplacer.com\/en\/wp-json\/wp\/v2\/pages\/1369\/revisions\/1381"}],"wp:attachment":[{"href":"https:\/\/observatoriodelplacer.com\/en\/wp-json\/wp\/v2\/media?parent=1369"}],"curies":[{"name":"wp","href":"https:\/\/api.w.org\/{rel}","templated":true}]}}