{"id":1426,"date":"2023-11-06T11:27:04","date_gmt":"2023-11-06T09:27:04","guid":{"rendered":"https:\/\/observatoriodelplacer.com\/?page_id=1426"},"modified":"2023-12-11T17:37:30","modified_gmt":"2023-12-11T15:37:30","slug":"lo-xenosensorial","status":"publish","type":"page","link":"https:\/\/observatoriodelplacer.com\/en\/lo-xenosensorial\/","title":{"rendered":"lo xenosensorial"},"content":{"rendered":"<div class=\"wp-block-columns is-layout-flex wp-container-core-columns-is-layout-28f84493 wp-block-columns-is-layout-flex\">\n<div class=\"wp-block-column is-layout-flow wp-block-column-is-layout-flow\">\n<p class=\"has-text-align-left\"><strong>S\u00e1bado 9 de Dicembre<\/strong> \u00b7 <strong>de 17 a 21-23h<\/strong><br><em>Facilitates<\/em> Anna Natt<\/p>\n\n\n\n<p><a href=\"https:\/\/observatoriodelplacer.com\/en\/residencia-xenosensorial\/\" data-type=\"page\" data-id=\"1410\"><strong>La residencia art\u00edstica<\/strong><\/a> de Anna Natt en OdP culminar\u00e1 con una experiencia xenol\u00fadica en la que cruzar\u00e1 el umbral y se despojar\u00e1 de su apariencia humana. Ser\u00e1s hipnotizadx por nuestros ojos alien\u00edgenas y guiadx hipn\u00f3ticamente en un ritual de entrada que permitir\u00e1 que emerja tu yo xenosensorial. Susurros extrasensoriales entrar\u00e1n en tus o\u00eddos para guiarte, manos alien\u00edgenas activar\u00e1n tu sinestesia sensorial.<\/p>\n\n\n\n<p>Se dar\u00e1n instrucciones claras. Palabras pocas. Muchos placeres.<\/p>\n\n\n\n<p>Duraci\u00f3n: 4-6 horas<\/p>\n\n\n\n<p><strong>Collaboration experience<\/strong><br>55\u20ac hasta el 1 de dicembre 65\u20ac.<\/p>\n\n\n\n<p class=\"has-nv-site-bg-color has-text-color has-background\" style=\"background-color:#ff5050\"><strong><em><em>*** We do not want anyone to be left out of the activities due to economic issues. If this is your case, let us know and we will look for possible exchanges or a reduced collaboration.<\/em><br><\/em>Likewise, Observatorio del Placer is a project in formation, if you want to support us with greater collaboration, it will also be welcome.<\/strong><\/p>\n\n\n\n<hr class=\"wp-block-separator has-alpha-channel-opacity\"\/>\n\n\n\n<h2 class=\"wp-block-heading\"><strong>Anna Natt<\/strong><\/h2>\n\n\n\n<p>Las representaciones teatrales, trabajos en video y piezas interactivas de Anna Natt se han exhibido internacionalmente en teatros, galer\u00edas y espacios alternativos. Anna se form\u00f3 en baile flamenco tradicional en Sevilla, Espa\u00f1a. M\u00e1s all\u00e1 de su formaci\u00f3n en danza, se inspira en diversas pr\u00e1cticas som\u00e1ticas y contempor\u00e1neas, como el clima corporal. Otro tema central en su trabajo es la conexi\u00f3n con el trance y los estados de sue\u00f1o. A trav\u00e9s de estas influencias, Anna busca desarrollar una comprensi\u00f3n m\u00e1s profunda del cuerpo y sus matices.<\/p>\n\n\n\n<p>Desde 2017 Anna ha facilitado \u201c<a href=\"http:\/\/annanatt.com\/category\/interactive-spaces\/\" data-type=\"link\" data-id=\"http:\/\/annanatt.com\/category\/interactive-spaces\/\" target=\"_blank\" rel=\"noopener\">Espacios Interactivos<\/a>\u201d que resaltan la influencia del trabajo sexual en su trabajo art\u00edstico y esc\u00e9nico. En estos espacios, realiza la curador\u00eda de experiencias interactivas que requieren una navegaci\u00f3n de confianza, exploraci\u00f3n de l\u00edmites del cuerpo y la mente y participaci\u00f3n sensorial. Elementos como la intimidad dentro de los grupos, la din\u00e1mica de la visibilidad, la \u00abqueerizaci\u00f3n\u00bb de los deseos normativos y la exploraci\u00f3n de formas de conocimiento som\u00e1ticas, kinest\u00e9sicas, propioceptivas y sensoriales son clave para esta pr\u00e1ctica.<\/p>\n<\/div>\n\n\n\n<div class=\"wp-block-column is-layout-flow wp-block-column-is-layout-flow\" style=\"flex-basis:33%\">\n<figure class=\"wp-block-image size-large\"><img loading=\"lazy\" decoding=\"async\" width=\"1024\" height=\"1024\" src=\"https:\/\/observatoriodelplacer.com\/wp-content\/uploads\/2023\/11\/loxenosensorial-1024x1024.png\" alt=\"\" class=\"wp-image-1424\" srcset=\"https:\/\/observatoriodelplacer.com\/wp-content\/uploads\/2023\/11\/loxenosensorial-1024x1024.png 1024w, https:\/\/observatoriodelplacer.com\/wp-content\/uploads\/2023\/11\/loxenosensorial-300x300.png 300w, https:\/\/observatoriodelplacer.com\/wp-content\/uploads\/2023\/11\/loxenosensorial-150x150.png 150w, https:\/\/observatoriodelplacer.com\/wp-content\/uploads\/2023\/11\/loxenosensorial-768x768.png 768w, https:\/\/observatoriodelplacer.com\/wp-content\/uploads\/2023\/11\/loxenosensorial.png 1080w\" sizes=\"auto, (max-width: 1024px) 100vw, 1024px\" \/><\/figure>\n\n\n\n<p><\/p>\n\n\n\n<figure class=\"wp-block-image size-large\"><img loading=\"lazy\" decoding=\"async\" width=\"461\" height=\"1024\" src=\"https:\/\/observatoriodelplacer.com\/wp-content\/uploads\/2023\/11\/Photo_3-by-Anna-Natt-461x1024.jpg\" alt=\"\" class=\"wp-image-1428\" srcset=\"https:\/\/observatoriodelplacer.com\/wp-content\/uploads\/2023\/11\/Photo_3-by-Anna-Natt-461x1024.jpg 461w, https:\/\/observatoriodelplacer.com\/wp-content\/uploads\/2023\/11\/Photo_3-by-Anna-Natt-135x300.jpg 135w, https:\/\/observatoriodelplacer.com\/wp-content\/uploads\/2023\/11\/Photo_3-by-Anna-Natt-768x1707.jpg 768w, https:\/\/observatoriodelplacer.com\/wp-content\/uploads\/2023\/11\/Photo_3-by-Anna-Natt-691x1536.jpg 691w, https:\/\/observatoriodelplacer.com\/wp-content\/uploads\/2023\/11\/Photo_3-by-Anna-Natt-921x2048.jpg 921w, https:\/\/observatoriodelplacer.com\/wp-content\/uploads\/2023\/11\/Photo_3-by-Anna-Natt-scaled.jpg 1152w\" sizes=\"auto, (max-width: 461px) 100vw, 461px\" \/><\/figure>\n\n\n\n<p><\/p>\n<\/div>\n<\/div>","protected":false},"excerpt":{"rendered":"<p>S\u00e1bado 9 de Dicembre \u00b7 de 17 a 21-23hFacilita Anna Natt La residencia art\u00edstica de Anna Natt en OdP culminar\u00e1 con una experiencia xenol\u00fadica en la que cruzar\u00e1 el umbral y se despojar\u00e1 de su apariencia humana. Ser\u00e1s hipnotizadx por nuestros ojos alien\u00edgenas y guiadx hipn\u00f3ticamente en un ritual de entrada que permitir\u00e1 que emerja [&hellip;]<\/p>\n","protected":false},"author":1,"featured_media":0,"parent":0,"menu_order":0,"comment_status":"closed","ping_status":"closed","template":"","meta":{"site-sidebar-layout":"default","site-content-layout":"","ast-site-content-layout":"","site-content-style":"default","site-sidebar-style":"default","ast-global-header-display":"","ast-banner-title-visibility":"","ast-main-header-display":"","ast-hfb-above-header-display":"","ast-hfb-below-header-display":"","ast-hfb-mobile-header-display":"","site-post-title":"","ast-breadcrumbs-content":"","ast-featured-img":"","footer-sml-layout":"","theme-transparent-header-meta":"","adv-header-id-meta":"","stick-header-meta":"","header-above-stick-meta":"","header-main-stick-meta":"","header-below-stick-meta":"","astra-migrate-meta-layouts":"default","ast-page-background-enabled":"default","ast-page-background-meta":{"desktop":{"background-color":"var(--ast-global-color-4)","background-image":"","background-repeat":"repeat","background-position":"center center","background-size":"auto","background-attachment":"scroll","background-type":"","background-media":"","overlay-type":"","overlay-color":"","overlay-opacity":"","overlay-gradient":""},"tablet":{"background-color":"","background-image":"","background-repeat":"repeat","background-position":"center center","background-size":"auto","background-attachment":"scroll","background-type":"","background-media":"","overlay-type":"","overlay-color":"","overlay-opacity":"","overlay-gradient":""},"mobile":{"background-color":"","background-image":"","background-repeat":"repeat","background-position":"center center","background-size":"auto","background-attachment":"scroll","background-type":"","background-media":"","overlay-type":"","overlay-color":"","overlay-opacity":"","overlay-gradient":""}},"ast-content-background-meta":{"desktop":{"background-color":"var(--ast-global-color-5)","background-image":"","background-repeat":"repeat","background-position":"center center","background-size":"auto","background-attachment":"scroll","background-type":"","background-media":"","overlay-type":"","overlay-color":"","overlay-opacity":"","overlay-gradient":""},"tablet":{"background-color":"var(--ast-global-color-5)","background-image":"","background-repeat":"repeat","background-position":"center center","background-size":"auto","background-attachment":"scroll","background-type":"","background-media":"","overlay-type":"","overlay-color":"","overlay-opacity":"","overlay-gradient":""},"mobile":{"background-color":"var(--ast-global-color-5)","background-image":"","background-repeat":"repeat","background-position":"center center","background-size":"auto","background-attachment":"scroll","background-type":"","background-media":"","overlay-type":"","overlay-color":"","overlay-opacity":"","overlay-gradient":""}},"footnotes":""},"class_list":["post-1426","page","type-page","status-publish","hentry"],"_links":{"self":[{"href":"https:\/\/observatoriodelplacer.com\/en\/wp-json\/wp\/v2\/pages\/1426","targetHints":{"allow":["GET"]}}],"collection":[{"href":"https:\/\/observatoriodelplacer.com\/en\/wp-json\/wp\/v2\/pages"}],"about":[{"href":"https:\/\/observatoriodelplacer.com\/en\/wp-json\/wp\/v2\/types\/page"}],"author":[{"embeddable":true,"href":"https:\/\/observatoriodelplacer.com\/en\/wp-json\/wp\/v2\/users\/1"}],"replies":[{"embeddable":true,"href":"https:\/\/observatoriodelplacer.com\/en\/wp-json\/wp\/v2\/comments?post=1426"}],"version-history":[{"count":7,"href":"https:\/\/observatoriodelplacer.com\/en\/wp-json\/wp\/v2\/pages\/1426\/revisions"}],"predecessor-version":[{"id":1544,"href":"https:\/\/observatoriodelplacer.com\/en\/wp-json\/wp\/v2\/pages\/1426\/revisions\/1544"}],"wp:attachment":[{"href":"https:\/\/observatoriodelplacer.com\/en\/wp-json\/wp\/v2\/media?parent=1426"}],"curies":[{"name":"wp","href":"https:\/\/api.w.org\/{rel}","templated":true}]}}