{"id":1609,"date":"2023-12-27T18:54:42","date_gmt":"2023-12-27T16:54:42","guid":{"rendered":"https:\/\/observatoriodelplacer.com\/?page_id=1609"},"modified":"2024-01-02T17:01:32","modified_gmt":"2024-01-02T15:01:32","slug":"colaboracion-variable","status":"publish","type":"page","link":"https:\/\/observatoriodelplacer.com\/en\/colaboracion-variable\/","title":{"rendered":"VARIABLE SCALE"},"content":{"rendered":"<div class=\"wp-block-columns is-layout-flex wp-container-core-columns-is-layout-28f84493 wp-block-columns-is-layout-flex\">\n<div class=\"wp-block-column is-layout-flow wp-block-column-is-layout-flow\" style=\"flex-basis:66.66%\">\n<p><em>Observatorio del placer is a self-managed project that needs collaborations to exist.<\/em> <br>At the same time, we do not want anyone to be left out of the activities due to economic issues. <br>This is why we propose variable collaborations.<\/p>\n\n\n\n<p><strong>How does it work?<\/strong><\/p>\n\n\n\n<p>Each activity consists of a variable collaboration between two amounts. Each assistant is placed at the point on the scale where they sit and carry out the collaboration that they consider fair according to their situation. <br>No pediremos ninguna documentaci\u00f3n. Si consideras que no puedes realizar ninguna aportaci\u00f3n nos lo comunicas en el formulario de inscripci\u00f3n. De nuevo, no queremos que nadie quede fuera por esta raz\u00f3n.<\/p>\n\n\n\n<p><strong><em>Feel free to pay less (or attend without financial support) if\u2026<\/em><\/strong><\/p>\n\n\n\n<pre class=\"wp-block-code\"><code>_ You are prone to discrimination as a result of race, ethnicity, gender identity, sexuality or disability.\n_ You are unemployed or underemployed.\n_ You experience continued financial insecurity.\n_ Struggles to meet basic needs, rent or bills.\n_ You experience ongoing financial stress due to illness, disability, or acting as a caregiver.<\/code><\/pre>\n\n\n\n<p><strong><em>Consider paying higher on the scale if\u2026<\/em><\/strong><\/p>\n\n\n\n<pre class=\"wp-block-code\"><code>_ You benefit from privileges of race, class, ability or gender.\n_ You have access to generational wealth.\n_ You can comfortably satisfy your basic needs.\n_ You can travel and\/or spend money recreationally.\n_ You have savings, retirement accounts or investments.\n_ You have your own house or you can comfortably pay the rent.\n_ You work part-time or are unemployed by your own choice.<\/code><\/pre>\n\n\n\n<p>Do not hesitate to contact us if you have questions about it <a href=\"mailto:observatoriodelplacer@gmail.com\"><strong>observatoriodelplacer@gmail.com<\/strong><\/a><\/p>\n<\/div>\n\n\n\n<div class=\"wp-block-column is-layout-flow wp-block-column-is-layout-flow\" style=\"flex-basis:33.33%\">\n<figure class=\"wp-block-video\"><video height=\"864\" style=\"aspect-ratio: 480 \/ 864;\" width=\"480\" autoplay muted src=\"https:\/\/observatoriodelplacer.com\/wp-content\/uploads\/2023\/12\/WhatsApp-Video-2023-12-27-at-17.51.05.mp4\"><\/video><\/figure>\n<\/div>\n<\/div>","protected":false},"excerpt":{"rendered":"<p>Observatorio del placer es un proyecto auto-gestionado que necesita de las colaboraciones para existir. A la vez no queremos que nadie quede fuera de las actividades por tema econ\u00f3mico. Es por esto que proponemos colaboraciones variables. \u00bfC\u00f3mo funciona? Cada actividad consta de una colaboraci\u00f3n variable entre dos importes. Cada asistente se coloca en el punto [&hellip;]<\/p>\n","protected":false},"author":1,"featured_media":0,"parent":0,"menu_order":0,"comment_status":"closed","ping_status":"closed","template":"","meta":{"site-sidebar-layout":"default","site-content-layout":"","ast-site-content-layout":"","site-content-style":"default","site-sidebar-style":"default","ast-global-header-display":"","ast-banner-title-visibility":"","ast-main-header-display":"","ast-hfb-above-header-display":"","ast-hfb-below-header-display":"","ast-hfb-mobile-header-display":"","site-post-title":"","ast-breadcrumbs-content":"","ast-featured-img":"","footer-sml-layout":"","theme-transparent-header-meta":"","adv-header-id-meta":"","stick-header-meta":"","header-above-stick-meta":"","header-main-stick-meta":"","header-below-stick-meta":"","astra-migrate-meta-layouts":"default","ast-page-background-enabled":"default","ast-page-background-meta":{"desktop":{"background-color":"var(--ast-global-color-4)","background-image":"","background-repeat":"repeat","background-position":"center center","background-size":"auto","background-attachment":"scroll","background-type":"","background-media":"","overlay-type":"","overlay-color":"","overlay-opacity":"","overlay-gradient":""},"tablet":{"background-color":"","background-image":"","background-repeat":"repeat","background-position":"center center","background-size":"auto","background-attachment":"scroll","background-type":"","background-media":"","overlay-type":"","overlay-color":"","overlay-opacity":"","overlay-gradient":""},"mobile":{"background-color":"","background-image":"","background-repeat":"repeat","background-position":"center center","background-size":"auto","background-attachment":"scroll","background-type":"","background-media":"","overlay-type":"","overlay-color":"","overlay-opacity":"","overlay-gradient":""}},"ast-content-background-meta":{"desktop":{"background-color":"var(--ast-global-color-5)","background-image":"","background-repeat":"repeat","background-position":"center center","background-size":"auto","background-attachment":"scroll","background-type":"","background-media":"","overlay-type":"","overlay-color":"","overlay-opacity":"","overlay-gradient":""},"tablet":{"background-color":"var(--ast-global-color-5)","background-image":"","background-repeat":"repeat","background-position":"center center","background-size":"auto","background-attachment":"scroll","background-type":"","background-media":"","overlay-type":"","overlay-color":"","overlay-opacity":"","overlay-gradient":""},"mobile":{"background-color":"var(--ast-global-color-5)","background-image":"","background-repeat":"repeat","background-position":"center center","background-size":"auto","background-attachment":"scroll","background-type":"","background-media":"","overlay-type":"","overlay-color":"","overlay-opacity":"","overlay-gradient":""}},"footnotes":""},"class_list":["post-1609","page","type-page","status-publish","hentry"],"_links":{"self":[{"href":"https:\/\/observatoriodelplacer.com\/en\/wp-json\/wp\/v2\/pages\/1609","targetHints":{"allow":["GET"]}}],"collection":[{"href":"https:\/\/observatoriodelplacer.com\/en\/wp-json\/wp\/v2\/pages"}],"about":[{"href":"https:\/\/observatoriodelplacer.com\/en\/wp-json\/wp\/v2\/types\/page"}],"author":[{"embeddable":true,"href":"https:\/\/observatoriodelplacer.com\/en\/wp-json\/wp\/v2\/users\/1"}],"replies":[{"embeddable":true,"href":"https:\/\/observatoriodelplacer.com\/en\/wp-json\/wp\/v2\/comments?post=1609"}],"version-history":[{"count":7,"href":"https:\/\/observatoriodelplacer.com\/en\/wp-json\/wp\/v2\/pages\/1609\/revisions"}],"predecessor-version":[{"id":1623,"href":"https:\/\/observatoriodelplacer.com\/en\/wp-json\/wp\/v2\/pages\/1609\/revisions\/1623"}],"wp:attachment":[{"href":"https:\/\/observatoriodelplacer.com\/en\/wp-json\/wp\/v2\/media?parent=1609"}],"curies":[{"name":"wp","href":"https:\/\/api.w.org\/{rel}","templated":true}]}}