{"id":1632,"date":"2024-01-02T18:44:28","date_gmt":"2024-01-02T16:44:28","guid":{"rendered":"https:\/\/observatoriodelplacer.com\/?page_id=1632"},"modified":"2024-03-08T22:59:38","modified_gmt":"2024-03-08T20:59:38","slug":"larp","status":"publish","type":"page","link":"https:\/\/observatoriodelplacer.com\/en\/larp\/","title":{"rendered":"LARP \u00b7 Grupo de trabajo \u00b7 juego de rol en vivo"},"content":{"rendered":"<div class=\"wp-block-columns is-layout-flex wp-container-core-columns-is-layout-28f84493 wp-block-columns-is-layout-flex\">\n<div class=\"wp-block-column is-layout-flow wp-block-column-is-layout-flow\">\n<p class=\"has-text-align-left\"><strong>Thursday, March 14 \u00b7 from 6 to 9 p.m.<\/strong><br><br><em>Facilitates<\/em> <strong>Milo Monster<\/strong><\/p>\n\n\n\n<p><em>3er encuentro de colaboradores<\/em><br>Se est\u00e1 formando un grupo de trabajo para desarrollar y participar en un LARP, juego de rol en vivo epis\u00f3dico continuo, reuni\u00e9ndonos una vez al mes (el tercer jueves). Ponemos \u00e9nfasis en la exploraci\u00f3n de la sexualidad, en lo sensorial, en lo m\u00e1s all\u00e1 de lo humano y la conexi\u00f3n y experimentaci\u00f3n a trav\u00e9s del juego narrativo.<br>Cada tres meses, este grupo facilitar\u00eda un evento\/experiencia en Observatorio del Placer abierto para quienes quieran participar en un LARP con un mundo ya generado.<br>Dependiendo de la evoluci\u00f3n del grupo, podr\u00eda ser LARP o juego de rol continuo, o podr\u00edamos desarrollar una nueva historia\/marco cada trimestre.<\/p>\n\n\n\n<p><em>Esquema te\u00f3rico inicial de la actividad<\/em><br>Primera reuni\u00f3n (enero): <br>Desarrollar el\/los tema(s). <br>Decidir una premisa b\u00e1sica de la historia. <br>Desarrollar los mecanismos de juego (\u00bfPor qu\u00e9 est\u00e1n reunidos aqu\u00ed estos personajes? \u00bfQu\u00e9 quieren? \u00bfC\u00f3mo pueden intentar alcanzar esos objetivos? \u00bfQu\u00e9 se interpone en su camino? \u00bfQui\u00e9nes son entre s\u00ed?). <br>Dise\u00f1ar el marco mediante el cual otrxs puedan crear personajes y unirse a la historia. <br>Crear nuestros propios personajes. <br>Empezar a jugar. <br>Interrogar.<br><br>Segunda reuni\u00f3n (febrero): <br>Introducci\u00f3n. <br>Participar en el juego la mayor parte del tiempo. <br>Informe, analizar qu\u00e9 funcion\u00f3 bien y qu\u00e9 deber\u00eda cambiarse. <br>Generar ideas para el evento abierto.<br><br>Tercer encuentro (marzo): <br>Introducci\u00f3n. Jugar. Informe, planificar el evento abierto.<\/p>\n\n\n\n<p>Cu\u00e1ndo: tercer jueves de cada mes de 18-21h (aprox)<br>Y un evento m\u00e1s largo en fin de semana, cada tres meses.<br>Biling\u00fce &#8211; Ingl\u00e9s y\/o Castellano<\/p>\n\n\n\n<p><strong>Collaboration experience<\/strong><br>El grupo de trabajo es sin colaboraci\u00f3n econ\u00f3mica.<br>El evento abierto final ser\u00e1 de colaboraci\u00f3n variable seg\u00fan tu situaci\u00f3n actual. 30-60\u20ac<br><a href=\"https:\/\/observatoriodelplacer.com\/en\/colaboracion-variable\/\" data-type=\"link\" data-id=\"https:\/\/observatoriodelplacer.com\/colaboracion-variable\/\"><strong>Consult information about variable collaboration<\/strong><\/a><\/p>\n\n\n\n<p>Te puedes inscribir al grupo de trabajo trav\u00e9s de este link<br><strong><a href=\"https:\/\/forms.gle\/EKW4xPqhraiRY7Kh9\" target=\"_blank\" rel=\"noreferrer noopener\">https:\/\/forms.gle\/EKW4xPqhraiRY7Kh9<\/a><\/strong><\/p>\n\n\n\n<p class=\"has-nv-site-bg-color has-text-color has-background\" style=\"background-color:#ff5050\"><strong><em><em>*** We do not want anyone to be left out of the activities due to economic issues. If this is your case, let us know and we will look for possible exchanges or a reduced collaboration.<\/em><br><\/em>Likewise, Observatorio del Placer is a project in formation, if you want to support us with greater collaboration, it will also be welcome.<\/strong><\/p>\n\n\n\n<h2 class=\"wp-block-heading\" id=\"1652429611\">MILO MONSTER<\/h2>\n\n\n\n<hr class=\"wp-block-separator has-alpha-channel-opacity\" id=\"1306058526\"\/>\n\n\n\n<p>Es un artista interdisciplinario afincado en Barcelona que dise\u00f1a experiencias narrativas immersivas para el aprendizaje transformador y la exploraci\u00f3n interpersonal. Incorporando su experiencia en escritura, teatro y pr\u00e1ctica consciente de BDSM, el trabajo de Milo utiliza juegos de roles y construcci\u00f3n narrativa cooperativa para explorar la identidad, experimentar con perspectivas y crear conexiones poderosas entre los participantes. Ha impartido talleres de improvisaci\u00f3n l\u00fadica y juego de roles er\u00f3ticos.<\/p>\n\n\n\n<h3 class=\"wp-block-heading\" id=\"1652429611\">\u00bfQU\u00c9 ES LARP? (JUEGO DE ROL EN VIVO)<\/h3>\n\n\n\n<hr class=\"wp-block-separator has-alpha-channel-opacity\" id=\"1306058526\"\/>\n\n\n\n<p>El LARP ha sido comparado con los juegos de rol de mesa (como Dungeons and Dragons) sin dados, y con el teatro de improvisaci\u00f3n sin p\u00fablico.<\/p>\n\n\n\n<p>\u00bfRecuerdas los juegos de \u201cfingir\u201d que jugabas cuando eras ni\u00f1x? \u00bfD\u00f3nde t\u00fa y tus amigxs fingisteis ser caballeros o princesas, sirenas o ladrones y representasteis una historia de vuestra propia invenci\u00f3n? LARP es algo as\u00ed.<\/p>\n\n\n\n<p>B\u00e1sicamente, LARP es una narraci\u00f3n colaborativa. Eso significa que, como participante, est\u00e1s ayudando a crear la experiencia para ti y tus compa\u00f1erxs jugadorxs. Quienes organizan proporcionan un marco. Estas son herramientas b\u00e1sicas para la creaci\u00f3n de historias, que incluyen un escenario, perfiles de personajes, mec\u00e1nicas de seguridad y algunos peque\u00f1os eventos que dan estructura y ritmo al juego. Luego entregan las llaves a lxs jugadorxs y les permiten conducir la historia con sus interacciones.<\/p>\n\n\n\n<p>Es imposible \u201cganar\u201d o \u201cperder\u201d un LARP. No hay n\u00fameros que memorizar ni puntos que ganar. Obtienes lo que pones: aportas energ\u00eda, te comprometes con la experiencia y apoyas a tus compa\u00f1erxs.<\/p>\n<\/div>\n\n\n\n<div class=\"wp-block-column is-layout-flow wp-block-column-is-layout-flow\" style=\"flex-basis:33%\">\n<figure class=\"wp-block-image size-large\"><img loading=\"lazy\" decoding=\"async\" width=\"1024\" height=\"1024\" src=\"https:\/\/observatoriodelplacer.com\/wp-content\/uploads\/2024\/02\/larp-1-1024x1024.png\" alt=\"\" class=\"wp-image-1946\" srcset=\"https:\/\/observatoriodelplacer.com\/wp-content\/uploads\/2024\/02\/larp-1-1024x1024.png 1024w, https:\/\/observatoriodelplacer.com\/wp-content\/uploads\/2024\/02\/larp-1-300x300.png 300w, https:\/\/observatoriodelplacer.com\/wp-content\/uploads\/2024\/02\/larp-1-150x150.png 150w, https:\/\/observatoriodelplacer.com\/wp-content\/uploads\/2024\/02\/larp-1-768x768.png 768w, https:\/\/observatoriodelplacer.com\/wp-content\/uploads\/2024\/02\/larp-1.png 1080w\" sizes=\"auto, (max-width: 1024px) 100vw, 1024px\" \/><\/figure>\n\n\n\n<p>imagen de Sidsel Meineche Hansen<\/p>\n\n\n\n<figure class=\"wp-block-image size-large\"><img loading=\"lazy\" decoding=\"async\" width=\"768\" height=\"1024\" src=\"https:\/\/observatoriodelplacer.com\/wp-content\/uploads\/2023\/10\/WhatsApp-Image-2023-10-03-at-21.20.15-768x1024.jpeg\" alt=\"\" class=\"wp-image-1311\" srcset=\"https:\/\/observatoriodelplacer.com\/wp-content\/uploads\/2023\/10\/WhatsApp-Image-2023-10-03-at-21.20.15-768x1024.jpeg 768w, https:\/\/observatoriodelplacer.com\/wp-content\/uploads\/2023\/10\/WhatsApp-Image-2023-10-03-at-21.20.15-225x300.jpeg 225w, https:\/\/observatoriodelplacer.com\/wp-content\/uploads\/2023\/10\/WhatsApp-Image-2023-10-03-at-21.20.15-1152x1536.jpeg 1152w, https:\/\/observatoriodelplacer.com\/wp-content\/uploads\/2023\/10\/WhatsApp-Image-2023-10-03-at-21.20.15.jpeg 1536w\" sizes=\"auto, (max-width: 768px) 100vw, 768px\" \/><\/figure>\n\n\n\n<p>Imagen Milo Monster<\/p>\n\n\n\n<p><\/p>\n<\/div>\n<\/div>","protected":false},"excerpt":{"rendered":"<p>Jueves 14 de Marzo \u00b7 de 18 a 21h Facilita Milo Monster 3er encuentro de colaboradoresSe est\u00e1 formando un grupo de trabajo para desarrollar y participar en un LARP, juego de rol en vivo epis\u00f3dico continuo, reuni\u00e9ndonos una vez al mes (el tercer jueves). Ponemos \u00e9nfasis en la exploraci\u00f3n de la sexualidad, en lo sensorial, [&hellip;]<\/p>\n","protected":false},"author":1,"featured_media":0,"parent":0,"menu_order":0,"comment_status":"closed","ping_status":"closed","template":"","meta":{"site-sidebar-layout":"default","site-content-layout":"","ast-site-content-layout":"","site-content-style":"default","site-sidebar-style":"default","ast-global-header-display":"","ast-banner-title-visibility":"","ast-main-header-display":"","ast-hfb-above-header-display":"","ast-hfb-below-header-display":"","ast-hfb-mobile-header-display":"","site-post-title":"","ast-breadcrumbs-content":"","ast-featured-img":"","footer-sml-layout":"","theme-transparent-header-meta":"","adv-header-id-meta":"","stick-header-meta":"","header-above-stick-meta":"","header-main-stick-meta":"","header-below-stick-meta":"","astra-migrate-meta-layouts":"default","ast-page-background-enabled":"default","ast-page-background-meta":{"desktop":{"background-color":"var(--ast-global-color-4)","background-image":"","background-repeat":"repeat","background-position":"center center","background-size":"auto","background-attachment":"scroll","background-type":"","background-media":"","overlay-type":"","overlay-color":"","overlay-opacity":"","overlay-gradient":""},"tablet":{"background-color":"","background-image":"","background-repeat":"repeat","background-position":"center center","background-size":"auto","background-attachment":"scroll","background-type":"","background-media":"","overlay-type":"","overlay-color":"","overlay-opacity":"","overlay-gradient":""},"mobile":{"background-color":"","background-image":"","background-repeat":"repeat","background-position":"center center","background-size":"auto","background-attachment":"scroll","background-type":"","background-media":"","overlay-type":"","overlay-color":"","overlay-opacity":"","overlay-gradient":""}},"ast-content-background-meta":{"desktop":{"background-color":"var(--ast-global-color-5)","background-image":"","background-repeat":"repeat","background-position":"center center","background-size":"auto","background-attachment":"scroll","background-type":"","background-media":"","overlay-type":"","overlay-color":"","overlay-opacity":"","overlay-gradient":""},"tablet":{"background-color":"var(--ast-global-color-5)","background-image":"","background-repeat":"repeat","background-position":"center center","background-size":"auto","background-attachment":"scroll","background-type":"","background-media":"","overlay-type":"","overlay-color":"","overlay-opacity":"","overlay-gradient":""},"mobile":{"background-color":"var(--ast-global-color-5)","background-image":"","background-repeat":"repeat","background-position":"center center","background-size":"auto","background-attachment":"scroll","background-type":"","background-media":"","overlay-type":"","overlay-color":"","overlay-opacity":"","overlay-gradient":""}},"footnotes":""},"class_list":["post-1632","page","type-page","status-publish","hentry"],"_links":{"self":[{"href":"https:\/\/observatoriodelplacer.com\/en\/wp-json\/wp\/v2\/pages\/1632","targetHints":{"allow":["GET"]}}],"collection":[{"href":"https:\/\/observatoriodelplacer.com\/en\/wp-json\/wp\/v2\/pages"}],"about":[{"href":"https:\/\/observatoriodelplacer.com\/en\/wp-json\/wp\/v2\/types\/page"}],"author":[{"embeddable":true,"href":"https:\/\/observatoriodelplacer.com\/en\/wp-json\/wp\/v2\/users\/1"}],"replies":[{"embeddable":true,"href":"https:\/\/observatoriodelplacer.com\/en\/wp-json\/wp\/v2\/comments?post=1632"}],"version-history":[{"count":13,"href":"https:\/\/observatoriodelplacer.com\/en\/wp-json\/wp\/v2\/pages\/1632\/revisions"}],"predecessor-version":[{"id":2114,"href":"https:\/\/observatoriodelplacer.com\/en\/wp-json\/wp\/v2\/pages\/1632\/revisions\/2114"}],"wp:attachment":[{"href":"https:\/\/observatoriodelplacer.com\/en\/wp-json\/wp\/v2\/media?parent=1632"}],"curies":[{"name":"wp","href":"https:\/\/api.w.org\/{rel}","templated":true}]}}