{"id":1683,"date":"2024-01-15T15:58:29","date_gmt":"2024-01-15T13:58:29","guid":{"rendered":"https:\/\/observatoriodelplacer.com\/?page_id=1683"},"modified":"2024-01-15T22:09:43","modified_gmt":"2024-01-15T20:09:43","slug":"enigma-una-iniciacion-misterica-a-la-practica-del-bdsm","status":"publish","type":"page","link":"https:\/\/observatoriodelplacer.com\/en\/enigma-una-iniciacion-misterica-a-la-practica-del-bdsm\/","title":{"rendered":"Enigma: Una iniciaci\u00f3n mist\u00e9rica a la pr\u00e1ctica del BDSM"},"content":{"rendered":"<div class=\"wp-block-columns is-layout-flex wp-container-core-columns-is-layout-28f84493 wp-block-columns-is-layout-flex\">\n<div class=\"wp-block-column is-layout-flow wp-block-column-is-layout-flow\">\n<p>Los Misterios son el sustento del ritual, de la fe, de la alteridad. Es ese secreto que se manifiesta en la corporalidad individual y colectiva, atravesando todo aquello que conforma la otredad, modificando as\u00ed el conocimiento sobre el entorno, su percepci\u00f3n y los territorios de la carne.<br>Su pr\u00e1ctica debe ser discreta, nada puede escapar de las puertas del Templo. El propio hecho de mantenerlo secreto constituye un acto sagrado, revolucionario, la comuni\u00f3n definitiva.<br>Invocaremos el tacto, visualizaremos el desmembramiento y gozaremos en el banquete, para presentarnos ante el camino del BDSM desde una v\u00eda radical y enigm\u00e1tica.<\/p>\n\n\n\n<p>Activity open to those who investigate their sexuality regardless of the gender or identity of the people they will meet in the experience.<\/p>\n\n\n\n<p><strong>Enigma: Una iniciaci\u00f3n mist\u00e9rica a la pr\u00e1ctica del BDSM<em> &gt;&gt; s\u00e1bado 10 de febrero. 12-16h<\/em><br><\/strong><em><strong>Collaboration experience<\/strong><\/em><br>Colaboraci\u00f3n variable seg\u00fan tu situaci\u00f3n actual. 30-60\u20ac<br><a href=\"https:\/\/observatoriodelplacer.com\/en\/colaboracion-variable\/\"><strong>Consult information about variable collaboration<\/strong><\/a><\/p>\n\n\n\n<p class=\"has-nv-site-bg-color has-text-color has-background\" style=\"background-color:#ff5050\"><strong><em>*** We do not want anyone to be left out of the activities due to economic issues. If this is your case, let us know and we will look for possible exchanges or a reduced collaboration.<\/em><br>Likewise, Observatorio del Placer is a project in formation, if you want to support us with greater collaboration, it will also be welcome.<\/strong><\/p>\n\n\n\n<p><strong>MAKE YOUR REGISTRATION THROUGH THIS LINK<\/strong><\/p>\n\n\n\n<p><strong><a href=\"https:\/\/forms.gle\/D27Ex4F5xZGrVsr2A\" target=\"_blank\" rel=\"noreferrer noopener\">https:\/\/forms.gle\/D27Ex4F5xZGrVsr2A<\/a><\/strong><\/p>\n\n\n\n<h2 class=\"wp-block-heading\">ANNEKE NECRO<\/h2>\n\n\n\n<p>Anneke Necro es Dominatrix profesional, directora de cine expl\u00edcito y devota de la pr\u00e1ctica del BDSM. Necro explora y ayuda a explorar el deseo disidente a trav\u00e9s de la pr\u00e1ctica consentida del BDSM y de su imaginario f\u00edlmico, que reivindica un despliegue libre del deseo desde una mirada feminista e inclusiva.<br>Realiza el p\u00f3dcast Hot Topic sobre sexualidad y feminismo y colabora habitualmente en espacios y medios de comunicaci\u00f3n. En su faceta m\u00e1s personal, le interesa explorar los l\u00edmites de la carnalidad y la<br>otredad a trav\u00e9s del placer y la devoci\u00f3n al deseo\/Eros.<\/p>\n\n\n\n<p><strong><a href=\"https:\/\/www.instagram.com\/annekenecroforever\/\" target=\"_blank\" rel=\"noreferrer noopener\">https:\/\/www.instagram.com\/annekenecroforever\/<\/a><\/strong><\/p>\n<\/div>\n\n\n\n<div class=\"wp-block-column is-layout-flow wp-block-column-is-layout-flow\" style=\"flex-basis:33%\">\n<figure class=\"wp-block-image size-full is-resized\"><img loading=\"lazy\" decoding=\"async\" width=\"1080\" height=\"1080\" src=\"https:\/\/observatoriodelplacer.com\/wp-content\/uploads\/2024\/01\/plantilla_enigma-1.png\" alt=\"\" class=\"wp-image-1694\" style=\"width:376px;height:auto\" srcset=\"https:\/\/observatoriodelplacer.com\/wp-content\/uploads\/2024\/01\/plantilla_enigma-1.png 1080w, https:\/\/observatoriodelplacer.com\/wp-content\/uploads\/2024\/01\/plantilla_enigma-1-300x300.png 300w, https:\/\/observatoriodelplacer.com\/wp-content\/uploads\/2024\/01\/plantilla_enigma-1-1024x1024.png 1024w, https:\/\/observatoriodelplacer.com\/wp-content\/uploads\/2024\/01\/plantilla_enigma-1-150x150.png 150w, https:\/\/observatoriodelplacer.com\/wp-content\/uploads\/2024\/01\/plantilla_enigma-1-768x768.png 768w\" sizes=\"auto, (max-width: 1080px) 100vw, 1080px\" \/><\/figure>\n\n\n\n<p><\/p>\n\n\n\n<figure class=\"wp-block-image size-large\"><img loading=\"lazy\" decoding=\"async\" width=\"818\" height=\"1024\" src=\"https:\/\/observatoriodelplacer.com\/wp-content\/uploads\/2024\/01\/Captura-de-pantalla-2024-01-15-a-las-13.25.02-818x1024.png\" alt=\"\" class=\"wp-image-1688\" srcset=\"https:\/\/observatoriodelplacer.com\/wp-content\/uploads\/2024\/01\/Captura-de-pantalla-2024-01-15-a-las-13.25.02-818x1024.png 818w, https:\/\/observatoriodelplacer.com\/wp-content\/uploads\/2024\/01\/Captura-de-pantalla-2024-01-15-a-las-13.25.02-240x300.png 240w, https:\/\/observatoriodelplacer.com\/wp-content\/uploads\/2024\/01\/Captura-de-pantalla-2024-01-15-a-las-13.25.02-768x962.png 768w, https:\/\/observatoriodelplacer.com\/wp-content\/uploads\/2024\/01\/Captura-de-pantalla-2024-01-15-a-las-13.25.02.png 1054w\" sizes=\"auto, (max-width: 818px) 100vw, 818px\" \/><\/figure>\n<\/div>\n<\/div>","protected":false},"excerpt":{"rendered":"<p>Los Misterios son el sustento del ritual, de la fe, de la alteridad. Es ese secreto que se manifiesta en la corporalidad individual y colectiva, atravesando todo aquello que conforma la otredad, modificando as\u00ed el conocimiento sobre el entorno, su percepci\u00f3n y los territorios de la carne.Su pr\u00e1ctica debe ser discreta, nada puede escapar de [&hellip;]<\/p>\n","protected":false},"author":1,"featured_media":0,"parent":0,"menu_order":0,"comment_status":"closed","ping_status":"closed","template":"","meta":{"site-sidebar-layout":"default","site-content-layout":"","ast-site-content-layout":"","site-content-style":"default","site-sidebar-style":"default","ast-global-header-display":"","ast-banner-title-visibility":"","ast-main-header-display":"","ast-hfb-above-header-display":"","ast-hfb-below-header-display":"","ast-hfb-mobile-header-display":"","site-post-title":"","ast-breadcrumbs-content":"","ast-featured-img":"","footer-sml-layout":"","theme-transparent-header-meta":"","adv-header-id-meta":"","stick-header-meta":"","header-above-stick-meta":"","header-main-stick-meta":"","header-below-stick-meta":"","astra-migrate-meta-layouts":"default","ast-page-background-enabled":"default","ast-page-background-meta":{"desktop":{"background-color":"var(--ast-global-color-4)","background-image":"","background-repeat":"repeat","background-position":"center center","background-size":"auto","background-attachment":"scroll","background-type":"","background-media":"","overlay-type":"","overlay-color":"","overlay-opacity":"","overlay-gradient":""},"tablet":{"background-color":"","background-image":"","background-repeat":"repeat","background-position":"center center","background-size":"auto","background-attachment":"scroll","background-type":"","background-media":"","overlay-type":"","overlay-color":"","overlay-opacity":"","overlay-gradient":""},"mobile":{"background-color":"","background-image":"","background-repeat":"repeat","background-position":"center center","background-size":"auto","background-attachment":"scroll","background-type":"","background-media":"","overlay-type":"","overlay-color":"","overlay-opacity":"","overlay-gradient":""}},"ast-content-background-meta":{"desktop":{"background-color":"var(--ast-global-color-5)","background-image":"","background-repeat":"repeat","background-position":"center center","background-size":"auto","background-attachment":"scroll","background-type":"","background-media":"","overlay-type":"","overlay-color":"","overlay-opacity":"","overlay-gradient":""},"tablet":{"background-color":"var(--ast-global-color-5)","background-image":"","background-repeat":"repeat","background-position":"center center","background-size":"auto","background-attachment":"scroll","background-type":"","background-media":"","overlay-type":"","overlay-color":"","overlay-opacity":"","overlay-gradient":""},"mobile":{"background-color":"var(--ast-global-color-5)","background-image":"","background-repeat":"repeat","background-position":"center center","background-size":"auto","background-attachment":"scroll","background-type":"","background-media":"","overlay-type":"","overlay-color":"","overlay-opacity":"","overlay-gradient":""}},"footnotes":""},"class_list":["post-1683","page","type-page","status-publish","hentry"],"_links":{"self":[{"href":"https:\/\/observatoriodelplacer.com\/en\/wp-json\/wp\/v2\/pages\/1683","targetHints":{"allow":["GET"]}}],"collection":[{"href":"https:\/\/observatoriodelplacer.com\/en\/wp-json\/wp\/v2\/pages"}],"about":[{"href":"https:\/\/observatoriodelplacer.com\/en\/wp-json\/wp\/v2\/types\/page"}],"author":[{"embeddable":true,"href":"https:\/\/observatoriodelplacer.com\/en\/wp-json\/wp\/v2\/users\/1"}],"replies":[{"embeddable":true,"href":"https:\/\/observatoriodelplacer.com\/en\/wp-json\/wp\/v2\/comments?post=1683"}],"version-history":[{"count":11,"href":"https:\/\/observatoriodelplacer.com\/en\/wp-json\/wp\/v2\/pages\/1683\/revisions"}],"predecessor-version":[{"id":1704,"href":"https:\/\/observatoriodelplacer.com\/en\/wp-json\/wp\/v2\/pages\/1683\/revisions\/1704"}],"wp:attachment":[{"href":"https:\/\/observatoriodelplacer.com\/en\/wp-json\/wp\/v2\/media?parent=1683"}],"curies":[{"name":"wp","href":"https:\/\/api.w.org\/{rel}","templated":true}]}}