{"id":1833,"date":"2024-02-01T15:35:25","date_gmt":"2024-02-01T13:35:25","guid":{"rendered":"https:\/\/observatoriodelplacer.com\/?page_id=1833"},"modified":"2024-02-21T13:37:35","modified_gmt":"2024-02-21T11:37:35","slug":"cossos-daurats","status":"publish","type":"page","link":"https:\/\/observatoriodelplacer.com\/en\/cossos-daurats\/","title":{"rendered":"Cossos Daurats por Jou Serra i Bolleras al Vapor"},"content":{"rendered":"<div class=\"wp-block-columns is-layout-flex wp-container-core-columns-is-layout-28f84493 wp-block-columns-is-layout-flex\">\n<div class=\"wp-block-column is-layout-flow wp-block-column-is-layout-flow\">\n<h5 class=\"wp-block-heading\">_ Residencia 1 &#8211; 5 abril<br>_ Presentaci\u00f3n domingo 7 de abril a las 12h<\/h5>\n\n\n\n<p>Durante la residencia, nos interesa explorar la relaci\u00f3n entre la heterocisendonormatividad que pesa sobre los cuerpos, el fracaso que se les atribuye a los cuerpos fuera de la norma y como ese fracaso bloquea el acceso al placer y los caminos al placer que transitan esos cuerpos, tullidos, deformes, gordos, no binarios, para alcanzar el gusto de hallarse con ellos, sus cuerpos, y con los de otres. El trabajo con la luz nos facilita la experiencia a la vez que le da una dimensi\u00f3n psicom\u00e1gica ya que&nbsp;<\/p>\n\n\n\n<p>La exploraci\u00f3n se compartir\u00e1 con las personas que hayan participado de la residencia y el p\u00fablico que lo desee el domingo 7 de abril a las 12h en un encuentro dial\u00f3gico y instalativo que tendr\u00e1 algo de shibari, algo de geograf\u00eda, algo de postpornograf\u00eda y mucho de fracaso.<\/p>\n\n\n\n<p>Duraci\u00f3n: 3h<\/p>\n\n\n\n<hr class=\"wp-block-separator has-alpha-channel-opacity\"\/>\n\n\n\n<h2 class=\"wp-block-heading\"><strong>Jou Serra i Bolleras al Vapor<\/strong><\/h2>\n\n\n\n<p>Jou Serra es un iluminador y artista visual, con estudio en Barcelona, \u200b\u200bque trabaja la luz y el espacio dentro de las artes esc\u00e9nicas, la instalaci\u00f3n y la arquitectura. Est\u00e1 interesado en la investigaci\u00f3n y en la creaci\u00f3n de espacios de reflexi\u00f3n donde la luz se ubica en el centro de la investigaci\u00f3n visual, art\u00edstica, social y filos\u00f3fica. Tiene un master en iluminaci\u00f3n arquitect\u00f3nica y tambi\u00e9n se form\u00f3 como t\u00e9cnico de luces esc\u00e9nicas en Granada. Es licenciado en la Salzburgo Experimental Academy of Dance (SEAD) en danza contempor\u00e1nea y composici\u00f3n. Ha complementado su formaci\u00f3n de instalaci\u00f3n art\u00edstica con Irma Marco, y con cursos de dise\u00f1o de iluminaci\u00f3n con Ana Rovira, Thomas Bourreaus y Valent\u00edn \u00c1lvarez, y en la Escola Massana con el curso \u201cArte y feminismo\u201d de Maria Llopis, as\u00ed como otras formaciones relacionadas con el g\u00e9nero y la antropolog\u00eda en el CCCB. Codirige la compa\u00f1\u00eda Animal Religion, donde experimenta con las sinergias entre cuerpo, luz y sonido.<br><a href=\"https:\/\/www.jouserra.com\/\" target=\"_blank\" rel=\"noopener\"><strong>https:\/\/www.jouserra.com\/<\/strong><\/a><\/p>\n\n\n\n<p>Bolleras al Vapor es un colectivo que nace de la amistad profunda de dos bolleras feministas que comparten el deseo de organizar una sauna para bolleras, bibolleras, trans y personas no binarias. Deseo que lleva materializ\u00e1ndose m\u00e1s de un a\u00f1o de forma bimensual en la sauna Bruc. De esta experiencia surge la necesidad de reflexionar sobre el cuerpo, sus experiencias, sus fracasos y los caminos al placer.&nbsp;<\/p>\n<\/div>\n\n\n\n<div class=\"wp-block-column is-layout-flow wp-block-column-is-layout-flow\" style=\"flex-basis:30%\">\n<figure class=\"wp-block-image size-large\"><img loading=\"lazy\" decoding=\"async\" width=\"1024\" height=\"611\" src=\"https:\/\/observatoriodelplacer.com\/wp-content\/uploads\/2024\/02\/jouserra3-1024x611.png\" alt=\"\" class=\"wp-image-1971\" srcset=\"https:\/\/observatoriodelplacer.com\/wp-content\/uploads\/2024\/02\/jouserra3-1024x611.png 1024w, https:\/\/observatoriodelplacer.com\/wp-content\/uploads\/2024\/02\/jouserra3-300x179.png 300w, https:\/\/observatoriodelplacer.com\/wp-content\/uploads\/2024\/02\/jouserra3-768x458.png 768w, https:\/\/observatoriodelplacer.com\/wp-content\/uploads\/2024\/02\/jouserra3.png 1079w\" sizes=\"auto, (max-width: 1024px) 100vw, 1024px\" \/><\/figure>\n\n\n\n<p><\/p>\n\n\n\n<figure class=\"wp-block-image size-large\"><img loading=\"lazy\" decoding=\"async\" width=\"1024\" height=\"574\" src=\"https:\/\/observatoriodelplacer.com\/wp-content\/uploads\/2024\/02\/jouserra2-1024x574.png\" alt=\"\" class=\"wp-image-1968\" srcset=\"https:\/\/observatoriodelplacer.com\/wp-content\/uploads\/2024\/02\/jouserra2-1024x574.png 1024w, https:\/\/observatoriodelplacer.com\/wp-content\/uploads\/2024\/02\/jouserra2-300x168.png 300w, https:\/\/observatoriodelplacer.com\/wp-content\/uploads\/2024\/02\/jouserra2-768x431.png 768w, https:\/\/observatoriodelplacer.com\/wp-content\/uploads\/2024\/02\/jouserra2.png 1100w\" sizes=\"auto, (max-width: 1024px) 100vw, 1024px\" \/><\/figure>\n\n\n\n<p><\/p>\n\n\n\n<figure class=\"wp-block-image size-full\"><img loading=\"lazy\" decoding=\"async\" width=\"576\" height=\"815\" src=\"https:\/\/observatoriodelplacer.com\/wp-content\/uploads\/2024\/02\/bolleras-576x815-1.jpg\" alt=\"\" class=\"wp-image-1838\" srcset=\"https:\/\/observatoriodelplacer.com\/wp-content\/uploads\/2024\/02\/bolleras-576x815-1.jpg 576w, https:\/\/observatoriodelplacer.com\/wp-content\/uploads\/2024\/02\/bolleras-576x815-1-212x300.jpg 212w\" sizes=\"auto, (max-width: 576px) 100vw, 576px\" \/><\/figure>\n\n\n\n<p><\/p>\n\n\n\n<figure class=\"wp-block-image size-large\"><img loading=\"lazy\" decoding=\"async\" width=\"1024\" height=\"683\" src=\"https:\/\/observatoriodelplacer.com\/wp-content\/uploads\/2024\/02\/retrat-balv-1024x683.jpg\" alt=\"\" class=\"wp-image-1908\" srcset=\"https:\/\/observatoriodelplacer.com\/wp-content\/uploads\/2024\/02\/retrat-balv-1024x683.jpg 1024w, https:\/\/observatoriodelplacer.com\/wp-content\/uploads\/2024\/02\/retrat-balv-300x200.jpg 300w, https:\/\/observatoriodelplacer.com\/wp-content\/uploads\/2024\/02\/retrat-balv-768x512.jpg 768w, https:\/\/observatoriodelplacer.com\/wp-content\/uploads\/2024\/02\/retrat-balv-1536x1024.jpg 1536w, https:\/\/observatoriodelplacer.com\/wp-content\/uploads\/2024\/02\/retrat-balv-2048x1365.jpg 2048w, https:\/\/observatoriodelplacer.com\/wp-content\/uploads\/2024\/02\/retrat-balv-930x620.jpg 930w\" sizes=\"auto, (max-width: 1024px) 100vw, 1024px\" \/><\/figure>\n\n\n\n<p><\/p>\n<\/div>\n<\/div>","protected":false},"excerpt":{"rendered":"<p>_ Residencia 1 &#8211; 5 abril_ Presentaci\u00f3n domingo 7 de abril a las 12h Durante la residencia, nos interesa explorar la relaci\u00f3n entre la heterocisendonormatividad que pesa sobre los cuerpos, el fracaso que se les atribuye a los cuerpos fuera de la norma y como ese fracaso bloquea el acceso al placer y los caminos [&hellip;]<\/p>\n","protected":false},"author":1,"featured_media":0,"parent":0,"menu_order":0,"comment_status":"closed","ping_status":"closed","template":"","meta":{"site-sidebar-layout":"default","site-content-layout":"","ast-site-content-layout":"","site-content-style":"default","site-sidebar-style":"default","ast-global-header-display":"","ast-banner-title-visibility":"","ast-main-header-display":"","ast-hfb-above-header-display":"","ast-hfb-below-header-display":"","ast-hfb-mobile-header-display":"","site-post-title":"","ast-breadcrumbs-content":"","ast-featured-img":"","footer-sml-layout":"","theme-transparent-header-meta":"","adv-header-id-meta":"","stick-header-meta":"","header-above-stick-meta":"","header-main-stick-meta":"","header-below-stick-meta":"","astra-migrate-meta-layouts":"default","ast-page-background-enabled":"default","ast-page-background-meta":{"desktop":{"background-color":"var(--ast-global-color-4)","background-image":"","background-repeat":"repeat","background-position":"center center","background-size":"auto","background-attachment":"scroll","background-type":"","background-media":"","overlay-type":"","overlay-color":"","overlay-opacity":"","overlay-gradient":""},"tablet":{"background-color":"","background-image":"","background-repeat":"repeat","background-position":"center center","background-size":"auto","background-attachment":"scroll","background-type":"","background-media":"","overlay-type":"","overlay-color":"","overlay-opacity":"","overlay-gradient":""},"mobile":{"background-color":"","background-image":"","background-repeat":"repeat","background-position":"center center","background-size":"auto","background-attachment":"scroll","background-type":"","background-media":"","overlay-type":"","overlay-color":"","overlay-opacity":"","overlay-gradient":""}},"ast-content-background-meta":{"desktop":{"background-color":"var(--ast-global-color-5)","background-image":"","background-repeat":"repeat","background-position":"center center","background-size":"auto","background-attachment":"scroll","background-type":"","background-media":"","overlay-type":"","overlay-color":"","overlay-opacity":"","overlay-gradient":""},"tablet":{"background-color":"var(--ast-global-color-5)","background-image":"","background-repeat":"repeat","background-position":"center center","background-size":"auto","background-attachment":"scroll","background-type":"","background-media":"","overlay-type":"","overlay-color":"","overlay-opacity":"","overlay-gradient":""},"mobile":{"background-color":"var(--ast-global-color-5)","background-image":"","background-repeat":"repeat","background-position":"center center","background-size":"auto","background-attachment":"scroll","background-type":"","background-media":"","overlay-type":"","overlay-color":"","overlay-opacity":"","overlay-gradient":""}},"footnotes":""},"class_list":["post-1833","page","type-page","status-publish","hentry"],"_links":{"self":[{"href":"https:\/\/observatoriodelplacer.com\/en\/wp-json\/wp\/v2\/pages\/1833","targetHints":{"allow":["GET"]}}],"collection":[{"href":"https:\/\/observatoriodelplacer.com\/en\/wp-json\/wp\/v2\/pages"}],"about":[{"href":"https:\/\/observatoriodelplacer.com\/en\/wp-json\/wp\/v2\/types\/page"}],"author":[{"embeddable":true,"href":"https:\/\/observatoriodelplacer.com\/en\/wp-json\/wp\/v2\/users\/1"}],"replies":[{"embeddable":true,"href":"https:\/\/observatoriodelplacer.com\/en\/wp-json\/wp\/v2\/comments?post=1833"}],"version-history":[{"count":9,"href":"https:\/\/observatoriodelplacer.com\/en\/wp-json\/wp\/v2\/pages\/1833\/revisions"}],"predecessor-version":[{"id":1974,"href":"https:\/\/observatoriodelplacer.com\/en\/wp-json\/wp\/v2\/pages\/1833\/revisions\/1974"}],"wp:attachment":[{"href":"https:\/\/observatoriodelplacer.com\/en\/wp-json\/wp\/v2\/media?parent=1833"}],"curies":[{"name":"wp","href":"https:\/\/api.w.org\/{rel}","templated":true}]}}