{"id":1844,"date":"2024-02-01T18:56:02","date_gmt":"2024-02-01T16:56:02","guid":{"rendered":"https:\/\/observatoriodelplacer.com\/?page_id=1844"},"modified":"2025-02-27T21:17:50","modified_gmt":"2025-02-27T19:17:50","slug":"ass-opera","status":"publish","type":"page","link":"https:\/\/observatoriodelplacer.com\/en\/ass-opera\/","title":{"rendered":"ASS OPERA, singing with the power of erotics por Marja Christians"},"content":{"rendered":"<div class=\"wp-block-columns is-layout-flex wp-container-core-columns-is-layout-28f84493 wp-block-columns-is-layout-flex\">\n<div class=\"wp-block-column is-layout-flow wp-block-column-is-layout-flow\">\n<h5 class=\"wp-block-heading\">_ Residencia 9 &#8211; 13 de sept 2024<br>_ <a href=\"https:\/\/observatoriodelplacer.com\/en\/ass-opera\/#performance\" data-type=\"page\" data-id=\"1844\">Canto l\u00edrico desde el ano y otres Sirenes del O<\/a> &#8211; dom 15 sept<\/h5>\n\n\n\n<p>Ass Opera_ Deseo transfeminista, er\u00f3tica queerfeminista es recuperando lo erotico suprimido como <strong>considered source of power and information within queer lives and sexuality<\/strong>. The erotic as power (according to Audre Lorde) claims the feeling, puts it in the center and takes it from there. <strong>counterhegemonic libido strategies<\/strong> that help us remember places of the body and pleasure that were denied or even prohibited to us. As a multidisciplinary dance creator she investigated anus singing and shared oceanic-erotic practices, inviting dissident peers. The <strong>Conversation, sound and song come through the anus: transfeminist and queer erotica and desire<\/strong>.<\/p>\n\n\n\n<p>_ <em>PUNTO DE PARTIDA \/ contexto de la investigaci\u00f3n y creaci\u00f3n<\/em><br>Como core\u00f3grafa y cantante de \u00f3pera quiero ampliar estrategias de <strong>seducci\u00f3n para invitar a quienes quieran a adentrarse al oc\u00e9ano erotico rebelde que comienza en el ano<\/strong>. Teniendo como referencia central la obra de Audre Lord USES OF THE EROTIC: THE EROTIC AS POWER (1978) conecto en mi practica con su poder transformador: \u00abReconocer el poder de lo er\u00f3tico dentro de nuestras vidas puede darnos la energ\u00eda para perseguir un cambio genuino dentro de nuestro mundo\u00bb, afirma ella.<br><strong>Quiero traducir y investigar este poder de lo er\u00f3tico en practicas art\u00edsticas seductoras y performativas del canto del ano<\/strong>. La investigaci\u00f3n se dar\u00e1 a partir de una escucha profunda de los deseos eroticos (en el sentido de Lorde) que nos mueven a encontrarnos con cuerpas que sienten profundamente las relaciones con otres humanes y no humanes, que pueden rememorar y escribir narrativas improbables olvidadas o que no han tenido suficiente espacio para manifestarse en un mundo comandado por las fuerzas hegem\u00f3nicas y capitalistas. La ficci\u00f3n es la estrategia para poder activar estas narrativas er\u00f3ticas. <strong>El oc\u00e9ano y el agua a trav\u00e9s del canto del ano son el medio y el elemento con el cual practicar y relacionar las<br>materialidades er\u00f3ticas<\/strong>. Nosotres somos las entidades queer-transfeministas rebeldes que incorporan el erotico y su poder, y todes tenemos un culo y el ano con su poder:<br>Paul B. Preciado manifiesta la apropiaci\u00f3n del falo: el dildo. Tambi\u00e9n est\u00e1 el poder de sujetar, abrazar, rodear. <strong>La fuerza del ano es: la circlusi\u00f3n<\/strong>, como formulada por la activista queerfeminista Bini Adamczak.<br>https:\/\/thenewinquiry.com\/six-years-and-counting-of-circlusion\/<\/p>\n\n\n\n<hr class=\"wp-block-separator has-alpha-channel-opacity\"\/>\n\n\n\n<h5 class=\"wp-block-heading\" id=\"performance\"><em>Canto l\u00edrico desde el ano  y otres Sirenes del O &#8211; domingo 15 sept<\/em><\/h5>\n\n\n\n<p><em>Ahhhh, take a deep breath and relax your anus:<\/em><\/p>\n\n\n\n<p>Come to a performative gathering between Ass Opera and shame as a possibility of queerfeminist eroticism and transformation!<\/p>\n\n\n\n<p>We invite the audience to watch and experience themselves:<\/p>\n\n\n\n<p>We performatively present our research SIRENS OF THE O. and seduce the audience to experiment themselves up to a collective Ass Opera chorus.<\/p>\n\n\n\n<p><em>No previous singing experience needed, bring or wear ass-friendly clothes.<\/em><\/p>\n\n\n\n<p><strong><em>Jasmina Rezig (elle) y Marja Christians (hairy she)<\/em><\/strong>&nbsp;se conocieron para queerificar la \u00f3pera y el canto cl\u00e1sico. R\u00eden, discuten y act\u00faan juntes, actualmente para el proyecto transdisciplin-hairy SIRENS OF THE O<\/p>\n\n\n\n<hr class=\"wp-block-separator has-alpha-channel-opacity\"\/>\n\n\n\n<h2 class=\"wp-block-heading\">Memorias tras la residencia<\/h2>\n\n\n\n<h5 class=\"wp-block-heading\">Marja<\/h5>\n\n\n\n<p class=\"translation-block\">It was a pleasure to present opera for the first time in public since the year at Observatorio del Placer.<br>\nA special and diverse audience came to our exit from the residency - and we were able to really interact with them after a week of having the spacious room to ourselves.<br>\nWe were delighted to take this leap with our sensual-artistic experiment ASS OPERA and the associated research on mermaids as queer-feminist figures.<br>\nThese spaces that allow for experimentation between art and eroticism, sexuality and performance are essential to my work as an artist seeking social transformation and alternatives to capitalist values \u200b\u200bof the body, emotions and sexuality. These opportunities for interdisciplinary work are essential for us as a society to create visions of emancipation and feel it from our bodies.<\/p>\n\n\n\n<h5 class=\"wp-block-heading\">Jasmina<\/h5>\n\n\n\n<p>The showing and feedback discussion after with the audience was very enriching and important for our work up to that point and beyond. On the one hand, it is very valuable in any artistic work to show the interim status to an audience in advance.<\/br>\nTesting the material together with an audience is an essential part of my way of working, as I see the audience as both an actor and an integral part of every performance and only situations like showings give me, as an artist, the opportunity to examine and test my material. In addition, this moment structured our work phases and working methods, which is otherwise often artificially created and therefore does not have the same effect.<\/br>\nFurthermore, it was very exciting for me not to take part in a German feedback meeting, as it enabled me to perceive and reflect on everyday practices and habits in work processes. As a result, I was able to get to know new communicative strategies and perspectives that have inspired me for my future work. The audience was made up of different age groups, among others. The diversity of the audience enabled us to gain a much more accurate picture and knowledge of our work through the subsequent feedback situation, which I perceived as very special.<br>Probar el material junto con el p\u00fablico es una parte esencial de mi forma de trabajar, ya que considero al p\u00fablico como actor y parte integral de cada actuaci\u00f3n y solo situaciones como las proyecciones me dan, como artista, la oportunidad de examinar y probar mi material. Adem\u00e1s, este momento estructur\u00f3 nuestras fases de trabajo y m\u00e9todos de trabajo, que de otro modo a menudo se crean artificialmente y, por lo tanto, no tienen el mismo efecto.<br>Adem\u00e1s, para m\u00ed fue muy emocionante no participar en una reuni\u00f3n de feedback alemana, ya que me permiti\u00f3 percibir y reflexionar sobre las pr\u00e1cticas y los h\u00e1bitos cotidianos en los procesos de trabajo. Como resultado, pude conocer nuevas estrategias y perspectivas comunicativas que me han inspirado para mi trabajo futuro. El p\u00fablico estaba compuesto, entre otros, por diferentes grupos de edad. La diversidad del p\u00fablico nos permiti\u00f3 obtener una imagen y un conocimiento mucho m\u00e1s preciso de nuestro trabajo a trav\u00e9s de la situaci\u00f3n de retroalimentaci\u00f3n posterior, que percib\u00ed como muy especial.<\/p>\n\n\n\n<hr class=\"wp-block-separator has-alpha-channel-opacity is-style-wide\"\/>\n\n\n\n<h2 class=\"wp-block-heading\">Marja Christians<\/h2>\n\n\n\n<p><strong>Core\u00f3grafa | dreamer with a plan | Cantante de \u00f3pera (Berl\u00edn\/Frankfurt\/Barcelona)<\/strong><br>desarrolla espect\u00e1culos de danza internacionales y queer feministas con humor cr\u00edtico del poder, m\u00fasica electr\u00f3nica experimental y coreograf\u00eda. Ha sudado la gota gorda con el p\u00fablico en el premio del jurado Sophiensaele del festival 100\u00b0 de Berl\u00edn, en el BEST OFF 2016 (Alemania) y en el FREISCHWIMMEN 2019 (Suiza, Alemania, Austria) con el legendario d\u00fao feminista de performance christians\/\/schwenk junto a Isabel Schwenk (desde 2011). Estudi\u00f3 un BA en canto, m\u00fasica, performance y pr\u00e1cticas est\u00e9ticas en la Universidad de Hildesheim (c\u00e9lebre por su arte performativo) y obtuvo un <strong>m\u00e1ster internacional en coreograf\u00eda<\/strong> con <strong>Bojana Kunst<\/strong>.<br>Fue becaria de danceWEB (2018), as\u00ed como de las becas de residencia #takecare y #takeheart con Mousonturm Frankfurt. Marja forma parte de la compa\u00f1\u00eda de danza PULSO (Par\u00eds\/Marsella) de la core\u00f3grafa Roc\u00edo Berenguer (Teatros Canal), Investiga en pr\u00e1cticas rebeldes colectivas y espect\u00e1culos de danza en colaboraci\u00f3n internacional tambien fuera de las instituciones. Nueva colaboraci\u00f3n 2023: performance de danza LIKE A FISH OUT OF SALTY WATER con Golschan Ahmad Haschemi y la core\u00f3grafa Olivia Hyunsin Kim.<br>Marja <strong>desarrolla y facilita procesos de investigaci\u00f3n art\u00edstica<\/strong>, como en las ruinas capitalistas del Hotel Haludovo en el antiguo suelo socialista de la isla de Kirk en Croacia (en 2020 y 2021). Marja es una so\u00f1adora rebelde que saca la revoluci\u00f3n con erotismo y canto desde el ano, respira profundamente y vamos!<\/p>\n\n\n\n<p><strong><a href=\"http:\/\/juicyfrictions.com\/\" target=\"_blank\" rel=\"noreferrer noopener\">http:\/\/juicyfrictions.com<\/a><\/strong><\/p>\n<\/div>\n\n\n\n<div class=\"wp-block-column is-layout-flow wp-block-column-is-layout-flow\" style=\"flex-basis:30%\">\n<figure class=\"wp-block-image size-large\"><img loading=\"lazy\" decoding=\"async\" width=\"1024\" height=\"1024\" src=\"https:\/\/observatoriodelplacer.com\/wp-content\/uploads\/2025\/02\/assopera-1024x1024.png\" alt=\"Ass Opera _ Canto l\u00edrico desde el ano y otres Sirenes del O\" class=\"wp-image-3526\" srcset=\"https:\/\/observatoriodelplacer.com\/wp-content\/uploads\/2025\/02\/assopera-1024x1024.png 1024w, https:\/\/observatoriodelplacer.com\/wp-content\/uploads\/2025\/02\/assopera-300x300.png 300w, https:\/\/observatoriodelplacer.com\/wp-content\/uploads\/2025\/02\/assopera-150x150.png 150w, https:\/\/observatoriodelplacer.com\/wp-content\/uploads\/2025\/02\/assopera-768x768.png 768w, https:\/\/observatoriodelplacer.com\/wp-content\/uploads\/2025\/02\/assopera-12x12.png 12w, https:\/\/observatoriodelplacer.com\/wp-content\/uploads\/2025\/02\/assopera.png 1080w\" sizes=\"auto, (max-width: 1024px) 100vw, 1024px\" \/><\/figure>\n\n\n\n<figure class=\"wp-block-image size-large\"><img loading=\"lazy\" decoding=\"async\" width=\"1024\" height=\"461\" src=\"https:\/\/observatoriodelplacer.com\/wp-content\/uploads\/2024\/11\/20240915_182341-1024x461.jpg\" alt=\"Ass Opera _ Canto l\u00edrico desde el ano y otres Sirenes del O\" class=\"wp-image-3064\" srcset=\"https:\/\/observatoriodelplacer.com\/wp-content\/uploads\/2024\/11\/20240915_182341-1024x461.jpg 1024w, https:\/\/observatoriodelplacer.com\/wp-content\/uploads\/2024\/11\/20240915_182341-300x135.jpg 300w, https:\/\/observatoriodelplacer.com\/wp-content\/uploads\/2024\/11\/20240915_182341-768x346.jpg 768w, https:\/\/observatoriodelplacer.com\/wp-content\/uploads\/2024\/11\/20240915_182341-1536x691.jpg 1536w, https:\/\/observatoriodelplacer.com\/wp-content\/uploads\/2024\/11\/20240915_182341-2048x922.jpg 2048w, https:\/\/observatoriodelplacer.com\/wp-content\/uploads\/2024\/11\/20240915_182341-18x8.jpg 18w\" sizes=\"auto, (max-width: 1024px) 100vw, 1024px\" \/><\/figure>\n\n\n\n<figure class=\"wp-block-image size-large\"><img loading=\"lazy\" decoding=\"async\" width=\"1024\" height=\"461\" src=\"https:\/\/observatoriodelplacer.com\/wp-content\/uploads\/2024\/11\/20240915_183355-1024x461.jpg\" alt=\"Ass Opera _ Canto l\u00edrico desde el ano y otres Sirenes del O\" class=\"wp-image-3065\" srcset=\"https:\/\/observatoriodelplacer.com\/wp-content\/uploads\/2024\/11\/20240915_183355-1024x461.jpg 1024w, https:\/\/observatoriodelplacer.com\/wp-content\/uploads\/2024\/11\/20240915_183355-300x135.jpg 300w, https:\/\/observatoriodelplacer.com\/wp-content\/uploads\/2024\/11\/20240915_183355-768x346.jpg 768w, https:\/\/observatoriodelplacer.com\/wp-content\/uploads\/2024\/11\/20240915_183355-1536x691.jpg 1536w, https:\/\/observatoriodelplacer.com\/wp-content\/uploads\/2024\/11\/20240915_183355-2048x922.jpg 2048w, https:\/\/observatoriodelplacer.com\/wp-content\/uploads\/2024\/11\/20240915_183355-18x8.jpg 18w\" sizes=\"auto, (max-width: 1024px) 100vw, 1024px\" \/><\/figure>\n\n\n\n<figure class=\"wp-block-image size-large\"><img loading=\"lazy\" decoding=\"async\" width=\"1024\" height=\"461\" src=\"https:\/\/observatoriodelplacer.com\/wp-content\/uploads\/2024\/11\/20240915_184049-1024x461.jpg\" alt=\"Ass Opera _ Canto l\u00edrico desde el ano y otres Sirenes del O\" class=\"wp-image-3068\" srcset=\"https:\/\/observatoriodelplacer.com\/wp-content\/uploads\/2024\/11\/20240915_184049-1024x461.jpg 1024w, https:\/\/observatoriodelplacer.com\/wp-content\/uploads\/2024\/11\/20240915_184049-300x135.jpg 300w, https:\/\/observatoriodelplacer.com\/wp-content\/uploads\/2024\/11\/20240915_184049-768x346.jpg 768w, https:\/\/observatoriodelplacer.com\/wp-content\/uploads\/2024\/11\/20240915_184049-1536x691.jpg 1536w, https:\/\/observatoriodelplacer.com\/wp-content\/uploads\/2024\/11\/20240915_184049-2048x922.jpg 2048w, https:\/\/observatoriodelplacer.com\/wp-content\/uploads\/2024\/11\/20240915_184049-18x8.jpg 18w\" sizes=\"auto, (max-width: 1024px) 100vw, 1024px\" \/><\/figure>\n\n\n\n<p class=\"translation-block\">Images from the presentation of <em>Canto l\u00edrico desde el ano y otres Sirenes del O<\/em><\/p>\n<\/div>\n<\/div>\n\n\n\n<div style=\"height:100px\" aria-hidden=\"true\" class=\"wp-block-spacer\"><\/div>\n\n\n\n<figure class=\"wp-block-image size-full\"><img loading=\"lazy\" decoding=\"async\" width=\"100\" height=\"34\" src=\"https:\/\/observatoriodelplacer.com\/wp-content\/uploads\/2024\/08\/logo-3.png\" alt=\"\" class=\"wp-image-2597\" srcset=\"https:\/\/observatoriodelplacer.com\/wp-content\/uploads\/2024\/08\/logo-3.png 100w, https:\/\/observatoriodelplacer.com\/wp-content\/uploads\/2024\/08\/logo-3-18x6.png 18w\" sizes=\"auto, (max-width: 100px) 100vw, 100px\" \/><figcaption class=\"wp-element-caption\">The OdP 2024 artistic residency project receives support from Barcelona City Council.<\/figcaption><\/figure>\n\n\n\n<p><\/p>","protected":false},"excerpt":{"rendered":"<p>_ Residencia 9 &#8211; 13 de sept 2024_ Canto l\u00edrico desde el ano y otres Sirenes del O &#8211; dom 15 sept Ass Opera_ Deseo transfeminista, er\u00f3tica queerfeminista es recuperando lo erotico suprimido como fuente considerada de poder e informaci\u00f3n dentro de vidas y la sexualidad queer. Lo erotico como poder (seg\u00fan Audre Lorde) reclama [&hellip;]<\/p>\n","protected":false},"author":1,"featured_media":0,"parent":0,"menu_order":0,"comment_status":"closed","ping_status":"closed","template":"","meta":{"site-sidebar-layout":"default","site-content-layout":"","ast-site-content-layout":"default","site-content-style":"default","site-sidebar-style":"default","ast-global-header-display":"","ast-banner-title-visibility":"","ast-main-header-display":"","ast-hfb-above-header-display":"","ast-hfb-below-header-display":"","ast-hfb-mobile-header-display":"","site-post-title":"","ast-breadcrumbs-content":"","ast-featured-img":"","footer-sml-layout":"","theme-transparent-header-meta":"","adv-header-id-meta":"","stick-header-meta":"","header-above-stick-meta":"","header-main-stick-meta":"","header-below-stick-meta":"","astra-migrate-meta-layouts":"set","ast-page-background-enabled":"default","ast-page-background-meta":{"desktop":{"background-color":"var(--ast-global-color-4)","background-image":"","background-repeat":"repeat","background-position":"center center","background-size":"auto","background-attachment":"scroll","background-type":"","background-media":"","overlay-type":"","overlay-color":"","overlay-opacity":"","overlay-gradient":""},"tablet":{"background-color":"","background-image":"","background-repeat":"repeat","background-position":"center center","background-size":"auto","background-attachment":"scroll","background-type":"","background-media":"","overlay-type":"","overlay-color":"","overlay-opacity":"","overlay-gradient":""},"mobile":{"background-color":"","background-image":"","background-repeat":"repeat","background-position":"center center","background-size":"auto","background-attachment":"scroll","background-type":"","background-media":"","overlay-type":"","overlay-color":"","overlay-opacity":"","overlay-gradient":""}},"ast-content-background-meta":{"desktop":{"background-color":"var(--ast-global-color-5)","background-image":"","background-repeat":"repeat","background-position":"center center","background-size":"auto","background-attachment":"scroll","background-type":"","background-media":"","overlay-type":"","overlay-color":"","overlay-opacity":"","overlay-gradient":""},"tablet":{"background-color":"var(--ast-global-color-5)","background-image":"","background-repeat":"repeat","background-position":"center center","background-size":"auto","background-attachment":"scroll","background-type":"","background-media":"","overlay-type":"","overlay-color":"","overlay-opacity":"","overlay-gradient":""},"mobile":{"background-color":"var(--ast-global-color-5)","background-image":"","background-repeat":"repeat","background-position":"center center","background-size":"auto","background-attachment":"scroll","background-type":"","background-media":"","overlay-type":"","overlay-color":"","overlay-opacity":"","overlay-gradient":""}},"footnotes":""},"class_list":["post-1844","page","type-page","status-publish","hentry"],"_links":{"self":[{"href":"https:\/\/observatoriodelplacer.com\/en\/wp-json\/wp\/v2\/pages\/1844","targetHints":{"allow":["GET"]}}],"collection":[{"href":"https:\/\/observatoriodelplacer.com\/en\/wp-json\/wp\/v2\/pages"}],"about":[{"href":"https:\/\/observatoriodelplacer.com\/en\/wp-json\/wp\/v2\/types\/page"}],"author":[{"embeddable":true,"href":"https:\/\/observatoriodelplacer.com\/en\/wp-json\/wp\/v2\/users\/1"}],"replies":[{"embeddable":true,"href":"https:\/\/observatoriodelplacer.com\/en\/wp-json\/wp\/v2\/comments?post=1844"}],"version-history":[{"count":26,"href":"https:\/\/observatoriodelplacer.com\/en\/wp-json\/wp\/v2\/pages\/1844\/revisions"}],"predecessor-version":[{"id":3543,"href":"https:\/\/observatoriodelplacer.com\/en\/wp-json\/wp\/v2\/pages\/1844\/revisions\/3543"}],"wp:attachment":[{"href":"https:\/\/observatoriodelplacer.com\/en\/wp-json\/wp\/v2\/media?parent=1844"}],"curies":[{"name":"wp","href":"https:\/\/api.w.org\/{rel}","templated":true}]}}