{"id":1856,"date":"2024-02-01T19:17:41","date_gmt":"2024-02-01T17:17:41","guid":{"rendered":"https:\/\/observatoriodelplacer.com\/?page_id=1856"},"modified":"2025-02-27T21:21:46","modified_gmt":"2025-02-27T19:21:46","slug":"ecologias-afectivas","status":"publish","type":"page","link":"https:\/\/observatoriodelplacer.com\/en\/ecologias-afectivas\/","title":{"rendered":"Affective ecologies by Proyecto conspira (Lynx and Zafiro)"},"content":{"rendered":"<div class=\"wp-block-columns is-layout-flex wp-container-core-columns-is-layout-28f84493 wp-block-columns-is-layout-flex\">\n<div class=\"wp-block-column is-layout-flow wp-block-column-is-layout-flow\">\n<h5 class=\"wp-block-heading\">_ Residencia 3 &#8211; 7 junio 2024<br>_ <a href=\"https:\/\/observatoriodelplacer.com\/en\/ecologias-afectivas-para-la-guerrilla-ecosexual\/\" data-type=\"page\" data-id=\"2312\">Pr\u00e1ctica colectiva 7 junio<\/a><\/h5>\n\n\n\n<p>En la residencia art\u00edstica de ecolog\u00edas afectivas investigaremos c\u00f3mo conspirar sensualmente con plantas y cosas para desbaratar el sentido com\u00fan colonial. Encendidos por los estudios de plantas de Natasha Myers (2021) nos arrojamos a explorar la vegetalizaci\u00f3n y erotizar el cuidado de lo vivo para conjurar otros mundos posibles. Queremos aprender de las estrategias de estos seres que tienen miles de millones de a\u00f1os m\u00e1s de experiencia que nosotres en la terraformaci\u00f3n de mundos habitables. Invocamos las sexualidades cuir de otras especies y nos proponemos la tarea de absorber todo tipo de fantas\u00edas a trav\u00e9s de nuestros tejidos. Vamos a alterar nuestro sensorio para abrirnos a nuevos mundos sensibles y ensayar mundos habitables. Nos seduce pensar y practicar el sexo no reproductivo, no genital y la variada gama de pr\u00e1cticas contrasexuales que proliferan de estas relaciones. Practicaremos la ternura sucia y caliente al interactuar con tierra, arena, agua y plantas en una fricci\u00f3n de superficies y flujos. Sentimos, tocamos, hablamos con y hacemos crecer plantas, tambi\u00e9n, somos tocades por ellas.<\/p>\n\n\n\n<p><a href=\"https:\/\/www.instagram.com\/proyecto.conspira\/\" target=\"_blank\" rel=\"noopener\"><strong>https:\/\/www.instagram.com\/proyecto.conspira\/<\/strong><\/a><\/p>\n\n\n\n<hr class=\"wp-block-separator has-alpha-channel-opacity\"\/>\n\n\n\n<h2 class=\"wp-block-heading\">Lynx y Zafiro<\/h2>\n\n\n\n<p>Proyecto Conspira we are Lynx and Zafiro, non-binary Trans people from Argentina. Zafiro is a stylist, audiovisual producer, rigger and performer. Lynx is an osteopath, dancer, performer and creator.<br>In 2020, we began our collaboration, driven by the curiosity to explore and share erotic practices in expanded performance formats.&nbsp;<br>We performatively investigate different BDSM practices through the construction of intimacy rituals that unfold as territories of political-corporal rehearsals. These sexual, affective, and caring practices explore queer eroticism as a sensitive deviation from bodies and materials. We explore interspecies affections and sexuality, and the eroticizations woven between humans and non-humans. We are ecosexuals, exhibitionists, sadists and masochists among many other perversions.<\/p>\n\n\n\n<p><strong><a href=\"https:\/\/www.instagram.com\/lynxtironi\" target=\"_blank\" rel=\"noreferrer noopener\">@lynxtironi<\/a>&nbsp;<\/strong><a href=\"https:\/\/www.instagram.com\/vortex.shibari\" target=\"_blank\" rel=\"noopener\">@vortex.shibari<\/a><\/p>\n\n\n\n<h5 class=\"wp-block-heading\">Tin Wilke (colaboradorx)<\/h5>\n\n\n\n<p>Tin Wilke is an indisciplinary artist and audiovisual creator from East Berlin who addresses the constructions of cooperative and dissident practices within the politics of archiving and collective memories through narratives and speculative experiences. He works at the intersection between organic matter, digital media and found materials within the framework of installations, performances and experimental films.<br>His training is strongly influenced by the thought and practice of the South, where Tin studied postgraduate Theater with New Media and Interactivity at the National University of the Arts (UNA) of Buenos Aires. In Berlin she graduated in Art and Media at the Berlin University of the Arts (UdK).<\/p>\n\n\n\n<p><a href=\"https:\/\/www.instagram.com\/tin.wilke\" target=\"_blank\" rel=\"noopener\"><strong>https:\/\/www.instagram.com\/tin.wilke<\/strong><\/a><\/p>\n<\/div>\n\n\n\n<div class=\"wp-block-column is-layout-flow wp-block-column-is-layout-flow\" style=\"flex-basis:30%\">\n<figure class=\"wp-block-image size-large\"><img loading=\"lazy\" decoding=\"async\" width=\"1024\" height=\"1024\" src=\"https:\/\/observatoriodelplacer.com\/wp-content\/uploads\/2025\/02\/ecologias-1024x1024.png\" alt=\"Ecolog\u00edas afectivas por Proyecto conspira (Lynx y Zafiro)\" class=\"wp-image-3534\" srcset=\"https:\/\/observatoriodelplacer.com\/wp-content\/uploads\/2025\/02\/ecologias-1024x1024.png 1024w, https:\/\/observatoriodelplacer.com\/wp-content\/uploads\/2025\/02\/ecologias-300x300.png 300w, https:\/\/observatoriodelplacer.com\/wp-content\/uploads\/2025\/02\/ecologias-150x150.png 150w, https:\/\/observatoriodelplacer.com\/wp-content\/uploads\/2025\/02\/ecologias-768x768.png 768w, https:\/\/observatoriodelplacer.com\/wp-content\/uploads\/2025\/02\/ecologias-12x12.png 12w, https:\/\/observatoriodelplacer.com\/wp-content\/uploads\/2025\/02\/ecologias.png 1080w\" sizes=\"auto, (max-width: 1024px) 100vw, 1024px\" \/><\/figure>\n\n\n\n<p><\/p>\n\n\n\n<figure class=\"wp-block-image size-large\"><img loading=\"lazy\" decoding=\"async\" width=\"1024\" height=\"768\" src=\"https:\/\/observatoriodelplacer.com\/wp-content\/uploads\/2024\/02\/DSF0055-1024x768.jpg\" alt=\"\" class=\"wp-image-1858\" srcset=\"https:\/\/observatoriodelplacer.com\/wp-content\/uploads\/2024\/02\/DSF0055-1024x768.jpg 1024w, https:\/\/observatoriodelplacer.com\/wp-content\/uploads\/2024\/02\/DSF0055-300x225.jpg 300w, https:\/\/observatoriodelplacer.com\/wp-content\/uploads\/2024\/02\/DSF0055-768x576.jpg 768w, https:\/\/observatoriodelplacer.com\/wp-content\/uploads\/2024\/02\/DSF0055-1536x1152.jpg 1536w, https:\/\/observatoriodelplacer.com\/wp-content\/uploads\/2024\/02\/DSF0055-2048x1536.jpg 2048w\" sizes=\"auto, (max-width: 1024px) 100vw, 1024px\" \/><\/figure>\n\n\n\n<p><\/p>\n\n\n\n<figure class=\"wp-block-image size-large\"><img loading=\"lazy\" decoding=\"async\" width=\"1024\" height=\"576\" src=\"https:\/\/observatoriodelplacer.com\/wp-content\/uploads\/2024\/05\/Seedbombs_still-4-1024x576.jpg\" alt=\"Ecolog\u00edas afectivas por Proyecto conspira (Lynx y Zafiro)\" class=\"wp-image-2339\" srcset=\"https:\/\/observatoriodelplacer.com\/wp-content\/uploads\/2024\/05\/Seedbombs_still-4-1024x576.jpg 1024w, https:\/\/observatoriodelplacer.com\/wp-content\/uploads\/2024\/05\/Seedbombs_still-4-300x169.jpg 300w, https:\/\/observatoriodelplacer.com\/wp-content\/uploads\/2024\/05\/Seedbombs_still-4-768x432.jpg 768w, https:\/\/observatoriodelplacer.com\/wp-content\/uploads\/2024\/05\/Seedbombs_still-4-1536x864.jpg 1536w, https:\/\/observatoriodelplacer.com\/wp-content\/uploads\/2024\/05\/Seedbombs_still-4-18x10.jpg 18w, https:\/\/observatoriodelplacer.com\/wp-content\/uploads\/2024\/05\/Seedbombs_still-4.jpg 1920w\" sizes=\"auto, (max-width: 1024px) 100vw, 1024px\" \/><\/figure>\n\n\n\n<p><\/p>\n<\/div>\n<\/div>\n\n\n\n<div style=\"height:100px\" aria-hidden=\"true\" class=\"wp-block-spacer\"><\/div>\n\n\n\n<figure class=\"wp-block-image size-full\"><img loading=\"lazy\" decoding=\"async\" width=\"100\" height=\"34\" src=\"https:\/\/observatoriodelplacer.com\/wp-content\/uploads\/2024\/08\/logo-3.png\" alt=\"\" class=\"wp-image-2597\" srcset=\"https:\/\/observatoriodelplacer.com\/wp-content\/uploads\/2024\/08\/logo-3.png 100w, https:\/\/observatoriodelplacer.com\/wp-content\/uploads\/2024\/08\/logo-3-18x6.png 18w\" sizes=\"auto, (max-width: 100px) 100vw, 100px\" \/><figcaption class=\"wp-element-caption\">The OdP 2024 artistic residency project receives support from Barcelona City Council.<\/figcaption><\/figure>","protected":false},"excerpt":{"rendered":"<p>_ Residencia 3 &#8211; 7 junio 2024_ Pr\u00e1ctica colectiva 7 junio En la residencia art\u00edstica de ecolog\u00edas afectivas investigaremos c\u00f3mo conspirar sensualmente con plantas y cosas para desbaratar el sentido com\u00fan colonial. Encendidos por los estudios de plantas de Natasha Myers (2021) nos arrojamos a explorar la vegetalizaci\u00f3n y erotizar el cuidado de lo vivo [&hellip;]<\/p>\n","protected":false},"author":1,"featured_media":0,"parent":0,"menu_order":0,"comment_status":"closed","ping_status":"closed","template":"","meta":{"site-sidebar-layout":"default","site-content-layout":"","ast-site-content-layout":"default","site-content-style":"default","site-sidebar-style":"default","ast-global-header-display":"","ast-banner-title-visibility":"","ast-main-header-display":"","ast-hfb-above-header-display":"","ast-hfb-below-header-display":"","ast-hfb-mobile-header-display":"","site-post-title":"","ast-breadcrumbs-content":"","ast-featured-img":"","footer-sml-layout":"","theme-transparent-header-meta":"","adv-header-id-meta":"","stick-header-meta":"","header-above-stick-meta":"","header-main-stick-meta":"","header-below-stick-meta":"","astra-migrate-meta-layouts":"set","ast-page-background-enabled":"default","ast-page-background-meta":{"desktop":{"background-color":"var(--ast-global-color-4)","background-image":"","background-repeat":"repeat","background-position":"center center","background-size":"auto","background-attachment":"scroll","background-type":"","background-media":"","overlay-type":"","overlay-color":"","overlay-opacity":"","overlay-gradient":""},"tablet":{"background-color":"","background-image":"","background-repeat":"repeat","background-position":"center center","background-size":"auto","background-attachment":"scroll","background-type":"","background-media":"","overlay-type":"","overlay-color":"","overlay-opacity":"","overlay-gradient":""},"mobile":{"background-color":"","background-image":"","background-repeat":"repeat","background-position":"center center","background-size":"auto","background-attachment":"scroll","background-type":"","background-media":"","overlay-type":"","overlay-color":"","overlay-opacity":"","overlay-gradient":""}},"ast-content-background-meta":{"desktop":{"background-color":"var(--ast-global-color-5)","background-image":"","background-repeat":"repeat","background-position":"center center","background-size":"auto","background-attachment":"scroll","background-type":"","background-media":"","overlay-type":"","overlay-color":"","overlay-opacity":"","overlay-gradient":""},"tablet":{"background-color":"var(--ast-global-color-5)","background-image":"","background-repeat":"repeat","background-position":"center center","background-size":"auto","background-attachment":"scroll","background-type":"","background-media":"","overlay-type":"","overlay-color":"","overlay-opacity":"","overlay-gradient":""},"mobile":{"background-color":"var(--ast-global-color-5)","background-image":"","background-repeat":"repeat","background-position":"center center","background-size":"auto","background-attachment":"scroll","background-type":"","background-media":"","overlay-type":"","overlay-color":"","overlay-opacity":"","overlay-gradient":""}},"footnotes":""},"class_list":["post-1856","page","type-page","status-publish","hentry"],"_links":{"self":[{"href":"https:\/\/observatoriodelplacer.com\/en\/wp-json\/wp\/v2\/pages\/1856","targetHints":{"allow":["GET"]}}],"collection":[{"href":"https:\/\/observatoriodelplacer.com\/en\/wp-json\/wp\/v2\/pages"}],"about":[{"href":"https:\/\/observatoriodelplacer.com\/en\/wp-json\/wp\/v2\/types\/page"}],"author":[{"embeddable":true,"href":"https:\/\/observatoriodelplacer.com\/en\/wp-json\/wp\/v2\/users\/1"}],"replies":[{"embeddable":true,"href":"https:\/\/observatoriodelplacer.com\/en\/wp-json\/wp\/v2\/comments?post=1856"}],"version-history":[{"count":12,"href":"https:\/\/observatoriodelplacer.com\/en\/wp-json\/wp\/v2\/pages\/1856\/revisions"}],"predecessor-version":[{"id":3549,"href":"https:\/\/observatoriodelplacer.com\/en\/wp-json\/wp\/v2\/pages\/1856\/revisions\/3549"}],"wp:attachment":[{"href":"https:\/\/observatoriodelplacer.com\/en\/wp-json\/wp\/v2\/media?parent=1856"}],"curies":[{"name":"wp","href":"https:\/\/api.w.org\/{rel}","templated":true}]}}