{"id":1911,"date":"2024-02-13T19:55:22","date_gmt":"2024-02-13T17:55:22","guid":{"rendered":"https:\/\/observatoriodelplacer.com\/?page_id=1911"},"modified":"2024-02-15T10:23:35","modified_gmt":"2024-02-15T08:23:35","slug":"performance-experiencia-jam-ron-hades","status":"publish","type":"page","link":"https:\/\/observatoriodelplacer.com\/en\/performance-experiencia-jam-ron-hades\/","title":{"rendered":"Performance\/experiencia\/jam Ron Hades"},"content":{"rendered":"<div class=\"wp-block-columns is-layout-flex wp-container-core-columns-is-layout-28f84493 wp-block-columns-is-layout-flex\">\n<div class=\"wp-block-column is-layout-flow wp-block-column-is-layout-flow\">\n<p class=\"has-text-align-left\"><strong>Thursday March 21<\/strong> \u00b7 <strong>19h<\/strong> &#8211; <a href=\"https:\/\/observatoriodelplacer.com\/en\/performance-experience-jam-eng\/\" data-type=\"page\" data-id=\"1918\"><strong><em>english<\/em><\/strong><\/a><br><em>Facilitates <strong>Ron Hades<\/strong><\/em><\/p>\n\n\n\n<p>Ron teaches workshops on a variety of subjects, including rope bondage. During their workshops Ron leads people into a safer space where there are no over structures, no categories, no names, so that everyone* can follow the path to personal unfoldment.<br>This performance is going to be immersive event, upon your arrival you can choose if you want to be part of the performance or not. If yes you write down your name and Ron will pick a name randomly and you will be co-performer of that evening.<\/p>\n\n\n\n<p>This performance is going to be immersive event, upon your arrival you can choose if you want to be part of the performance or not. If yes you write down your name and Ron will pick a name randomly and you will be co-performer of that evening.<\/p>\n\n\n\n<p>This is also going to be part of educational experience to see how sexworkers lead the session and how Ron as sexworker can connect with stranger very deeply and also how you can communicate your desire and boundaries with others.<\/p>\n\n\n\n<p>After the session we will open a time slot for a string jam (if attendees wish).<\/p>\n\n\n\n<p><strong>Collaboration \u20ac25<\/strong><br><strong>o<\/strong><br>Variable depending on your current situation. 15-30\u20ac<br><a href=\"https:\/\/observatoriodelplacer.com\/en\/colaboracion-variable\/\"><strong>Consult information about variable collaboration<\/strong><\/a><\/p>\n\n\n\n<p class=\"has-nv-site-bg-color has-text-color has-background\" style=\"background-color:#ff5050\"><strong><em><em>*** No queremos que nadie quede fuera de las actividades por tema econ\u00f3mico, si es tu caso av\u00edsanos y buscaremos posibles intercambios o una colaboraci\u00f3n m\u00e1s reducida.<\/em><br><\/em>Likewise, Observatorio del Placer is a project in formation, if you want to support us with greater collaboration, it will also be welcome.<\/strong><\/p>\n\n\n\n<p>MAKE YOUR REGISTRATION THROUGH THIS LINK<\/p>\n\n\n\n<p><a href=\"https:\/\/forms.gle\/Est7aNhdUrsGQwic9\" target=\"_blank\" rel=\"noopener\"><strong>https:\/\/forms.gle\/Est7aNhdUrsGQwic9<\/strong><\/a><\/p>\n\n\n\n<h2 class=\"wp-block-heading\" id=\"1652429611\">RON HADES\u00a0(no pronoum)<\/h2>\n\n\n\n<hr class=\"wp-block-separator has-alpha-channel-opacity\" id=\"1306058526\"\/>\n\n\n\n<p>Ron is non-binary queer full service sexworker, porn performer, Activist and kink educator.<\/p>\n\n\n\n<p>Bondage is the natural highlight of their path, because it allowed them to channel and combine their sexual energy, spiritual talent, aesthetic vision and dominant personality into a form of art, meditation, power.<\/p>\n\n\n\n<p>During their workshops they leads people into a safer space where there are no over structures, no categories, no names, so that everyone* can follow the path the way to personal unfoldment.<\/p>\n\n\n\n<p>Ron gives different types of workshops since 2018: bondage meditation, bondage for sex workers, for couples, for beginners and intermediate level and private coaching for BDSM.<br><a rel=\"noreferrer noopener\" href=\"https:\/\/www.ronhades.com\/\" target=\"_blank\"><strong>https:\/\/www.ronhades.com<\/strong><\/a><\/p>\n<\/div>\n\n\n\n<div class=\"wp-block-column is-layout-flow wp-block-column-is-layout-flow\" style=\"flex-basis:33%\">\n<figure class=\"wp-block-image size-large\"><img loading=\"lazy\" decoding=\"async\" width=\"1024\" height=\"1024\" src=\"https:\/\/observatoriodelplacer.com\/wp-content\/uploads\/2024\/02\/performance-1024x1024.png\" alt=\"\" class=\"wp-image-1912\" srcset=\"https:\/\/observatoriodelplacer.com\/wp-content\/uploads\/2024\/02\/performance-1024x1024.png 1024w, https:\/\/observatoriodelplacer.com\/wp-content\/uploads\/2024\/02\/performance-300x300.png 300w, https:\/\/observatoriodelplacer.com\/wp-content\/uploads\/2024\/02\/performance-150x150.png 150w, https:\/\/observatoriodelplacer.com\/wp-content\/uploads\/2024\/02\/performance-768x768.png 768w, https:\/\/observatoriodelplacer.com\/wp-content\/uploads\/2024\/02\/performance.png 1080w\" sizes=\"auto, (max-width: 1024px) 100vw, 1024px\" \/><\/figure>\n\n\n\n<p><\/p>\n<\/div>\n<\/div>","protected":false},"excerpt":{"rendered":"<p>Jueves 21 de marzo \u00b7 19h &#8211; englishFacilita Ron Hades Ron imparte talleres sobre diversos temas, incluido el bondage con cuerdas. Durante sus talleres, Ron lleva a las personas a un espacio m\u00e1s seguro donde no hay estructuras excesivas, categor\u00edas ni nombres, para que todes puedan seguir el camino hacia el desarrollo personal.Esta actuaci\u00f3n ser\u00e1 [&hellip;]<\/p>\n","protected":false},"author":1,"featured_media":0,"parent":0,"menu_order":0,"comment_status":"closed","ping_status":"closed","template":"","meta":{"site-sidebar-layout":"default","site-content-layout":"","ast-site-content-layout":"","site-content-style":"default","site-sidebar-style":"default","ast-global-header-display":"","ast-banner-title-visibility":"","ast-main-header-display":"","ast-hfb-above-header-display":"","ast-hfb-below-header-display":"","ast-hfb-mobile-header-display":"","site-post-title":"","ast-breadcrumbs-content":"","ast-featured-img":"","footer-sml-layout":"","theme-transparent-header-meta":"","adv-header-id-meta":"","stick-header-meta":"","header-above-stick-meta":"","header-main-stick-meta":"","header-below-stick-meta":"","astra-migrate-meta-layouts":"default","ast-page-background-enabled":"default","ast-page-background-meta":{"desktop":{"background-color":"var(--ast-global-color-4)","background-image":"","background-repeat":"repeat","background-position":"center center","background-size":"auto","background-attachment":"scroll","background-type":"","background-media":"","overlay-type":"","overlay-color":"","overlay-opacity":"","overlay-gradient":""},"tablet":{"background-color":"","background-image":"","background-repeat":"repeat","background-position":"center center","background-size":"auto","background-attachment":"scroll","background-type":"","background-media":"","overlay-type":"","overlay-color":"","overlay-opacity":"","overlay-gradient":""},"mobile":{"background-color":"","background-image":"","background-repeat":"repeat","background-position":"center center","background-size":"auto","background-attachment":"scroll","background-type":"","background-media":"","overlay-type":"","overlay-color":"","overlay-opacity":"","overlay-gradient":""}},"ast-content-background-meta":{"desktop":{"background-color":"var(--ast-global-color-5)","background-image":"","background-repeat":"repeat","background-position":"center center","background-size":"auto","background-attachment":"scroll","background-type":"","background-media":"","overlay-type":"","overlay-color":"","overlay-opacity":"","overlay-gradient":""},"tablet":{"background-color":"var(--ast-global-color-5)","background-image":"","background-repeat":"repeat","background-position":"center center","background-size":"auto","background-attachment":"scroll","background-type":"","background-media":"","overlay-type":"","overlay-color":"","overlay-opacity":"","overlay-gradient":""},"mobile":{"background-color":"var(--ast-global-color-5)","background-image":"","background-repeat":"repeat","background-position":"center center","background-size":"auto","background-attachment":"scroll","background-type":"","background-media":"","overlay-type":"","overlay-color":"","overlay-opacity":"","overlay-gradient":""}},"footnotes":""},"class_list":["post-1911","page","type-page","status-publish","hentry"],"_links":{"self":[{"href":"https:\/\/observatoriodelplacer.com\/en\/wp-json\/wp\/v2\/pages\/1911","targetHints":{"allow":["GET"]}}],"collection":[{"href":"https:\/\/observatoriodelplacer.com\/en\/wp-json\/wp\/v2\/pages"}],"about":[{"href":"https:\/\/observatoriodelplacer.com\/en\/wp-json\/wp\/v2\/types\/page"}],"author":[{"embeddable":true,"href":"https:\/\/observatoriodelplacer.com\/en\/wp-json\/wp\/v2\/users\/1"}],"replies":[{"embeddable":true,"href":"https:\/\/observatoriodelplacer.com\/en\/wp-json\/wp\/v2\/comments?post=1911"}],"version-history":[{"count":5,"href":"https:\/\/observatoriodelplacer.com\/en\/wp-json\/wp\/v2\/pages\/1911\/revisions"}],"predecessor-version":[{"id":1931,"href":"https:\/\/observatoriodelplacer.com\/en\/wp-json\/wp\/v2\/pages\/1911\/revisions\/1931"}],"wp:attachment":[{"href":"https:\/\/observatoriodelplacer.com\/en\/wp-json\/wp\/v2\/media?parent=1911"}],"curies":[{"name":"wp","href":"https:\/\/api.w.org\/{rel}","templated":true}]}}