{"id":1953,"date":"2024-02-19T17:07:11","date_gmt":"2024-02-19T15:07:11","guid":{"rendered":"https:\/\/observatoriodelplacer.com\/?page_id=1953"},"modified":"2025-02-27T21:22:17","modified_gmt":"2025-02-27T19:22:17","slug":"cannibalism-por-kulshedra-y-zelie-dp","status":"publish","type":"page","link":"https:\/\/observatoriodelplacer.com\/en\/cannibalism-por-kulshedra-y-zelie-dp\/","title":{"rendered":"Cannibalism by KULSHEDRA and Z\u00e9lie DP"},"content":{"rendered":"<div class=\"wp-block-columns is-layout-flex wp-container-core-columns-is-layout-28f84493 wp-block-columns-is-layout-flex\">\n<div class=\"wp-block-column is-layout-flow wp-block-column-is-layout-flow\">\n<h5 class=\"wp-block-heading\">_ Residence April 15-19, 2024<br>_ <a href=\"https:\/\/observatoriodelplacer.com\/en\/cannibalism-por-kulshedra-y-zelie-dp\/#taller\" data-type=\"page\" data-id=\"1953\">Taller 18<\/a> y <a href=\"https:\/\/observatoriodelplacer.com\/en\/cannibalism-por-kulshedra-y-zelie-dp\/#performance\">performance 19<\/a> de abril<\/h5>\n\n\n\n<p>Cannibalism es un t\u00e9rmino que data de la \u00e9poca de Col\u00f3n y se utilizaba para deshumanizar a los habitantes ind\u00edgenas de las tierras que los europeos vinieron a colonizar. Esta investigaci\u00f3n propone revertir este concepto blanco y occidental hacia nosotres mismes e interrogar nuestra propia blancura a trav\u00e9s de \u00e9l. <\/p>\n\n\n\n<p>Si el canibalismo (como el acto concreto de comer carne humana) se produjo de muchas formas en Europa, proponemos examinar esta noci\u00f3n con una visi\u00f3n m\u00e1s amplia. Podr\u00eda entenderse como un conjunto de pr\u00e1cticas deshumanizantes basadas en el predeseo de la carne de le otre, acciones que terminan en aniquilar y destruir el objeto de este deseo. Como somos artistas AFAB blanques y sanes, nuestra investigaci\u00f3n se centrar\u00e1 en lo que experimentamos. Aplicado a las teor\u00edas feministas y queer, el canibalismo podr\u00eda enmarcarse como el deseo masculino construido sobre cuerpos \u00abfemeninos\u00bb que en la cultura occidental resulta en violencia sexual y de g\u00e9nero.<\/p>\n\n\n\n<p>We will be investigating patternal gestures of these objectifying structures by imposing them on each other\u2019s bodies. Slapping, biting, hair- and breast-pulling or hip bending will be inflicted on each other.  Nonetheless as it is two female-assigned and queer bodies sharing similar background stories, the research hypothesis we formulate is that the cannibalistic polarity could be disrupted, these gestures un-meant up until the point where the teasing of the flesh would be uncovered as non-sexual and non-gendered pleasures; forms of queer body interactions could offer a different direction to this pre-(eating) human desire of the other\u2019s flesh.<\/p>\n\n\n\n<hr class=\"wp-block-separator has-alpha-channel-opacity\"\/>\n\n\n\n<h5 class=\"wp-block-heading\" id=\"taller\"><strong>WORKSHOP<\/strong> 18 de abril<\/h5>\n\n\n\n<p>In this workshop we will question eroticism and archetypes of pleasure associated with it.<\/p>\n\n\n\n<p>Personal experience of sexual trauma and power dynamics led us to find new ways of connecting to our bodies reclaiming forbidden aspects of ourselves.<\/p>\n\n\n\n<p>In the context our <a href=\"https:\/\/observatoriodelplacer.com\/en\/cannibalism-por-kulshedra-y-zelie-dp\/\" data-type=\"page\" data-id=\"1953\">residencia en Observatorio del Placer<\/a>, we would like to share with you our practices and explorations. Each participant will find ways to reconnect with their personal sexual experiences and challenge what we already know of it. Through guided exercises of body work, breathing and massage therapy we aim to reinforce intuition and creativity.<\/p>\n\n\n\n<p>In the timeframe of this workshop, we propose ways to identify places of the body where trauma is stored and to reframe body pleasures. This intends to experience sensuality and touch from a queer perspective.<\/p>\n\n\n\n<p>We would like to be transparent that it can be triggering and uncomfortable to come to that. We will make time to talk and share about what could be coming up in that process.<\/p>\n\n\n\n<p>Coming from a perspective of social justice and intersectional feminism, we welcome everyone called by this workshop.<\/p>\n\n\n\n<hr class=\"wp-block-separator has-alpha-channel-opacity\"\/>\n\n\n\n<h5 class=\"wp-block-heading\" id=\"performance\">_ <strong>PERFORMANCE<\/strong> 19 abril<\/h5>\n\n\n\n<p>El canibalismo (en el contexto occidental) suele definirse como el deseo incondicional de carne humana hasta el punto de comerla y aniquilarla. El\/la\/le otrx humano ya no es un sujeto libre sino un objeto que unx mismx puede comer. Esta performance apuesta por mostrar que no existe una carne humana universal, ni su deseo colegiado. Aplicado a las teor\u00edas feministas, el canibalismo se encuadrar\u00eda como el deseo masculino construido sobre cuerpos \u00abfemeninos\u00bb que resulta en violencia sexual y de g\u00e9nero. Investigaremos los gestos patrones de estas estructuras objetivantes imponi\u00e9ndolas en los cuerpos de cada unx.<\/p>\n\n\n\n<p>Bofetadas, mordiscos, tirones de pelo y pechos o flexiones de cadera se infligir\u00e1n unxs a otrzs, insinuando nuestra destrucci\u00f3n. Pero en escena hay dos cuerpos asignados por mujeres que comparten historias extra\u00f1as similares. La polaridad can\u00edbal se ve as\u00ed al mismo tiempo perturbada: estos gestos significan no-intencionados hasta el punto en que las burlas de la carne se revelar\u00edan como placeres no sexuales ni de g\u00e9nero; Formas de interacciones corporales queer podr\u00edan ofrecer una direcci\u00f3n diferente a este deseo humano previo a (comer) la carne del\/x otrx.<\/p>\n\n\n\n<hr class=\"wp-block-separator has-alpha-channel-opacity\"\/>\n\n\n\n<h2 class=\"wp-block-heading\">Memoria tras la residencia<\/h2>\n\n\n\n<h4 class=\"wp-block-heading\">I LOVE DOGGY STYLE, CANNIBALISM69<\/h4>\n\n\n\n<p>Ya sea en la performance o en el taller, investigamos sobre las estructuras corporales de la dominaci\u00f3n no consensual, las pr\u00e1cticas can\u00edbales occidentales que deshumanizan y consumen los cuerpos. Nos colocamos fuera de la urgencia de reparar y fijar estos traumas para cuestionar las formas de rendirnos a ellos sin poseerlos ni ser pose\u00eddos por ellos. Esta cita de Avgi Saketopoulou en una de sus entrevistas para su libro \u00abSexualidad m\u00e1s all\u00e1 del consentimiento: riesgo, raza, traumatofilia\u00bb nos inspir\u00f3: \u00ab\u00bfQu\u00e9 tipo de nuevos yoes, hilaturas surgen del trauma, cuando surge en el dominio de lo er\u00f3tico, el dominio de la est\u00e9tica?\u00bb.<\/p>\n\n\n\n<p>Tanto la pieza (1 hora) como el taller fueron iniciados por dos personas trans blancas, no binaries, afab y sin discapacidades, con \u00e9nfasis en nuestros traumas sexuales y er\u00f3ticos.<\/p>\n\n\n\n<hr class=\"wp-block-separator has-alpha-channel-opacity\"\/>\n\n\n\n<h2 class=\"wp-block-heading\"><strong>KULSHEDRA<\/strong> (he\/they) <\/h2>\n\n\n\n<p>Is a movement artist, performer, teacher, pleasure activist, body worker, who grew up in Albania and Italy and is currently based in Berlin. They have been performing exclusively for queer and multidisciplinary events that focus on coming together and giving a big f uck y ou to social norms of purity.<br><strong><a href=\"https:\/\/www.instagram.com\/unlocked_kulshedra\/\" target=\"_blank\" rel=\"noreferrer noopener\">https:\/\/www.instagram.com\/unlocked_kulshedra\/<\/a><\/strong><\/p>\n\n\n\n<h2 class=\"wp-block-heading\"><strong>Z\u00e9lie DP<\/strong> (they\/them) <\/h2>\n\n\n\n<p>Is a white French abled-bodied afab non-binary artist based in Berlin whose both performance and filmmaking practices question queerness, sexuality and sexual\/gender-based violence as social constructs that can be undone.<br><strong><a href=\"https:\/\/www.instagram.com\/dizzzy_raw_\/\" target=\"_blank\" rel=\"noreferrer noopener\">https:\/\/www.instagram.com\/dizzzy_raw_\/<\/a><\/strong><\/p>\n<\/div>\n\n\n\n<div class=\"wp-block-column is-layout-flow wp-block-column-is-layout-flow\" style=\"flex-basis:30%\">\n<figure class=\"wp-block-image size-large\"><img loading=\"lazy\" decoding=\"async\" width=\"1024\" height=\"1024\" src=\"https:\/\/observatoriodelplacer.com\/wp-content\/uploads\/2025\/02\/cannibalism-1024x1024.png\" alt=\"\" class=\"wp-image-3532\" srcset=\"https:\/\/observatoriodelplacer.com\/wp-content\/uploads\/2025\/02\/cannibalism-1024x1024.png 1024w, https:\/\/observatoriodelplacer.com\/wp-content\/uploads\/2025\/02\/cannibalism-300x300.png 300w, https:\/\/observatoriodelplacer.com\/wp-content\/uploads\/2025\/02\/cannibalism-150x150.png 150w, https:\/\/observatoriodelplacer.com\/wp-content\/uploads\/2025\/02\/cannibalism-768x768.png 768w, https:\/\/observatoriodelplacer.com\/wp-content\/uploads\/2025\/02\/cannibalism-12x12.png 12w, https:\/\/observatoriodelplacer.com\/wp-content\/uploads\/2025\/02\/cannibalism.png 1080w\" sizes=\"auto, (max-width: 1024px) 100vw, 1024px\" \/><\/figure>\n\n\n\n<figure class=\"wp-block-image size-large\"><img loading=\"lazy\" decoding=\"async\" width=\"1024\" height=\"578\" src=\"https:\/\/observatoriodelplacer.com\/wp-content\/uploads\/2024\/11\/Captura-de-pantalla-2024-11-01-a-las-9.58.41-1024x578.png\" alt=\"Cannibalism por KULSHEDRA y Z\u00e9lie DP - perfomance - residencia art\u00edstica\" class=\"wp-image-3047\" srcset=\"https:\/\/observatoriodelplacer.com\/wp-content\/uploads\/2024\/11\/Captura-de-pantalla-2024-11-01-a-las-9.58.41-1024x578.png 1024w, https:\/\/observatoriodelplacer.com\/wp-content\/uploads\/2024\/11\/Captura-de-pantalla-2024-11-01-a-las-9.58.41-300x169.png 300w, https:\/\/observatoriodelplacer.com\/wp-content\/uploads\/2024\/11\/Captura-de-pantalla-2024-11-01-a-las-9.58.41-768x434.png 768w, https:\/\/observatoriodelplacer.com\/wp-content\/uploads\/2024\/11\/Captura-de-pantalla-2024-11-01-a-las-9.58.41-1536x867.png 1536w, https:\/\/observatoriodelplacer.com\/wp-content\/uploads\/2024\/11\/Captura-de-pantalla-2024-11-01-a-las-9.58.41-18x10.png 18w, https:\/\/observatoriodelplacer.com\/wp-content\/uploads\/2024\/11\/Captura-de-pantalla-2024-11-01-a-las-9.58.41.png 2040w\" sizes=\"auto, (max-width: 1024px) 100vw, 1024px\" \/><\/figure>\n\n\n\n<p>Performance filmed by Cande<\/p>\n\n\n\n<figure class=\"wp-block-image size-large\"><img loading=\"lazy\" decoding=\"async\" width=\"1024\" height=\"578\" src=\"https:\/\/observatoriodelplacer.com\/wp-content\/uploads\/2024\/11\/Captura-de-pantalla-2024-11-01-a-las-9.59.23-1024x578.png\" alt=\"Cannibalism por KULSHEDRA y Z\u00e9lie DP - perfomance - residencia art\u00edstica\" class=\"wp-image-3048\" srcset=\"https:\/\/observatoriodelplacer.com\/wp-content\/uploads\/2024\/11\/Captura-de-pantalla-2024-11-01-a-las-9.59.23-1024x578.png 1024w, https:\/\/observatoriodelplacer.com\/wp-content\/uploads\/2024\/11\/Captura-de-pantalla-2024-11-01-a-las-9.59.23-300x169.png 300w, https:\/\/observatoriodelplacer.com\/wp-content\/uploads\/2024\/11\/Captura-de-pantalla-2024-11-01-a-las-9.59.23-768x434.png 768w, https:\/\/observatoriodelplacer.com\/wp-content\/uploads\/2024\/11\/Captura-de-pantalla-2024-11-01-a-las-9.59.23-1536x867.png 1536w, https:\/\/observatoriodelplacer.com\/wp-content\/uploads\/2024\/11\/Captura-de-pantalla-2024-11-01-a-las-9.59.23-18x10.png 18w, https:\/\/observatoriodelplacer.com\/wp-content\/uploads\/2024\/11\/Captura-de-pantalla-2024-11-01-a-las-9.59.23.png 2040w\" sizes=\"auto, (max-width: 1024px) 100vw, 1024px\" \/><\/figure>\n\n\n\n<figure class=\"wp-block-image size-large\"><img loading=\"lazy\" decoding=\"async\" width=\"1024\" height=\"578\" src=\"https:\/\/observatoriodelplacer.com\/wp-content\/uploads\/2024\/11\/Captura-de-pantalla-2024-11-01-a-las-10.00.08-1024x578.png\" alt=\"Cannibalism por KULSHEDRA y Z\u00e9lie DP - perfomance - residencia art\u00edstica\" class=\"wp-image-3049\" srcset=\"https:\/\/observatoriodelplacer.com\/wp-content\/uploads\/2024\/11\/Captura-de-pantalla-2024-11-01-a-las-10.00.08-1024x578.png 1024w, https:\/\/observatoriodelplacer.com\/wp-content\/uploads\/2024\/11\/Captura-de-pantalla-2024-11-01-a-las-10.00.08-300x169.png 300w, https:\/\/observatoriodelplacer.com\/wp-content\/uploads\/2024\/11\/Captura-de-pantalla-2024-11-01-a-las-10.00.08-768x434.png 768w, https:\/\/observatoriodelplacer.com\/wp-content\/uploads\/2024\/11\/Captura-de-pantalla-2024-11-01-a-las-10.00.08-1536x867.png 1536w, https:\/\/observatoriodelplacer.com\/wp-content\/uploads\/2024\/11\/Captura-de-pantalla-2024-11-01-a-las-10.00.08-18x10.png 18w, https:\/\/observatoriodelplacer.com\/wp-content\/uploads\/2024\/11\/Captura-de-pantalla-2024-11-01-a-las-10.00.08.png 2040w\" sizes=\"auto, (max-width: 1024px) 100vw, 1024px\" \/><\/figure>\n\n\n\n<figure class=\"wp-block-image size-large\"><img loading=\"lazy\" decoding=\"async\" width=\"1024\" height=\"571\" src=\"https:\/\/observatoriodelplacer.com\/wp-content\/uploads\/2024\/11\/Captura-de-pantalla-2024-11-01-a-las-10.10.19-1024x571.png\" alt=\"Cannibalism por KULSHEDRA y Z\u00e9lie DP - perfomance - residencia art\u00edstica\" class=\"wp-image-3054\" srcset=\"https:\/\/observatoriodelplacer.com\/wp-content\/uploads\/2024\/11\/Captura-de-pantalla-2024-11-01-a-las-10.10.19-1024x571.png 1024w, https:\/\/observatoriodelplacer.com\/wp-content\/uploads\/2024\/11\/Captura-de-pantalla-2024-11-01-a-las-10.10.19-300x167.png 300w, https:\/\/observatoriodelplacer.com\/wp-content\/uploads\/2024\/11\/Captura-de-pantalla-2024-11-01-a-las-10.10.19-768x428.png 768w, https:\/\/observatoriodelplacer.com\/wp-content\/uploads\/2024\/11\/Captura-de-pantalla-2024-11-01-a-las-10.10.19-1536x856.png 1536w, https:\/\/observatoriodelplacer.com\/wp-content\/uploads\/2024\/11\/Captura-de-pantalla-2024-11-01-a-las-10.10.19-18x10.png 18w, https:\/\/observatoriodelplacer.com\/wp-content\/uploads\/2024\/11\/Captura-de-pantalla-2024-11-01-a-las-10.10.19.png 1798w\" sizes=\"auto, (max-width: 1024px) 100vw, 1024px\" \/><\/figure>\n\n\n\n<figure class=\"wp-block-image size-large\"><img loading=\"lazy\" decoding=\"async\" width=\"1024\" height=\"571\" src=\"https:\/\/observatoriodelplacer.com\/wp-content\/uploads\/2024\/11\/Captura-de-pantalla-2024-11-01-a-las-10.10.04-1024x571.png\" alt=\"Cannibalism por KULSHEDRA y Z\u00e9lie DP - perfomance - residencia art\u00edstica\" class=\"wp-image-3056\" srcset=\"https:\/\/observatoriodelplacer.com\/wp-content\/uploads\/2024\/11\/Captura-de-pantalla-2024-11-01-a-las-10.10.04-1024x571.png 1024w, https:\/\/observatoriodelplacer.com\/wp-content\/uploads\/2024\/11\/Captura-de-pantalla-2024-11-01-a-las-10.10.04-300x167.png 300w, https:\/\/observatoriodelplacer.com\/wp-content\/uploads\/2024\/11\/Captura-de-pantalla-2024-11-01-a-las-10.10.04-768x428.png 768w, https:\/\/observatoriodelplacer.com\/wp-content\/uploads\/2024\/11\/Captura-de-pantalla-2024-11-01-a-las-10.10.04-1536x856.png 1536w, https:\/\/observatoriodelplacer.com\/wp-content\/uploads\/2024\/11\/Captura-de-pantalla-2024-11-01-a-las-10.10.04-18x10.png 18w, https:\/\/observatoriodelplacer.com\/wp-content\/uploads\/2024\/11\/Captura-de-pantalla-2024-11-01-a-las-10.10.04.png 1798w\" sizes=\"auto, (max-width: 1024px) 100vw, 1024px\" \/><\/figure>\n\n\n\n<figure class=\"wp-block-image size-large\"><img loading=\"lazy\" decoding=\"async\" width=\"1024\" height=\"571\" src=\"https:\/\/observatoriodelplacer.com\/wp-content\/uploads\/2024\/11\/Captura-de-pantalla-2024-11-01-a-las-10.10.29-1024x571.png\" alt=\"Cannibalism por KULSHEDRA y Z\u00e9lie DP - perfomance - residencia art\u00edstica\" class=\"wp-image-3055\" srcset=\"https:\/\/observatoriodelplacer.com\/wp-content\/uploads\/2024\/11\/Captura-de-pantalla-2024-11-01-a-las-10.10.29-1024x571.png 1024w, https:\/\/observatoriodelplacer.com\/wp-content\/uploads\/2024\/11\/Captura-de-pantalla-2024-11-01-a-las-10.10.29-300x167.png 300w, https:\/\/observatoriodelplacer.com\/wp-content\/uploads\/2024\/11\/Captura-de-pantalla-2024-11-01-a-las-10.10.29-768x428.png 768w, https:\/\/observatoriodelplacer.com\/wp-content\/uploads\/2024\/11\/Captura-de-pantalla-2024-11-01-a-las-10.10.29-1536x856.png 1536w, https:\/\/observatoriodelplacer.com\/wp-content\/uploads\/2024\/11\/Captura-de-pantalla-2024-11-01-a-las-10.10.29-18x10.png 18w, https:\/\/observatoriodelplacer.com\/wp-content\/uploads\/2024\/11\/Captura-de-pantalla-2024-11-01-a-las-10.10.29.png 1798w\" sizes=\"auto, (max-width: 1024px) 100vw, 1024px\" \/><\/figure>\n\n\n\n<figure class=\"wp-block-image size-large\"><img loading=\"lazy\" decoding=\"async\" width=\"1024\" height=\"578\" src=\"https:\/\/observatoriodelplacer.com\/wp-content\/uploads\/2024\/11\/Captura-de-pantalla-2024-11-01-a-las-10.01.10-1024x578.png\" alt=\"Cannibalism por KULSHEDRA y Z\u00e9lie DP - perfomance - residencia art\u00edstica\" class=\"wp-image-3050\" srcset=\"https:\/\/observatoriodelplacer.com\/wp-content\/uploads\/2024\/11\/Captura-de-pantalla-2024-11-01-a-las-10.01.10-1024x578.png 1024w, https:\/\/observatoriodelplacer.com\/wp-content\/uploads\/2024\/11\/Captura-de-pantalla-2024-11-01-a-las-10.01.10-300x169.png 300w, https:\/\/observatoriodelplacer.com\/wp-content\/uploads\/2024\/11\/Captura-de-pantalla-2024-11-01-a-las-10.01.10-768x434.png 768w, https:\/\/observatoriodelplacer.com\/wp-content\/uploads\/2024\/11\/Captura-de-pantalla-2024-11-01-a-las-10.01.10-1536x867.png 1536w, https:\/\/observatoriodelplacer.com\/wp-content\/uploads\/2024\/11\/Captura-de-pantalla-2024-11-01-a-las-10.01.10-18x10.png 18w, https:\/\/observatoriodelplacer.com\/wp-content\/uploads\/2024\/11\/Captura-de-pantalla-2024-11-01-a-las-10.01.10.png 2040w\" sizes=\"auto, (max-width: 1024px) 100vw, 1024px\" \/><\/figure>\n\n\n\n<figure class=\"wp-block-image size-large\"><img loading=\"lazy\" decoding=\"async\" width=\"1024\" height=\"578\" src=\"https:\/\/observatoriodelplacer.com\/wp-content\/uploads\/2024\/11\/Captura-de-pantalla-2024-11-01-a-las-10.01.36-1024x578.png\" alt=\"Cannibalism por KULSHEDRA y Z\u00e9lie DP - perfomance - residencia art\u00edstica\" class=\"wp-image-3052\" srcset=\"https:\/\/observatoriodelplacer.com\/wp-content\/uploads\/2024\/11\/Captura-de-pantalla-2024-11-01-a-las-10.01.36-1024x578.png 1024w, https:\/\/observatoriodelplacer.com\/wp-content\/uploads\/2024\/11\/Captura-de-pantalla-2024-11-01-a-las-10.01.36-300x169.png 300w, https:\/\/observatoriodelplacer.com\/wp-content\/uploads\/2024\/11\/Captura-de-pantalla-2024-11-01-a-las-10.01.36-768x434.png 768w, https:\/\/observatoriodelplacer.com\/wp-content\/uploads\/2024\/11\/Captura-de-pantalla-2024-11-01-a-las-10.01.36-1536x867.png 1536w, https:\/\/observatoriodelplacer.com\/wp-content\/uploads\/2024\/11\/Captura-de-pantalla-2024-11-01-a-las-10.01.36-18x10.png 18w, https:\/\/observatoriodelplacer.com\/wp-content\/uploads\/2024\/11\/Captura-de-pantalla-2024-11-01-a-las-10.01.36.png 2040w\" sizes=\"auto, (max-width: 1024px) 100vw, 1024px\" \/><\/figure>\n\n\n\n<figure class=\"wp-block-image size-large\"><img loading=\"lazy\" decoding=\"async\" width=\"576\" height=\"1024\" src=\"https:\/\/observatoriodelplacer.com\/wp-content\/uploads\/2024\/02\/WhatsApp-Image-2024-02-15-at-15.41.42-576x1024.jpeg\" alt=\"Cannibalism por KULSHEDRA y Z\u00e9lie DP\" class=\"wp-image-1956\" srcset=\"https:\/\/observatoriodelplacer.com\/wp-content\/uploads\/2024\/02\/WhatsApp-Image-2024-02-15-at-15.41.42-576x1024.jpeg 576w, https:\/\/observatoriodelplacer.com\/wp-content\/uploads\/2024\/02\/WhatsApp-Image-2024-02-15-at-15.41.42-169x300.jpeg 169w, https:\/\/observatoriodelplacer.com\/wp-content\/uploads\/2024\/02\/WhatsApp-Image-2024-02-15-at-15.41.42.jpeg 750w\" sizes=\"auto, (max-width: 576px) 100vw, 576px\" \/><\/figure>\n<\/div>\n<\/div>\n\n\n\n<div style=\"height:100px\" aria-hidden=\"true\" class=\"wp-block-spacer\"><\/div>\n\n\n\n<figure class=\"wp-block-image size-full\"><img loading=\"lazy\" decoding=\"async\" width=\"100\" height=\"34\" src=\"https:\/\/observatoriodelplacer.com\/wp-content\/uploads\/2024\/08\/logo-3.png\" alt=\"\" class=\"wp-image-2597\" srcset=\"https:\/\/observatoriodelplacer.com\/wp-content\/uploads\/2024\/08\/logo-3.png 100w, https:\/\/observatoriodelplacer.com\/wp-content\/uploads\/2024\/08\/logo-3-18x6.png 18w\" sizes=\"auto, (max-width: 100px) 100vw, 100px\" \/><figcaption class=\"wp-element-caption\">The OdP 2024 artistic residency project receives support from Barcelona City Council.<\/figcaption><\/figure>","protected":false},"excerpt":{"rendered":"<p>_ Residencia 15-19 de abril 2024_ Taller 18 y performance 19 de abril Cannibalism es un t\u00e9rmino que data de la \u00e9poca de Col\u00f3n y se utilizaba para deshumanizar a los habitantes ind\u00edgenas de las tierras que los europeos vinieron a colonizar. Esta investigaci\u00f3n propone revertir este concepto blanco y occidental hacia nosotres mismes e [&hellip;]<\/p>\n","protected":false},"author":1,"featured_media":0,"parent":0,"menu_order":0,"comment_status":"closed","ping_status":"closed","template":"","meta":{"site-sidebar-layout":"default","site-content-layout":"","ast-site-content-layout":"default","site-content-style":"default","site-sidebar-style":"default","ast-global-header-display":"","ast-banner-title-visibility":"","ast-main-header-display":"","ast-hfb-above-header-display":"","ast-hfb-below-header-display":"","ast-hfb-mobile-header-display":"","site-post-title":"","ast-breadcrumbs-content":"","ast-featured-img":"","footer-sml-layout":"","theme-transparent-header-meta":"","adv-header-id-meta":"","stick-header-meta":"","header-above-stick-meta":"","header-main-stick-meta":"","header-below-stick-meta":"","astra-migrate-meta-layouts":"set","ast-page-background-enabled":"default","ast-page-background-meta":{"desktop":{"background-color":"var(--ast-global-color-4)","background-image":"","background-repeat":"repeat","background-position":"center center","background-size":"auto","background-attachment":"scroll","background-type":"","background-media":"","overlay-type":"","overlay-color":"","overlay-opacity":"","overlay-gradient":""},"tablet":{"background-color":"","background-image":"","background-repeat":"repeat","background-position":"center center","background-size":"auto","background-attachment":"scroll","background-type":"","background-media":"","overlay-type":"","overlay-color":"","overlay-opacity":"","overlay-gradient":""},"mobile":{"background-color":"","background-image":"","background-repeat":"repeat","background-position":"center center","background-size":"auto","background-attachment":"scroll","background-type":"","background-media":"","overlay-type":"","overlay-color":"","overlay-opacity":"","overlay-gradient":""}},"ast-content-background-meta":{"desktop":{"background-color":"var(--ast-global-color-5)","background-image":"","background-repeat":"repeat","background-position":"center center","background-size":"auto","background-attachment":"scroll","background-type":"","background-media":"","overlay-type":"","overlay-color":"","overlay-opacity":"","overlay-gradient":""},"tablet":{"background-color":"var(--ast-global-color-5)","background-image":"","background-repeat":"repeat","background-position":"center center","background-size":"auto","background-attachment":"scroll","background-type":"","background-media":"","overlay-type":"","overlay-color":"","overlay-opacity":"","overlay-gradient":""},"mobile":{"background-color":"var(--ast-global-color-5)","background-image":"","background-repeat":"repeat","background-position":"center center","background-size":"auto","background-attachment":"scroll","background-type":"","background-media":"","overlay-type":"","overlay-color":"","overlay-opacity":"","overlay-gradient":""}},"footnotes":""},"class_list":["post-1953","page","type-page","status-publish","hentry"],"_links":{"self":[{"href":"https:\/\/observatoriodelplacer.com\/en\/wp-json\/wp\/v2\/pages\/1953","targetHints":{"allow":["GET"]}}],"collection":[{"href":"https:\/\/observatoriodelplacer.com\/en\/wp-json\/wp\/v2\/pages"}],"about":[{"href":"https:\/\/observatoriodelplacer.com\/en\/wp-json\/wp\/v2\/types\/page"}],"author":[{"embeddable":true,"href":"https:\/\/observatoriodelplacer.com\/en\/wp-json\/wp\/v2\/users\/1"}],"replies":[{"embeddable":true,"href":"https:\/\/observatoriodelplacer.com\/en\/wp-json\/wp\/v2\/comments?post=1953"}],"version-history":[{"count":25,"href":"https:\/\/observatoriodelplacer.com\/en\/wp-json\/wp\/v2\/pages\/1953\/revisions"}],"predecessor-version":[{"id":3550,"href":"https:\/\/observatoriodelplacer.com\/en\/wp-json\/wp\/v2\/pages\/1953\/revisions\/3550"}],"wp:attachment":[{"href":"https:\/\/observatoriodelplacer.com\/en\/wp-json\/wp\/v2\/media?parent=1953"}],"curies":[{"name":"wp","href":"https:\/\/api.w.org\/{rel}","templated":true}]}}