{"id":2,"date":"2021-08-11T15:42:08","date_gmt":"2021-08-11T15:42:08","guid":{"rendered":"https:\/\/observatoriodelplacer.com\/?page_id=2"},"modified":"2026-02-08T12:34:02","modified_gmt":"2026-02-08T10:34:02","slug":"nosotres","status":"publish","type":"page","link":"https:\/\/observatoriodelplacer.com\/en\/","title":{"rendered":"We"},"content":{"rendered":"<div class=\"wp-block-columns is-layout-flex wp-container-core-columns-is-layout-28f84493 wp-block-columns-is-layout-flex\">\n<div class=\"wp-block-column is-layout-flow wp-block-column-is-layout-flow\">\n<p>Queridxs,<br>Lo primero de todo.<br>\u00a1GRACIAS, GRACIAS, GRACIAS por todo el apoyo recibido durante esta campa\u00f1a!<\/p>\n\n\n\n<p>Desde noviembre han sido unos meses muy complicados y vuestra ayuda ha sido como rayos de luz y brisa fresca. Nos ha dado soporte material y emocional, pues hemos visto como realmente estos a\u00f1os de proyecto de Observatorio del Placer han creado realmente comunidad y red, llegando a un alcance que nos ha llenado de emoci\u00f3n. Ha sido un proceso que nos ha emocionado y a la vez motivado a seguir luchando por el proyecto.<\/p>\n\n\n\n<p>Dicho esto\u2026 Cerramos el espacio f\u00edsico donde nos reun\u00edamos en Barcelona.<br>No hemos conseguido remontar todos los problemas que por diversos lados han surgido y hemos decidido fracasar, y soltar\u2026 Y con ello dejar paso a otros procesos, otras maneras y mutar!<\/p>\n\n\n\n<p>Ahora el tiempo que viene es un poco incierto, necesitamos descansar y re-enfocar. Volver a so\u00f1ar con otras maneras. El proyecto sigue vivo y est\u00e1 mutando. Pronto os contaremos m\u00e1s pues estamos muy agradecidas y queremos que se\u00e1is parte.<\/p>\n\n\n\n<p>De nuevo gracias! por la parte material! El dinero recibido ha servido para cubrir el alquiler y los gastos de estos meses, pues desde que en noviembre nos bloquearon el espacio, no tuvimos manera de generar ingresos y no ten\u00edamos los recursos para gestionar todo esto.<\/p>\n\n\n\n<p>Y gracias otra vez!! por la parte emocional. De verdad que ha sido muy bello todo el soporte y fuerza que nos hab\u00e9is compartido. Vemos vuestro aprecio por el proyecto de Observatorio del Placer y nos llega al fondo de nuestras pieles, entra\u00f1as, mucosas y corazoncitos.<\/p>\n\n\n\n<p>GRACIAS! pronto iremos comunicando m\u00e1s. Ahora mutamos.<br>GRACIAS!<\/p>\n\n\n\n<hr class=\"wp-block-separator has-alpha-channel-opacity\"\/>\n\n\n\n<p>Observatorio del Placer It is a space for embodied inquiry, somatic speculation, and intra-active exploration of sexuality and its intersections with ecoqueer, more-than-human, and regimes of desire.<\/p>\n\n\n\n<p> We move from curiosity, inquiry, and experimentation, activating spaces where pleasure unfolds as a territory of affections, ecologies, and vibrant bodies.<\/p>\n\n\n\n<p>We don't seek to define sexuality, but rather to explore its evolution, the ways in which it is inscribed, expands, and escapes normative frameworks. We are interested in what goes beyond language, what occurs at the margins of representation, and what is interwoven beyond identity.<\/p>\n\n\n\n<p>From a post-identity and relational perspective, we understand sexuality as a process of intra-action: a field in which humans, more-than-humans, memories, and materials affect each other, generating new choreographies of pleasure and presence.<\/p>\n\n\n\n<p class=\"has-text-align-left\">Observatorio del Placer It's not a space for answers, but for questions in motion. An invitation to tune into desire as a speculative force, to explore other ways of inhabiting pleasure, and to create stories that allow us to imagine more porous, interdependent, and sensual worlds.<\/p>\n<\/div>\n\n\n\n<div class=\"wp-block-column is-layout-flow wp-block-column-is-layout-flow\" style=\"flex-basis:35%\">\n<figure class=\"wp-block-image size-large\"><img loading=\"lazy\" decoding=\"async\" width=\"1024\" height=\"1024\" src=\"https:\/\/observatoriodelplacer.com\/wp-content\/uploads\/2024\/03\/IMG_0215-1024x1024.jpg\" alt=\"observatorio del placer nosotres sexualidad barcelona\" class=\"wp-image-2115\" srcset=\"https:\/\/observatoriodelplacer.com\/wp-content\/uploads\/2024\/03\/IMG_0215-1024x1024.jpg 1024w, https:\/\/observatoriodelplacer.com\/wp-content\/uploads\/2024\/03\/IMG_0215-300x300.jpg 300w, https:\/\/observatoriodelplacer.com\/wp-content\/uploads\/2024\/03\/IMG_0215-150x150.jpg 150w, https:\/\/observatoriodelplacer.com\/wp-content\/uploads\/2024\/03\/IMG_0215-768x768.jpg 768w, https:\/\/observatoriodelplacer.com\/wp-content\/uploads\/2024\/03\/IMG_0215-1536x1536.jpg 1536w, https:\/\/observatoriodelplacer.com\/wp-content\/uploads\/2024\/03\/IMG_0215-2048x2048.jpg 2048w, https:\/\/observatoriodelplacer.com\/wp-content\/uploads\/2024\/03\/IMG_0215-12x12.jpg 12w\" sizes=\"auto, (max-width: 1024px) 100vw, 1024px\" \/><figcaption class=\"wp-element-caption\">ecozorreo image<\/figcaption><\/figure>\n<\/div>\n<\/div>\n\n\n\n<p><\/p>","protected":false},"excerpt":{"rendered":"<p>Queridxs,Lo primero de todo.\u00a1GRACIAS, GRACIAS, GRACIAS por todo el apoyo recibido durante esta campa\u00f1a! Desde noviembre han sido unos meses muy complicados y vuestra ayuda ha sido como rayos de luz y brisa fresca. Nos ha dado soporte material y emocional, pues hemos visto como realmente estos a\u00f1os de proyecto de Observatorio del Placer han [&hellip;]<\/p>\n","protected":false},"author":1,"featured_media":0,"parent":0,"menu_order":0,"comment_status":"closed","ping_status":"closed","template":"","meta":{"site-sidebar-layout":"default","site-content-layout":"","ast-site-content-layout":"default","site-content-style":"default","site-sidebar-style":"default","ast-global-header-display":"","ast-banner-title-visibility":"","ast-main-header-display":"","ast-hfb-above-header-display":"","ast-hfb-below-header-display":"","ast-hfb-mobile-header-display":"","site-post-title":"","ast-breadcrumbs-content":"","ast-featured-img":"","footer-sml-layout":"","theme-transparent-header-meta":"","adv-header-id-meta":"","stick-header-meta":"","header-above-stick-meta":"","header-main-stick-meta":"","header-below-stick-meta":"","astra-migrate-meta-layouts":"set","ast-page-background-enabled":"default","ast-page-background-meta":{"desktop":{"background-color":"var(--ast-global-color-4)","background-image":"","background-repeat":"repeat","background-position":"center center","background-size":"auto","background-attachment":"scroll","background-type":"","background-media":"","overlay-type":"","overlay-color":"","overlay-opacity":"","overlay-gradient":""},"tablet":{"background-color":"","background-image":"","background-repeat":"repeat","background-position":"center center","background-size":"auto","background-attachment":"scroll","background-type":"","background-media":"","overlay-type":"","overlay-color":"","overlay-opacity":"","overlay-gradient":""},"mobile":{"background-color":"","background-image":"","background-repeat":"repeat","background-position":"center center","background-size":"auto","background-attachment":"scroll","background-type":"","background-media":"","overlay-type":"","overlay-color":"","overlay-opacity":"","overlay-gradient":""}},"ast-content-background-meta":{"desktop":{"background-color":"var(--ast-global-color-5)","background-image":"","background-repeat":"repeat","background-position":"center center","background-size":"auto","background-attachment":"scroll","background-type":"","background-media":"","overlay-type":"","overlay-color":"","overlay-opacity":"","overlay-gradient":""},"tablet":{"background-color":"var(--ast-global-color-5)","background-image":"","background-repeat":"repeat","background-position":"center center","background-size":"auto","background-attachment":"scroll","background-type":"","background-media":"","overlay-type":"","overlay-color":"","overlay-opacity":"","overlay-gradient":""},"mobile":{"background-color":"var(--ast-global-color-5)","background-image":"","background-repeat":"repeat","background-position":"center center","background-size":"auto","background-attachment":"scroll","background-type":"","background-media":"","overlay-type":"","overlay-color":"","overlay-opacity":"","overlay-gradient":""}},"footnotes":""},"class_list":["post-2","page","type-page","status-publish","hentry"],"_links":{"self":[{"href":"https:\/\/observatoriodelplacer.com\/en\/wp-json\/wp\/v2\/pages\/2","targetHints":{"allow":["GET"]}}],"collection":[{"href":"https:\/\/observatoriodelplacer.com\/en\/wp-json\/wp\/v2\/pages"}],"about":[{"href":"https:\/\/observatoriodelplacer.com\/en\/wp-json\/wp\/v2\/types\/page"}],"author":[{"embeddable":true,"href":"https:\/\/observatoriodelplacer.com\/en\/wp-json\/wp\/v2\/users\/1"}],"replies":[{"embeddable":true,"href":"https:\/\/observatoriodelplacer.com\/en\/wp-json\/wp\/v2\/comments?post=2"}],"version-history":[{"count":62,"href":"https:\/\/observatoriodelplacer.com\/en\/wp-json\/wp\/v2\/pages\/2\/revisions"}],"predecessor-version":[{"id":4241,"href":"https:\/\/observatoriodelplacer.com\/en\/wp-json\/wp\/v2\/pages\/2\/revisions\/4241"}],"wp:attachment":[{"href":"https:\/\/observatoriodelplacer.com\/en\/wp-json\/wp\/v2\/media?parent=2"}],"curies":[{"name":"wp","href":"https:\/\/api.w.org\/{rel}","templated":true}]}}