{"id":2230,"date":"2024-05-06T20:01:22","date_gmt":"2024-05-06T18:01:22","guid":{"rendered":"https:\/\/observatoriodelplacer.com\/?page_id=2230"},"modified":"2024-05-29T10:45:15","modified_gmt":"2024-05-29T08:45:15","slug":"mandala-erotico","status":"publish","type":"page","link":"https:\/\/observatoriodelplacer.com\/en\/mandala-erotico\/","title":{"rendered":"Mandala er\u00f3tico"},"content":{"rendered":"<div class=\"wp-block-columns is-layout-flex wp-container-core-columns-is-layout-28f84493 wp-block-columns-is-layout-flex\">\n<div class=\"wp-block-column is-layout-flow wp-block-column-is-layout-flow\">\n<p>Regina Carolina Caos and Mina Malo, on the path of research on erotic desire, we have had the opportunity to meet, share learnings and draw an itinerary so that others can accompany us. If eroticism is an instance of encounter with otherness, we have created a space to promote this encounter, using a series of dynamics, the result of individual, collective and professional work, designed to enhance self-knowledge, expand the erotic field and think the collective.&nbsp;<\/p>\n\n\n\n<p>What I wish? How do I wish? What are the limits of my desire? Can we rewrite desire from the imaginary? What happens when we create a collective body? How do you want that body? We believe, however, in the process, more than the answer. We believe in the question as an opening and as a research engine. We want, therefore, to open channels to collectively explore the paths of desire and eroticism, from the wisdom of the body, in an experiential and playful way.<\/p>\n\n\n\n<p>Mandala Erotic is a space to explore desire and promote encounter, designed by Regina Carolina Caos and Mina Malo. A journey with an itinerary composed of different phases (connection, exploration, death and rebirth) where we will create an erotic mandala, that is, a dynamic cartography of collective desire; To do this, we will use breathing, meditation and movement techniques, as well as other sensory and recreational proposals. The key that each visitor will use will be an object of their erotic imagination.<\/p>\n\n\n\n<p><strong>ASSISTANT SPECIFICATIONS<\/strong><\/p>\n\n\n\n<ul class=\"wp-block-list\">\n<li>The erotic mandala consists of five moments, ranging from the beginning of the exploration to the after-care.<\/li>\n\n\n\n<li>Each attendee must bring an object that identifies with their erotic universe and that can be exchanged with the rest of the participants.<\/li>\n\n\n\n<li>Comfortable clothes.<\/li>\n\n\n\n<li>The erotic approach is not explicit, although it is open to contact.<\/li>\n<\/ul>\n\n\n\n<p><em>Activity open to those who investigate their sexuality regardless of the gender or identity of the people they will meet in the experience.<\/em><\/p>\n\n\n\n<p><strong><em>Mandala er\u00f3tico &gt;&gt; s\u00e1bado 8 de junio. 12-15h<\/em><br>Colaboraci\u00f3n experiencia 50\u20ac<\/strong><br>Colaboraci\u00f3n variable seg\u00fan tu situaci\u00f3n actual. 25-75\u20ac<br><a href=\"https:\/\/observatoriodelplacer.com\/en\/colaboracion-variable\/\"><strong>Consult information about variable collaboration<\/strong><\/a><\/p>\n\n\n\n<p class=\"has-ast-global-color-5-color has-text-color has-background\" style=\"background-color:#ff5050\"><strong><strong><strong><em>*** We do not want anyone to be left out of the activities due to economic issues, if this is your case, let us know.<br><\/em>Likewise, Observatorio del Placer is a project in formation, if you want to support us with greater collaboration, it will also be welcome.<\/strong><\/strong><\/strong><\/p>\n\n\n\n<p><strong>MAKE YOUR REGISTRATION THROUGH THIS LINK<\/strong><\/p>\n\n\n\n<p><a href=\"https:\/\/forms.gle\/TAm45TsiaViJzjXi8\" target=\"_blank\" rel=\"noopener\"><strong>https:\/\/forms.gle\/TAm45TsiaViJzjXi8<\/strong><\/a><\/p>\n\n\n\n<h2 class=\"wp-block-heading\">MINA MALO<\/h2>\n\n\n\n<p>Grado en Filosof\u00eda por la Universidad Complutense de Madrid. Estudi\u00f3 Antropolog\u00eda por la UNED y Ciencias de las Religiones, nuevamente, por la Universidad Complutense de Madrid. Profesora de Yoga, Tantra y Meditaci\u00f3n, formada en el linaje de Sri Dharma Mittra, y otros profesores reconocidos internacionalmente como Andrei Ram, Mark Stephens y Ambra Vallo. Cofundadora de Observatorio Deseo, un colectivo de investigaci\u00f3n sobre el deseo er\u00f3tico a trav\u00e9s del arte, el pensamiento y el cuerpo. Le apasiona el movimiento, la danza, la meditaci\u00f3n, el tantra y el yoga; en los \u00faltimos a\u00f1os, viaja hacia la s\u00edntesis de estas disciplinas.<\/p>\n\n\n\n<p><a href=\"https:\/\/www.instagram.com\/observatoriodeseo\/\" target=\"_blank\" rel=\"noreferrer noopener\">https:\/\/www.instagram.com\/observatoriodeseo\/<\/a><\/p>\n\n\n\n<h2 class=\"wp-block-heading\">REGINA CAROLINA CAOS<\/h2>\n\n\n\n<p>Artista e investigadora de arte sensorial, er\u00f3tico y new media. Graduada en Filosof\u00eda por la Universidad Aut\u00f3noma de Madrid, beca JAE Intro del CSIC en Historia de la Danza y especialista en er\u00f3ticas alternativas. En los \u00faltimos a\u00f1os ha desarrollado su trabajo en torno al cuerpo, el espacio, la sensorialidad, la er\u00f3tica y el juego, utilizando lo sonoro y el arte digital como medios principales. Ha colaborado en colectivos de arte y arquitectura como Basurama y ha presentado performances en espacios como Matadero Madrid, Teatros del Canal o La Juan Gallery, donde contin\u00faa colaborando en el Hospital de Artistas.<\/p>\n\n\n\n<p><strong><a href=\"https:\/\/www.instagram.com\/reginacarolinacaos\/\" target=\"_blank\" rel=\"noreferrer noopener\">https:\/\/www.instagram.com\/reginacarolinacaos\/<\/a><\/strong><\/p>\n<\/div>\n\n\n\n<div class=\"wp-block-column is-layout-flow wp-block-column-is-layout-flow\" style=\"flex-basis:33%\">\n<figure class=\"wp-block-image size-large\"><img loading=\"lazy\" decoding=\"async\" width=\"1024\" height=\"1024\" src=\"https:\/\/observatoriodelplacer.com\/wp-content\/uploads\/2024\/05\/mandala-1024x1024.png\" alt=\"\" class=\"wp-image-2301\" srcset=\"https:\/\/observatoriodelplacer.com\/wp-content\/uploads\/2024\/05\/mandala-1024x1024.png 1024w, https:\/\/observatoriodelplacer.com\/wp-content\/uploads\/2024\/05\/mandala-300x300.png 300w, https:\/\/observatoriodelplacer.com\/wp-content\/uploads\/2024\/05\/mandala-150x150.png 150w, https:\/\/observatoriodelplacer.com\/wp-content\/uploads\/2024\/05\/mandala-768x768.png 768w, https:\/\/observatoriodelplacer.com\/wp-content\/uploads\/2024\/05\/mandala-12x12.png 12w, https:\/\/observatoriodelplacer.com\/wp-content\/uploads\/2024\/05\/mandala.png 1080w\" sizes=\"auto, (max-width: 1024px) 100vw, 1024px\" \/><\/figure>\n\n\n\n<p><\/p>\n\n\n\n<figure class=\"wp-block-image size-full\"><img loading=\"lazy\" decoding=\"async\" width=\"1000\" height=\"1484\" src=\"https:\/\/observatoriodelplacer.com\/wp-content\/uploads\/2024\/04\/caos.png\" alt=\"\" class=\"wp-image-2231\" srcset=\"https:\/\/observatoriodelplacer.com\/wp-content\/uploads\/2024\/04\/caos.png 1000w, https:\/\/observatoriodelplacer.com\/wp-content\/uploads\/2024\/04\/caos-202x300.png 202w, https:\/\/observatoriodelplacer.com\/wp-content\/uploads\/2024\/04\/caos-690x1024.png 690w, https:\/\/observatoriodelplacer.com\/wp-content\/uploads\/2024\/04\/caos-768x1140.png 768w, https:\/\/observatoriodelplacer.com\/wp-content\/uploads\/2024\/04\/caos-8x12.png 8w\" sizes=\"auto, (max-width: 1000px) 100vw, 1000px\" \/><\/figure>\n\n\n\n<p><\/p>\n\n\n\n<figure class=\"wp-block-image size-large\"><img loading=\"lazy\" decoding=\"async\" width=\"678\" height=\"1024\" src=\"https:\/\/observatoriodelplacer.com\/wp-content\/uploads\/2024\/04\/mina-678x1024.png\" alt=\"\" class=\"wp-image-2232\" srcset=\"https:\/\/observatoriodelplacer.com\/wp-content\/uploads\/2024\/04\/mina-678x1024.png 678w, https:\/\/observatoriodelplacer.com\/wp-content\/uploads\/2024\/04\/mina-199x300.png 199w, https:\/\/observatoriodelplacer.com\/wp-content\/uploads\/2024\/04\/mina-768x1160.png 768w, https:\/\/observatoriodelplacer.com\/wp-content\/uploads\/2024\/04\/mina-8x12.png 8w, https:\/\/observatoriodelplacer.com\/wp-content\/uploads\/2024\/04\/mina.png 1000w\" sizes=\"auto, (max-width: 678px) 100vw, 678px\" \/><\/figure>\n<\/div>\n<\/div>\n\n\n\n<p><\/p>","protected":false},"excerpt":{"rendered":"<p>Regina Carolina Caos y Mina Malo, en el camino de la investigaci\u00f3n sobre el deseo er\u00f3tico, hemos tenido la oportunidad de encontrarnos, compartir aprendizajes y trazar un itinerario para que otrxs puedan acompa\u00f1arnos. Si el erotismo es una instancia de encuentro con la alteridad, nosotras hemos creado un espacio para propiciar dicho encuentro, sirvi\u00e9ndonos de [&hellip;]<\/p>\n","protected":false},"author":1,"featured_media":0,"parent":0,"menu_order":0,"comment_status":"closed","ping_status":"closed","template":"","meta":{"site-sidebar-layout":"default","site-content-layout":"","ast-site-content-layout":"","site-content-style":"default","site-sidebar-style":"default","ast-global-header-display":"","ast-banner-title-visibility":"","ast-main-header-display":"","ast-hfb-above-header-display":"","ast-hfb-below-header-display":"","ast-hfb-mobile-header-display":"","site-post-title":"","ast-breadcrumbs-content":"","ast-featured-img":"","footer-sml-layout":"","theme-transparent-header-meta":"","adv-header-id-meta":"","stick-header-meta":"","header-above-stick-meta":"","header-main-stick-meta":"","header-below-stick-meta":"","astra-migrate-meta-layouts":"default","ast-page-background-enabled":"default","ast-page-background-meta":{"desktop":{"background-color":"var(--ast-global-color-4)","background-image":"","background-repeat":"repeat","background-position":"center center","background-size":"auto","background-attachment":"scroll","background-type":"","background-media":"","overlay-type":"","overlay-color":"","overlay-opacity":"","overlay-gradient":""},"tablet":{"background-color":"","background-image":"","background-repeat":"repeat","background-position":"center center","background-size":"auto","background-attachment":"scroll","background-type":"","background-media":"","overlay-type":"","overlay-color":"","overlay-opacity":"","overlay-gradient":""},"mobile":{"background-color":"","background-image":"","background-repeat":"repeat","background-position":"center center","background-size":"auto","background-attachment":"scroll","background-type":"","background-media":"","overlay-type":"","overlay-color":"","overlay-opacity":"","overlay-gradient":""}},"ast-content-background-meta":{"desktop":{"background-color":"var(--ast-global-color-5)","background-image":"","background-repeat":"repeat","background-position":"center center","background-size":"auto","background-attachment":"scroll","background-type":"","background-media":"","overlay-type":"","overlay-color":"","overlay-opacity":"","overlay-gradient":""},"tablet":{"background-color":"var(--ast-global-color-5)","background-image":"","background-repeat":"repeat","background-position":"center center","background-size":"auto","background-attachment":"scroll","background-type":"","background-media":"","overlay-type":"","overlay-color":"","overlay-opacity":"","overlay-gradient":""},"mobile":{"background-color":"var(--ast-global-color-5)","background-image":"","background-repeat":"repeat","background-position":"center center","background-size":"auto","background-attachment":"scroll","background-type":"","background-media":"","overlay-type":"","overlay-color":"","overlay-opacity":"","overlay-gradient":""}},"footnotes":""},"class_list":["post-2230","page","type-page","status-publish","hentry"],"_links":{"self":[{"href":"https:\/\/observatoriodelplacer.com\/en\/wp-json\/wp\/v2\/pages\/2230","targetHints":{"allow":["GET"]}}],"collection":[{"href":"https:\/\/observatoriodelplacer.com\/en\/wp-json\/wp\/v2\/pages"}],"about":[{"href":"https:\/\/observatoriodelplacer.com\/en\/wp-json\/wp\/v2\/types\/page"}],"author":[{"embeddable":true,"href":"https:\/\/observatoriodelplacer.com\/en\/wp-json\/wp\/v2\/users\/1"}],"replies":[{"embeddable":true,"href":"https:\/\/observatoriodelplacer.com\/en\/wp-json\/wp\/v2\/comments?post=2230"}],"version-history":[{"count":11,"href":"https:\/\/observatoriodelplacer.com\/en\/wp-json\/wp\/v2\/pages\/2230\/revisions"}],"predecessor-version":[{"id":2372,"href":"https:\/\/observatoriodelplacer.com\/en\/wp-json\/wp\/v2\/pages\/2230\/revisions\/2372"}],"wp:attachment":[{"href":"https:\/\/observatoriodelplacer.com\/en\/wp-json\/wp\/v2\/media?parent=2230"}],"curies":[{"name":"wp","href":"https:\/\/api.w.org\/{rel}","templated":true}]}}