{"id":2312,"date":"2024-05-16T16:02:18","date_gmt":"2024-05-16T14:02:18","guid":{"rendered":"https:\/\/observatoriodelplacer.com\/?page_id=2312"},"modified":"2024-06-03T14:50:56","modified_gmt":"2024-06-03T12:50:56","slug":"ecologias-afectivas-para-la-guerrilla-ecosexual","status":"publish","type":"page","link":"https:\/\/observatoriodelplacer.com\/en\/ecologias-afectivas-para-la-guerrilla-ecosexual\/","title":{"rendered":"Affective ecologies for the ecosexual guerrilla"},"content":{"rendered":"<div class=\"wp-block-columns is-layout-flex wp-container-core-columns-is-layout-28f84493 wp-block-columns-is-layout-flex\">\n<div class=\"wp-block-column is-layout-flow wp-block-column-is-layout-flow\">\n<h5 class=\"wp-block-heading\">_ <a href=\"https:\/\/observatoriodelplacer.com\/en\/ecologias-afectivas\/\" data-type=\"page\" data-id=\"1856\">Residency 3 \u2013 June 7, 2024<\/a><br>_ Collective practice June 7<\/h5>\n\n\n\n<h5 class=\"wp-block-heading\">Collective practice<\/h5>\n\n\n\n<p>What could be more exciting than getting dirty in biodiversity fantasies to compose habitable, breathable and nutritious worlds? In this collective sensual experience we conspire with plants to create habitable worlds. We smear, smear, rub, and enjoy each other with clay, compost, ashes, and seeds as we learn how to make seed bombs.In this ecosexual and sensory practice we will erotically introduce ourselves to this method of reforestation with native and edible plants. As a result we will have bombs full of biological diversity ready for each person to take and launch in their territories.<\/p>\n\n\n\n<p>It is a collective practice, you can participate or just observe, building seed bombs, collaborating with just one of the steps, or being a support.&nbsp;<\/p>\n\n\n\n<p>There will be nudity. You can participate without clothes if you wish.<\/p>\n\n\n\n<p><strong><em>Activity open to those who investigate their sexuality regardless of the gender or identity of the people they will meet in the experience.<\/em><\/strong><\/p>\n\n\n\n<p><strong><em>Affective ecologies for the ecosexual guerrilla &gt;&gt; Friday June 7 at 7 p.m. duration of 90-12m min approx.<\/em><br>Collaboration experience \u20ac30<\/strong><br>or variable collaboration depending on your current situation. 15-45\u20ac<br><a href=\"https:\/\/observatoriodelplacer.com\/en\/colaboracion-variable\/\"><strong>Consult information about variable collaboration<\/strong><\/a><\/p>\n\n\n\n<p class=\"has-ast-global-color-5-color has-text-color has-background\" style=\"background-color:#ff5050\"><strong><strong><em>*** We do not want anyone to be left out of the activities due to economic issues, if this is your case, let us know.<br><\/em>Likewise, Observatorio del Placer is a project in formation, if you want to support us with greater collaboration, it will also be welcome.<\/strong><\/strong><\/p>\n\n\n\n<p>Before accessing the events we would like to know a little more about you and thus confirm that there are certain clear and necessary concepts that will help us all feel good at the meeting.<\/p>\n\n\n\n<p>You can register through this link<br><a href=\"https:\/\/forms.gle\/o2s1PUgqdAUFZbhM9\" target=\"_blank\" rel=\"noreferrer noopener\">https:\/\/forms.gle\/o2s1PUgqdAUFZbhM9<\/a><\/p>\n\n\n\n<hr class=\"wp-block-separator has-alpha-channel-opacity\"\/>\n\n\n\n<h2 class=\"wp-block-heading\">Lynx y Zafiro<\/h2>\n\n\n\n<p>Proyecto Conspira we are Lynx and Zafiro, non-binary Trans people from Argentina. Zafiro is a stylist, audiovisual producer, rigger and performer. Lynx is an osteopath, dancer, performer and creator.<br>In 2020, we began our collaboration, driven by the curiosity to explore and share erotic practices in expanded performance formats.&nbsp;<br>We performatively investigate different BDSM practices through the construction of intimacy rituals that unfold as territories of political-corporal rehearsals. These sexual, affective, and caring practices explore queer eroticism as a sensitive deviation from bodies and materials. We explore interspecies affections and sexuality, and the eroticizations woven between humans and non-humans. We are ecosexuals, exhibitionists, sadists and masochists among many other perversions.<\/p>\n\n\n\n<p><strong><a href=\"https:\/\/www.instagram.com\/lynxtironi\" target=\"_blank\" rel=\"noreferrer noopener\">@lynxtironi<\/a>&nbsp;<\/strong><a href=\"https:\/\/www.instagram.com\/vortex.shibari\" target=\"_blank\" rel=\"noopener\">@vortex.shibari<\/a><\/p>\n\n\n\n<p><a href=\"https:\/\/www.instagram.com\/proyecto.conspira\/\" target=\"_blank\" rel=\"noopener\"><strong>https:\/\/www.instagram.com\/proyecto.conspira\/<\/strong><\/a><\/p>\n\n\n\n<h5 class=\"wp-block-heading\">Tin Wilke (colaboradorx)<\/h5>\n\n\n\n<p>Tin Wilke is an indisciplinary artist and audiovisual creator from East Berlin who addresses the constructions of cooperative and dissident practices within the politics of archiving and collective memories through narratives and speculative experiences. He works at the intersection between organic matter, digital media and found materials within the framework of installations, performances and experimental films.<br>His training is strongly influenced by the thought and practice of the South, where Tin studied postgraduate Theater with New Media and Interactivity at the National University of the Arts (UNA) of Buenos Aires. In Berlin she graduated in Art and Media at the Berlin University of the Arts (UdK).<\/p>\n\n\n\n<p><a href=\"https:\/\/www.instagram.com\/tin.wilke\" target=\"_blank\" rel=\"noopener\"><strong>https:\/\/www.instagram.com\/tin.wilke<\/strong><\/a><\/p>\n<\/div>\n\n\n\n<div class=\"wp-block-column is-layout-flow wp-block-column-is-layout-flow\" style=\"flex-basis:30%\">\n<figure class=\"wp-block-image size-large\"><img loading=\"lazy\" decoding=\"async\" width=\"1024\" height=\"1024\" src=\"https:\/\/observatoriodelplacer.com\/wp-content\/uploads\/2024\/05\/ecologiasafectivas-1024x1024.png\" alt=\"\" class=\"wp-image-2322\" srcset=\"https:\/\/observatoriodelplacer.com\/wp-content\/uploads\/2024\/05\/ecologiasafectivas-1024x1024.png 1024w, https:\/\/observatoriodelplacer.com\/wp-content\/uploads\/2024\/05\/ecologiasafectivas-300x300.png 300w, https:\/\/observatoriodelplacer.com\/wp-content\/uploads\/2024\/05\/ecologiasafectivas-150x150.png 150w, https:\/\/observatoriodelplacer.com\/wp-content\/uploads\/2024\/05\/ecologiasafectivas-768x768.png 768w, https:\/\/observatoriodelplacer.com\/wp-content\/uploads\/2024\/05\/ecologiasafectivas-12x12.png 12w, https:\/\/observatoriodelplacer.com\/wp-content\/uploads\/2024\/05\/ecologiasafectivas.png 1080w\" sizes=\"auto, (max-width: 1024px) 100vw, 1024px\" \/><\/figure>\n\n\n\n<p><\/p>\n\n\n\n<figure class=\"wp-block-image size-large\"><img loading=\"lazy\" decoding=\"async\" width=\"740\" height=\"1024\" src=\"https:\/\/observatoriodelplacer.com\/wp-content\/uploads\/2024\/05\/DSC0011-740x1024.jpg\" alt=\"\" class=\"wp-image-2313\" srcset=\"https:\/\/observatoriodelplacer.com\/wp-content\/uploads\/2024\/05\/DSC0011-740x1024.jpg 740w, https:\/\/observatoriodelplacer.com\/wp-content\/uploads\/2024\/05\/DSC0011-217x300.jpg 217w, https:\/\/observatoriodelplacer.com\/wp-content\/uploads\/2024\/05\/DSC0011-768x1062.jpg 768w, https:\/\/observatoriodelplacer.com\/wp-content\/uploads\/2024\/05\/DSC0011-1111x1536.jpg 1111w, https:\/\/observatoriodelplacer.com\/wp-content\/uploads\/2024\/05\/DSC0011-1481x2048.jpg 1481w, https:\/\/observatoriodelplacer.com\/wp-content\/uploads\/2024\/05\/DSC0011-9x12.jpg 9w, https:\/\/observatoriodelplacer.com\/wp-content\/uploads\/2024\/05\/DSC0011-scaled.jpg 1851w\" sizes=\"auto, (max-width: 740px) 100vw, 740px\" \/><\/figure>\n\n\n\n<p><\/p>\n\n\n\n<figure class=\"wp-block-image size-large\"><img loading=\"lazy\" decoding=\"async\" width=\"809\" height=\"1024\" src=\"https:\/\/observatoriodelplacer.com\/wp-content\/uploads\/2024\/05\/DSC0208-1-809x1024.jpg\" alt=\"\" class=\"wp-image-2315\" srcset=\"https:\/\/observatoriodelplacer.com\/wp-content\/uploads\/2024\/05\/DSC0208-1-809x1024.jpg 809w, https:\/\/observatoriodelplacer.com\/wp-content\/uploads\/2024\/05\/DSC0208-1-237x300.jpg 237w, https:\/\/observatoriodelplacer.com\/wp-content\/uploads\/2024\/05\/DSC0208-1-768x972.jpg 768w, https:\/\/observatoriodelplacer.com\/wp-content\/uploads\/2024\/05\/DSC0208-1-1214x1536.jpg 1214w, https:\/\/observatoriodelplacer.com\/wp-content\/uploads\/2024\/05\/DSC0208-1-1619x2048.jpg 1619w, https:\/\/observatoriodelplacer.com\/wp-content\/uploads\/2024\/05\/DSC0208-1-9x12.jpg 9w, https:\/\/observatoriodelplacer.com\/wp-content\/uploads\/2024\/05\/DSC0208-1-scaled.jpg 2024w\" sizes=\"auto, (max-width: 809px) 100vw, 809px\" \/><\/figure>\n\n\n\n<p><\/p>\n\n\n\n<figure class=\"wp-block-image size-large\"><img loading=\"lazy\" decoding=\"async\" width=\"1024\" height=\"576\" src=\"https:\/\/observatoriodelplacer.com\/wp-content\/uploads\/2024\/05\/Seedbombs_still-16-1024x576.jpg\" alt=\"\" class=\"wp-image-2337\" srcset=\"https:\/\/observatoriodelplacer.com\/wp-content\/uploads\/2024\/05\/Seedbombs_still-16-1024x576.jpg 1024w, https:\/\/observatoriodelplacer.com\/wp-content\/uploads\/2024\/05\/Seedbombs_still-16-300x169.jpg 300w, https:\/\/observatoriodelplacer.com\/wp-content\/uploads\/2024\/05\/Seedbombs_still-16-768x432.jpg 768w, https:\/\/observatoriodelplacer.com\/wp-content\/uploads\/2024\/05\/Seedbombs_still-16-1536x864.jpg 1536w, https:\/\/observatoriodelplacer.com\/wp-content\/uploads\/2024\/05\/Seedbombs_still-16-18x10.jpg 18w, https:\/\/observatoriodelplacer.com\/wp-content\/uploads\/2024\/05\/Seedbombs_still-16.jpg 1920w\" sizes=\"auto, (max-width: 1024px) 100vw, 1024px\" \/><\/figure>\n\n\n\n<p><\/p>\n\n\n\n<p><\/p>\n<\/div>\n<\/div>","protected":false},"excerpt":{"rendered":"<p>_ Residencia 3 &#8211; 7 junio 2024_ Pr\u00e1ctica colectiva 7 junio Pr\u00e1ctica colectiva \u00bfQu\u00e9 puede ser m\u00e1s excitante que ensuciarse en fantas\u00edas de biodiversidad para componer mundos habitables, respirables y nutritivos? En esta experiencia sensual colectiva conspiramos con las plantas para crear mundos habitables. Nos enchastramos,&nbsp;untamos, frotamos y disfrutamos lxs unxs a lxs otrxs&nbsp;con arcilla, [&hellip;]<\/p>\n","protected":false},"author":1,"featured_media":0,"parent":0,"menu_order":0,"comment_status":"closed","ping_status":"closed","template":"","meta":{"site-sidebar-layout":"default","site-content-layout":"","ast-site-content-layout":"","site-content-style":"default","site-sidebar-style":"default","ast-global-header-display":"","ast-banner-title-visibility":"","ast-main-header-display":"","ast-hfb-above-header-display":"","ast-hfb-below-header-display":"","ast-hfb-mobile-header-display":"","site-post-title":"","ast-breadcrumbs-content":"","ast-featured-img":"","footer-sml-layout":"","theme-transparent-header-meta":"","adv-header-id-meta":"","stick-header-meta":"","header-above-stick-meta":"","header-main-stick-meta":"","header-below-stick-meta":"","astra-migrate-meta-layouts":"default","ast-page-background-enabled":"default","ast-page-background-meta":{"desktop":{"background-color":"var(--ast-global-color-4)","background-image":"","background-repeat":"repeat","background-position":"center center","background-size":"auto","background-attachment":"scroll","background-type":"","background-media":"","overlay-type":"","overlay-color":"","overlay-opacity":"","overlay-gradient":""},"tablet":{"background-color":"","background-image":"","background-repeat":"repeat","background-position":"center center","background-size":"auto","background-attachment":"scroll","background-type":"","background-media":"","overlay-type":"","overlay-color":"","overlay-opacity":"","overlay-gradient":""},"mobile":{"background-color":"","background-image":"","background-repeat":"repeat","background-position":"center center","background-size":"auto","background-attachment":"scroll","background-type":"","background-media":"","overlay-type":"","overlay-color":"","overlay-opacity":"","overlay-gradient":""}},"ast-content-background-meta":{"desktop":{"background-color":"var(--ast-global-color-5)","background-image":"","background-repeat":"repeat","background-position":"center center","background-size":"auto","background-attachment":"scroll","background-type":"","background-media":"","overlay-type":"","overlay-color":"","overlay-opacity":"","overlay-gradient":""},"tablet":{"background-color":"var(--ast-global-color-5)","background-image":"","background-repeat":"repeat","background-position":"center center","background-size":"auto","background-attachment":"scroll","background-type":"","background-media":"","overlay-type":"","overlay-color":"","overlay-opacity":"","overlay-gradient":""},"mobile":{"background-color":"var(--ast-global-color-5)","background-image":"","background-repeat":"repeat","background-position":"center center","background-size":"auto","background-attachment":"scroll","background-type":"","background-media":"","overlay-type":"","overlay-color":"","overlay-opacity":"","overlay-gradient":""}},"footnotes":""},"class_list":["post-2312","page","type-page","status-publish","hentry"],"_links":{"self":[{"href":"https:\/\/observatoriodelplacer.com\/en\/wp-json\/wp\/v2\/pages\/2312","targetHints":{"allow":["GET"]}}],"collection":[{"href":"https:\/\/observatoriodelplacer.com\/en\/wp-json\/wp\/v2\/pages"}],"about":[{"href":"https:\/\/observatoriodelplacer.com\/en\/wp-json\/wp\/v2\/types\/page"}],"author":[{"embeddable":true,"href":"https:\/\/observatoriodelplacer.com\/en\/wp-json\/wp\/v2\/users\/1"}],"replies":[{"embeddable":true,"href":"https:\/\/observatoriodelplacer.com\/en\/wp-json\/wp\/v2\/comments?post=2312"}],"version-history":[{"count":12,"href":"https:\/\/observatoriodelplacer.com\/en\/wp-json\/wp\/v2\/pages\/2312\/revisions"}],"predecessor-version":[{"id":2416,"href":"https:\/\/observatoriodelplacer.com\/en\/wp-json\/wp\/v2\/pages\/2312\/revisions\/2416"}],"wp:attachment":[{"href":"https:\/\/observatoriodelplacer.com\/en\/wp-json\/wp\/v2\/media?parent=2312"}],"curies":[{"name":"wp","href":"https:\/\/api.w.org\/{rel}","templated":true}]}}