{"id":2363,"date":"2024-05-28T12:12:27","date_gmt":"2024-05-28T10:12:27","guid":{"rendered":"https:\/\/observatoriodelplacer.com\/?page_id=2363"},"modified":"2024-06-17T11:59:46","modified_gmt":"2024-06-17T09:59:46","slug":"cabaret-chikazos-con-la-estrena-de-la-serie-bar-king-de-durruti","status":"publish","type":"page","link":"https:\/\/observatoriodelplacer.com\/en\/cabaret-chikazos-con-la-estrena-de-la-serie-bar-king-de-durruti\/","title":{"rendered":"Cabaret Chikazos con la estrena de la Serie Bar-King de Durruti"},"content":{"rendered":"<div class=\"wp-block-columns is-layout-flex wp-container-core-columns-is-layout-28f84493 wp-block-columns-is-layout-flex\">\n<div class=\"wp-block-column is-layout-flow wp-block-column-is-layout-flow\">\n<h5 class=\"wp-block-heading\">_ <a href=\"https:\/\/observatoriodelplacer.com\/en\/serie-bar-king-por-joi-pineda\/\" data-type=\"page\" data-id=\"1713\">Residencia 1 &#8211; 5 Julio 2024<\/a><br>_ Cabaret Chikazos 5 Julio 20h<\/h5>\n\n\n\n<p>The Chikazos Drag King Kabaret is a collectively created group show in which hegemonic masculinity is performed and parodied through 5 transvestite bodies. From the embodied methodology, each drag will be questioning the binary construction of gender and the cisheteronorm.<\/p>\n\n\n\n<p>This cabaret will premiere the Bar-king Series by resident Durruti (a.k.a Joi) of the Pleasure Observatory, presenting the two chain pieces, Barrikades and Barro, which will appear within the framework of the Cabaret.<br>With the aim of hacking the system and the layers of masculinities.<\/p>\n\n\n\n<p><strong>Chicazos :&nbsp;<a href=\"https:\/\/www.instagram.com\/chicazos_de_pollet\/\" data-type=\"link\" data-id=\"https:\/\/www.instagram.com\/chicazos_de_pollet\/\" target=\"_blank\" rel=\"noopener\">@chicazos_de_pollet<\/a> y&nbsp;<a href=\"https:\/\/www.instagram.com\/Joi_ellx\" target=\"_blank\" rel=\"noreferrer noopener\"><strong>@Joi_ellx<\/strong><\/a><\/strong><\/p>\n\n\n\n<p><strong><em><strong><em>Cabaret Chikazos con la estrena de la Serie Bar-King de Durruti <\/em><\/strong><\/em><\/strong><br><strong><em><strong><em>Friday, July 5 at 8 p.m., duration of approximately 60 minutes<\/em><\/strong><\/em><br><\/strong>Colaboraci\u00f3n variable seg\u00fan tu situaci\u00f3n actual. 5-30\u20ac<br><a href=\"https:\/\/observatoriodelplacer.com\/en\/colaboracion-variable\/\"><strong>Consult information about variable collaboration<\/strong><\/a><\/p>\n\n\n\n<p>You can register through this link<br><a href=\"https:\/\/forms.gle\/vW1Rfmo5CAwurVZo8\" data-type=\"link\" data-id=\"https:\/\/forms.gle\/vW1Rfmo5CAwurVZo8\" target=\"_blank\" rel=\"noreferrer noopener\">https:\/\/forms.gle\/vW1Rfmo5CAwurVZo8<\/a><\/p>\n\n\n\n<hr class=\"wp-block-separator has-alpha-channel-opacity\"\/>\n\n\n\n<h2 class=\"wp-block-heading\"><strong>Joi Pineda<\/strong><\/h2>\n\n\n\n<p>Through the art of masculinity performance and the art of failure, Joi Pineda has been training self-taught and collectively within the drag king and drag king scene. He presents himself as an artivist and hacker of masculinity, influenced by queer and scavenger methodologies. He began his artistic career as a member of the Chicazos de Pollet collective, who began taking the stage in 2021, taking the Kabaret Drag King project throughout the country. Spanish state.&nbsp;<\/p>\n\n\n\n<p>The topics he investigates revolve around the question of masculinity, gender hacking and the denaturalization of the binary categories of the social power matrix.&nbsp;<\/p>\n\n\n\n<p>In 2023 he published the first archive of the drag king's living memory in the Spanish State, the <em>Fanzine Travesti \u00bfD\u00f3nde est\u00e1n los Kings?<\/em>, a document that compiles part of the genealogy of the drag king scene of the situated context, with the aim of continuing to visualize sexual and gender dissidence and give voice to transvestite history and drag art.<\/p>\n\n\n\n<p><a href=\"https:\/\/www.instagram.com\/Joi_ellx\" target=\"_blank\" rel=\"noreferrer noopener\"><strong>@Joi_ellx<\/strong><\/a> <br><a href=\"https:\/\/www.instagram.com\/chicazos_de_pollet\/\" target=\"_blank\" rel=\"noopener\"><strong>@chicazos_de_pollet<\/strong><\/a><\/p>\n<\/div>\n\n\n\n<div class=\"wp-block-column is-layout-flow wp-block-column-is-layout-flow\" style=\"flex-basis:30%\">\n<figure class=\"wp-block-image size-large\"><img loading=\"lazy\" decoding=\"async\" width=\"1024\" height=\"1024\" src=\"https:\/\/observatoriodelplacer.com\/wp-content\/uploads\/2024\/05\/cabaretchikazos-1-1024x1024.png\" alt=\"\" class=\"wp-image-2377\" srcset=\"https:\/\/observatoriodelplacer.com\/wp-content\/uploads\/2024\/05\/cabaretchikazos-1-1024x1024.png 1024w, https:\/\/observatoriodelplacer.com\/wp-content\/uploads\/2024\/05\/cabaretchikazos-1-300x300.png 300w, https:\/\/observatoriodelplacer.com\/wp-content\/uploads\/2024\/05\/cabaretchikazos-1-150x150.png 150w, https:\/\/observatoriodelplacer.com\/wp-content\/uploads\/2024\/05\/cabaretchikazos-1-768x768.png 768w, https:\/\/observatoriodelplacer.com\/wp-content\/uploads\/2024\/05\/cabaretchikazos-1-12x12.png 12w, https:\/\/observatoriodelplacer.com\/wp-content\/uploads\/2024\/05\/cabaretchikazos-1.png 1080w\" sizes=\"auto, (max-width: 1024px) 100vw, 1024px\" \/><\/figure>\n\n\n\n<p><\/p>\n\n\n\n<figure class=\"wp-block-image size-large\"><img loading=\"lazy\" decoding=\"async\" width=\"683\" height=\"1024\" src=\"https:\/\/observatoriodelplacer.com\/wp-content\/uploads\/2024\/05\/Fotograf-Rosa-Santoni1-683x1024.jpg\" alt=\"\" class=\"wp-image-2365\" srcset=\"https:\/\/observatoriodelplacer.com\/wp-content\/uploads\/2024\/05\/Fotograf-Rosa-Santoni1-683x1024.jpg 683w, https:\/\/observatoriodelplacer.com\/wp-content\/uploads\/2024\/05\/Fotograf-Rosa-Santoni1-200x300.jpg 200w, https:\/\/observatoriodelplacer.com\/wp-content\/uploads\/2024\/05\/Fotograf-Rosa-Santoni1-768x1152.jpg 768w, https:\/\/observatoriodelplacer.com\/wp-content\/uploads\/2024\/05\/Fotograf-Rosa-Santoni1-1024x1536.jpg 1024w, https:\/\/observatoriodelplacer.com\/wp-content\/uploads\/2024\/05\/Fotograf-Rosa-Santoni1-1365x2048.jpg 1365w, https:\/\/observatoriodelplacer.com\/wp-content\/uploads\/2024\/05\/Fotograf-Rosa-Santoni1-8x12.jpg 8w, https:\/\/observatoriodelplacer.com\/wp-content\/uploads\/2024\/05\/Fotograf-Rosa-Santoni1-scaled.jpg 1707w\" sizes=\"auto, (max-width: 683px) 100vw, 683px\" \/><figcaption class=\"wp-element-caption\">Fot\u00f3graf Rosa Antoni<\/figcaption><\/figure>\n\n\n\n<p><\/p>\n\n\n\n<p><\/p>\n\n\n\n<p><\/p>\n<\/div>\n<\/div>","protected":false},"excerpt":{"rendered":"<p>_ Residencia 1 &#8211; 5 Julio 2024_ Cabaret Chikazos 5 Julio 20h El Kabaret Drag King de Chikazos es un show grupal de creaci\u00f3n colectiva en que se performa y parodia la masculinidad hegem\u00f3nica a trav\u00e9s de 5 cuerpos travestis. Desde la metodolog\u00eda encarnada, cada drag estar\u00e1 cuestionando la construcci\u00f3n binaria del g\u00e9nero y la [&hellip;]<\/p>\n","protected":false},"author":1,"featured_media":0,"parent":0,"menu_order":0,"comment_status":"closed","ping_status":"closed","template":"","meta":{"site-sidebar-layout":"default","site-content-layout":"","ast-site-content-layout":"","site-content-style":"default","site-sidebar-style":"default","ast-global-header-display":"","ast-banner-title-visibility":"","ast-main-header-display":"","ast-hfb-above-header-display":"","ast-hfb-below-header-display":"","ast-hfb-mobile-header-display":"","site-post-title":"","ast-breadcrumbs-content":"","ast-featured-img":"","footer-sml-layout":"","theme-transparent-header-meta":"","adv-header-id-meta":"","stick-header-meta":"","header-above-stick-meta":"","header-main-stick-meta":"","header-below-stick-meta":"","astra-migrate-meta-layouts":"default","ast-page-background-enabled":"default","ast-page-background-meta":{"desktop":{"background-color":"var(--ast-global-color-4)","background-image":"","background-repeat":"repeat","background-position":"center center","background-size":"auto","background-attachment":"scroll","background-type":"","background-media":"","overlay-type":"","overlay-color":"","overlay-opacity":"","overlay-gradient":""},"tablet":{"background-color":"","background-image":"","background-repeat":"repeat","background-position":"center center","background-size":"auto","background-attachment":"scroll","background-type":"","background-media":"","overlay-type":"","overlay-color":"","overlay-opacity":"","overlay-gradient":""},"mobile":{"background-color":"","background-image":"","background-repeat":"repeat","background-position":"center center","background-size":"auto","background-attachment":"scroll","background-type":"","background-media":"","overlay-type":"","overlay-color":"","overlay-opacity":"","overlay-gradient":""}},"ast-content-background-meta":{"desktop":{"background-color":"var(--ast-global-color-5)","background-image":"","background-repeat":"repeat","background-position":"center center","background-size":"auto","background-attachment":"scroll","background-type":"","background-media":"","overlay-type":"","overlay-color":"","overlay-opacity":"","overlay-gradient":""},"tablet":{"background-color":"var(--ast-global-color-5)","background-image":"","background-repeat":"repeat","background-position":"center center","background-size":"auto","background-attachment":"scroll","background-type":"","background-media":"","overlay-type":"","overlay-color":"","overlay-opacity":"","overlay-gradient":""},"mobile":{"background-color":"var(--ast-global-color-5)","background-image":"","background-repeat":"repeat","background-position":"center center","background-size":"auto","background-attachment":"scroll","background-type":"","background-media":"","overlay-type":"","overlay-color":"","overlay-opacity":"","overlay-gradient":""}},"footnotes":""},"class_list":["post-2363","page","type-page","status-publish","hentry"],"_links":{"self":[{"href":"https:\/\/observatoriodelplacer.com\/en\/wp-json\/wp\/v2\/pages\/2363","targetHints":{"allow":["GET"]}}],"collection":[{"href":"https:\/\/observatoriodelplacer.com\/en\/wp-json\/wp\/v2\/pages"}],"about":[{"href":"https:\/\/observatoriodelplacer.com\/en\/wp-json\/wp\/v2\/types\/page"}],"author":[{"embeddable":true,"href":"https:\/\/observatoriodelplacer.com\/en\/wp-json\/wp\/v2\/users\/1"}],"replies":[{"embeddable":true,"href":"https:\/\/observatoriodelplacer.com\/en\/wp-json\/wp\/v2\/comments?post=2363"}],"version-history":[{"count":10,"href":"https:\/\/observatoriodelplacer.com\/en\/wp-json\/wp\/v2\/pages\/2363\/revisions"}],"predecessor-version":[{"id":3297,"href":"https:\/\/observatoriodelplacer.com\/en\/wp-json\/wp\/v2\/pages\/2363\/revisions\/3297"}],"wp:attachment":[{"href":"https:\/\/observatoriodelplacer.com\/en\/wp-json\/wp\/v2\/media?parent=2363"}],"curies":[{"name":"wp","href":"https:\/\/api.w.org\/{rel}","templated":true}]}}