{"id":2390,"date":"2024-06-02T11:45:36","date_gmt":"2024-06-02T09:45:36","guid":{"rendered":"https:\/\/observatoriodelplacer.com\/?page_id=2390"},"modified":"2025-02-27T21:19:09","modified_gmt":"2025-02-27T19:19:09","slug":"grado-cero-espacio-inmersivo","status":"publish","type":"page","link":"https:\/\/observatoriodelplacer.com\/en\/grado-cero-espacio-inmersivo\/","title":{"rendered":"Grado cero &#8211; espacio inmersivo"},"content":{"rendered":"\n<div class=\"wp-block-columns is-layout-flex wp-container-core-columns-is-layout-28f84493 wp-block-columns-is-layout-flex\">\n<div class=\"wp-block-column is-layout-flow wp-block-column-is-layout-flow\">\n<h5 class=\"wp-block-heading\">_ <a href=\"https:\/\/observatoriodelplacer.com\/grado-cero\/\" data-type=\"page\" data-id=\"1816\">Residencia 15 &#8211; 19 julio 2024<\/a><br>_ Grado cero &#8211; Espacio inmersivo 19 julio 20h<\/h5>\n\n\n\n<p>Si pudi\u00e9ramos entrar en las memorias de un deseo y especular una cronolog\u00eda hacia atr\u00e1s: \u00bfLlegar\u00edamos al grado cero del deseo? \u00bfEs posible des\u00b7con\u00b7figurar un deseo hasta rozar su punto inicial\/individual? \u00bfO ser\u00e1 que el deseo son miles de inicios a la vez, una y otra vez&#8230;?<\/p>\n\n\n\n<p>Con estas intuiciones como punto de apoyo, trazaremos un ecosistema deforme, sensorial e h\u00edbrido y estimularemos nuestros campos auditivos, visuales, imaginativos y som\u00e1ticos. Para ello, jugaremos con diversos dispositivos y recursos experimentales, creados&nbsp; durante la residencia. Este ecosistema deseante, tan liminal como ef\u00edmero, que se constituye a partir de mezclar todas nuestras corporalidades, busca descentrar el deseo individual y reubicarlo como parte de un todo\u2026 colectivizar el deseo como forma de desarmar lo que aprendimos a desear. Bienvenides.&nbsp;<\/p>\n\n\n\n<p>La actividad se organiza como un espacio inmersivo, donde el p\u00fablico participa y se interconecta sensorialmente. Las din\u00e1micas garantizan la accesibilidad para todas las corporalidades y sus posibilidades motrices.&nbsp;<\/p>\n\n\n\n<p>Por momentos habr\u00e1 parpadeos bruscos de luces (s\u00edmil estrobosc\u00f3picas) y diferencias pronunciadas de vol\u00famenes entre sonidos.&nbsp;<\/p>\n\n\n\n<p><em>Actividad abierta a aquellxs que investigan su sexualidad independientemente del g\u00e9nero o identidad de las personas con las que se van a encontrar en la experiencia.<\/em><\/p>\n\n\n\n<p><strong><em>Grado cero &gt;&gt; viernes 19 de julio. 20h duraci\u00f3n 1.30h aprox<\/em><br>Colaboraci\u00f3n experiencia 30\u20ac<\/strong><br>Colaboraci\u00f3n variable seg\u00fan tu situaci\u00f3n actual. 10-45\u20ac<br><a href=\"https:\/\/observatoriodelplacer.com\/colaboracion-variable\/\"><strong>Consultar informaci\u00f3n sobre la colaboraci\u00f3n variable<\/strong><\/a><\/p>\n\n\n\n<p class=\"has-ast-global-color-5-color has-text-color has-background\" style=\"background-color:#ff5050\"><strong><strong><strong><strong><strong><em>*** No queremos que nadie quede fuera de las actividades por tema econ\u00f3mico, si es tu caso av\u00edsanos.<br><\/em>De igual manera, Observatorio del Placer es un proyecto en formaci\u00f3n,&nbsp;si quieres apoyarnos&nbsp;con una colaboraci\u00f3n mayor, tambi\u00e9n ser\u00e1 bienvenida.<\/strong><\/strong><\/strong><\/strong><\/strong><\/p>\n\n\n\n<p><strong>REALIZA TU INSCRIPCI\u00d3N A TRAV\u00c9S DE ESTE LINK<\/strong><\/p>\n\n\n\n<p><a href=\"https:\/\/forms.gle\/hk82mS5GF3RLHRnE9\" target=\"_blank\" rel=\"noopener\">https:\/\/forms.gle\/hk82mS5GF3RLHRnE9<\/a><\/p>\n\n\n\n<hr class=\"wp-block-separator has-alpha-channel-opacity\"\/>\n\n\n\n<h2 class=\"wp-block-heading\">Ornella Bodratto y Sofia Sasso<\/h2>\n\n\n\n<p>Somos Ornella y Sof\u00eda, hace tiempo nos conecta un hilo invisible que funciona como red de afectos y tambi\u00e9n como red de experimentos creativos, l\u00fadicos, audio-visuales, sensoriales. Ese mismo hilo, que es red, tambi\u00e9n es herramienta y nos permite imaginar espacios inventados, fuera del mundo que azota, aunque sea por un ratito. Ese mismo hilo que nos conecta, nos hace conspirar, habitar el desliz del tiempo, el destiempo.&nbsp; Ese mismo hilo, nos empuja a seguir creando nuevas redes para nosotras y tambi\u00e9n para compartir con otres que lleven sus hilitos, sus redes.<\/p>\n\n\n\n<p><em><strong>Ornella Bodratto <\/strong><\/em>es Antrop\u00f3loga Sociocultural, M\u00e1ster en Estudios Culturales y Artes Visuales [perspectivas feministas y cuir\/queer]. Actualmente se desempe\u00f1a como docente de Educaci\u00f3n Sexual Integral en nivel medio y en seminarios de grado y posgrado sobre Imagen y Narrativas Pornogr\u00e1ficas en la UB y la UAB. Es investigadora y artista independiente, ha recibido becas de investigaci\u00f3n\/creaci\u00f3n donde desarroll\u00f3 proyectos en torno al imaginario visual pornogr\u00e1fico, en di\u00e1logo con archivos e inteligencia artificial. Ha colaborado y participado en diversas residencias art\u00edsticas, publicaciones y activaciones transfeministas prosexo. Desde 2016 coordina el proyecto colectivo HASTA LAS TETAS que -entre otros ciclos-, autogestiona curadur\u00edas y programas de pornograf\u00edas producidas y situadas en el sur global.<\/p>\n\n\n\n<p><strong><em>Sofia Sasso<\/em><\/strong>, tiene formaci\u00f3n en Publicidad y Dise\u00f1o de Imagen y Sonido. Con m\u00e1s de diez a\u00f1os de experiencia como editora de video, ha centrado su carrera en la fusi\u00f3n creativa de im\u00e1genes, videos y sonido, desde proyectos de instalaci\u00f3n de video arte y proyecciones multimedias, hasta la actual participaci\u00f3n en la industria cinematogr\u00e1fica.<\/p>\n\n\n\n<p>Su experiencia incluye la colaboraci\u00f3n en el colectivo HASTA LAS TETAS, en donde form\u00f3 parte del desarrollo visual y la curadur\u00eda de videos, fusionando video arte y compromiso social\/sexual. Como Vj en el proyecto NENO, ha llevado sus proyecciones experimentales a nivel internacional a salas, teatros y centros culturales de importantes ciudades del mundo, contribuyendo a la escena visual en constante evoluci\u00f3n. Su carrera es un continuo proceso de exploraci\u00f3n de nuevas formas de narrativa visual, guiada por el principio de la experimentaci\u00f3n creativa, y la&nbsp; expansi\u00f3n de sus l\u00edmites.<\/p>\n\n\n\n<p><a href=\"https:\/\/www.instagram.com\/neno_av\" target=\"_blank\" rel=\"noreferrer noopener\"><strong>https:\/\/www.instagram.com\/neno_av<\/strong><\/a><\/p>\n<\/div>\n\n\n\n<div class=\"wp-block-column is-layout-flow wp-block-column-is-layout-flow\" style=\"flex-basis:30%\">\n<figure class=\"wp-block-image size-large\"><img loading=\"lazy\" decoding=\"async\" width=\"1024\" height=\"1024\" src=\"https:\/\/observatoriodelplacer.com\/wp-content\/uploads\/2025\/02\/gradocero-1024x1024.png\" alt=\"grado cero espacio inmersivo\" class=\"wp-image-3528\" srcset=\"https:\/\/observatoriodelplacer.com\/wp-content\/uploads\/2025\/02\/gradocero-1024x1024.png 1024w, https:\/\/observatoriodelplacer.com\/wp-content\/uploads\/2025\/02\/gradocero-300x300.png 300w, https:\/\/observatoriodelplacer.com\/wp-content\/uploads\/2025\/02\/gradocero-150x150.png 150w, https:\/\/observatoriodelplacer.com\/wp-content\/uploads\/2025\/02\/gradocero-768x768.png 768w, https:\/\/observatoriodelplacer.com\/wp-content\/uploads\/2025\/02\/gradocero-12x12.png 12w, https:\/\/observatoriodelplacer.com\/wp-content\/uploads\/2025\/02\/gradocero.png 1080w\" sizes=\"auto, (max-width: 1024px) 100vw, 1024px\" \/><\/figure>\n\n\n\n<p><\/p>\n\n\n\n<figure class=\"wp-block-video\"><video height=\"1080\" style=\"aspect-ratio: 1920 \/ 1080;\" width=\"1920\" autoplay controls loop muted src=\"https:\/\/observatoriodelplacer.com\/wp-content\/uploads\/2024\/06\/ODP_REFE-VIDEO_2.mp4\"><\/video><\/figure>\n\n\n\n<p><\/p>\n\n\n\n<figure class=\"wp-block-image size-large\"><img loading=\"lazy\" decoding=\"async\" width=\"1024\" height=\"768\" src=\"https:\/\/observatoriodelplacer.com\/wp-content\/uploads\/2024\/06\/ORSOF-1024x768.jpeg\" alt=\"\" class=\"wp-image-2393\" srcset=\"https:\/\/observatoriodelplacer.com\/wp-content\/uploads\/2024\/06\/ORSOF-1024x768.jpeg 1024w, https:\/\/observatoriodelplacer.com\/wp-content\/uploads\/2024\/06\/ORSOF-300x225.jpeg 300w, https:\/\/observatoriodelplacer.com\/wp-content\/uploads\/2024\/06\/ORSOF-768x576.jpeg 768w, https:\/\/observatoriodelplacer.com\/wp-content\/uploads\/2024\/06\/ORSOF-1536x1152.jpeg 1536w, https:\/\/observatoriodelplacer.com\/wp-content\/uploads\/2024\/06\/ORSOF-16x12.jpeg 16w, https:\/\/observatoriodelplacer.com\/wp-content\/uploads\/2024\/06\/ORSOF.jpeg 1600w\" sizes=\"auto, (max-width: 1024px) 100vw, 1024px\" \/><\/figure>\n\n\n\n<p><\/p>\n\n\n\n<p><\/p>\n<\/div>\n<\/div>\n","protected":false},"excerpt":{"rendered":"<p>_ Residencia 15 &#8211; 19 julio 2024_ Grado cero &#8211; Espacio inmersivo 19 julio 20h Si pudi\u00e9ramos entrar en las memorias de un deseo y especular una cronolog\u00eda hacia atr\u00e1s: \u00bfLlegar\u00edamos al grado cero del deseo? \u00bfEs posible des\u00b7con\u00b7figurar un deseo hasta rozar su punto inicial\/individual? \u00bfO ser\u00e1 que el deseo son miles de inicios [&hellip;]<\/p>\n","protected":false},"author":1,"featured_media":0,"parent":0,"menu_order":0,"comment_status":"closed","ping_status":"closed","template":"","meta":{"site-sidebar-layout":"default","site-content-layout":"","ast-site-content-layout":"default","site-content-style":"default","site-sidebar-style":"default","ast-global-header-display":"","ast-banner-title-visibility":"","ast-main-header-display":"","ast-hfb-above-header-display":"","ast-hfb-below-header-display":"","ast-hfb-mobile-header-display":"","site-post-title":"","ast-breadcrumbs-content":"","ast-featured-img":"","footer-sml-layout":"","theme-transparent-header-meta":"","adv-header-id-meta":"","stick-header-meta":"","header-above-stick-meta":"","header-main-stick-meta":"","header-below-stick-meta":"","astra-migrate-meta-layouts":"set","ast-page-background-enabled":"default","ast-page-background-meta":{"desktop":{"background-color":"var(--ast-global-color-4)","background-image":"","background-repeat":"repeat","background-position":"center center","background-size":"auto","background-attachment":"scroll","background-type":"","background-media":"","overlay-type":"","overlay-color":"","overlay-opacity":"","overlay-gradient":""},"tablet":{"background-color":"","background-image":"","background-repeat":"repeat","background-position":"center center","background-size":"auto","background-attachment":"scroll","background-type":"","background-media":"","overlay-type":"","overlay-color":"","overlay-opacity":"","overlay-gradient":""},"mobile":{"background-color":"","background-image":"","background-repeat":"repeat","background-position":"center center","background-size":"auto","background-attachment":"scroll","background-type":"","background-media":"","overlay-type":"","overlay-color":"","overlay-opacity":"","overlay-gradient":""}},"ast-content-background-meta":{"desktop":{"background-color":"var(--ast-global-color-5)","background-image":"","background-repeat":"repeat","background-position":"center center","background-size":"auto","background-attachment":"scroll","background-type":"","background-media":"","overlay-type":"","overlay-color":"","overlay-opacity":"","overlay-gradient":""},"tablet":{"background-color":"var(--ast-global-color-5)","background-image":"","background-repeat":"repeat","background-position":"center center","background-size":"auto","background-attachment":"scroll","background-type":"","background-media":"","overlay-type":"","overlay-color":"","overlay-opacity":"","overlay-gradient":""},"mobile":{"background-color":"var(--ast-global-color-5)","background-image":"","background-repeat":"repeat","background-position":"center center","background-size":"auto","background-attachment":"scroll","background-type":"","background-media":"","overlay-type":"","overlay-color":"","overlay-opacity":"","overlay-gradient":""}},"footnotes":""},"class_list":["post-2390","page","type-page","status-publish","hentry"],"_links":{"self":[{"href":"https:\/\/observatoriodelplacer.com\/en\/wp-json\/wp\/v2\/pages\/2390","targetHints":{"allow":["GET"]}}],"collection":[{"href":"https:\/\/observatoriodelplacer.com\/en\/wp-json\/wp\/v2\/pages"}],"about":[{"href":"https:\/\/observatoriodelplacer.com\/en\/wp-json\/wp\/v2\/types\/page"}],"author":[{"embeddable":true,"href":"https:\/\/observatoriodelplacer.com\/en\/wp-json\/wp\/v2\/users\/1"}],"replies":[{"embeddable":true,"href":"https:\/\/observatoriodelplacer.com\/en\/wp-json\/wp\/v2\/comments?post=2390"}],"version-history":[{"count":12,"href":"https:\/\/observatoriodelplacer.com\/en\/wp-json\/wp\/v2\/pages\/2390\/revisions"}],"predecessor-version":[{"id":3545,"href":"https:\/\/observatoriodelplacer.com\/en\/wp-json\/wp\/v2\/pages\/2390\/revisions\/3545"}],"wp:attachment":[{"href":"https:\/\/observatoriodelplacer.com\/en\/wp-json\/wp\/v2\/media?parent=2390"}],"curies":[{"name":"wp","href":"https:\/\/api.w.org\/{rel}","templated":true}]}}