{"id":2403,"date":"2024-06-02T12:24:34","date_gmt":"2024-06-02T10:24:34","guid":{"rendered":"https:\/\/observatoriodelplacer.com\/?page_id=2403"},"modified":"2025-02-27T21:20:04","modified_gmt":"2025-02-27T19:20:04","slug":"new-normal-por-matilde-flor-usinger","status":"publish","type":"page","link":"https:\/\/observatoriodelplacer.com\/en\/new-normal-por-matilde-flor-usinger\/","title":{"rendered":"New Normal por Matilde Flor Usinger, Nanna Koppel and ZCA"},"content":{"rendered":"<div class=\"wp-block-columns is-layout-flex wp-container-core-columns-is-layout-28f84493 wp-block-columns-is-layout-flex\">\n<div class=\"wp-block-column is-layout-flow wp-block-column-is-layout-flow\">\n<h5 class=\"wp-block-heading\">_ Residencia art\u00edstica 8-12 de julio 2024<br>_ <a href=\"https:\/\/observatoriodelplacer.com\/en\/instalacion-corporal-intrasting\/\" data-type=\"page\" data-id=\"2419\">INTRA(STING) Body Installation _ July 13<\/a><\/h5>\n\n\n\n<p class=\"has-text-align-right\"><em>Onto-fugitivity is a gesture towards a processual\/relational ontological position, an invitation to sense beyond ethical monocultures\u2014an invitation to meet and \u201cbecome with\u201d the multiple agencies at work on this planet.<br>&#8211; Fabrice Olivier Dubosc<\/em><\/p>\n\n\n\n<p><strong>Objective:<\/strong><\/p>\n\n\n\n<p>In this week-long residency, our focus lies on the exploration of accessing and exposing intimacy, acknowledging its inherently subjective nature. To grasp intimacy, a prerequisite is to maybe not having to define it? Through a diverse range of physical and conversational exercises, our aim is to not clarify what intimacy means to us and also to explore the unique definitions others hold. By navigating the intersections of these subjective perspectives, we intend to use these as tools to experiment with a performative approach to be one with the veil that intimacy may be.<\/p>\n\n\n\n<p>By delving into deep intimacy and embracing vulnerability, the residency aims to\nestablish a practice that actively resists patriarchal norms. This resistance is rooted\nin the belief that challenging societal structures is inherent in the pursuit of authentic\nconnections.<\/p>\n\n\n\n<p><strong>Exploring Softness and Sensitivity:<\/strong><br>Our focus on intimate moments stems from the belief that true intimacy emerges when we share vulnerability, either through exposing it or through inviting others to discover it. Particularly, we are intrigued by the soft, thin, and sensitive skin on the body and the transformative experiences that arise when giving attention to these areas, whether in a physical or metaphorical sense. What happens to our intimacy when we name\/not name these body parts, what they mean to us and how they feel? What happens to our intimacy when I allow\/not allow you to touch that part, look at it, like it etc.?<\/p>\n\n\n\n<p>To emphasize the collaborative and exploratory nature of this residency, we invite local artists to join in this collective \"study group.\" We believe that diverse perspectives and shared experiences will enrich our exploration of intimacy, fostering a collaborative learning environment. Our objective with this research is to imagine a practice which can expand beyond residency. Let's reimagine together what NORMAL is.<\/p>\n\n\n\n<p>We are excited to announce a second round of the open call NORMAL, but this time it will not be NORMAL anymore. Local artists are invited to join our study group dedicated to carefully planning an operation, that will deceptively challenge the concept of NORMAL, culminating in a body installation <a href=\"https:\/\/observatoriodelplacer.com\/en\/instalacion-corporal-intrasting\/\" data-type=\"page\" data-id=\"2419\"><strong><em>INTRA(STING)<\/em><\/strong><\/a> which will be shown to the public on Saturday, July 13 at Observatorio del Placer with a selected group of people.<\/p>\n\n\n\n<p><strong>TIMING:<\/strong><\/p>\n\n\n\n<p class=\"translation-block\">08.07 Monday 9 \u2013 14h<br>09.07 Tuesday 9 \u2013 14h<br>10 .07 Wednesday 9 \u2013 14h<br>11.07 Thursday 9 \u2013 14h<br>12.07 Friday 9 \u2013 14h<\/p>\n\n\n\n<p>13.07 Performance\/exchange 19h<\/p>\n\n\n\n<p>Participation in the study group is free of charge.<br>You can register through this link<\/p>\n\n\n\n<p><a href=\"https:\/\/forms.gle\/vo85Kyx284CZBjtc8\" target=\"_blank\" rel=\"noreferrer noopener\">https:\/\/forms.gle\/vo85Kyx284CZBjtc8<\/a><\/p>\n\n\n\n<p>Finally, we will present the result of \u2018New Normal\u2019 through an open exchange\/performance. <strong><em><a href=\"https:\/\/observatoriodelplacer.com\/en\/instalacion-corporal-intrasting\/\" data-type=\"page\" data-id=\"2419\">INTRA(STING)<\/a><\/em><\/strong><\/p>\n\n\n\n<hr class=\"wp-block-separator has-alpha-channel-opacity\"\/>\n\n\n\n<h2 class=\"wp-block-heading\">Matilde Flor Usinger<\/h2>\n\n\n\n<p>Matilde Flor Usinger grew up in a circus environment in Copenhagen, Denmark. After many years of training in gymnastics, she sought a freer form of physical expression, leading her to pursue a career in dance and performance. She received her foundational training at Nya Malm\u00f6 Latin and then completed three years of professional dance training at Balance1 in Berlin. Matilde has showcased various group and solo works at Berlin's Sophiensaele, Uferstudios, and ada-studios, as well as participated in various interdisciplinary site-specific performances.<\/p>\n\n\n\n<p>Her journey into the exploration of movement and performance continues as she develops collaborative projects. Currently, she is collaborating with actress Nanna Finding Koppel on the Danish Arts Foundation funded project HEJ FAR, all while creating and curating in MF Studio.<\/p>\n\n\n\n<p>Matilde aims to embody academic intersectional feminism, challenging societal structures. She integrates knowledge into the body, exploring themes such as sexuality, feminism, world order, gender, and white body supremacy. Her focus extends to the exploration of intimacy, connecting with others on emotional, intellectual, physical, and spiritual levels. She believes that embracing vulnerability empowers deeper, authentic connections, enhancing personal growth and relationships.<\/p>\n\n\n\n<p><strong><a href=\"https:\/\/www.instagram.com\/matildeflor\/\" target=\"_blank\" rel=\"noreferrer noopener\">https:\/\/www.instagram.com\/matildeflor\/<\/a><\/strong><\/p>\n\n\n\n<h2 class=\"wp-block-heading\">Nanna Koppel<\/h2>\n\n\n\n<p>Is an actor and interdisciplinary performer. They explore the intersection between video recordings and performance, between body and technology, to interpret the body as a vessel where contradictions and opposing truths intertwine and coexist. Contradictions cannot be resolved within the realities that gave rise to them. Resolving contradictions demands a change or shift in perspective or reality. Their aim is to find political and activist potential in resolving external conflicts within the body and use video to question one\u2019s gaze and attention to the reality one experiences, thus moving our perception of the world.<\/p>\n\n\n\n<p><a href=\"https:\/\/www.instagram.com\/nannakoppel\" target=\"_blank\" rel=\"noopener\"><strong>https:\/\/www.instagram.com\/nannakoppel<\/strong><\/a><\/p>\n\n\n\n<h2 class=\"wp-block-heading\">ZCA<\/h2>\n\n\n\n<p>ZCA is a key contributor to (OdP) Observatorio del Placer and a significant researcher in the field of failure. They also continue to study with great devotion the various ways of feeling gratitude in the face of the idea and sensation of loss and being lost.<\/p>\n<\/div>\n\n\n\n<div class=\"wp-block-column is-layout-flow wp-block-column-is-layout-flow\" style=\"flex-basis:30%\">\n<figure class=\"wp-block-image size-large\"><img loading=\"lazy\" decoding=\"async\" width=\"1024\" height=\"1024\" src=\"https:\/\/observatoriodelplacer.com\/wp-content\/uploads\/2025\/02\/normal3-1024x1024.png\" alt=\"residencia art\u00edstica Normal 3ra edici\u00f3n\" class=\"wp-image-3522\" srcset=\"https:\/\/observatoriodelplacer.com\/wp-content\/uploads\/2025\/02\/normal3-1024x1024.png 1024w, https:\/\/observatoriodelplacer.com\/wp-content\/uploads\/2025\/02\/normal3-300x300.png 300w, https:\/\/observatoriodelplacer.com\/wp-content\/uploads\/2025\/02\/normal3-150x150.png 150w, https:\/\/observatoriodelplacer.com\/wp-content\/uploads\/2025\/02\/normal3-768x768.png 768w, https:\/\/observatoriodelplacer.com\/wp-content\/uploads\/2025\/02\/normal3-12x12.png 12w, https:\/\/observatoriodelplacer.com\/wp-content\/uploads\/2025\/02\/normal3.png 1080w\" sizes=\"auto, (max-width: 1024px) 100vw, 1024px\" \/><\/figure>\n\n\n\n<p><\/p>\n\n\n\n<figure class=\"wp-block-video\"><video autoplay controls loop src=\"https:\/\/observatoriodelplacer.com\/wp-content\/uploads\/newnormal.mp4\"><\/video><\/figure>\n\n\n\n<p><\/p>\n\n\n\n<figure class=\"wp-block-image size-large\"><img loading=\"lazy\" decoding=\"async\" width=\"1024\" height=\"576\" src=\"https:\/\/observatoriodelplacer.com\/wp-content\/uploads\/2024\/06\/WhatsApp-Image-2024-06-03-at-18.46.58-1024x576.jpeg\" alt=\"\" class=\"wp-image-2456\" srcset=\"https:\/\/observatoriodelplacer.com\/wp-content\/uploads\/2024\/06\/WhatsApp-Image-2024-06-03-at-18.46.58-1024x576.jpeg 1024w, https:\/\/observatoriodelplacer.com\/wp-content\/uploads\/2024\/06\/WhatsApp-Image-2024-06-03-at-18.46.58-300x169.jpeg 300w, https:\/\/observatoriodelplacer.com\/wp-content\/uploads\/2024\/06\/WhatsApp-Image-2024-06-03-at-18.46.58-768x432.jpeg 768w, https:\/\/observatoriodelplacer.com\/wp-content\/uploads\/2024\/06\/WhatsApp-Image-2024-06-03-at-18.46.58-1536x864.jpeg 1536w, https:\/\/observatoriodelplacer.com\/wp-content\/uploads\/2024\/06\/WhatsApp-Image-2024-06-03-at-18.46.58-18x10.jpeg 18w, https:\/\/observatoriodelplacer.com\/wp-content\/uploads\/2024\/06\/WhatsApp-Image-2024-06-03-at-18.46.58.jpeg 2048w\" sizes=\"auto, (max-width: 1024px) 100vw, 1024px\" \/><\/figure>\n\n\n\n<p><\/p>\n\n\n\n<figure class=\"wp-block-image size-large\"><img loading=\"lazy\" decoding=\"async\" width=\"1024\" height=\"576\" src=\"https:\/\/observatoriodelplacer.com\/wp-content\/uploads\/2024\/06\/WhatsApp-Image-2024-06-03-at-12.22.12-1024x576.jpeg\" alt=\"\" class=\"wp-image-2421\" srcset=\"https:\/\/observatoriodelplacer.com\/wp-content\/uploads\/2024\/06\/WhatsApp-Image-2024-06-03-at-12.22.12-1024x576.jpeg 1024w, https:\/\/observatoriodelplacer.com\/wp-content\/uploads\/2024\/06\/WhatsApp-Image-2024-06-03-at-12.22.12-300x169.jpeg 300w, https:\/\/observatoriodelplacer.com\/wp-content\/uploads\/2024\/06\/WhatsApp-Image-2024-06-03-at-12.22.12-768x432.jpeg 768w, https:\/\/observatoriodelplacer.com\/wp-content\/uploads\/2024\/06\/WhatsApp-Image-2024-06-03-at-12.22.12-1536x864.jpeg 1536w, https:\/\/observatoriodelplacer.com\/wp-content\/uploads\/2024\/06\/WhatsApp-Image-2024-06-03-at-12.22.12-18x10.jpeg 18w, https:\/\/observatoriodelplacer.com\/wp-content\/uploads\/2024\/06\/WhatsApp-Image-2024-06-03-at-12.22.12.jpeg 2048w\" sizes=\"auto, (max-width: 1024px) 100vw, 1024px\" \/><\/figure>\n\n\n\n<p><\/p>\n\n\n\n<figure class=\"wp-block-image size-large\"><img loading=\"lazy\" decoding=\"async\" width=\"1024\" height=\"576\" src=\"https:\/\/observatoriodelplacer.com\/wp-content\/uploads\/2024\/06\/WhatsApp-Image-2024-06-03-at-12.22.122-1024x576.jpeg\" alt=\"\" class=\"wp-image-2422\" srcset=\"https:\/\/observatoriodelplacer.com\/wp-content\/uploads\/2024\/06\/WhatsApp-Image-2024-06-03-at-12.22.122-1024x576.jpeg 1024w, https:\/\/observatoriodelplacer.com\/wp-content\/uploads\/2024\/06\/WhatsApp-Image-2024-06-03-at-12.22.122-300x169.jpeg 300w, https:\/\/observatoriodelplacer.com\/wp-content\/uploads\/2024\/06\/WhatsApp-Image-2024-06-03-at-12.22.122-768x432.jpeg 768w, https:\/\/observatoriodelplacer.com\/wp-content\/uploads\/2024\/06\/WhatsApp-Image-2024-06-03-at-12.22.122-1536x864.jpeg 1536w, https:\/\/observatoriodelplacer.com\/wp-content\/uploads\/2024\/06\/WhatsApp-Image-2024-06-03-at-12.22.122-18x10.jpeg 18w, https:\/\/observatoriodelplacer.com\/wp-content\/uploads\/2024\/06\/WhatsApp-Image-2024-06-03-at-12.22.122.jpeg 2048w\" sizes=\"auto, (max-width: 1024px) 100vw, 1024px\" \/><\/figure>\n\n\n\n<p><\/p>\n\n\n\n<figure class=\"wp-block-image size-large\"><img loading=\"lazy\" decoding=\"async\" width=\"1024\" height=\"576\" src=\"https:\/\/observatoriodelplacer.com\/wp-content\/uploads\/2024\/06\/WhatsApp-Image-2024-06-03-at-12.22.121-1024x576.jpeg\" alt=\"\" class=\"wp-image-2423\" srcset=\"https:\/\/observatoriodelplacer.com\/wp-content\/uploads\/2024\/06\/WhatsApp-Image-2024-06-03-at-12.22.121-1024x576.jpeg 1024w, https:\/\/observatoriodelplacer.com\/wp-content\/uploads\/2024\/06\/WhatsApp-Image-2024-06-03-at-12.22.121-300x169.jpeg 300w, https:\/\/observatoriodelplacer.com\/wp-content\/uploads\/2024\/06\/WhatsApp-Image-2024-06-03-at-12.22.121-768x432.jpeg 768w, https:\/\/observatoriodelplacer.com\/wp-content\/uploads\/2024\/06\/WhatsApp-Image-2024-06-03-at-12.22.121-1536x864.jpeg 1536w, https:\/\/observatoriodelplacer.com\/wp-content\/uploads\/2024\/06\/WhatsApp-Image-2024-06-03-at-12.22.121-18x10.jpeg 18w, https:\/\/observatoriodelplacer.com\/wp-content\/uploads\/2024\/06\/WhatsApp-Image-2024-06-03-at-12.22.121.jpeg 2048w\" sizes=\"auto, (max-width: 1024px) 100vw, 1024px\" \/><\/figure>\n\n\n\n<p><\/p>\n\n\n\n<figure class=\"wp-block-image size-large\"><img loading=\"lazy\" decoding=\"async\" width=\"769\" height=\"1024\" src=\"https:\/\/observatoriodelplacer.com\/wp-content\/uploads\/2024\/06\/MERMANIAB2_HQ-769x1024.jpeg\" alt=\"matilde flor usinger - normal\" class=\"wp-image-2406\" srcset=\"https:\/\/observatoriodelplacer.com\/wp-content\/uploads\/2024\/06\/MERMANIAB2_HQ-769x1024.jpeg 769w, https:\/\/observatoriodelplacer.com\/wp-content\/uploads\/2024\/06\/MERMANIAB2_HQ-225x300.jpeg 225w, https:\/\/observatoriodelplacer.com\/wp-content\/uploads\/2024\/06\/MERMANIAB2_HQ-768x1023.jpeg 768w, https:\/\/observatoriodelplacer.com\/wp-content\/uploads\/2024\/06\/MERMANIAB2_HQ-1153x1536.jpeg 1153w, https:\/\/observatoriodelplacer.com\/wp-content\/uploads\/2024\/06\/MERMANIAB2_HQ-1538x2048.jpeg 1538w, https:\/\/observatoriodelplacer.com\/wp-content\/uploads\/2024\/06\/MERMANIAB2_HQ-9x12.jpeg 9w, https:\/\/observatoriodelplacer.com\/wp-content\/uploads\/2024\/06\/MERMANIAB2_HQ-scaled.jpeg 1922w\" sizes=\"auto, (max-width: 769px) 100vw, 769px\" \/><figcaption class=\"wp-element-caption\">Matilde Flor Usinger<\/figcaption><\/figure>\n\n\n\n<p><\/p>\n\n\n\n<figure class=\"wp-block-image size-large\"><img loading=\"lazy\" decoding=\"async\" width=\"768\" height=\"1024\" src=\"https:\/\/observatoriodelplacer.com\/wp-content\/uploads\/2024\/06\/IMAGE-2024-05-31-11_46_04-768x1024.jpg\" alt=\"\" class=\"wp-image-2405\" srcset=\"https:\/\/observatoriodelplacer.com\/wp-content\/uploads\/2024\/06\/IMAGE-2024-05-31-11_46_04-768x1024.jpg 768w, https:\/\/observatoriodelplacer.com\/wp-content\/uploads\/2024\/06\/IMAGE-2024-05-31-11_46_04-225x300.jpg 225w, https:\/\/observatoriodelplacer.com\/wp-content\/uploads\/2024\/06\/IMAGE-2024-05-31-11_46_04-9x12.jpg 9w, https:\/\/observatoriodelplacer.com\/wp-content\/uploads\/2024\/06\/IMAGE-2024-05-31-11_46_04.jpg 960w\" sizes=\"auto, (max-width: 768px) 100vw, 768px\" \/><figcaption class=\"wp-element-caption\">Nanna Koppel<\/figcaption><\/figure>\n\n\n\n<p><\/p>\n\n\n\n<figure class=\"wp-block-image size-large\"><img loading=\"lazy\" decoding=\"async\" width=\"1024\" height=\"576\" src=\"https:\/\/observatoriodelplacer.com\/wp-content\/uploads\/2024\/06\/WhatsApp-Image-2024-06-01-at-11.52.15-1024x576.jpeg\" alt=\"\" class=\"wp-image-2407\" srcset=\"https:\/\/observatoriodelplacer.com\/wp-content\/uploads\/2024\/06\/WhatsApp-Image-2024-06-01-at-11.52.15-1024x576.jpeg 1024w, https:\/\/observatoriodelplacer.com\/wp-content\/uploads\/2024\/06\/WhatsApp-Image-2024-06-01-at-11.52.15-300x169.jpeg 300w, https:\/\/observatoriodelplacer.com\/wp-content\/uploads\/2024\/06\/WhatsApp-Image-2024-06-01-at-11.52.15-768x432.jpeg 768w, https:\/\/observatoriodelplacer.com\/wp-content\/uploads\/2024\/06\/WhatsApp-Image-2024-06-01-at-11.52.15-18x10.jpeg 18w, https:\/\/observatoriodelplacer.com\/wp-content\/uploads\/2024\/06\/WhatsApp-Image-2024-06-01-at-11.52.15.jpeg 1344w\" sizes=\"auto, (max-width: 1024px) 100vw, 1024px\" \/><figcaption class=\"wp-element-caption\">ZCA (imagen de Barranco)<\/figcaption><\/figure>\n<\/div>\n<\/div>\n\n\n\n<div style=\"height:100px\" aria-hidden=\"true\" class=\"wp-block-spacer\"><\/div>\n\n\n\n<figure class=\"wp-block-image size-full\"><img loading=\"lazy\" decoding=\"async\" width=\"100\" height=\"34\" src=\"https:\/\/observatoriodelplacer.com\/wp-content\/uploads\/2024\/08\/logo-3.png\" alt=\"\" class=\"wp-image-2597\" srcset=\"https:\/\/observatoriodelplacer.com\/wp-content\/uploads\/2024\/08\/logo-3.png 100w, https:\/\/observatoriodelplacer.com\/wp-content\/uploads\/2024\/08\/logo-3-18x6.png 18w\" sizes=\"auto, (max-width: 100px) 100vw, 100px\" \/><figcaption class=\"wp-element-caption\">The OdP 2024 artistic residency project receives support from Barcelona City Council.<\/figcaption><\/figure>","protected":false},"excerpt":{"rendered":"<p>_ Residencia art\u00edstica 8-12 de julio 2024_ Instalaci\u00f3n corporal INTRA(STING) _ 13 de julio La onto-fugitividad es un gesto hacia una posici\u00f3n ontol\u00f3gica procesual\/relacional, una invitaci\u00f3n a sentir m\u00e1s all\u00e1 de las monoculturas \u00e9ticas, una invitaci\u00f3n a conocer y \u201cconvertirse en\u201d las m\u00faltiples agencias que trabajan en este planeta.&#8211; Fabrice Olivier Dubosc Objetivo: En esta [&hellip;]<\/p>\n","protected":false},"author":1,"featured_media":0,"parent":0,"menu_order":0,"comment_status":"closed","ping_status":"closed","template":"","meta":{"site-sidebar-layout":"default","site-content-layout":"","ast-site-content-layout":"default","site-content-style":"default","site-sidebar-style":"default","ast-global-header-display":"","ast-banner-title-visibility":"","ast-main-header-display":"","ast-hfb-above-header-display":"","ast-hfb-below-header-display":"","ast-hfb-mobile-header-display":"","site-post-title":"","ast-breadcrumbs-content":"","ast-featured-img":"","footer-sml-layout":"","theme-transparent-header-meta":"","adv-header-id-meta":"","stick-header-meta":"","header-above-stick-meta":"","header-main-stick-meta":"","header-below-stick-meta":"","astra-migrate-meta-layouts":"set","ast-page-background-enabled":"default","ast-page-background-meta":{"desktop":{"background-color":"var(--ast-global-color-4)","background-image":"","background-repeat":"repeat","background-position":"center center","background-size":"auto","background-attachment":"scroll","background-type":"","background-media":"","overlay-type":"","overlay-color":"","overlay-opacity":"","overlay-gradient":""},"tablet":{"background-color":"","background-image":"","background-repeat":"repeat","background-position":"center center","background-size":"auto","background-attachment":"scroll","background-type":"","background-media":"","overlay-type":"","overlay-color":"","overlay-opacity":"","overlay-gradient":""},"mobile":{"background-color":"","background-image":"","background-repeat":"repeat","background-position":"center center","background-size":"auto","background-attachment":"scroll","background-type":"","background-media":"","overlay-type":"","overlay-color":"","overlay-opacity":"","overlay-gradient":""}},"ast-content-background-meta":{"desktop":{"background-color":"var(--ast-global-color-5)","background-image":"","background-repeat":"repeat","background-position":"center center","background-size":"auto","background-attachment":"scroll","background-type":"","background-media":"","overlay-type":"","overlay-color":"","overlay-opacity":"","overlay-gradient":""},"tablet":{"background-color":"var(--ast-global-color-5)","background-image":"","background-repeat":"repeat","background-position":"center center","background-size":"auto","background-attachment":"scroll","background-type":"","background-media":"","overlay-type":"","overlay-color":"","overlay-opacity":"","overlay-gradient":""},"mobile":{"background-color":"var(--ast-global-color-5)","background-image":"","background-repeat":"repeat","background-position":"center center","background-size":"auto","background-attachment":"scroll","background-type":"","background-media":"","overlay-type":"","overlay-color":"","overlay-opacity":"","overlay-gradient":""}},"footnotes":""},"class_list":["post-2403","page","type-page","status-publish","hentry"],"_links":{"self":[{"href":"https:\/\/observatoriodelplacer.com\/en\/wp-json\/wp\/v2\/pages\/2403","targetHints":{"allow":["GET"]}}],"collection":[{"href":"https:\/\/observatoriodelplacer.com\/en\/wp-json\/wp\/v2\/pages"}],"about":[{"href":"https:\/\/observatoriodelplacer.com\/en\/wp-json\/wp\/v2\/types\/page"}],"author":[{"embeddable":true,"href":"https:\/\/observatoriodelplacer.com\/en\/wp-json\/wp\/v2\/users\/1"}],"replies":[{"embeddable":true,"href":"https:\/\/observatoriodelplacer.com\/en\/wp-json\/wp\/v2\/comments?post=2403"}],"version-history":[{"count":26,"href":"https:\/\/observatoriodelplacer.com\/en\/wp-json\/wp\/v2\/pages\/2403\/revisions"}],"predecessor-version":[{"id":3547,"href":"https:\/\/observatoriodelplacer.com\/en\/wp-json\/wp\/v2\/pages\/2403\/revisions\/3547"}],"wp:attachment":[{"href":"https:\/\/observatoriodelplacer.com\/en\/wp-json\/wp\/v2\/media?parent=2403"}],"curies":[{"name":"wp","href":"https:\/\/api.w.org\/{rel}","templated":true}]}}