{"id":2419,"date":"2024-06-03T15:01:05","date_gmt":"2024-06-03T13:01:05","guid":{"rendered":"https:\/\/observatoriodelplacer.com\/?page_id=2419"},"modified":"2024-09-06T10:34:45","modified_gmt":"2024-09-06T08:34:45","slug":"instalacion-corporal-intrasting","status":"publish","type":"page","link":"https:\/\/observatoriodelplacer.com\/en\/instalacion-corporal-intrasting\/","title":{"rendered":"INTRA(STING) body installation"},"content":{"rendered":"<div class=\"wp-block-columns is-layout-flex wp-container-core-columns-is-layout-28f84493 wp-block-columns-is-layout-flex\">\n<div class=\"wp-block-column is-layout-flow wp-block-column-is-layout-flow\">\n<h5 class=\"wp-block-heading\"><a href=\"https:\/\/observatoriodelplacer.com\/en\/new-normal-por-matilde-flor-usinger\/\" data-type=\"page\" data-id=\"2403\">_ Residency July 8-12, 2024<\/a><br>_ INTRA(STING) Body Installation _ July 13<\/h5>\n\n\n\n<p>\u00bfC\u00f3mo nos relacionamos a trav\u00e9s de la verg\u00fcenza?<br>\u00bfC\u00f3mo nos relacionamos a trav\u00e9s de la intimidad?<br>\u00bfPuedes imaginar la intimidad sin verg\u00fcenza?<br>\u00bfC\u00f3mo se ve la verg\u00fcenza con confianza?<br>\u00bfEst\u00e1 la intimidad conectada de alguna manera con el santuario?<br>\u00bfEs posible experimentar la intimidad con unx mismx? Si es as\u00ed, \u00bfc\u00f3mo se ve y se siente esa experiencia?<br>\u00bfDe qu\u00e9 maneras podemos permitir y descubrir la intimidad en constelaciones que van m\u00e1s all\u00e1 del concepto de dos?<\/p>\n\n\n\n<hr class=\"wp-block-separator has-alpha-channel-opacity\"\/>\n\n\n\n<p>Para finalizar la residencia art\u00edstica &#8216;<a href=\"https:\/\/observatoriodelplacer.com\/en\/new-normal-por-matilde-flor-usinger\/\" data-type=\"page\" data-id=\"2403\">New Normal<\/a>&#8216; se realiz\u00f3 la presentaci\u00f3n a trav\u00e9s de un intercambio\/actuaci\u00f3n abierta.<\/p>\n\n\n\n<hr class=\"wp-block-separator has-alpha-channel-opacity\"\/>\n\n\n\n<h2 class=\"wp-block-heading\">Matilde Flor Usinger<\/h2>\n\n\n\n<p>Matilde Flor Usinger grew up in a circus environment in Copenhagen, Denmark. After many years of training in gymnastics, she sought a freer form of physical expression, leading her to pursue a career in dance and performance. She received her foundational training at Nya Malm\u00f6 Latin and then completed three years of professional dance training at Balance1 in Berlin. Matilde has showcased various group and solo works at Berlin's Sophiensaele, Uferstudios, and ada-studios, as well as participated in various interdisciplinary site-specific performances.<\/p>\n\n\n\n<p>Her journey into the exploration of movement and performance continues as she develops collaborative projects. Currently, she is collaborating with actress Nanna Finding Koppel on the Danish Arts Foundation funded project HEJ FAR, all while creating and curating in MF Studio.<\/p>\n\n\n\n<p>Matilde aims to embody academic intersectional feminism, challenging societal structures. She integrates knowledge into the body, exploring themes such as sexuality, feminism, world order, gender, and white body supremacy. Her focus extends to the exploration of intimacy, connecting with others on emotional, intellectual, physical, and spiritual levels. She believes that embracing vulnerability empowers deeper, authentic connections, enhancing personal growth and relationships.<\/p>\n\n\n\n<p><strong><a href=\"https:\/\/www.instagram.com\/matildeflor\/\" target=\"_blank\" rel=\"noreferrer noopener\">https:\/\/www.instagram.com\/matildeflor\/<\/a><\/strong><\/p>\n\n\n\n<h2 class=\"wp-block-heading\">Nanna Koppel<\/h2>\n\n\n\n<p>Is an actor and interdisciplinary performer. They explore the intersection between video recordings and performance, between body and technology, to interpret the body as a vessel where contradictions and opposing truths intertwine and coexist. Contradictions cannot be resolved within the realities that gave rise to them. Resolving contradictions demands a change or shift in perspective or reality. Their aim is to find political and activist potential in resolving external conflicts within the body and use video to question one\u2019s gaze and attention to the reality one experiences, thus moving our perception of the world.<\/p>\n\n\n\n<p><a href=\"https:\/\/www.instagram.com\/nannakoppel\" target=\"_blank\" rel=\"noopener\"><strong>https:\/\/www.instagram.com\/nannakoppel<\/strong><\/a><\/p>\n\n\n\n<h2 class=\"wp-block-heading\">ZCA<\/h2>\n\n\n\n<p>Is a generating part of OdP (observatorio del placer). After their studies in film and theology, their personal interest in the body and its relationships led ZCA to investigate different somatic and sexuality practices. They produced xplorebcn in 2017 and 2018, as well as organizing workshops for both xplorebcn and xplore berlin in 2021 and collaborating with <a href=\"https:\/\/www.instagram.com\/princesalimonera\" data-type=\"URL\" data-id=\"https:\/\/www.instagram.com\/princesalimonera\" target=\"_blank\" rel=\"noreferrer noopener\">Anarella Mart\u00ednez-Madrid<\/a> on the platform <a href=\"https:\/\/www.sexschoolhub.com\/\" data-type=\"URL\" data-id=\"https:\/\/www.sexschoolhub.com\/\" target=\"_blank\" rel=\"noreferrer noopener\">sex school<\/a>.<\/p>\n<\/div>\n\n\n\n<div class=\"wp-block-column is-layout-flow wp-block-column-is-layout-flow\" style=\"flex-basis:30%\">\n<figure class=\"wp-block-image size-large\"><img loading=\"lazy\" decoding=\"async\" width=\"1024\" height=\"576\" src=\"https:\/\/observatoriodelplacer.com\/wp-content\/uploads\/2024\/09\/WhatsApp-Image-2024-09-06-at-10.20.37-1024x576.jpeg\" alt=\"\" class=\"wp-image-2721\" srcset=\"https:\/\/observatoriodelplacer.com\/wp-content\/uploads\/2024\/09\/WhatsApp-Image-2024-09-06-at-10.20.37-1024x576.jpeg 1024w, https:\/\/observatoriodelplacer.com\/wp-content\/uploads\/2024\/09\/WhatsApp-Image-2024-09-06-at-10.20.37-300x169.jpeg 300w, https:\/\/observatoriodelplacer.com\/wp-content\/uploads\/2024\/09\/WhatsApp-Image-2024-09-06-at-10.20.37-768x432.jpeg 768w, https:\/\/observatoriodelplacer.com\/wp-content\/uploads\/2024\/09\/WhatsApp-Image-2024-09-06-at-10.20.37-18x10.jpeg 18w, https:\/\/observatoriodelplacer.com\/wp-content\/uploads\/2024\/09\/WhatsApp-Image-2024-09-06-at-10.20.37.jpeg 1280w\" sizes=\"auto, (max-width: 1024px) 100vw, 1024px\" \/><\/figure>\n\n\n\n<p><\/p>\n\n\n\n<figure class=\"wp-block-video\"><video height=\"480\" style=\"aspect-ratio: 848 \/ 480;\" width=\"848\" controls src=\"https:\/\/observatoriodelplacer.com\/wp-content\/uploads\/2024\/09\/WhatsApp-Video-2024-09-06-at-10.20.47.mp4\"><\/video><\/figure>\n<\/div>\n<\/div>","protected":false},"excerpt":{"rendered":"<p>_ Residencia 8-12 de julio 2024_ Instalaci\u00f3n corporal INTRA(STING) _ 13 de julio \u00bfC\u00f3mo nos relacionamos a trav\u00e9s de la verg\u00fcenza?\u00bfC\u00f3mo nos relacionamos a trav\u00e9s de la intimidad?\u00bfPuedes imaginar la intimidad sin verg\u00fcenza?\u00bfC\u00f3mo se ve la verg\u00fcenza con confianza?\u00bfEst\u00e1 la intimidad conectada de alguna manera con el santuario?\u00bfEs posible experimentar la intimidad con unx mismx? [&hellip;]<\/p>\n","protected":false},"author":1,"featured_media":0,"parent":0,"menu_order":0,"comment_status":"closed","ping_status":"closed","template":"","meta":{"site-sidebar-layout":"default","site-content-layout":"","ast-site-content-layout":"","site-content-style":"default","site-sidebar-style":"default","ast-global-header-display":"","ast-banner-title-visibility":"","ast-main-header-display":"","ast-hfb-above-header-display":"","ast-hfb-below-header-display":"","ast-hfb-mobile-header-display":"","site-post-title":"","ast-breadcrumbs-content":"","ast-featured-img":"","footer-sml-layout":"","theme-transparent-header-meta":"","adv-header-id-meta":"","stick-header-meta":"","header-above-stick-meta":"","header-main-stick-meta":"","header-below-stick-meta":"","astra-migrate-meta-layouts":"default","ast-page-background-enabled":"default","ast-page-background-meta":{"desktop":{"background-color":"var(--ast-global-color-4)","background-image":"","background-repeat":"repeat","background-position":"center center","background-size":"auto","background-attachment":"scroll","background-type":"","background-media":"","overlay-type":"","overlay-color":"","overlay-opacity":"","overlay-gradient":""},"tablet":{"background-color":"","background-image":"","background-repeat":"repeat","background-position":"center center","background-size":"auto","background-attachment":"scroll","background-type":"","background-media":"","overlay-type":"","overlay-color":"","overlay-opacity":"","overlay-gradient":""},"mobile":{"background-color":"","background-image":"","background-repeat":"repeat","background-position":"center center","background-size":"auto","background-attachment":"scroll","background-type":"","background-media":"","overlay-type":"","overlay-color":"","overlay-opacity":"","overlay-gradient":""}},"ast-content-background-meta":{"desktop":{"background-color":"var(--ast-global-color-5)","background-image":"","background-repeat":"repeat","background-position":"center center","background-size":"auto","background-attachment":"scroll","background-type":"","background-media":"","overlay-type":"","overlay-color":"","overlay-opacity":"","overlay-gradient":""},"tablet":{"background-color":"var(--ast-global-color-5)","background-image":"","background-repeat":"repeat","background-position":"center center","background-size":"auto","background-attachment":"scroll","background-type":"","background-media":"","overlay-type":"","overlay-color":"","overlay-opacity":"","overlay-gradient":""},"mobile":{"background-color":"var(--ast-global-color-5)","background-image":"","background-repeat":"repeat","background-position":"center center","background-size":"auto","background-attachment":"scroll","background-type":"","background-media":"","overlay-type":"","overlay-color":"","overlay-opacity":"","overlay-gradient":""}},"footnotes":""},"class_list":["post-2419","page","type-page","status-publish","hentry"],"_links":{"self":[{"href":"https:\/\/observatoriodelplacer.com\/en\/wp-json\/wp\/v2\/pages\/2419","targetHints":{"allow":["GET"]}}],"collection":[{"href":"https:\/\/observatoriodelplacer.com\/en\/wp-json\/wp\/v2\/pages"}],"about":[{"href":"https:\/\/observatoriodelplacer.com\/en\/wp-json\/wp\/v2\/types\/page"}],"author":[{"embeddable":true,"href":"https:\/\/observatoriodelplacer.com\/en\/wp-json\/wp\/v2\/users\/1"}],"replies":[{"embeddable":true,"href":"https:\/\/observatoriodelplacer.com\/en\/wp-json\/wp\/v2\/comments?post=2419"}],"version-history":[{"count":18,"href":"https:\/\/observatoriodelplacer.com\/en\/wp-json\/wp\/v2\/pages\/2419\/revisions"}],"predecessor-version":[{"id":2725,"href":"https:\/\/observatoriodelplacer.com\/en\/wp-json\/wp\/v2\/pages\/2419\/revisions\/2725"}],"wp:attachment":[{"href":"https:\/\/observatoriodelplacer.com\/en\/wp-json\/wp\/v2\/media?parent=2419"}],"curies":[{"name":"wp","href":"https:\/\/api.w.org\/{rel}","templated":true}]}}