{"id":2635,"date":"2024-08-24T13:49:16","date_gmt":"2024-08-24T11:49:16","guid":{"rendered":"https:\/\/observatoriodelplacer.com\/?page_id=2635"},"modified":"2024-10-08T09:03:07","modified_gmt":"2024-10-08T07:03:07","slug":"undisguised-residencia-andre-uerba","status":"publish","type":"page","link":"https:\/\/observatoriodelplacer.com\/en\/undisguised-residencia-andre-uerba\/","title":{"rendered":"UNDISGUISED por Andr\u00e9 Uerba"},"content":{"rendered":"<div class=\"wp-block-columns is-layout-flex wp-container-core-columns-is-layout-28f84493 wp-block-columns-is-layout-flex\">\n<div class=\"wp-block-column is-layout-flow wp-block-column-is-layout-flow\">\n<h5 class=\"wp-block-heading\">_ Residencia art\u00edstica 7 &#8211; 13 oct<br>_ <a href=\"https:\/\/observatoriodelplacer.com\/en\/undisguised-estudio-abierto-intercambio-de-performances\/\" data-type=\"link\" data-id=\"https:\/\/observatoriodelplacer.com\/undisguised-estudio-abierto-intercambio-de-performances\/\">Open Studio \/ Performance Sharing Sunday, October 13th<\/a><\/h5>\n\n\n\n<p><strong>\u201cUndisguised\u201d<\/strong> is the first research for a new project and intertwines choreography and somatic practices.\nWithin the frame of the one-week residency at Observatorio del Placer, my wish is to investigate and\ncreate a space for encounters and consensual connections to happen, while being creative, playful and engaging the physical, emotional and erotic body. \u201cUndisguised\u201c takes gestures of intimacy and\ndispositives of support (giving &amp; receiving) as an ethical and creative input, and attempts to formulate\nwhat are the rituals of gathering of the 21st century.<\/p>\n\n\n\n<p>Working across slow movement, intimacy, presence, holding space, consent, text, conscious touch and singing, I propose to examine the desire or wish of \u201cbelonging\u201d. We rehearse intimacy and train the muscles of vulnerability \u2013 positioning the focus on the process. The deliberate modulation of speed (slow tempo), serves as a conduit to (co-)regulate the nervous system of both performers and viewers. This intentional pacing creates a space for intimacy where the performers move beyond exhibitionism, fostering a sense of communal presence by sharing, not showing. The choreography and the aesthetics emerge from a conscious cultivation of somatic practices and bodily states.<\/p>\n\n\n\n<p>\u201cUndisguised\u201d explores geographies of affection and how we navigate with and through them. \u201cUndisguised\u201d is part of an intimate series that started with \u201cFire Starter\u201d (2019) and continued with \u201cInviting Moments of Stillness\u201c (2020), \u201cA hole the size of your touch\u201d (2021) and \u201c\u00c6ffective Choreography\u201d (2022).<\/p>\n\n\n\n<h4 class=\"wp-block-heading\">Open call<\/h4>\n\n\n\n<p>This call is for performers that are interested in joining the research and performance (open studio) and who are interested in investigating their physical, emotional and erotic body within the frame of the residency. We will investigate intimate gestures within the frame of the research residency, and you will have agency to decide what you want or not want to do. You will have an overview on how I create work and how I intertwine personal themes within my artistic projects.<\/p>\n\n\n\n<p><strong><em>Activity open to those who investigate their sexuality regardless of the gender or identity of the people they will meet in the experience.<\/em><\/strong><\/p>\n\n\n\n<p><strong>SCHEDULE<br><\/strong>_ <em>Investigation _ <\/em>from October 7 to 13, 3-9 p.m.<br>_ <a href=\"https:\/\/observatoriodelplacer.com\/en\/undisguised-estudio-abierto-intercambio-de-performances\/\" data-type=\"page\" data-id=\"2649\">Estudio abierto \/ Intercambio de performances dom 13 oc<\/a><\/p>\n\n\n\n<hr class=\"wp-block-separator has-alpha-channel-opacity\"\/>\n\n\n\n<h2 class=\"wp-block-heading\">Andr\u00e9 Uerba<\/h2>\n\n\n\n<p>Andr\u00e9 Uerba was born in Lisbon and based in Berlin since 2013. Holds an MA in Arts, Solo\/ Dance\/ Authorship from HZT Berlin (2015) and develops group projects since 2018. His research is nourished by expanded practices within choreography and bodywork.<\/p>\n\n\n\n<p>Selected work: \u201c\u00c6ffective Choreography\u201d (2022) presented at Radialsystem (Berlin), Halle am Berghain (Berlin), Tanzbiennale Heidelberg, English Theater Berlin, Antwerp Queer Arts Festival; \u201cA hole the size of your touch\u201d (2021) presented in the frame of BoCA - Biennial of Contemporary Arts (Lisbon); \u201cInviting Moments of Stillness\u201d (2021) developed at Radialsystem; \u201cPool of Emotions\u201d (2019), an event\/ gathering on its 5th edition; \u201cFire Starter\u201d (2019-2020), developed at Flutgraben Berlin; \u201cBurn Time\u201d (2018), presented in Portugal, Germany, Sweden, Spain, Slovenia, Indonesia and Taiwan. In 2021 Uerba was part of \u201cRe-Think (Accessibility &amp; Sustainable Mobility)\u201d, a one-year program supported by the Swedish Institute and Norrlandsoperan.<\/p>\n\n\n\n<p>In 2022\/2023 he received the Tanzpraxis Grant (Berlin) and in 2023 he was a grant holder of the Pina Bausch Fellowship, having as a cooperation partner choreographer Diana Niepce, within the frame of \u201cNorm\u201d, a training program for disabled and non-disabled artists. From 2012 to 2019 Andr\u00e9 worked as artistic collaborator, group coordinator and performer with the duo Ana Borralho &amp; Jo\u00e3o Galante (Atlas, Trigger of Happiness &amp; SexyMF).<\/p>\n\n\n\n<p>Besides creating his own projects, Uerba unfolds his practice into mentoring, dramaturgical support and workshop facilitator within diverse contexts. In 2023 the workshop \u201cUndisguised Matter\u201d was part of Theater Treffen - International Forum at Martin-Gropius-Bau and part of the \u201cDance and Mediation\u201d program at Zentrum f\u00fcr Zeitgen\u00f6ssischen Tanz in Cologne.<\/p>\n\n\n\n<p>Andr\u00e9 holds a training and certification as a Sexological Bodyworker from the Institute for Somatic Learning, Sexuality and Bodywork (Berlin).<\/p>\n\n\n\n<p><a href=\"http:\/\/www.instagram.com\/andre_uerba\/\" target=\"_blank\" rel=\"noopener\"><strong><u><strong>www.instagram.com\/andre_uerba<\/strong><\/u><\/strong><\/a><br><a href=\"http:\/\/www.shorthope.org\" target=\"_blank\" rel=\"noopener\"><strong><u><strong>www.shorthope.org<\/strong><\/u><\/strong><\/a><\/p>\n<\/div>\n\n\n\n<div class=\"wp-block-column is-layout-flow wp-block-column-is-layout-flow\" style=\"flex-basis:30%\">\n<figure class=\"wp-block-image size-large\"><img loading=\"lazy\" decoding=\"async\" width=\"1024\" height=\"1024\" src=\"https:\/\/observatoriodelplacer.com\/wp-content\/uploads\/2024\/08\/res_eng_undisguised.png\" alt=\"residencia art\u00edstica Andr\u00e9 Uerba\" class=\"wp-image-2678\" srcset=\"https:\/\/observatoriodelplacer.com\/wp-content\/uploads\/2024\/08\/res_eng_undisguised.png 1080w, https:\/\/observatoriodelplacer.com\/wp-content\/uploads\/2024\/08\/res_eng_undisguised-300x300.png 300w, https:\/\/observatoriodelplacer.com\/wp-content\/uploads\/2024\/08\/res_eng_undisguised-1024x1024.png 1024w, https:\/\/observatoriodelplacer.com\/wp-content\/uploads\/2024\/08\/res_eng_undisguised-150x150.png 150w, https:\/\/observatoriodelplacer.com\/wp-content\/uploads\/2024\/08\/res_eng_undisguised-768x768.png 768w, https:\/\/observatoriodelplacer.com\/wp-content\/uploads\/2024\/08\/res_eng_undisguised-12x12.png 12w\" sizes=\"auto, (max-width: 1024px) 100vw, 1024px\" \/><\/figure>\n\n\n\n<p><\/p>\n\n\n\n<figure class=\"wp-block-image size-large\"><img loading=\"lazy\" decoding=\"async\" width=\"1024\" height=\"577\" src=\"https:\/\/observatoriodelplacer.com\/wp-content\/uploads\/2024\/08\/Undisguised_Opencall-1024x577.png\" alt=\"\" class=\"wp-image-2640\" srcset=\"https:\/\/observatoriodelplacer.com\/wp-content\/uploads\/2024\/08\/Undisguised_Opencall-1024x577.png 1024w, https:\/\/observatoriodelplacer.com\/wp-content\/uploads\/2024\/08\/Undisguised_Opencall-300x169.png 300w, https:\/\/observatoriodelplacer.com\/wp-content\/uploads\/2024\/08\/Undisguised_Opencall-768x433.png 768w, https:\/\/observatoriodelplacer.com\/wp-content\/uploads\/2024\/08\/Undisguised_Opencall-18x10.png 18w, https:\/\/observatoriodelplacer.com\/wp-content\/uploads\/2024\/08\/Undisguised_Opencall.png 1113w\" sizes=\"auto, (max-width: 1024px) 100vw, 1024px\" \/><\/figure>\n\n\n\n<p><\/p>\n\n\n\n<figure class=\"wp-block-image size-large\"><img loading=\"lazy\" decoding=\"async\" width=\"683\" height=\"1024\" src=\"https:\/\/observatoriodelplacer.com\/wp-content\/uploads\/2024\/08\/andrehuerva-683x1024.png\" alt=\"\" class=\"wp-image-2636\" srcset=\"https:\/\/observatoriodelplacer.com\/wp-content\/uploads\/2024\/08\/andrehuerva-683x1024.png 683w, https:\/\/observatoriodelplacer.com\/wp-content\/uploads\/2024\/08\/andrehuerva-200x300.png 200w, https:\/\/observatoriodelplacer.com\/wp-content\/uploads\/2024\/08\/andrehuerva-8x12.png 8w, https:\/\/observatoriodelplacer.com\/wp-content\/uploads\/2024\/08\/andrehuerva.png 720w\" sizes=\"auto, (max-width: 683px) 100vw, 683px\" \/><\/figure>\n<\/div>\n<\/div>\n\n\n\n<div style=\"height:100px\" aria-hidden=\"true\" class=\"wp-block-spacer\"><\/div>\n\n\n\n<figure class=\"wp-block-image size-large is-resized\"><img loading=\"lazy\" decoding=\"async\" width=\"1024\" height=\"182\" src=\"https:\/\/observatoriodelplacer.com\/wp-content\/uploads\/2024\/09\/Logo_horizontal_black-1024x182.png\" alt=\"\" class=\"wp-image-2730\" style=\"width:300px\" srcset=\"https:\/\/observatoriodelplacer.com\/wp-content\/uploads\/2024\/09\/Logo_horizontal_black-1024x182.png 1024w, https:\/\/observatoriodelplacer.com\/wp-content\/uploads\/2024\/09\/Logo_horizontal_black-300x53.png 300w, https:\/\/observatoriodelplacer.com\/wp-content\/uploads\/2024\/09\/Logo_horizontal_black-768x136.png 768w, https:\/\/observatoriodelplacer.com\/wp-content\/uploads\/2024\/09\/Logo_horizontal_black-1536x273.png 1536w, https:\/\/observatoriodelplacer.com\/wp-content\/uploads\/2024\/09\/Logo_horizontal_black-2048x364.png 2048w, https:\/\/observatoriodelplacer.com\/wp-content\/uploads\/2024\/09\/Logo_horizontal_black-18x3.png 18w\" sizes=\"auto, (max-width: 1024px) 100vw, 1024px\" \/><figcaption class=\"wp-element-caption\">This work was produced with the financial assistance of the European Union. The views expressed<br>herein can in no way be taken to reflect the official opinion of the European Union.<\/figcaption><\/figure>\n\n\n\n<figure class=\"wp-block-image size-full\"><img loading=\"lazy\" decoding=\"async\" width=\"100\" height=\"34\" src=\"https:\/\/observatoriodelplacer.com\/wp-content\/uploads\/2024\/08\/logo-3.png\" alt=\"\" class=\"wp-image-2597\" srcset=\"https:\/\/observatoriodelplacer.com\/wp-content\/uploads\/2024\/08\/logo-3.png 100w, https:\/\/observatoriodelplacer.com\/wp-content\/uploads\/2024\/08\/logo-3-18x6.png 18w\" sizes=\"auto, (max-width: 100px) 100vw, 100px\" \/><figcaption class=\"wp-element-caption\">The OdP 2024 artistic residency project receives support from Barcelona City Council.<\/figcaption><\/figure>","protected":false},"excerpt":{"rendered":"<p>_ Residencia art\u00edstica 7 &#8211; 13 oct_ Estudio abierto \/ Intercambio de performances dom 13 oct \u201cUndisguised\u201d es la primera investigaci\u00f3n de Andr\u00e9 uerba para un nuevo proyecto que entrelaza la coreograf\u00eda y las pr\u00e1cticas som\u00e1ticas. En el marco de la residencia de una semana en Observatorio del Placer, mi deseo es investigar y crear [&hellip;]<\/p>\n","protected":false},"author":1,"featured_media":0,"parent":0,"menu_order":0,"comment_status":"closed","ping_status":"closed","template":"","meta":{"site-sidebar-layout":"default","site-content-layout":"","ast-site-content-layout":"","site-content-style":"default","site-sidebar-style":"default","ast-global-header-display":"","ast-banner-title-visibility":"","ast-main-header-display":"","ast-hfb-above-header-display":"","ast-hfb-below-header-display":"","ast-hfb-mobile-header-display":"","site-post-title":"","ast-breadcrumbs-content":"","ast-featured-img":"","footer-sml-layout":"","theme-transparent-header-meta":"","adv-header-id-meta":"","stick-header-meta":"","header-above-stick-meta":"","header-main-stick-meta":"","header-below-stick-meta":"","astra-migrate-meta-layouts":"default","ast-page-background-enabled":"default","ast-page-background-meta":{"desktop":{"background-color":"var(--ast-global-color-4)","background-image":"","background-repeat":"repeat","background-position":"center center","background-size":"auto","background-attachment":"scroll","background-type":"","background-media":"","overlay-type":"","overlay-color":"","overlay-opacity":"","overlay-gradient":""},"tablet":{"background-color":"","background-image":"","background-repeat":"repeat","background-position":"center center","background-size":"auto","background-attachment":"scroll","background-type":"","background-media":"","overlay-type":"","overlay-color":"","overlay-opacity":"","overlay-gradient":""},"mobile":{"background-color":"","background-image":"","background-repeat":"repeat","background-position":"center center","background-size":"auto","background-attachment":"scroll","background-type":"","background-media":"","overlay-type":"","overlay-color":"","overlay-opacity":"","overlay-gradient":""}},"ast-content-background-meta":{"desktop":{"background-color":"var(--ast-global-color-5)","background-image":"","background-repeat":"repeat","background-position":"center center","background-size":"auto","background-attachment":"scroll","background-type":"","background-media":"","overlay-type":"","overlay-color":"","overlay-opacity":"","overlay-gradient":""},"tablet":{"background-color":"var(--ast-global-color-5)","background-image":"","background-repeat":"repeat","background-position":"center center","background-size":"auto","background-attachment":"scroll","background-type":"","background-media":"","overlay-type":"","overlay-color":"","overlay-opacity":"","overlay-gradient":""},"mobile":{"background-color":"var(--ast-global-color-5)","background-image":"","background-repeat":"repeat","background-position":"center center","background-size":"auto","background-attachment":"scroll","background-type":"","background-media":"","overlay-type":"","overlay-color":"","overlay-opacity":"","overlay-gradient":""}},"footnotes":""},"class_list":["post-2635","page","type-page","status-publish","hentry"],"_links":{"self":[{"href":"https:\/\/observatoriodelplacer.com\/en\/wp-json\/wp\/v2\/pages\/2635","targetHints":{"allow":["GET"]}}],"collection":[{"href":"https:\/\/observatoriodelplacer.com\/en\/wp-json\/wp\/v2\/pages"}],"about":[{"href":"https:\/\/observatoriodelplacer.com\/en\/wp-json\/wp\/v2\/types\/page"}],"author":[{"embeddable":true,"href":"https:\/\/observatoriodelplacer.com\/en\/wp-json\/wp\/v2\/users\/1"}],"replies":[{"embeddable":true,"href":"https:\/\/observatoriodelplacer.com\/en\/wp-json\/wp\/v2\/comments?post=2635"}],"version-history":[{"count":40,"href":"https:\/\/observatoriodelplacer.com\/en\/wp-json\/wp\/v2\/pages\/2635\/revisions"}],"predecessor-version":[{"id":2979,"href":"https:\/\/observatoriodelplacer.com\/en\/wp-json\/wp\/v2\/pages\/2635\/revisions\/2979"}],"wp:attachment":[{"href":"https:\/\/observatoriodelplacer.com\/en\/wp-json\/wp\/v2\/media?parent=2635"}],"curies":[{"name":"wp","href":"https:\/\/api.w.org\/{rel}","templated":true}]}}