{"id":2734,"date":"2024-09-13T12:44:00","date_gmt":"2024-09-13T10:44:00","guid":{"rendered":"https:\/\/observatoriodelplacer.com\/?page_id=2734"},"modified":"2024-09-16T18:18:56","modified_gmt":"2024-09-16T16:18:56","slug":"pornopirata-por-bruna-kury","status":"publish","type":"page","link":"https:\/\/observatoriodelplacer.com\/en\/pornopirata-por-bruna-kury\/","title":{"rendered":"PORNOPIRATA \u2013 intersections between postpornography and contemporary art by Bruna Kury"},"content":{"rendered":"<div class=\"wp-block-columns is-layout-flex wp-container-core-columns-is-layout-28f84493 wp-block-columns-is-layout-flex\">\n<div class=\"wp-block-column is-layout-flow wp-block-column-is-layout-flow\">\n<p>In Pornopirata I will share guerrilla tactics against cishetero-white capitalism, drawing a parallel between post-porn productions and popular demonstrations\/revolts. Based on contemporary audiovisual and textual productions and those from Abya Yala, the artist brings references to works that break with the biologizing discourse of gender and social hygiene, interweaving historical data and artistic manifestations.<\/p>\n\n\n\n<p><strong><em>PORNOPIRATA \u2013 intersections between postpornography and contemporary art by Bruna Kury <\/em><\/strong><em><strong>&gt;&gt; Viernes 25 de octubre. 19-22h<\/strong><\/em><strong><br>Collaboration experience 30\u20ac<\/strong><br><em>Or variable collaboration depending on your current situation 10-50\u20ac.<\/em><br><a href=\"https:\/\/observatoriodelplacer.com\/en\/colaboracion-variable\/\"><strong>Consult information about variable collaboration<\/strong><\/a><\/p>\n\n\n\n<p class=\"has-ast-global-color-5-color has-text-color has-background\" style=\"background-color:#ff5050\"><strong><strong><strong><strong><strong><em>*** We do not want anyone to be left out of the activities due to economic issues, if this is your case, let us know.<br><\/em>Likewise, Observatorio del Placer is a project in formation, if you want to support the project and the artists with a larger collaboration, it will also be welcome.<\/strong><\/strong><\/strong><\/strong><\/strong><\/p>\n\n\n\n<p><strong>MAKE YOUR REGISTRATION THROUGH THIS LINK<\/strong><\/p>\n\n\n\n<p><a href=\"https:\/\/forms.gle\/5w3KLPA9wB9szy9r7\" target=\"_blank\" rel=\"noopener\"><strong>https:\/\/forms.gle\/5w3KLPA9wB9szy9r7<\/strong><\/a><\/p>\n\n\n\n<p>My artwork addresses the urgent need to challenge and deconstruct coloniality in our everyday lives, exploring issues of privilege and marginalization. I immerse myself in guerrilla tactics and information sharing as a means of confronting colonial cynicism, white innocence, and the tactics of whiteness that persist in our societies. Colonization has shaped and determined our lives, causing us to forget essential aspects of our collective memory. For this reason, I believe it is vital to work on decolonial memory and to preserve ancestral technologies that have been erased and made invisible, but which persist and resist. My work is committed to exposing how gender is also a colonial construction and how racialization is a strategy imposed by whiteness that seeks to perpetuate itself as the norm. These are two fundamental points in the perception of my art that drive me to question and confront. To give voice to these ideas, I draw from diverse artistic and philosophical sources such as anti-art, post-pornography\/pornterrorism, queer art, biohacking\/transhackfeminism, body ecology, anti-humanism, DIY punk, and the concrete\/neo-concrete movement, among others. Through these influences, I seek to create a space where dominant narratives are challenged and make way for alternative and transformative perspectives. My goal is to dismantle the structures that perpetuate oppression and promote personal and collective liberation. I invite viewers to reflect on the social and cultural constructs that limit our experiences and to imagine a more inclusive and diverse future. My art is a tool of resistance and emancipation, embracing dissent and diversity as a source of strength and empowerment. With each work, I strive to sow seeds of change and contribute to the construction of a more egalitarian and colonial-free world.<\/p>\n\n\n\n<hr class=\"wp-block-separator has-alpha-channel-opacity\"\/>\n\n\n\n<h2 class=\"wp-block-heading\">Bruna Kury<\/h2>\n\n\n\n<p>Bruna Kury (1987) is an anarcho-transfeminist, performer, visual and sound artist. She focuses on creations traversing issues of gender, class and race (before the current compulsory heteronormative patriarchal cis-theme and structural oppressions - class warfare). She is currently researching sounds in post-porn and the creation of objects that are ramifications of performance work. She collaborates with the publishing houses \"Monstruosas\" and \"Fera Livre\" (Brazil). She participated in the artistic residencies Konvent (Spain), Capacete in Rio de Janeiro (Brazil), Comunidad (Argentina), Festival Anormal (Mexico), was part of the organization of the residency \"Post-Porn\u00f4Pirata\" in Fortaleza (Cear\u00e1, Brazil), Festival Libres y Soberanas aka \"Performacula\" in Quito (Ecuador) and was in the residency of \"Piv\u00f4 Research Ciclo II\" (Brazil, 2020). She recently participated in the exhibitions Visual cartographies for a writting LGBTI+, curated by Andr\u00e9s I. M. Hern\u00e1ndez at \"Espa\u00e7o Arte Vivo\", S\u00e3o Paulo (Brazil, 2023), \"Entra\u00f1as - Els nostres cossos s\u00f3n camps de batalla\", curated by Henrique Lukas, Tau Luna, Ju Salgueiro and Margherita Fabbri at Centre LGBT Barcelona (Spain, 2023), \"From flight to nostrils: breathing, arms wide, messages in the wind\" at HOA Gallery, S\u00e3o Paulo (Brazil, 2023), La Carniceria at proyectoamil (Peru, 2022) During the pandemic she premiered two films, one commissioned by KuirPoetry and the other by SexualHealers (Germany). She is also currently part of the VENTRE1 program of HOA Gallery (Brazil).<\/p>\n\n\n\n<p><a href=\"http:\/\/www.brunakury.weebly.com\" data-type=\"link\" data-id=\"www.brunakury.weebly.com\" target=\"_blank\" rel=\"noopener\">www.brunakury.weebly.com<\/a><br><a href=\"https:\/\/www.premiopipa.com\/bruna-kury\/\" target=\"_blank\" rel=\"noopener\">www.premiopipa.com\/bruna-kury<\/a><\/p>\n<\/div>\n\n\n\n<div class=\"wp-block-column is-layout-flow wp-block-column-is-layout-flow\" style=\"flex-basis:30%\">\n<figure class=\"wp-block-image size-large\"><img loading=\"lazy\" decoding=\"async\" width=\"1024\" height=\"1024\" src=\"https:\/\/observatoriodelplacer.com\/wp-content\/uploads\/2024\/09\/pornopirataweb-1024x1024.png\" alt=\"\" class=\"wp-image-2768\" srcset=\"https:\/\/observatoriodelplacer.com\/wp-content\/uploads\/2024\/09\/pornopirataweb-1024x1024.png 1024w, https:\/\/observatoriodelplacer.com\/wp-content\/uploads\/2024\/09\/pornopirataweb-300x300.png 300w, https:\/\/observatoriodelplacer.com\/wp-content\/uploads\/2024\/09\/pornopirataweb-150x150.png 150w, https:\/\/observatoriodelplacer.com\/wp-content\/uploads\/2024\/09\/pornopirataweb-768x768.png 768w, https:\/\/observatoriodelplacer.com\/wp-content\/uploads\/2024\/09\/pornopirataweb-12x12.png 12w, https:\/\/observatoriodelplacer.com\/wp-content\/uploads\/2024\/09\/pornopirataweb.png 1080w\" sizes=\"auto, (max-width: 1024px) 100vw, 1024px\" \/><\/figure>\n\n\n\n<p><\/p>\n\n\n\n<figure class=\"wp-block-image size-large\"><img loading=\"lazy\" decoding=\"async\" width=\"1024\" height=\"618\" src=\"https:\/\/observatoriodelplacer.com\/wp-content\/uploads\/2024\/09\/antiantropometrica-1024x618.png\" alt=\"\" class=\"wp-image-2735\" srcset=\"https:\/\/observatoriodelplacer.com\/wp-content\/uploads\/2024\/09\/antiantropometrica-1024x618.png 1024w, https:\/\/observatoriodelplacer.com\/wp-content\/uploads\/2024\/09\/antiantropometrica-300x181.png 300w, https:\/\/observatoriodelplacer.com\/wp-content\/uploads\/2024\/09\/antiantropometrica-768x463.png 768w, https:\/\/observatoriodelplacer.com\/wp-content\/uploads\/2024\/09\/antiantropometrica-1536x926.png 1536w, https:\/\/observatoriodelplacer.com\/wp-content\/uploads\/2024\/09\/antiantropometrica-2048x1235.png 2048w, https:\/\/observatoriodelplacer.com\/wp-content\/uploads\/2024\/09\/antiantropometrica-18x12.png 18w\" sizes=\"auto, (max-width: 1024px) 100vw, 1024px\" \/><\/figure>\n\n\n\n<p><\/p>\n\n\n\n<figure class=\"wp-block-image size-large\"><img loading=\"lazy\" decoding=\"async\" width=\"724\" height=\"1024\" src=\"https:\/\/observatoriodelplacer.com\/wp-content\/uploads\/2024\/09\/Design-sem-nome1-724x1024.png\" alt=\"\" class=\"wp-image-2736\" srcset=\"https:\/\/observatoriodelplacer.com\/wp-content\/uploads\/2024\/09\/Design-sem-nome1-724x1024.png 724w, https:\/\/observatoriodelplacer.com\/wp-content\/uploads\/2024\/09\/Design-sem-nome1-212x300.png 212w, https:\/\/observatoriodelplacer.com\/wp-content\/uploads\/2024\/09\/Design-sem-nome1-768x1086.png 768w, https:\/\/observatoriodelplacer.com\/wp-content\/uploads\/2024\/09\/Design-sem-nome1-1086x1536.png 1086w, https:\/\/observatoriodelplacer.com\/wp-content\/uploads\/2024\/09\/Design-sem-nome1-8x12.png 8w, https:\/\/observatoriodelplacer.com\/wp-content\/uploads\/2024\/09\/Design-sem-nome1.png 1414w\" sizes=\"auto, (max-width: 724px) 100vw, 724px\" \/><\/figure>\n\n\n\n<p><\/p>\n\n\n\n<figure class=\"wp-block-image size-full\"><img loading=\"lazy\" decoding=\"async\" width=\"874\" height=\"523\" src=\"https:\/\/observatoriodelplacer.com\/wp-content\/uploads\/2024\/09\/perfil.png\" alt=\"\" class=\"wp-image-2738\" srcset=\"https:\/\/observatoriodelplacer.com\/wp-content\/uploads\/2024\/09\/perfil.png 874w, https:\/\/observatoriodelplacer.com\/wp-content\/uploads\/2024\/09\/perfil-300x180.png 300w, https:\/\/observatoriodelplacer.com\/wp-content\/uploads\/2024\/09\/perfil-768x460.png 768w, https:\/\/observatoriodelplacer.com\/wp-content\/uploads\/2024\/09\/perfil-18x12.png 18w\" sizes=\"auto, (max-width: 874px) 100vw, 874px\" \/><\/figure>\n<\/div>\n<\/div>","protected":false},"excerpt":{"rendered":"<p>En Pornopirata compartir\u00e9 t\u00e1cticas de guerrilla contra el capitalismo cisheteroblanco, trazando un paralelo entre las producciones post-porno y las manifestaciones\/revueltas populares. A partir de producciones audiovisuales y textuales contempor\u00e1neas y de Abya Yala, la artista trae referencias a obras que rompen con el discurso biologizante del g\u00e9nero y el higienismo social, entrelazando datos hist\u00f3ricos y [&hellip;]<\/p>\n","protected":false},"author":1,"featured_media":0,"parent":0,"menu_order":0,"comment_status":"closed","ping_status":"closed","template":"","meta":{"site-sidebar-layout":"default","site-content-layout":"","ast-site-content-layout":"","site-content-style":"default","site-sidebar-style":"default","ast-global-header-display":"","ast-banner-title-visibility":"","ast-main-header-display":"","ast-hfb-above-header-display":"","ast-hfb-below-header-display":"","ast-hfb-mobile-header-display":"","site-post-title":"","ast-breadcrumbs-content":"","ast-featured-img":"","footer-sml-layout":"","theme-transparent-header-meta":"","adv-header-id-meta":"","stick-header-meta":"","header-above-stick-meta":"","header-main-stick-meta":"","header-below-stick-meta":"","astra-migrate-meta-layouts":"default","ast-page-background-enabled":"default","ast-page-background-meta":{"desktop":{"background-color":"var(--ast-global-color-4)","background-image":"","background-repeat":"repeat","background-position":"center center","background-size":"auto","background-attachment":"scroll","background-type":"","background-media":"","overlay-type":"","overlay-color":"","overlay-opacity":"","overlay-gradient":""},"tablet":{"background-color":"","background-image":"","background-repeat":"repeat","background-position":"center center","background-size":"auto","background-attachment":"scroll","background-type":"","background-media":"","overlay-type":"","overlay-color":"","overlay-opacity":"","overlay-gradient":""},"mobile":{"background-color":"","background-image":"","background-repeat":"repeat","background-position":"center center","background-size":"auto","background-attachment":"scroll","background-type":"","background-media":"","overlay-type":"","overlay-color":"","overlay-opacity":"","overlay-gradient":""}},"ast-content-background-meta":{"desktop":{"background-color":"var(--ast-global-color-5)","background-image":"","background-repeat":"repeat","background-position":"center center","background-size":"auto","background-attachment":"scroll","background-type":"","background-media":"","overlay-type":"","overlay-color":"","overlay-opacity":"","overlay-gradient":""},"tablet":{"background-color":"var(--ast-global-color-5)","background-image":"","background-repeat":"repeat","background-position":"center center","background-size":"auto","background-attachment":"scroll","background-type":"","background-media":"","overlay-type":"","overlay-color":"","overlay-opacity":"","overlay-gradient":""},"mobile":{"background-color":"var(--ast-global-color-5)","background-image":"","background-repeat":"repeat","background-position":"center center","background-size":"auto","background-attachment":"scroll","background-type":"","background-media":"","overlay-type":"","overlay-color":"","overlay-opacity":"","overlay-gradient":""}},"footnotes":""},"class_list":["post-2734","page","type-page","status-publish","hentry"],"_links":{"self":[{"href":"https:\/\/observatoriodelplacer.com\/en\/wp-json\/wp\/v2\/pages\/2734","targetHints":{"allow":["GET"]}}],"collection":[{"href":"https:\/\/observatoriodelplacer.com\/en\/wp-json\/wp\/v2\/pages"}],"about":[{"href":"https:\/\/observatoriodelplacer.com\/en\/wp-json\/wp\/v2\/types\/page"}],"author":[{"embeddable":true,"href":"https:\/\/observatoriodelplacer.com\/en\/wp-json\/wp\/v2\/users\/1"}],"replies":[{"embeddable":true,"href":"https:\/\/observatoriodelplacer.com\/en\/wp-json\/wp\/v2\/comments?post=2734"}],"version-history":[{"count":12,"href":"https:\/\/observatoriodelplacer.com\/en\/wp-json\/wp\/v2\/pages\/2734\/revisions"}],"predecessor-version":[{"id":2771,"href":"https:\/\/observatoriodelplacer.com\/en\/wp-json\/wp\/v2\/pages\/2734\/revisions\/2771"}],"wp:attachment":[{"href":"https:\/\/observatoriodelplacer.com\/en\/wp-json\/wp\/v2\/media?parent=2734"}],"curies":[{"name":"wp","href":"https:\/\/api.w.org\/{rel}","templated":true}]}}