{"id":2781,"date":"2024-09-17T10:46:39","date_gmt":"2024-09-17T08:46:39","guid":{"rendered":"https:\/\/observatoriodelplacer.com\/?page_id=2781"},"modified":"2025-02-03T13:43:04","modified_gmt":"2025-02-03T11:43:04","slug":"ensamblaje-instalativo","status":"publish","type":"page","link":"https:\/\/observatoriodelplacer.com\/en\/ensamblaje-instalativo\/","title":{"rendered":"Cutting some branches for a temporary shelter VOLII _ Ensamblaje instalativo"},"content":{"rendered":"<div class=\"wp-block-columns is-layout-flex wp-container-core-columns-is-layout-28f84493 wp-block-columns-is-layout-flex\">\n<div class=\"wp-block-column is-layout-flow wp-block-column-is-layout-flow\">\n<h5 class=\"wp-block-heading\">_ <a href=\"https:\/\/observatoriodelplacer.com\/en\/residencia-artistica-latigo-colectivo\/\" data-type=\"page\" data-id=\"2063\">Residencia  art\u00edstica 30 de sept &#8211; 4 oct 2024<\/a><br>_ Cutting some branches for a temporary shelter VOLII<br>Ensamblaje instalativo 5 y 6 oct 19h<\/h5>\n\n\n\n<p><em>Cutting some branches for a temporary shelter _ es la actividad de cierre de la&nbsp;<a href=\"https:\/\/observatoriodelplacer.com\/en\/residencia-artistica-latigo-colectivo\/\" data-type=\"page\" data-id=\"2063\">residencia art\u00edstica de L\u00e1tigo colectivo<\/a><\/em>. Un ensamblaje instalativo inmersivo con varias estaciones a trav\u00e9s de las cuales se podr\u00e1 circular y vivenciar fragmentos sobre una misma investigaci\u00f3n.<br><br>Este montaje perform\u00e1tico parte de una visi\u00f3n post-humanista cyborg ficcional, que cuestiona el funcionamiento de las fronteras y geograf\u00edas del cuerpo dentro de las visiones medicas occidentales usando material biogr\u00e1fico, po\u00e9tico y pol\u00edtico a partir de testimonios de personas que se han sometido a una cirug\u00eda o modificaci\u00f3n corporal y con ello han transformado su auto-percepci\u00f3n.<br><br>Este prototipo es un h\u00edbrido entre sonido-cuerpo-maquinarias-visuales-performance-escenograf\u00eda.<br><br><strong>PARTICIPANTES DE LA RESIDENCIA:<\/strong><br><em>coordinadores y performers:&nbsp;<\/em><br>@latigo_colectivo<br>@roc_lilith y&nbsp;@awanaboka&nbsp;<br>&nbsp;<br><em>artistas pl\u00e1sticos:<\/em><br>@caosdemarr <a href=\"https:\/\/www.instagram.com\/ascobrillo\" target=\"_blank\" rel=\"noreferrer noopener\">@ascobrillo<\/a><br><br><em>Dise\u00f1o de sonido:<br><a>@xerryspiz<\/a><\/em><\/p>\n\n\n\n<p><em>Agradecimiento especial a<br>@kleo.lafaraona,&nbsp;@inigolaudio,&nbsp;@marcbatallasalinas,&nbsp;@muertealanorma<\/em><\/p>\n\n\n\n<p><strong><em>Cutting some branches for a temporary shelter VOLII _ Ensamblaje instalativo 5 y 6 oct 19h<\/em><br>Colaboraci\u00f3n sugerida experiencia 8-15\u20ac<\/strong><br><em>O colaboraci\u00f3n variable seg\u00fan tu situaci\u00f3n actual 0-20\u20ac.<\/em><br><a href=\"https:\/\/observatoriodelplacer.com\/en\/colaboracion-variable\/\"><strong>Consult information about variable collaboration<\/strong><\/a><\/p>\n\n\n\n<p class=\"has-ast-global-color-5-color has-text-color has-background\" style=\"background-color:#ff5050\"><strong><strong><strong><strong><strong><em>*** We do not want anyone to be left out of the activities due to economic issues, if this is your case, let us know.<br><\/em>Likewise, Observatorio del Placer is a project in formation, if you want to support the space and the artists with a larger collaboration, it will also be welcome.<\/strong><\/strong><\/strong><\/strong><\/strong><\/p>\n\n\n\n<p><strong>REGISTER THROUGH THIS LINK:<\/strong><\/p>\n\n\n\n<p><a href=\"https:\/\/forms.gle\/3R6Y5ANEG8GEsV4Z9\" target=\"_blank\" rel=\"noopener\"><strong>https:\/\/forms.gle\/3R6Y5ANEG8GEsV4Z9<\/strong><\/a><\/p>\n\n\n\n<hr class=\"wp-block-separator has-alpha-channel-opacity\"\/>\n\n\n\n<h2 class=\"wp-block-heading\">Latigo colectivo<\/h2>\n\n\n\n<p>Latigo colectivo trabaja en torno a la reflexi\u00f3n entre las relaciones cuerpo-g\u00e9nero-transito-cultura-capital-sexualidad-historia-fronteras-poder-arte-academia.<\/p>\n\n\n\n<p>La sexualidad es parte pilar de los elementos que nos conforman como seres anti hegem\u00f3nicos y es nuestro objetivo conspirar a favor de nuevas ficciones del placer !<br><a href=\"https:\/\/www.instagram.com\/latigo_colectivo\/\" target=\"_blank\" rel=\"noopener\">https:\/\/www.instagram.com\/latigo_colectivo\/<\/a><\/p>\n\n\n\n<h5 class=\"wp-block-heading\"><strong>\u2606 Roc Lilith_\u2606 <em>(trans*masc, Sw)<\/em><\/strong><\/h5>\n\n\n\n<p><em>Artista del movimiento, transgresor performativo, dise\u00f1ador de ambientes lum\u00ednicos y Puta de oficio.&nbsp;<\/em>_residiendo entre Berlin y Barcelona.<br><a href=\"https:\/\/www.instagram.com\/roc_lilith\/\" target=\"_blank\" rel=\"noopener\">@roc_lilith<\/a><\/p>\n\n\n\n<h5 class=\"wp-block-heading\"><strong>\u2606 Nass Roca_ \u2606<\/strong><\/h5>\n\n\n\n<p>DJ, performer, docente, psic\u00f3logx e Instructora de Yoga. Artista uruguayx, residiendo en Barcelona desde 2019. Militante queer transfeminista y antirracista.&nbsp;<br><a href=\"https:\/\/www.instagram.com\/awanaboka\" target=\"_blank\" rel=\"noopener\">@awanaboka<\/a><\/p>\n\n\n\n<h5 class=\"wp-block-heading\"><strong>\u2606 ascobrillo \u2606<\/strong><\/h5>\n\n\n\n<p>Acerca de lo desagradable<br>\/\/Juani, trans\/\/ \u0e51 experimentaci\u00f3n visual\/pl\u00e1stica, needleworker (tattoo &amp; needleplay)<br><a href=\"https:\/\/www.instagram.com\/ascobrillo\" target=\"_blank\" rel=\"noopener\">@ascobrillo<\/a><\/p>\n\n\n\n<h5 class=\"wp-block-heading\"><strong>\u2606 Alejo, Caos de mar \u2606<\/strong><\/h5>\n\n\n\n<p>Trans marr\u00f3n, Fot\u00f3grafo y videoartista nacido en Peru, con ra\u00edces amaz\u00f3nicas.<br>Todo su trabajo est\u00e1 atravesado por el di\u00e1logo con las ra\u00edces, la transformaci\u00f3n y la diversidad corporal e identitaria, las heridas y la ruptura con la herencia del silencio y la verg\u00fcenza. Invita a una reflexi\u00f3n profunda y a la reconfiguraci\u00f3n de las m\u00faltiples capas que conforman la identidad personal y colectiva. Rechazando las narrativas \u00fanicas y totalizantes, promoviendo un lugar para la existencia de lo particular teniendo en cuenta su implicancia pol\u00edtica y contextual. Nombrando la urgencia de lo que tiene que ser nombrado, en primera persona.<br><a href=\"https:\/\/www.instagram.com\/caosdemarr\" target=\"_blank\" rel=\"noopener\">@caosdemarr<\/a><\/p>\n<\/div>\n\n\n\n<div class=\"wp-block-column is-layout-flow wp-block-column-is-layout-flow\" style=\"flex-basis:30%\">\n<figure class=\"wp-block-image size-large\"><img loading=\"lazy\" decoding=\"async\" width=\"1024\" height=\"1024\" src=\"https:\/\/observatoriodelplacer.com\/wp-content\/uploads\/2024\/09\/residencias24-1024x1024.png\" alt=\"Cutting some branches for a temporary shelter por L\u00e1tigo Colectivo - Ensamblaje instalativo\" class=\"wp-image-2824\" srcset=\"https:\/\/observatoriodelplacer.com\/wp-content\/uploads\/2024\/09\/residencias24-1024x1024.png 1024w, https:\/\/observatoriodelplacer.com\/wp-content\/uploads\/2024\/09\/residencias24-300x300.png 300w, https:\/\/observatoriodelplacer.com\/wp-content\/uploads\/2024\/09\/residencias24-150x150.png 150w, https:\/\/observatoriodelplacer.com\/wp-content\/uploads\/2024\/09\/residencias24-768x768.png 768w, https:\/\/observatoriodelplacer.com\/wp-content\/uploads\/2024\/09\/residencias24-12x12.png 12w, https:\/\/observatoriodelplacer.com\/wp-content\/uploads\/2024\/09\/residencias24.png 1080w\" sizes=\"auto, (max-width: 1024px) 100vw, 1024px\" \/><\/figure>\n\n\n\n<p><\/p>\n\n\n\n<figure class=\"wp-block-gallery has-nested-images columns-default is-cropped wp-block-gallery-1 is-layout-flex wp-block-gallery-is-layout-flex\">\n<figure class=\"wp-block-image size-full\"><img loading=\"lazy\" decoding=\"async\" width=\"768\" height=\"1024\" data-id=\"2066\" src=\"https:\/\/observatoriodelplacer.com\/wp-content\/uploads\/2024\/02\/42D2B735-EFA9-4E67-836A-69B1A02B73A9.jpg\" alt=\"\" class=\"wp-image-2066\" srcset=\"https:\/\/observatoriodelplacer.com\/wp-content\/uploads\/2024\/02\/42D2B735-EFA9-4E67-836A-69B1A02B73A9.jpg 768w, https:\/\/observatoriodelplacer.com\/wp-content\/uploads\/2024\/02\/42D2B735-EFA9-4E67-836A-69B1A02B73A9-225x300.jpg 225w, https:\/\/observatoriodelplacer.com\/wp-content\/uploads\/2024\/02\/42D2B735-EFA9-4E67-836A-69B1A02B73A9-9x12.jpg 9w\" sizes=\"auto, (max-width: 768px) 100vw, 768px\" \/><\/figure>\n<\/figure>\n\n\n\n<p><\/p>\n\n\n\n<figure class=\"wp-block-image size-large\"><img loading=\"lazy\" decoding=\"async\" width=\"1024\" height=\"660\" src=\"https:\/\/observatoriodelplacer.com\/wp-content\/uploads\/2024\/02\/FOTO-EDIT-1024x660.jpg\" alt=\"Cutting some branches for a temporary shelter por L\u00e1tigo Colectivo\" class=\"wp-image-2071\" srcset=\"https:\/\/observatoriodelplacer.com\/wp-content\/uploads\/2024\/02\/FOTO-EDIT-1024x660.jpg 1024w, https:\/\/observatoriodelplacer.com\/wp-content\/uploads\/2024\/02\/FOTO-EDIT-300x193.jpg 300w, https:\/\/observatoriodelplacer.com\/wp-content\/uploads\/2024\/02\/FOTO-EDIT-768x495.jpg 768w, https:\/\/observatoriodelplacer.com\/wp-content\/uploads\/2024\/02\/FOTO-EDIT-1536x990.jpg 1536w, https:\/\/observatoriodelplacer.com\/wp-content\/uploads\/2024\/02\/FOTO-EDIT-2048x1320.jpg 2048w, https:\/\/observatoriodelplacer.com\/wp-content\/uploads\/2024\/02\/FOTO-EDIT-18x12.jpg 18w\" sizes=\"auto, (max-width: 1024px) 100vw, 1024px\" \/><figcaption class=\"wp-element-caption\"><strong>\u2606 Roc Lilith_\u2606 <em>(trans*masc, Sw)<\/em><\/strong> y \u2606 Nass Roca_ \u2606 <\/figcaption><\/figure>\n\n\n\n<p><\/p>\n\n\n\n<figure class=\"wp-block-image size-large\"><img loading=\"lazy\" decoding=\"async\" width=\"1024\" height=\"1024\" src=\"https:\/\/observatoriodelplacer.com\/wp-content\/uploads\/2024\/09\/ascobrillo-1024x1024.jpg\" alt=\"ascobrillo\" class=\"wp-image-2748\" srcset=\"https:\/\/observatoriodelplacer.com\/wp-content\/uploads\/2024\/09\/ascobrillo-1024x1024.jpg 1024w, https:\/\/observatoriodelplacer.com\/wp-content\/uploads\/2024\/09\/ascobrillo-300x300.jpg 300w, https:\/\/observatoriodelplacer.com\/wp-content\/uploads\/2024\/09\/ascobrillo-150x150.jpg 150w, https:\/\/observatoriodelplacer.com\/wp-content\/uploads\/2024\/09\/ascobrillo-768x768.jpg 768w, https:\/\/observatoriodelplacer.com\/wp-content\/uploads\/2024\/09\/ascobrillo-1536x1536.jpg 1536w, https:\/\/observatoriodelplacer.com\/wp-content\/uploads\/2024\/09\/ascobrillo-2048x2048.jpg 2048w, https:\/\/observatoriodelplacer.com\/wp-content\/uploads\/2024\/09\/ascobrillo-12x12.jpg 12w\" sizes=\"auto, (max-width: 1024px) 100vw, 1024px\" \/><figcaption class=\"wp-element-caption\">\u2606 ascobrillo \u2606<\/figcaption><\/figure>\n\n\n\n<p><\/p>\n\n\n\n<figure class=\"wp-block-image size-large\"><img loading=\"lazy\" decoding=\"async\" width=\"1024\" height=\"686\" src=\"https:\/\/observatoriodelplacer.com\/wp-content\/uploads\/2024\/09\/WhatsApp-Image-2024-09-13-at-13.53.31-1024x686.jpeg\" alt=\"\" class=\"wp-image-2747\" srcset=\"https:\/\/observatoriodelplacer.com\/wp-content\/uploads\/2024\/09\/WhatsApp-Image-2024-09-13-at-13.53.31-1024x686.jpeg 1024w, https:\/\/observatoriodelplacer.com\/wp-content\/uploads\/2024\/09\/WhatsApp-Image-2024-09-13-at-13.53.31-300x201.jpeg 300w, https:\/\/observatoriodelplacer.com\/wp-content\/uploads\/2024\/09\/WhatsApp-Image-2024-09-13-at-13.53.31-768x515.jpeg 768w, https:\/\/observatoriodelplacer.com\/wp-content\/uploads\/2024\/09\/WhatsApp-Image-2024-09-13-at-13.53.31-1536x1029.jpeg 1536w, https:\/\/observatoriodelplacer.com\/wp-content\/uploads\/2024\/09\/WhatsApp-Image-2024-09-13-at-13.53.31-18x12.jpeg 18w, https:\/\/observatoriodelplacer.com\/wp-content\/uploads\/2024\/09\/WhatsApp-Image-2024-09-13-at-13.53.31.jpeg 1600w\" sizes=\"auto, (max-width: 1024px) 100vw, 1024px\" \/><figcaption class=\"wp-element-caption\">\u2606 Alejo, Caos de mar \u2606<\/figcaption><\/figure>\n<\/div>\n<\/div>\n\n\n\n<div style=\"height:100px\" aria-hidden=\"true\" class=\"wp-block-spacer\"><\/div>\n\n\n\n<figure class=\"wp-block-image\"><img decoding=\"async\" src=\"https:\/\/observatoriodelplacer.com\/wp-content\/uploads\/2024\/08\/logo-3.png\" alt=\"La imagen tiene un atributo ALT vac\u00edo; su nombre de archivo es logo-3.png\"\/><\/figure>\n\n\n\n<p>The OdP 2024 artistic residency project receives support from Barcelona City Council.<\/p>","protected":false},"excerpt":{"rendered":"<p>_ Residencia art\u00edstica 30 de sept &#8211; 4 oct 2024_ Cutting some branches for a temporary shelter VOLIIEnsamblaje instalativo 5 y 6 oct 19h Cutting some branches for a temporary shelter _ es la actividad de cierre de la&nbsp;residencia art\u00edstica de L\u00e1tigo colectivo. Un ensamblaje instalativo inmersivo con varias estaciones a trav\u00e9s de las cuales [&hellip;]<\/p>\n","protected":false},"author":1,"featured_media":0,"parent":0,"menu_order":0,"comment_status":"closed","ping_status":"closed","template":"","meta":{"site-sidebar-layout":"default","site-content-layout":"","ast-site-content-layout":"default","site-content-style":"default","site-sidebar-style":"default","ast-global-header-display":"","ast-banner-title-visibility":"","ast-main-header-display":"","ast-hfb-above-header-display":"","ast-hfb-below-header-display":"","ast-hfb-mobile-header-display":"","site-post-title":"","ast-breadcrumbs-content":"","ast-featured-img":"","footer-sml-layout":"","theme-transparent-header-meta":"","adv-header-id-meta":"","stick-header-meta":"","header-above-stick-meta":"","header-main-stick-meta":"","header-below-stick-meta":"","astra-migrate-meta-layouts":"set","ast-page-background-enabled":"default","ast-page-background-meta":{"desktop":{"background-color":"var(--ast-global-color-4)","background-image":"","background-repeat":"repeat","background-position":"center center","background-size":"auto","background-attachment":"scroll","background-type":"","background-media":"","overlay-type":"","overlay-color":"","overlay-opacity":"","overlay-gradient":""},"tablet":{"background-color":"","background-image":"","background-repeat":"repeat","background-position":"center center","background-size":"auto","background-attachment":"scroll","background-type":"","background-media":"","overlay-type":"","overlay-color":"","overlay-opacity":"","overlay-gradient":""},"mobile":{"background-color":"","background-image":"","background-repeat":"repeat","background-position":"center center","background-size":"auto","background-attachment":"scroll","background-type":"","background-media":"","overlay-type":"","overlay-color":"","overlay-opacity":"","overlay-gradient":""}},"ast-content-background-meta":{"desktop":{"background-color":"var(--ast-global-color-5)","background-image":"","background-repeat":"repeat","background-position":"center center","background-size":"auto","background-attachment":"scroll","background-type":"","background-media":"","overlay-type":"","overlay-color":"","overlay-opacity":"","overlay-gradient":""},"tablet":{"background-color":"var(--ast-global-color-5)","background-image":"","background-repeat":"repeat","background-position":"center center","background-size":"auto","background-attachment":"scroll","background-type":"","background-media":"","overlay-type":"","overlay-color":"","overlay-opacity":"","overlay-gradient":""},"mobile":{"background-color":"var(--ast-global-color-5)","background-image":"","background-repeat":"repeat","background-position":"center center","background-size":"auto","background-attachment":"scroll","background-type":"","background-media":"","overlay-type":"","overlay-color":"","overlay-opacity":"","overlay-gradient":""}},"footnotes":""},"class_list":["post-2781","page","type-page","status-publish","hentry"],"_links":{"self":[{"href":"https:\/\/observatoriodelplacer.com\/en\/wp-json\/wp\/v2\/pages\/2781","targetHints":{"allow":["GET"]}}],"collection":[{"href":"https:\/\/observatoriodelplacer.com\/en\/wp-json\/wp\/v2\/pages"}],"about":[{"href":"https:\/\/observatoriodelplacer.com\/en\/wp-json\/wp\/v2\/types\/page"}],"author":[{"embeddable":true,"href":"https:\/\/observatoriodelplacer.com\/en\/wp-json\/wp\/v2\/users\/1"}],"replies":[{"embeddable":true,"href":"https:\/\/observatoriodelplacer.com\/en\/wp-json\/wp\/v2\/comments?post=2781"}],"version-history":[{"count":26,"href":"https:\/\/observatoriodelplacer.com\/en\/wp-json\/wp\/v2\/pages\/2781\/revisions"}],"predecessor-version":[{"id":3433,"href":"https:\/\/observatoriodelplacer.com\/en\/wp-json\/wp\/v2\/pages\/2781\/revisions\/3433"}],"wp:attachment":[{"href":"https:\/\/observatoriodelplacer.com\/en\/wp-json\/wp\/v2\/media?parent=2781"}],"curies":[{"name":"wp","href":"https:\/\/api.w.org\/{rel}","templated":true}]}}