{"id":2861,"date":"2024-09-25T13:49:18","date_gmt":"2024-09-25T11:49:18","guid":{"rendered":"https:\/\/observatoriodelplacer.com\/?page_id=2861"},"modified":"2024-09-26T17:33:11","modified_gmt":"2024-09-26T15:33:11","slug":"cum-home-with-me-taller","status":"publish","type":"page","link":"https:\/\/observatoriodelplacer.com\/en\/cum-home-with-me-taller\/","title":{"rendered":"Cum Home With Me (Workshop)"},"content":{"rendered":"<div class=\"wp-block-columns is-layout-flex wp-container-core-columns-is-layout-28f84493 wp-block-columns-is-layout-flex\">\n<div class=\"wp-block-column is-layout-flow wp-block-column-is-layout-flow\">\n<h6 class=\"wp-block-heading\"><strong>Workshop Saturday November 9th<\/strong><br><strong><em>Facilitated by: Matilde Flor Usinger<\/em><br>Workshop Theme: Objectification and Space<\/strong><\/h6>\n\n\n\n<p>This workshop explores the concept of objectification in a performative and philosophical context. In social philosophy, objectification is the act of treating a person as an object or thing, often associated with dehumanization. However, in this workshop, we aim to shift this perspective by incorporating objectification into a performative process\u2014transforming bodies into objects not only for the sake of performance but also for connection, play, and intimacy.<br>The core of the workshop is centered on using the body as an object, surrendering oneself to the space, and exploring how we interact with our environment. To conclude the workshop, participants will be invited to \u201cbuild\u201d their own home, where they can invite guests to see and interact with their space. The process will be a playful exploration of how we use our own presence and the presence of others to create intimate spaces.<br><br><strong>Objectives<\/strong><br>_ To explore objectification as a performative tool.<br>_ To create a new form of intimacy with space and others.<br>_ To reflect on how we invite others into our personal space and the meaning behind it.<br><br><em><strong>Workshop Flow:<\/strong><\/em><br><em>1 Hour:<\/em> Warm-Up and Introduction <br>We will start by warming up our bodies and building a sense of comfort and trust among participants. This is essential for creating an open environment. After that, we\u2019ll dive into three rounds of objectification exercises, where we will experiment with using the body as an object.<br><br><em>1.5 Hours: <\/em>Objectification Rounds<br>Still Object: Participants will pose as inanimate objects.<br>Object with Repetitive Movement: Introduces a subtle, repetitive motion to the objectified form.<br>Multiple Objects: Adding more complexity with a series of movements and roles, encouraging collaboration.<br><br>45-Minute Break<br><br><em>2 Hours: \u201cInviting You Home\u201d <\/em><br>In this session, participants will use their bodies to create a home environment. We'll consider the significance of space and the act of inviting someone into it. This part of the workshop emphasizes the connection between the physical space we create and the intimacy it fosters. Participants will explore how the space interacts with them, reflecting on the meaning of \"home\u201d. <br><br><em>1 Hour: cumming down <\/em><br>We will end the workshop with a reflective session, giving everyone space to share their thoughts and experiences. Participants will be invited to consider how they related to the space, their bodies, and the bodies of others.\nLet\u2019s create and cum home together.<\/p>\n\n\n\n<p><strong><em>Activity open to those who investigate their sexuality regardless of the gender or identity of the people they will meet in the experience.<\/em><\/strong><\/p>\n\n\n\n<p><strong><em>Cum Home With Me (taller) por Matilde Flor <\/em><\/strong><br><em><strong>&gt;&gt; S\u00e1bado 9 de noviembre. 11-17h<\/strong><\/em><strong><br>Colaboraci\u00f3n experiencia 80\u20ac<\/strong><br><em>O colaboraci\u00f3n variable seg\u00fan tu situaci\u00f3n actual 40-120\u20ac.<\/em><br><a href=\"https:\/\/observatoriodelplacer.com\/en\/colaboracion-variable\/\"><strong>Consult information about variable collaboration<\/strong><\/a><\/p>\n\n\n\n<p class=\"has-ast-global-color-5-color has-text-color has-background\" style=\"background-color:#ff5050\"><strong><strong><strong><strong><strong><em>*** We do not want anyone to be left out of the activities due to economic issues, if this is your case, let us know.<br><\/em>Likewise, Observatorio del Placer is a project in formation, if you want to support the project and the artists with a larger collaboration, it will also be welcome.<\/strong><\/strong><\/strong><\/strong><\/strong><\/p>\n\n\n\n<p><strong>MAKE YOUR REGISTRATION THROUGH THIS LINK<\/strong><\/p>\n\n\n\n<p><a href=\"https:\/\/forms.gle\/V58kb4Xotc3Xfxwi9\" target=\"_blank\" rel=\"noopener\"><strong>https:\/\/forms.gle\/V58kb4Xotc3Xfxwi9<\/strong><\/a><\/p>\n\n\n\n<hr class=\"wp-block-separator has-alpha-channel-opacity\"\/>\n\n\n\n<h2 class=\"wp-block-heading\">Matilde Flor Usinger<\/h2>\n\n\n\n<p>Matilde aims to embody academic intersectional feminism, challenging societal structures. She integrates knowledge into the body, exploring themes such as sexuality, feminism, world order, gender, and white body supremacy. Her focus extends to the exploration of intimacy, connecting with others on emotional, intellectual, physical, and spiritual levels. She believes that embracing vulnerability empowers deeper, authentic connections, enhancing personal growth and relationships.<\/p>\n\n\n\n<p><a href=\"https:\/\/www.instagram.com\/matildeflor\" target=\"_blank\" rel=\"noopener\">https:\/\/www.instagram.com\/matildeflor<\/a><\/p>\n<\/div>\n\n\n\n<div class=\"wp-block-column is-layout-flow wp-block-column-is-layout-flow\" style=\"flex-basis:30%\">\n<figure class=\"wp-block-image size-large\"><img loading=\"lazy\" decoding=\"async\" width=\"1024\" height=\"1024\" src=\"https:\/\/observatoriodelplacer.com\/wp-content\/uploads\/2024\/09\/cumhomewithme-1024x1024.png\" alt=\"cum home with me taller\" class=\"wp-image-2883\" srcset=\"https:\/\/observatoriodelplacer.com\/wp-content\/uploads\/2024\/09\/cumhomewithme-1024x1024.png 1024w, https:\/\/observatoriodelplacer.com\/wp-content\/uploads\/2024\/09\/cumhomewithme-300x300.png 300w, https:\/\/observatoriodelplacer.com\/wp-content\/uploads\/2024\/09\/cumhomewithme-150x150.png 150w, https:\/\/observatoriodelplacer.com\/wp-content\/uploads\/2024\/09\/cumhomewithme-768x768.png 768w, https:\/\/observatoriodelplacer.com\/wp-content\/uploads\/2024\/09\/cumhomewithme-12x12.png 12w, https:\/\/observatoriodelplacer.com\/wp-content\/uploads\/2024\/09\/cumhomewithme.png 1080w\" sizes=\"auto, (max-width: 1024px) 100vw, 1024px\" \/><\/figure>\n\n\n\n<p><\/p>\n\n\n\n<figure class=\"wp-block-image size-large\"><img loading=\"lazy\" decoding=\"async\" width=\"576\" height=\"1024\" src=\"https:\/\/observatoriodelplacer.com\/wp-content\/uploads\/2024\/09\/WhatsApp-Image-2024-09-25-at-14.33.16-576x1024.jpeg\" alt=\"\" class=\"wp-image-2895\" srcset=\"https:\/\/observatoriodelplacer.com\/wp-content\/uploads\/2024\/09\/WhatsApp-Image-2024-09-25-at-14.33.16-576x1024.jpeg 576w, https:\/\/observatoriodelplacer.com\/wp-content\/uploads\/2024\/09\/WhatsApp-Image-2024-09-25-at-14.33.16-169x300.jpeg 169w, https:\/\/observatoriodelplacer.com\/wp-content\/uploads\/2024\/09\/WhatsApp-Image-2024-09-25-at-14.33.16-768x1365.jpeg 768w, https:\/\/observatoriodelplacer.com\/wp-content\/uploads\/2024\/09\/WhatsApp-Image-2024-09-25-at-14.33.16-864x1536.jpeg 864w, https:\/\/observatoriodelplacer.com\/wp-content\/uploads\/2024\/09\/WhatsApp-Image-2024-09-25-at-14.33.16-7x12.jpeg 7w, https:\/\/observatoriodelplacer.com\/wp-content\/uploads\/2024\/09\/WhatsApp-Image-2024-09-25-at-14.33.16.jpeg 900w\" sizes=\"auto, (max-width: 576px) 100vw, 576px\" \/><\/figure>\n\n\n\n<p><\/p>\n\n\n\n<figure class=\"wp-block-image size-full\"><img loading=\"lazy\" decoding=\"async\" width=\"767\" height=\"1025\" src=\"https:\/\/observatoriodelplacer.com\/wp-content\/uploads\/2024\/09\/WhatsApp-Image-2024-09-25-at-14.32.52.jpeg\" alt=\"matilde flor usinger\" class=\"wp-image-2884\" srcset=\"https:\/\/observatoriodelplacer.com\/wp-content\/uploads\/2024\/09\/WhatsApp-Image-2024-09-25-at-14.32.52.jpeg 767w, https:\/\/observatoriodelplacer.com\/wp-content\/uploads\/2024\/09\/WhatsApp-Image-2024-09-25-at-14.32.52-224x300.jpeg 224w, https:\/\/observatoriodelplacer.com\/wp-content\/uploads\/2024\/09\/WhatsApp-Image-2024-09-25-at-14.32.52-9x12.jpeg 9w\" sizes=\"auto, (max-width: 767px) 100vw, 767px\" \/><\/figure>\n\n\n\n<p><\/p>\n\n\n\n<figure class=\"wp-block-image size-large\"><img loading=\"lazy\" decoding=\"async\" width=\"1024\" height=\"553\" src=\"https:\/\/observatoriodelplacer.com\/wp-content\/uploads\/2024\/09\/WhatsApp-Image-2024-09-25-at-14.33.27-1024x553.jpeg\" alt=\"cum home with me taller\" class=\"wp-image-2890\" srcset=\"https:\/\/observatoriodelplacer.com\/wp-content\/uploads\/2024\/09\/WhatsApp-Image-2024-09-25-at-14.33.27-1024x553.jpeg 1024w, https:\/\/observatoriodelplacer.com\/wp-content\/uploads\/2024\/09\/WhatsApp-Image-2024-09-25-at-14.33.27-300x162.jpeg 300w, https:\/\/observatoriodelplacer.com\/wp-content\/uploads\/2024\/09\/WhatsApp-Image-2024-09-25-at-14.33.27-768x415.jpeg 768w, https:\/\/observatoriodelplacer.com\/wp-content\/uploads\/2024\/09\/WhatsApp-Image-2024-09-25-at-14.33.27-18x10.jpeg 18w, https:\/\/observatoriodelplacer.com\/wp-content\/uploads\/2024\/09\/WhatsApp-Image-2024-09-25-at-14.33.27.jpeg 1170w\" sizes=\"auto, (max-width: 1024px) 100vw, 1024px\" \/><\/figure>\n\n\n\n<p><\/p>\n\n\n\n<figure class=\"wp-block-image size-large\"><img loading=\"lazy\" decoding=\"async\" width=\"1024\" height=\"568\" src=\"https:\/\/observatoriodelplacer.com\/wp-content\/uploads\/2024\/09\/WhatsApp-Image-2024-09-25-at-14.33.38-1024x568.jpeg\" alt=\"cum home with me taller\" class=\"wp-image-2891\" srcset=\"https:\/\/observatoriodelplacer.com\/wp-content\/uploads\/2024\/09\/WhatsApp-Image-2024-09-25-at-14.33.38-1024x568.jpeg 1024w, https:\/\/observatoriodelplacer.com\/wp-content\/uploads\/2024\/09\/WhatsApp-Image-2024-09-25-at-14.33.38-300x167.jpeg 300w, https:\/\/observatoriodelplacer.com\/wp-content\/uploads\/2024\/09\/WhatsApp-Image-2024-09-25-at-14.33.38-768x426.jpeg 768w, https:\/\/observatoriodelplacer.com\/wp-content\/uploads\/2024\/09\/WhatsApp-Image-2024-09-25-at-14.33.38-1536x852.jpeg 1536w, https:\/\/observatoriodelplacer.com\/wp-content\/uploads\/2024\/09\/WhatsApp-Image-2024-09-25-at-14.33.38-18x10.jpeg 18w, https:\/\/observatoriodelplacer.com\/wp-content\/uploads\/2024\/09\/WhatsApp-Image-2024-09-25-at-14.33.38.jpeg 1600w\" sizes=\"auto, (max-width: 1024px) 100vw, 1024px\" \/><\/figure>\n\n\n\n<p><\/p>\n\n\n\n<figure class=\"wp-block-image size-large\"><img loading=\"lazy\" decoding=\"async\" width=\"1024\" height=\"576\" src=\"https:\/\/observatoriodelplacer.com\/wp-content\/uploads\/2024\/09\/WhatsApp-Image-2024-09-25-at-14.33.05-1024x576.jpeg\" alt=\"\" class=\"wp-image-2897\" srcset=\"https:\/\/observatoriodelplacer.com\/wp-content\/uploads\/2024\/09\/WhatsApp-Image-2024-09-25-at-14.33.05-1024x576.jpeg 1024w, https:\/\/observatoriodelplacer.com\/wp-content\/uploads\/2024\/09\/WhatsApp-Image-2024-09-25-at-14.33.05-300x169.jpeg 300w, https:\/\/observatoriodelplacer.com\/wp-content\/uploads\/2024\/09\/WhatsApp-Image-2024-09-25-at-14.33.05-768x432.jpeg 768w, https:\/\/observatoriodelplacer.com\/wp-content\/uploads\/2024\/09\/WhatsApp-Image-2024-09-25-at-14.33.05-18x10.jpeg 18w, https:\/\/observatoriodelplacer.com\/wp-content\/uploads\/2024\/09\/WhatsApp-Image-2024-09-25-at-14.33.05.jpeg 1182w\" sizes=\"auto, (max-width: 1024px) 100vw, 1024px\" \/><\/figure>\n<\/div>\n<\/div>\n\n\n\n<p><\/p>","protected":false},"excerpt":{"rendered":"<p>Taller S\u00e1bado 9 de noviembreFacilita: Matilde Flor UsingerTema del taller: Objetivaci\u00f3n y espacio Este taller explora el concepto de objetivaci\u00f3n en un contexto performativo y filos\u00f3fico. En la filosof\u00eda social, la objetivaci\u00f3n es el acto de tratar a una persona como un objeto o una cosa, a menudo asociado con la deshumanizaci\u00f3n. Sin embargo, en [&hellip;]<\/p>\n","protected":false},"author":1,"featured_media":0,"parent":0,"menu_order":0,"comment_status":"closed","ping_status":"closed","template":"","meta":{"site-sidebar-layout":"default","site-content-layout":"","ast-site-content-layout":"","site-content-style":"default","site-sidebar-style":"default","ast-global-header-display":"","ast-banner-title-visibility":"","ast-main-header-display":"","ast-hfb-above-header-display":"","ast-hfb-below-header-display":"","ast-hfb-mobile-header-display":"","site-post-title":"","ast-breadcrumbs-content":"","ast-featured-img":"","footer-sml-layout":"","theme-transparent-header-meta":"","adv-header-id-meta":"","stick-header-meta":"","header-above-stick-meta":"","header-main-stick-meta":"","header-below-stick-meta":"","astra-migrate-meta-layouts":"default","ast-page-background-enabled":"default","ast-page-background-meta":{"desktop":{"background-color":"var(--ast-global-color-4)","background-image":"","background-repeat":"repeat","background-position":"center center","background-size":"auto","background-attachment":"scroll","background-type":"","background-media":"","overlay-type":"","overlay-color":"","overlay-opacity":"","overlay-gradient":""},"tablet":{"background-color":"","background-image":"","background-repeat":"repeat","background-position":"center center","background-size":"auto","background-attachment":"scroll","background-type":"","background-media":"","overlay-type":"","overlay-color":"","overlay-opacity":"","overlay-gradient":""},"mobile":{"background-color":"","background-image":"","background-repeat":"repeat","background-position":"center center","background-size":"auto","background-attachment":"scroll","background-type":"","background-media":"","overlay-type":"","overlay-color":"","overlay-opacity":"","overlay-gradient":""}},"ast-content-background-meta":{"desktop":{"background-color":"var(--ast-global-color-5)","background-image":"","background-repeat":"repeat","background-position":"center center","background-size":"auto","background-attachment":"scroll","background-type":"","background-media":"","overlay-type":"","overlay-color":"","overlay-opacity":"","overlay-gradient":""},"tablet":{"background-color":"var(--ast-global-color-5)","background-image":"","background-repeat":"repeat","background-position":"center center","background-size":"auto","background-attachment":"scroll","background-type":"","background-media":"","overlay-type":"","overlay-color":"","overlay-opacity":"","overlay-gradient":""},"mobile":{"background-color":"var(--ast-global-color-5)","background-image":"","background-repeat":"repeat","background-position":"center center","background-size":"auto","background-attachment":"scroll","background-type":"","background-media":"","overlay-type":"","overlay-color":"","overlay-opacity":"","overlay-gradient":""}},"footnotes":""},"class_list":["post-2861","page","type-page","status-publish","hentry"],"_links":{"self":[{"href":"https:\/\/observatoriodelplacer.com\/en\/wp-json\/wp\/v2\/pages\/2861","targetHints":{"allow":["GET"]}}],"collection":[{"href":"https:\/\/observatoriodelplacer.com\/en\/wp-json\/wp\/v2\/pages"}],"about":[{"href":"https:\/\/observatoriodelplacer.com\/en\/wp-json\/wp\/v2\/types\/page"}],"author":[{"embeddable":true,"href":"https:\/\/observatoriodelplacer.com\/en\/wp-json\/wp\/v2\/users\/1"}],"replies":[{"embeddable":true,"href":"https:\/\/observatoriodelplacer.com\/en\/wp-json\/wp\/v2\/comments?post=2861"}],"version-history":[{"count":21,"href":"https:\/\/observatoriodelplacer.com\/en\/wp-json\/wp\/v2\/pages\/2861\/revisions"}],"predecessor-version":[{"id":2965,"href":"https:\/\/observatoriodelplacer.com\/en\/wp-json\/wp\/v2\/pages\/2861\/revisions\/2965"}],"wp:attachment":[{"href":"https:\/\/observatoriodelplacer.com\/en\/wp-json\/wp\/v2\/media?parent=2861"}],"curies":[{"name":"wp","href":"https:\/\/api.w.org\/{rel}","templated":true}]}}