{"id":2879,"date":"2024-09-25T14:44:45","date_gmt":"2024-09-25T12:44:45","guid":{"rendered":"https:\/\/observatoriodelplacer.com\/?page_id=2879"},"modified":"2025-02-27T21:15:52","modified_gmt":"2025-02-27T19:15:52","slug":"normal-3ra-edicion","status":"publish","type":"page","link":"https:\/\/observatoriodelplacer.com\/en\/normal-3ra-edicion\/","title":{"rendered":"Normal (3rd edition) \u2013 open call"},"content":{"rendered":"<div class=\"wp-block-columns is-layout-flex wp-container-core-columns-is-layout-28f84493 wp-block-columns-is-layout-flex\">\n<div class=\"wp-block-column is-layout-flow wp-block-column-is-layout-flow\">\n<h5 class=\"wp-block-heading\">_ Artist residency 11-16 November 2024<br>_ Body installation _ November 16, 7 p.m.<\/h5>\n\n\n\n<h6 class=\"wp-block-heading\">Open call for the 3rd Normal Artistic Residency <br>_ By Matilde Flor Usinger, Nanna Koppel, Josephine Marquard y Ruben R<\/h6>\n\n\n\n<p>In this week-long residency, we invite a study group to explore accessing and exposing intimacy, acknowledging its inherently subjective nature.<br>Through a variety of rituals, physical and conversational exercises, we seek not only to explore our own interpretations of intimacy but also to understand how others experience it. By navigating these different perspectives, this residency seeks to challenge patriarchal norms and societal structures in the pursuit of genuine connection.<br>We invite all kinds of bodies and local artists to join our study group and to challenge the concept of <strong>NORMAL<\/strong>And to imagine a practice that extends beyond the residency itself\u2014 <strong>Reimagining what NORMAL can be<\/strong>-- ultimately culminating in a body installation the 16th of Nov.<\/p>\n\n\n\n<p><strong>Structure<\/strong><br>The research begins by exploring our questions, and participants are encouraged to bring their own inquiries via the registration form. The first two days will be dedicated to studying these questions together in an open process. By Wednesday, we will collaborate to find a guiding thread for what our final presentation should embody. The last two days will focus on creating a performance with the studygroup that will be presented at Observatorio on Saturday to share the learning with a small audience.<\/p>\n\n\n\n<p><strong>Schedule:<\/strong><br>de lunes a s\u00e1bado (11-16 de noviembre) de 15 a 21h, esperamos ver a los viejos y nuevos normies<\/p>\n\n\n\n<p><strong><em>Key Questions for Exploration:<\/em><\/strong><br>What is intimacy?<br>How do we share it?<\/p>\n\n\n\n<p><em><strong>Sub questions<\/strong><\/em><br>What about pain?<br>Is boredom sexy?<br>What is the opposite of intensity?<br>How would you feel to have your face skin stretched till it it's becoming something else?<br>What does a layer cake made out of tongues look like?<br>How many mouths can suck your fingers at the same time?<br>Is it possible to experience intimacy with yourself? If so, what does that feel like?<br>How would you feel to be a gorilla made out of other peoples cum and pubic hair?<br>How would you feel to have your skull stepped on?<br>How does it feel to pee on your pants?<br>How would you feel to step on my skull?<br>(Feel free to bring your own questions)<\/p>\n\n\n\n<p>Finally, we will present the result of \u2018Normal\u2019 through an open exchange\/performance where we will share the learning with a small audience.<\/p>\n\n\n\n<p>La participaci\u00f3n en el grupo de estudio es gratuita y el grupo ya est\u00e1 completo y cerrado.<\/p>\n\n\n\n<hr class=\"wp-block-separator has-alpha-channel-opacity\"\/>\n\n\n\n<p id=\"instalacion-corporal\">You can attend as an audience the open exchange\/performance that will be the closing activity of the study group of the 3rd edition Normal artistic residency at OdP.<\/p>\n\n\n\n<div class=\"wp-block-columns is-layout-flex wp-container-core-columns-is-layout-28f84493 wp-block-columns-is-layout-flex\">\n<div class=\"wp-block-column is-layout-flow wp-block-column-is-layout-flow\" style=\"flex-basis:66.66%\">\n<h6 class=\"wp-block-heading\"><strong>_ Body installation _ November 16, 7 p.m.<\/strong><\/h6>\n\n\n\n<p>Collaboration&nbsp;<strong>Performance&nbsp;20\u20ac<br>o&nbsp;<\/strong>Variable depending on your current situation. 10-30\u20ac<br><a href=\"https:\/\/observatoriodelplacer.com\/en\/colaboracion-variable\/\"><strong>Consult information about variable collaboration<\/strong><\/a><\/p>\n\n\n\n<p><strong>REGISTER THROUGH THIS LINK:<\/strong><\/p>\n\n\n\n<p><a href=\"https:\/\/forms.gle\/GNaTRJ389KiZ1kSJ8\" target=\"_blank\" rel=\"noopener\"><strong>https:\/\/forms.gle\/GNaTRJ389KiZ1kSJ8<\/strong><\/a><\/p>\n\n\n\n<p class=\"has-ast-global-color-5-color has-text-color has-background\" style=\"background-color:#ff5050\"><strong><strong><strong><strong><strong><em>*** We do not want anyone to be left out of the activities due to economic issues, if this is your case, let us know.<br><\/em>Likewise, Observatorio del Placer is a project in formation, if you want to support the space and the artists with a larger collaboration, it will also be welcome.<\/strong><\/strong><\/strong><\/strong><\/strong><\/p>\n<\/div>\n\n\n\n<div class=\"wp-block-column is-layout-flow wp-block-column-is-layout-flow\" style=\"flex-basis:33.33%\">\n<figure class=\"wp-block-image size-large\"><img loading=\"lazy\" decoding=\"async\" width=\"1024\" height=\"1024\" src=\"https:\/\/observatoriodelplacer.com\/wp-content\/uploads\/2024\/10\/perfo-1024x1024.png\" alt=\"instalaci\u00f3n corporal normal\" class=\"wp-image-2946\" srcset=\"https:\/\/observatoriodelplacer.com\/wp-content\/uploads\/2024\/10\/perfo-1024x1024.png 1024w, https:\/\/observatoriodelplacer.com\/wp-content\/uploads\/2024\/10\/perfo-300x300.png 300w, https:\/\/observatoriodelplacer.com\/wp-content\/uploads\/2024\/10\/perfo-150x150.png 150w, https:\/\/observatoriodelplacer.com\/wp-content\/uploads\/2024\/10\/perfo-768x768.png 768w, https:\/\/observatoriodelplacer.com\/wp-content\/uploads\/2024\/10\/perfo-12x12.png 12w, https:\/\/observatoriodelplacer.com\/wp-content\/uploads\/2024\/10\/perfo.png 1080w\" sizes=\"auto, (max-width: 1024px) 100vw, 1024px\" \/><\/figure>\n<\/div>\n<\/div>\n\n\n\n<hr class=\"wp-block-separator has-alpha-channel-opacity\"\/>\n\n\n\n<h2 class=\"wp-block-heading\">Matilde Flor Usinger<\/h2>\n\n\n\n<p>Matilde Flor Usinger grew up in a circus environment in Copenhagen, Denmark. After many years of training in gymnastics, she sought a freer form of physical expression, leading her to pursue a career in dance and performance. She received her foundational training at Nya Malm\u00f6 Latin and then completed three years of professional dance training at Balance1 in Berlin. Matilde has showcased various group and solo works at Berlin's Sophiensaele, Uferstudios, and ada-studios, as well as participated in various interdisciplinary site-specific performances.<\/p>\n\n\n\n<p>Her journey into the exploration of movement and performance continues as she develops collaborative projects. Currently, she is collaborating with actress Nanna Finding Koppel on the Danish Arts Foundation funded project HEJ FAR, all while creating and curating in MF Studio.<\/p>\n\n\n\n<p>Matilde aims to embody academic intersectional feminism, challenging societal structures. She integrates knowledge into the body, exploring themes such as sexuality, feminism, world order, gender, and white body supremacy. Her focus extends to the exploration of intimacy, connecting with others on emotional, intellectual, physical, and spiritual levels. She believes that embracing vulnerability empowers deeper, authentic connections, enhancing personal growth and relationships.<\/p>\n\n\n\n<p><strong><a href=\"https:\/\/www.instagram.com\/matildeflor\/\" target=\"_blank\" rel=\"noreferrer noopener\">https:\/\/www.instagram.com\/matildeflor\/<\/a><\/strong><\/p>\n\n\n\n<h2 class=\"wp-block-heading\">Nanna Koppel<\/h2>\n\n\n\n<p>Is an actor and interdisciplinary performer. They explore the intersection between video recordings and performance, between body and technology, to interpret the body as a vessel where contradictions and opposing truths intertwine and coexist. Contradictions cannot be resolved within the realities that gave rise to them. Resolving contradictions demands a change or shift in perspective or reality. Their aim is to find political and activist potential in resolving external conflicts within the body and use video to question one\u2019s gaze and attention to the reality one experiences, thus moving our perception of the world.<\/p>\n\n\n\n<p><a href=\"https:\/\/www.instagram.com\/nannakoppel\" target=\"_blank\" rel=\"noopener\"><strong>https:\/\/www.instagram.com\/nannakoppel<\/strong><\/a><\/p>\n\n\n\n<h2 class=\"wp-block-heading\">Josephine Marquard (DK)<\/h2>\n\n\n\n<p>Investigates what lives in the cracks, the unseen, the spaces below the head. Through an interdisciplinary (or perhaps antidisciplinary) practice, she seeks to deconstruct the ways we see and are seen. Informed by her studies at Kaospilot, collaborative arts training at Roskilde University and from two creative writing schools, she invites us to ritualistic spaces where we move beyond the matrix. This is a call upon a new paradigm breathing in the cracks of a post-industrial society. How would society look like if intimacy and sensitivity were the highest values above rationality?<\/p>\n\n\n\n<h2 class=\"wp-block-heading\">Rub\u00e9n R<\/h2>\n\n\n\n<p>Rub\u00e9n R is part of the OdP (Observatorio del Placer) team, as well as being a great researcher on the topic of failure. He also continues to study with great devotion the different ways of feeling gratitude in the face of the idea of \u200b\u200bloss and the sensation of being lost.<\/p>\n<\/div>\n\n\n\n<div class=\"wp-block-column is-layout-flow wp-block-column-is-layout-flow\" style=\"flex-basis:30%\">\n<figure class=\"wp-block-image size-large\"><img loading=\"lazy\" decoding=\"async\" width=\"1024\" height=\"1024\" src=\"https:\/\/observatoriodelplacer.com\/wp-content\/uploads\/2025\/02\/normal3-1024x1024.png\" alt=\"residencia art\u00edstica Normal 3ra edici\u00f3n\" class=\"wp-image-3522\" srcset=\"https:\/\/observatoriodelplacer.com\/wp-content\/uploads\/2025\/02\/normal3-1024x1024.png 1024w, https:\/\/observatoriodelplacer.com\/wp-content\/uploads\/2025\/02\/normal3-300x300.png 300w, https:\/\/observatoriodelplacer.com\/wp-content\/uploads\/2025\/02\/normal3-150x150.png 150w, https:\/\/observatoriodelplacer.com\/wp-content\/uploads\/2025\/02\/normal3-768x768.png 768w, https:\/\/observatoriodelplacer.com\/wp-content\/uploads\/2025\/02\/normal3-12x12.png 12w, https:\/\/observatoriodelplacer.com\/wp-content\/uploads\/2025\/02\/normal3.png 1080w\" sizes=\"auto, (max-width: 1024px) 100vw, 1024px\" \/><\/figure>\n\n\n\n<p><\/p>\n\n\n\n<figure class=\"wp-block-image size-large\"><img loading=\"lazy\" decoding=\"async\" width=\"770\" height=\"1024\" src=\"https:\/\/observatoriodelplacer.com\/wp-content\/uploads\/2024\/10\/Captura-de-pantalla-2024-10-01-a-las-18.26.35-770x1024.png\" alt=\"matilde flor usinger normal residencia artistica\" class=\"wp-image-2921\" srcset=\"https:\/\/observatoriodelplacer.com\/wp-content\/uploads\/2024\/10\/Captura-de-pantalla-2024-10-01-a-las-18.26.35-770x1024.png 770w, https:\/\/observatoriodelplacer.com\/wp-content\/uploads\/2024\/10\/Captura-de-pantalla-2024-10-01-a-las-18.26.35-226x300.png 226w, https:\/\/observatoriodelplacer.com\/wp-content\/uploads\/2024\/10\/Captura-de-pantalla-2024-10-01-a-las-18.26.35-768x1021.png 768w, https:\/\/observatoriodelplacer.com\/wp-content\/uploads\/2024\/10\/Captura-de-pantalla-2024-10-01-a-las-18.26.35-9x12.png 9w, https:\/\/observatoriodelplacer.com\/wp-content\/uploads\/2024\/10\/Captura-de-pantalla-2024-10-01-a-las-18.26.35.png 812w\" sizes=\"auto, (max-width: 770px) 100vw, 770px\" \/><figcaption class=\"wp-element-caption\">Matilde Flor Usinger<\/figcaption><\/figure>\n\n\n\n<p><\/p>\n\n\n\n<figure class=\"wp-block-image size-large\"><img loading=\"lazy\" decoding=\"async\" width=\"1024\" height=\"757\" src=\"https:\/\/observatoriodelplacer.com\/wp-content\/uploads\/2024\/10\/Captura-de-pantalla-2024-10-01-a-las-18.27.09-1024x757.png\" alt=\"nanna koppel normal residencia art\u00edstica\" class=\"wp-image-2923\" srcset=\"https:\/\/observatoriodelplacer.com\/wp-content\/uploads\/2024\/10\/Captura-de-pantalla-2024-10-01-a-las-18.27.09-1024x757.png 1024w, https:\/\/observatoriodelplacer.com\/wp-content\/uploads\/2024\/10\/Captura-de-pantalla-2024-10-01-a-las-18.27.09-300x222.png 300w, https:\/\/observatoriodelplacer.com\/wp-content\/uploads\/2024\/10\/Captura-de-pantalla-2024-10-01-a-las-18.27.09-768x568.png 768w, https:\/\/observatoriodelplacer.com\/wp-content\/uploads\/2024\/10\/Captura-de-pantalla-2024-10-01-a-las-18.27.09-16x12.png 16w, https:\/\/observatoriodelplacer.com\/wp-content\/uploads\/2024\/10\/Captura-de-pantalla-2024-10-01-a-las-18.27.09.png 1158w\" sizes=\"auto, (max-width: 1024px) 100vw, 1024px\" \/><figcaption class=\"wp-element-caption\">Nanna Koppel<\/figcaption><\/figure>\n\n\n\n<p><\/p>\n\n\n\n<figure class=\"wp-block-image size-large\"><img loading=\"lazy\" decoding=\"async\" width=\"775\" height=\"1024\" src=\"https:\/\/observatoriodelplacer.com\/wp-content\/uploads\/2024\/10\/Captura-de-pantalla-2024-10-01-a-las-18.27.50-775x1024.png\" alt=\"Josephine Marquard normal residencia art\u00edstica\" class=\"wp-image-2925\" srcset=\"https:\/\/observatoriodelplacer.com\/wp-content\/uploads\/2024\/10\/Captura-de-pantalla-2024-10-01-a-las-18.27.50-775x1024.png 775w, https:\/\/observatoriodelplacer.com\/wp-content\/uploads\/2024\/10\/Captura-de-pantalla-2024-10-01-a-las-18.27.50-227x300.png 227w, https:\/\/observatoriodelplacer.com\/wp-content\/uploads\/2024\/10\/Captura-de-pantalla-2024-10-01-a-las-18.27.50-768x1015.png 768w, https:\/\/observatoriodelplacer.com\/wp-content\/uploads\/2024\/10\/Captura-de-pantalla-2024-10-01-a-las-18.27.50-9x12.png 9w, https:\/\/observatoriodelplacer.com\/wp-content\/uploads\/2024\/10\/Captura-de-pantalla-2024-10-01-a-las-18.27.50.png 876w\" sizes=\"auto, (max-width: 775px) 100vw, 775px\" \/><figcaption class=\"wp-element-caption\">Josephine Marquard<\/figcaption><\/figure>\n\n\n\n<p><\/p>\n\n\n\n<figure class=\"wp-block-image size-large\"><img loading=\"lazy\" decoding=\"async\" width=\"1024\" height=\"576\" src=\"https:\/\/observatoriodelplacer.com\/wp-content\/uploads\/2024\/06\/WhatsApp-Image-2024-06-01-at-11.52.15-1024x576.jpeg\" alt=\"normal residencia art\u00edstica\" class=\"wp-image-2407\" srcset=\"https:\/\/observatoriodelplacer.com\/wp-content\/uploads\/2024\/06\/WhatsApp-Image-2024-06-01-at-11.52.15-1024x576.jpeg 1024w, https:\/\/observatoriodelplacer.com\/wp-content\/uploads\/2024\/06\/WhatsApp-Image-2024-06-01-at-11.52.15-300x169.jpeg 300w, https:\/\/observatoriodelplacer.com\/wp-content\/uploads\/2024\/06\/WhatsApp-Image-2024-06-01-at-11.52.15-768x432.jpeg 768w, https:\/\/observatoriodelplacer.com\/wp-content\/uploads\/2024\/06\/WhatsApp-Image-2024-06-01-at-11.52.15-18x10.jpeg 18w, https:\/\/observatoriodelplacer.com\/wp-content\/uploads\/2024\/06\/WhatsApp-Image-2024-06-01-at-11.52.15.jpeg 1344w\" sizes=\"auto, (max-width: 1024px) 100vw, 1024px\" \/><figcaption class=\"wp-element-caption\">Rub\u00e9n R (imagen de Barranco)<\/figcaption><\/figure>\n<\/div>\n<\/div>\n\n\n\n<div style=\"height:100px\" aria-hidden=\"true\" class=\"wp-block-spacer\"><\/div>\n\n\n\n<figure class=\"wp-block-image size-full\"><img loading=\"lazy\" decoding=\"async\" width=\"100\" height=\"34\" src=\"https:\/\/observatoriodelplacer.com\/wp-content\/uploads\/2024\/08\/logo-3.png\" alt=\"\" class=\"wp-image-2597\" srcset=\"https:\/\/observatoriodelplacer.com\/wp-content\/uploads\/2024\/08\/logo-3.png 100w, https:\/\/observatoriodelplacer.com\/wp-content\/uploads\/2024\/08\/logo-3-18x6.png 18w\" sizes=\"auto, (max-width: 100px) 100vw, 100px\" \/><figcaption class=\"wp-element-caption\">The OdP 2024 artistic residency project receives support from Barcelona City Council.<\/figcaption><\/figure>\n\n\n\n<p><\/p>","protected":false},"excerpt":{"rendered":"<p>_ Residencia art\u00edstica 11-16 de noviembre 2024_ Instalaci\u00f3n corporal _ 16 noviembre 19h Convocatoria abierta para la 3ra Residencia art\u00edstica Normal _ Por Matilde Flor Usinger, Nanna Koppel, Josephine Marquard y Ruben R En esta residencia Normal de una semana de duraci\u00f3n, invitamos a un grupo de estudio a explorar el acceso y la exposici\u00f3n [&hellip;]<\/p>\n","protected":false},"author":1,"featured_media":0,"parent":0,"menu_order":0,"comment_status":"closed","ping_status":"closed","template":"","meta":{"site-sidebar-layout":"default","site-content-layout":"","ast-site-content-layout":"default","site-content-style":"default","site-sidebar-style":"default","ast-global-header-display":"","ast-banner-title-visibility":"","ast-main-header-display":"","ast-hfb-above-header-display":"","ast-hfb-below-header-display":"","ast-hfb-mobile-header-display":"","site-post-title":"","ast-breadcrumbs-content":"","ast-featured-img":"","footer-sml-layout":"","theme-transparent-header-meta":"","adv-header-id-meta":"","stick-header-meta":"","header-above-stick-meta":"","header-main-stick-meta":"","header-below-stick-meta":"","astra-migrate-meta-layouts":"set","ast-page-background-enabled":"default","ast-page-background-meta":{"desktop":{"background-color":"var(--ast-global-color-4)","background-image":"","background-repeat":"repeat","background-position":"center center","background-size":"auto","background-attachment":"scroll","background-type":"","background-media":"","overlay-type":"","overlay-color":"","overlay-opacity":"","overlay-gradient":""},"tablet":{"background-color":"","background-image":"","background-repeat":"repeat","background-position":"center center","background-size":"auto","background-attachment":"scroll","background-type":"","background-media":"","overlay-type":"","overlay-color":"","overlay-opacity":"","overlay-gradient":""},"mobile":{"background-color":"","background-image":"","background-repeat":"repeat","background-position":"center center","background-size":"auto","background-attachment":"scroll","background-type":"","background-media":"","overlay-type":"","overlay-color":"","overlay-opacity":"","overlay-gradient":""}},"ast-content-background-meta":{"desktop":{"background-color":"var(--ast-global-color-5)","background-image":"","background-repeat":"repeat","background-position":"center center","background-size":"auto","background-attachment":"scroll","background-type":"","background-media":"","overlay-type":"","overlay-color":"","overlay-opacity":"","overlay-gradient":""},"tablet":{"background-color":"var(--ast-global-color-5)","background-image":"","background-repeat":"repeat","background-position":"center center","background-size":"auto","background-attachment":"scroll","background-type":"","background-media":"","overlay-type":"","overlay-color":"","overlay-opacity":"","overlay-gradient":""},"mobile":{"background-color":"var(--ast-global-color-5)","background-image":"","background-repeat":"repeat","background-position":"center center","background-size":"auto","background-attachment":"scroll","background-type":"","background-media":"","overlay-type":"","overlay-color":"","overlay-opacity":"","overlay-gradient":""}},"footnotes":""},"class_list":["post-2879","page","type-page","status-publish","hentry"],"_links":{"self":[{"href":"https:\/\/observatoriodelplacer.com\/en\/wp-json\/wp\/v2\/pages\/2879","targetHints":{"allow":["GET"]}}],"collection":[{"href":"https:\/\/observatoriodelplacer.com\/en\/wp-json\/wp\/v2\/pages"}],"about":[{"href":"https:\/\/observatoriodelplacer.com\/en\/wp-json\/wp\/v2\/types\/page"}],"author":[{"embeddable":true,"href":"https:\/\/observatoriodelplacer.com\/en\/wp-json\/wp\/v2\/users\/1"}],"replies":[{"embeddable":true,"href":"https:\/\/observatoriodelplacer.com\/en\/wp-json\/wp\/v2\/comments?post=2879"}],"version-history":[{"count":34,"href":"https:\/\/observatoriodelplacer.com\/en\/wp-json\/wp\/v2\/pages\/2879\/revisions"}],"predecessor-version":[{"id":3539,"href":"https:\/\/observatoriodelplacer.com\/en\/wp-json\/wp\/v2\/pages\/2879\/revisions\/3539"}],"wp:attachment":[{"href":"https:\/\/observatoriodelplacer.com\/en\/wp-json\/wp\/v2\/media?parent=2879"}],"curies":[{"name":"wp","href":"https:\/\/api.w.org\/{rel}","templated":true}]}}