{"id":295,"date":"2022-05-02T22:10:39","date_gmt":"2022-05-02T20:10:39","guid":{"rendered":"https:\/\/observatoriodelplacer.com\/?page_id=295"},"modified":"2024-05-05T10:29:09","modified_gmt":"2024-05-05T08:29:09","slug":"soma","status":"publish","type":"page","link":"https:\/\/observatoriodelplacer.com\/en\/soma\/","title":{"rendered":"SOMA"},"content":{"rendered":"<div class=\"wp-block-columns is-layout-flex wp-container-core-columns-is-layout-28f84493 wp-block-columns-is-layout-flex\">\n<div class=\"wp-block-column is-layout-flow wp-block-column-is-layout-flow\">\n<p>Con renovado entusiasmo, <strong>SOMA<\/strong> vuelve como un intrigante recept\u00e1culo espacio-temporal concebido por OdP, donde la atenci\u00f3n se centra en la sexualidad y el movimiento.<\/p>\n\n\n\n<p>En este retorno, nos sumergimos en la exploraci\u00f3n de la danza cuando esta no se erige como el epicentro primordial de la experiencia. Reflexionamos sobre c\u00f3mo el espacio se transforma al convertirse en una extensi\u00f3n de nuestro propio cuerpo som\u00e1tico, donde la sexualidad se manifiesta como un componente esencial de cada movimiento.<\/p>\n\n\n\n<p>\u00bfC\u00f3mo experimentamos el acto de danzar desnudx, liber\u00e1ndonos de las barreras convencionales y permitiendo que nuestra sexualidad se exprese? \u00bfConcedemos importancia a los v\u00ednculos entrelazados en cada uno de nuestros movimientos, reconociendo que cada interacci\u00f3n es una narrativa \u00fanica de nuestra existencia en el espacio?<\/p>\n\n\n\n<p>Aunque las respuestas a estas preguntas escapan a la certeza, anhelamos sumergirnos en estas inquisitivas cuestiones y explorar las que planteas t\u00fa. A partir de las 18h, iniciaremos este viaje colectivo con una apertura desde el cuerpo som\u00e1tico, guiada por <strong>Gabe<\/strong>, para luego adentrarnos en un espacio de experimentaci\u00f3n. Aqu\u00ed, la sexualidad se convierte en una performance, una danza que desaf\u00eda normativas y revela capas m\u00e1s profundas quiz\u00e1s, en cada gesto y movimiento. \u00bfTe unes a esta exploraci\u00f3n, donde la sexualidad se convierte en una expresi\u00f3n esencial en la danza?<\/p>\n\n\n\n<p><strong><em>SOMA &gt;&gt; jueves 16 de mayo. 18 &#8211; 21h<\/em><br>Collaboration experience<\/strong><br>Variable collaboration depending on your current situation. 15-40\u20ac<br><a href=\"https:\/\/observatoriodelplacer.com\/en\/colaboracion-variable\/\"><strong>Consult information about variable collaboration<\/strong><\/a><\/p>\n\n\n\n<p class=\"has-ast-global-color-5-color has-text-color has-background\" style=\"background-color:#ff5050\"><strong><strong><em>*** We do not want anyone to be left out of the activities due to economic issues. If this is your case, let us know and we will look for possible exchanges or reduced collaboration.<br><\/em>Likewise, Observatorio del Placer is a project in formation, if you want to support us with greater collaboration, it will also be welcome.<\/strong><\/strong><\/p>\n\n\n\n<p><strong>MAKE YOUR REGISTRATION THROUGH THIS LINK<\/strong><\/p>\n\n\n\n<p><a href=\"https:\/\/forms.gle\/WUeAY5fpoxDCza1n6\" target=\"_blank\" rel=\"noopener\"><strong>https:\/\/forms.gle\/WUeAY5fpoxDCza1n6<\/strong><\/a><\/p>\n\n\n\n<h2 class=\"wp-block-heading\"><strong>Gabe<\/strong> (they\/them)<\/h2>\n<\/div>\n\n\n\n<div class=\"wp-block-column is-layout-flow wp-block-column-is-layout-flow\" style=\"flex-basis:33%\">\n<figure class=\"wp-block-image size-large\"><img loading=\"lazy\" decoding=\"async\" width=\"1024\" height=\"1024\" src=\"https:\/\/observatoriodelplacer.com\/wp-content\/uploads\/2024\/05\/SOMA-1024x1024.png\" alt=\"\" class=\"wp-image-2271\" srcset=\"https:\/\/observatoriodelplacer.com\/wp-content\/uploads\/2024\/05\/SOMA-1024x1024.png 1024w, https:\/\/observatoriodelplacer.com\/wp-content\/uploads\/2024\/05\/SOMA-300x300.png 300w, https:\/\/observatoriodelplacer.com\/wp-content\/uploads\/2024\/05\/SOMA-150x150.png 150w, https:\/\/observatoriodelplacer.com\/wp-content\/uploads\/2024\/05\/SOMA-768x768.png 768w, https:\/\/observatoriodelplacer.com\/wp-content\/uploads\/2024\/05\/SOMA-12x12.png 12w, https:\/\/observatoriodelplacer.com\/wp-content\/uploads\/2024\/05\/SOMA.png 1080w\" sizes=\"auto, (max-width: 1024px) 100vw, 1024px\" \/><\/figure>\n\n\n\n<p>Imagen de Ecozorreo<\/p>\n<\/div>\n<\/div>","protected":false},"excerpt":{"rendered":"<p>Con renovado entusiasmo, SOMA vuelve como un intrigante recept\u00e1culo espacio-temporal concebido por OdP, donde la atenci\u00f3n se centra en la sexualidad y el movimiento. En este retorno, nos sumergimos en la exploraci\u00f3n de la danza cuando esta no se erige como el epicentro primordial de la experiencia. Reflexionamos sobre c\u00f3mo el espacio se transforma al [&hellip;]<\/p>\n","protected":false},"author":1,"featured_media":0,"parent":0,"menu_order":0,"comment_status":"closed","ping_status":"closed","template":"","meta":{"site-sidebar-layout":"default","site-content-layout":"","ast-site-content-layout":"","site-content-style":"default","site-sidebar-style":"default","ast-global-header-display":"","ast-banner-title-visibility":"","ast-main-header-display":"","ast-hfb-above-header-display":"","ast-hfb-below-header-display":"","ast-hfb-mobile-header-display":"","site-post-title":"","ast-breadcrumbs-content":"","ast-featured-img":"","footer-sml-layout":"","theme-transparent-header-meta":"","adv-header-id-meta":"","stick-header-meta":"","header-above-stick-meta":"","header-main-stick-meta":"","header-below-stick-meta":"","astra-migrate-meta-layouts":"default","ast-page-background-enabled":"default","ast-page-background-meta":{"desktop":{"background-color":"var(--ast-global-color-4)","background-image":"","background-repeat":"repeat","background-position":"center center","background-size":"auto","background-attachment":"scroll","background-type":"","background-media":"","overlay-type":"","overlay-color":"","overlay-opacity":"","overlay-gradient":""},"tablet":{"background-color":"","background-image":"","background-repeat":"repeat","background-position":"center center","background-size":"auto","background-attachment":"scroll","background-type":"","background-media":"","overlay-type":"","overlay-color":"","overlay-opacity":"","overlay-gradient":""},"mobile":{"background-color":"","background-image":"","background-repeat":"repeat","background-position":"center center","background-size":"auto","background-attachment":"scroll","background-type":"","background-media":"","overlay-type":"","overlay-color":"","overlay-opacity":"","overlay-gradient":""}},"ast-content-background-meta":{"desktop":{"background-color":"var(--ast-global-color-5)","background-image":"","background-repeat":"repeat","background-position":"center center","background-size":"auto","background-attachment":"scroll","background-type":"","background-media":"","overlay-type":"","overlay-color":"","overlay-opacity":"","overlay-gradient":""},"tablet":{"background-color":"var(--ast-global-color-5)","background-image":"","background-repeat":"repeat","background-position":"center center","background-size":"auto","background-attachment":"scroll","background-type":"","background-media":"","overlay-type":"","overlay-color":"","overlay-opacity":"","overlay-gradient":""},"mobile":{"background-color":"var(--ast-global-color-5)","background-image":"","background-repeat":"repeat","background-position":"center center","background-size":"auto","background-attachment":"scroll","background-type":"","background-media":"","overlay-type":"","overlay-color":"","overlay-opacity":"","overlay-gradient":""}},"footnotes":""},"class_list":["post-295","page","type-page","status-publish","hentry"],"_links":{"self":[{"href":"https:\/\/observatoriodelplacer.com\/en\/wp-json\/wp\/v2\/pages\/295","targetHints":{"allow":["GET"]}}],"collection":[{"href":"https:\/\/observatoriodelplacer.com\/en\/wp-json\/wp\/v2\/pages"}],"about":[{"href":"https:\/\/observatoriodelplacer.com\/en\/wp-json\/wp\/v2\/types\/page"}],"author":[{"embeddable":true,"href":"https:\/\/observatoriodelplacer.com\/en\/wp-json\/wp\/v2\/users\/1"}],"replies":[{"embeddable":true,"href":"https:\/\/observatoriodelplacer.com\/en\/wp-json\/wp\/v2\/comments?post=295"}],"version-history":[{"count":117,"href":"https:\/\/observatoriodelplacer.com\/en\/wp-json\/wp\/v2\/pages\/295\/revisions"}],"predecessor-version":[{"id":2293,"href":"https:\/\/observatoriodelplacer.com\/en\/wp-json\/wp\/v2\/pages\/295\/revisions\/2293"}],"wp:attachment":[{"href":"https:\/\/observatoriodelplacer.com\/en\/wp-json\/wp\/v2\/media?parent=295"}],"curies":[{"name":"wp","href":"https:\/\/api.w.org\/{rel}","templated":true}]}}