{"id":3075,"date":"2024-11-05T10:20:28","date_gmt":"2024-11-05T08:20:28","guid":{"rendered":"https:\/\/observatoriodelplacer.com\/?page_id=3075"},"modified":"2026-02-08T12:34:31","modified_gmt":"2026-02-08T10:34:31","slug":"sense-anim-dexit","status":"publish","type":"page","link":"https:\/\/observatoriodelplacer.com\/en\/sense-anim-dexit\/","title":{"rendered":"Sense \u00e0nim d&#8217;\u00e8xit per Pitar Jacksan"},"content":{"rendered":"<div class=\"wp-block-columns is-layout-flex wp-container-core-columns-is-layout-28f84493 wp-block-columns-is-layout-flex\">\n<div class=\"wp-block-column is-layout-flow wp-block-column-is-layout-flow\">\n<h5 class=\"wp-block-heading\">_ Residencia art\u00edstica 24-28 febrero<br><a href=\"#muestra\" data-type=\"internal\" data-id=\"#muestra\">_ Muestra 1 marzo 19h<\/a><\/h5>\n\n\n\n<p><strong>Proceso sensorial y escucha corporal<\/strong><\/p>\n\n\n\n<p>Este camino\u2002es, antes de nada, una afinaci\u00f3n de la escucha. Busco este estado donde se apaga la mente y emerge el lenguaje del cuerpo, libro de palabras. es este puente entre la mente y el cuerpo el que quiero explorar.<\/p>\n\n\n\n<p>M\u00e1s adelante es ver si esta escucha personal se puede trasladar a una experiencia compartida, donde otros cuerpos, otras presencias, puedan tambi\u00e9n acceder. Me pregunto si, escuch\u00e1ndonos \u00edntimamente, podremos crear espacios de expresi\u00f3n genuina donde el deseo se comunique con formas y emociones comprensibles para una tercera persona. Y ya para pedir, intentar escudri\u00f1ar donde son las puertas abiertas, donde raen las invitaciones, los consensos y los l\u00edmites.<\/p>\n\n\n\n<p><strong>Registro del descubrimiento<\/strong><\/p>\n\n\n\n<p>Para materializar este proceso, trabajo con ideas y registros diversos que puedan capturar mi exploraci\u00f3n sensorial. Imagino una recopilaci\u00f3n de referencias, escritos, an\u00e9cdotas, fotos, audios y videos que plasmen el proceso. Un archivo vivo, en constante crecimiento, que pueda servir de base para una pieza audiovisual experimental, un videoarte, o una *performance que vaya m\u00e1s all\u00e1 de las convenciones y comunique esta investigaci\u00f3n profunda.<\/p>\n\n\n\n<p>Cada pieza de material audiovisual; es una invitaci\u00f3n a capturar y a vivir el que por m\u00ed significa la sexualidad y la sensualidad, una ventana hacia el que me inspira y me mueve internamente.<\/p>\n\n\n\n<p><strong>El camino en construcci\u00f3n<\/strong><\/p>\n\n\n\n<p>Esta resid\u00e9ncia me permite salir del trabajo habitual que hago, para nutrirme de mis adentros. Hay tres l\u00edneas claras. Recopilar material audiovisual, compilaci\u00f3n de referencias, inspiraciones, textos e im\u00e1genes gu\u00eda y posible formato de exhibici\u00f3n del proceso.<\/p>\n\n\n\n<p>Esta investigaci\u00f3n no tiene garant\u00eda de \u00e9xito, y es justamente en esa libertad que encuentro sentido. Me tiro al vac\u00edo, sin \u00e1nimo de \u00e9xito, con la intenci\u00f3n de descubrir y aceptar cada parte del proceso, dejando que el recorrido marque la direcci\u00f3n.<\/p>\n\n\n\n<hr class=\"wp-block-separator has-alpha-channel-opacity\"\/>\n<\/div>\n\n\n\n<div class=\"wp-block-column is-layout-flow wp-block-column-is-layout-flow\" style=\"flex-basis:30%\">\n<figure class=\"wp-block-image size-large\"><img loading=\"lazy\" decoding=\"async\" width=\"819\" height=\"1024\" src=\"https:\/\/observatoriodelplacer.com\/wp-content\/uploads\/2026\/02\/19-819x1024.png\" alt=\"\" class=\"wp-image-4222\" srcset=\"https:\/\/observatoriodelplacer.com\/wp-content\/uploads\/2026\/02\/19-819x1024.png 819w, https:\/\/observatoriodelplacer.com\/wp-content\/uploads\/2026\/02\/19-240x300.png 240w, https:\/\/observatoriodelplacer.com\/wp-content\/uploads\/2026\/02\/19-768x960.png 768w, https:\/\/observatoriodelplacer.com\/wp-content\/uploads\/2026\/02\/19-10x12.png 10w, https:\/\/observatoriodelplacer.com\/wp-content\/uploads\/2026\/02\/19.png 1080w\" sizes=\"auto, (max-width: 819px) 100vw, 819px\" \/><\/figure>\n\n\n\n<p><\/p>\n\n\n\n<figure class=\"wp-block-image size-large\"><img loading=\"lazy\" decoding=\"async\" width=\"1024\" height=\"683\" src=\"https:\/\/observatoriodelplacer.com\/wp-content\/uploads\/2024\/11\/DSC0922-1024x683.jpg\" alt=\"Pere Joseph Vilaplana - sense \u00e0nim d'\u00e8xit\" class=\"wp-image-3077\" srcset=\"https:\/\/observatoriodelplacer.com\/wp-content\/uploads\/2024\/11\/DSC0922-1024x683.jpg 1024w, https:\/\/observatoriodelplacer.com\/wp-content\/uploads\/2024\/11\/DSC0922-300x200.jpg 300w, https:\/\/observatoriodelplacer.com\/wp-content\/uploads\/2024\/11\/DSC0922-768x512.jpg 768w, https:\/\/observatoriodelplacer.com\/wp-content\/uploads\/2024\/11\/DSC0922-1536x1024.jpg 1536w, https:\/\/observatoriodelplacer.com\/wp-content\/uploads\/2024\/11\/DSC0922-2048x1365.jpg 2048w, https:\/\/observatoriodelplacer.com\/wp-content\/uploads\/2024\/11\/DSC0922-18x12.jpg 18w\" sizes=\"auto, (max-width: 1024px) 100vw, 1024px\" \/><\/figure>\n<\/div>\n<\/div>\n\n\n\n<div class=\"wp-block-columns is-layout-flex wp-container-core-columns-is-layout-28f84493 wp-block-columns-is-layout-flex\">\n<div class=\"wp-block-column is-layout-flow wp-block-column-is-layout-flow\">\n<h5 class=\"wp-block-heading\" id=\"muestra\">_ Muestra _ 1 marzo 19h<\/h5>\n\n\n\n<p>Sense \u00e0nim d&#8217;\u00e8xit, es una investigaci\u00f3n \u00edntima la cual a trav\u00e9s de una recopilaci\u00f3n de mis estandartes, atracciones, inspiraciones, experiencias y maximas, se tratar\u00e1 de dar explicaci\u00f3n a mi identidad dentro de mi mapa sexual.<br>A ra\u00edz de esta base, se va a intentar llevar al cuerpo y pensar la manera de compartir p\u00fablicamente este inicio de proceso.<br>Bienvenidxs a mi peculiar paisaje sexual, empiece por donde mas le atraiga.<\/p>\n\n\n\n<p><strong>Colaboraci\u00f3n sugerida&nbsp;15\u20ac<br>o&nbsp;<\/strong>Variable depending on your current situation. 10-30\u20ac<br><a href=\"https:\/\/observatoriodelplacer.com\/en\/colaboracion-variable\/\"><strong>See information about variable collaboration<\/strong><\/a><\/p>\n\n\n\n<p><strong>REGISTER THROUGH THIS LINK:<\/strong><\/p>\n\n\n\n<p><a href=\"https:\/\/forms.gle\/rDM4jKVkeBipM6mPA\" target=\"_blank\" rel=\"noopener\"><strong>https:\/\/forms.gle\/rDM4jKVkeBipM6mPA<\/strong><\/a><\/p>\n\n\n\n<hr class=\"wp-block-separator has-alpha-channel-opacity\"\/>\n<\/div>\n\n\n\n<div class=\"wp-block-column is-layout-flow wp-block-column-is-layout-flow\" style=\"flex-basis:30%\">\n<figure class=\"wp-block-image size-large\"><img loading=\"lazy\" decoding=\"async\" width=\"819\" height=\"1024\" src=\"https:\/\/observatoriodelplacer.com\/wp-content\/uploads\/2026\/02\/20-819x1024.png\" alt=\"\" class=\"wp-image-4223\" srcset=\"https:\/\/observatoriodelplacer.com\/wp-content\/uploads\/2026\/02\/20-819x1024.png 819w, https:\/\/observatoriodelplacer.com\/wp-content\/uploads\/2026\/02\/20-240x300.png 240w, https:\/\/observatoriodelplacer.com\/wp-content\/uploads\/2026\/02\/20-768x960.png 768w, https:\/\/observatoriodelplacer.com\/wp-content\/uploads\/2026\/02\/20-10x12.png 10w, https:\/\/observatoriodelplacer.com\/wp-content\/uploads\/2026\/02\/20.png 1080w\" sizes=\"auto, (max-width: 819px) 100vw, 819px\" \/><\/figure>\n<\/div>\n<\/div>\n\n\n\n<div class=\"wp-block-columns is-layout-flex wp-container-core-columns-is-layout-28f84493 wp-block-columns-is-layout-flex\">\n<div class=\"wp-block-column is-layout-flow wp-block-column-is-layout-flow\">\n<h2 class=\"wp-block-heading\">Pitar Jacksan<\/h2>\n\n\n\n<p>Conocido por apodos como Pere, Pera, Perete, o La Pera Bailonga, esta persona rebosa creatividad y energ\u00eda desde que tiene memoria. De peque\u00f1o, sus padres agotaban su ingenio para mantenerlo ocupado, y fue as\u00ed como descubri\u00f3 el atletismo, un deporte que le ense\u00f1\u00f3 a canalizar su energ\u00eda y a explorar sus propios l\u00edmites. Su pasi\u00f3n y constancia lo llevaron a convertirse en Campe\u00f3n de Espa\u00f1a en la disciplina de triple salto, pero eso solo fue el comienzo.<\/p>\n\n\n\n<p>Siempre en busca de nuevas alturas, pas\u00f3 por el breakdance, experiment\u00f3 con el graffiti y se lanz\u00f3 al paracaidismo, explorando los cielos y descubriendo su amor por el arte. Este viaje de autoexpresi\u00f3n lo llev\u00f3 a cofundar \u00abFreak Riders,\u00bb un colectivo dedicado a romper la monoton\u00eda en las universidades de Barcelona.<\/p>\n\n\n\n<p>El verdadero salto hacia el arte lleg\u00f3 con \u00abElenigmadelafruta,\u00bb un proyecto fundado junto a Emilio Ribera y Luis Garc\u00eda que se convirti\u00f3 en su plataforma para descubrir la performance y la escena. Desde ah\u00ed, se form\u00f3 en danza y teatro en \u201cEl Laboratorio\u201d de Jessica Walker, lo que lo impuls\u00f3 a dedicarse plenamente a bailar entre calles y escenarios.<\/p>\n\n\n\n<p>Aunque su practica sea el movimiento, recientemente siente la llamada y el inter\u00e9s de afinar esos bagajes esc\u00e9nicos con lo bello del deseo, el placer y la seducci\u00f3n. Un viaje conocido,&nbsp;pero a\u00fan lleno de misterios.&nbsp;<\/p>\n\n\n\n<p>A lo largo de su carrera, ha trabajado con compa\u00f1\u00edas como La Fura dels Baus, Physical Momentum de Francisco C\u00f3rdova, Iron Skulls Co, Ritual Productions, Haa Collective y Los Mo\u00f1ekos. Actualmente, contin\u00faa explorando su propio camino art\u00edstico con sus proyecto personal: Losinformalls, donde su creatividad no conoce l\u00edmites.<\/p>\n\n\n\n<p><a href=\"https:\/\/www.instagram.com\/el_de_la_pera\" target=\"_blank\" rel=\"noopener\"><strong>https:\/\/www.instagram.com\/el_de_la_pera<\/strong><\/a><\/p>\n<\/div>\n\n\n\n<div class=\"wp-block-column is-layout-flow wp-block-column-is-layout-flow\" style=\"flex-basis:30%\">\n<figure class=\"wp-block-image size-full\"><img loading=\"lazy\" decoding=\"async\" width=\"1124\" height=\"1336\" src=\"https:\/\/observatoriodelplacer.com\/wp-content\/uploads\/2025\/01\/pitarjacksan.png\" alt=\"\" class=\"wp-image-3410\" srcset=\"https:\/\/observatoriodelplacer.com\/wp-content\/uploads\/2025\/01\/pitarjacksan.png 1124w, https:\/\/observatoriodelplacer.com\/wp-content\/uploads\/2025\/01\/pitarjacksan-252x300.png 252w, https:\/\/observatoriodelplacer.com\/wp-content\/uploads\/2025\/01\/pitarjacksan-862x1024.png 862w, https:\/\/observatoriodelplacer.com\/wp-content\/uploads\/2025\/01\/pitarjacksan-768x913.png 768w, https:\/\/observatoriodelplacer.com\/wp-content\/uploads\/2025\/01\/pitarjacksan-10x12.png 10w\" sizes=\"auto, (max-width: 1124px) 100vw, 1124px\" \/><\/figure>\n<\/div>\n<\/div>\n\n\n\n<div style=\"height:100px\" aria-hidden=\"true\" class=\"wp-block-spacer\"><\/div>\n\n\n\n<figure class=\"wp-block-image size-full\"><img loading=\"lazy\" decoding=\"async\" width=\"100\" height=\"34\" src=\"https:\/\/observatoriodelplacer.com\/wp-content\/uploads\/2024\/08\/logo-3.png\" alt=\"\" class=\"wp-image-2597\" srcset=\"https:\/\/observatoriodelplacer.com\/wp-content\/uploads\/2024\/08\/logo-3.png 100w, https:\/\/observatoriodelplacer.com\/wp-content\/uploads\/2024\/08\/logo-3-18x6.png 18w\" sizes=\"auto, (max-width: 100px) 100vw, 100px\" \/><figcaption class=\"wp-element-caption\">El proyecto de residencias art\u00edsticas OdP 2025 recibe el apoyo del Ayuntamiento de Barcelona.<\/figcaption><\/figure>","protected":false},"excerpt":{"rendered":"<p>_ Residencia art\u00edstica 24-28 febrero_ Muestra 1 marzo 19h Proceso sensorial y escucha corporal Este camino\u2002es, antes de nada, una afinaci\u00f3n de la escucha. Busco este estado donde se apaga la mente y emerge el lenguaje del cuerpo, libro de palabras. es este puente entre la mente y el cuerpo el que quiero explorar. M\u00e1s [&hellip;]<\/p>\n","protected":false},"author":1,"featured_media":0,"parent":0,"menu_order":0,"comment_status":"closed","ping_status":"closed","template":"","meta":{"site-sidebar-layout":"default","site-content-layout":"","ast-site-content-layout":"default","site-content-style":"default","site-sidebar-style":"default","ast-global-header-display":"","ast-banner-title-visibility":"","ast-main-header-display":"","ast-hfb-above-header-display":"","ast-hfb-below-header-display":"","ast-hfb-mobile-header-display":"","site-post-title":"","ast-breadcrumbs-content":"","ast-featured-img":"","footer-sml-layout":"","theme-transparent-header-meta":"","adv-header-id-meta":"","stick-header-meta":"","header-above-stick-meta":"","header-main-stick-meta":"","header-below-stick-meta":"","astra-migrate-meta-layouts":"set","ast-page-background-enabled":"default","ast-page-background-meta":{"desktop":{"background-color":"var(--ast-global-color-4)","background-image":"","background-repeat":"repeat","background-position":"center center","background-size":"auto","background-attachment":"scroll","background-type":"","background-media":"","overlay-type":"","overlay-color":"","overlay-opacity":"","overlay-gradient":""},"tablet":{"background-color":"","background-image":"","background-repeat":"repeat","background-position":"center center","background-size":"auto","background-attachment":"scroll","background-type":"","background-media":"","overlay-type":"","overlay-color":"","overlay-opacity":"","overlay-gradient":""},"mobile":{"background-color":"","background-image":"","background-repeat":"repeat","background-position":"center center","background-size":"auto","background-attachment":"scroll","background-type":"","background-media":"","overlay-type":"","overlay-color":"","overlay-opacity":"","overlay-gradient":""}},"ast-content-background-meta":{"desktop":{"background-color":"var(--ast-global-color-5)","background-image":"","background-repeat":"repeat","background-position":"center center","background-size":"auto","background-attachment":"scroll","background-type":"","background-media":"","overlay-type":"","overlay-color":"","overlay-opacity":"","overlay-gradient":""},"tablet":{"background-color":"var(--ast-global-color-5)","background-image":"","background-repeat":"repeat","background-position":"center center","background-size":"auto","background-attachment":"scroll","background-type":"","background-media":"","overlay-type":"","overlay-color":"","overlay-opacity":"","overlay-gradient":""},"mobile":{"background-color":"var(--ast-global-color-5)","background-image":"","background-repeat":"repeat","background-position":"center center","background-size":"auto","background-attachment":"scroll","background-type":"","background-media":"","overlay-type":"","overlay-color":"","overlay-opacity":"","overlay-gradient":""}},"footnotes":""},"class_list":["post-3075","page","type-page","status-publish","hentry"],"_links":{"self":[{"href":"https:\/\/observatoriodelplacer.com\/en\/wp-json\/wp\/v2\/pages\/3075","targetHints":{"allow":["GET"]}}],"collection":[{"href":"https:\/\/observatoriodelplacer.com\/en\/wp-json\/wp\/v2\/pages"}],"about":[{"href":"https:\/\/observatoriodelplacer.com\/en\/wp-json\/wp\/v2\/types\/page"}],"author":[{"embeddable":true,"href":"https:\/\/observatoriodelplacer.com\/en\/wp-json\/wp\/v2\/users\/1"}],"replies":[{"embeddable":true,"href":"https:\/\/observatoriodelplacer.com\/en\/wp-json\/wp\/v2\/comments?post=3075"}],"version-history":[{"count":25,"href":"https:\/\/observatoriodelplacer.com\/en\/wp-json\/wp\/v2\/pages\/3075\/revisions"}],"predecessor-version":[{"id":4242,"href":"https:\/\/observatoriodelplacer.com\/en\/wp-json\/wp\/v2\/pages\/3075\/revisions\/4242"}],"wp:attachment":[{"href":"https:\/\/observatoriodelplacer.com\/en\/wp-json\/wp\/v2\/media?parent=3075"}],"curies":[{"name":"wp","href":"https:\/\/api.w.org\/{rel}","templated":true}]}}