{"id":3109,"date":"2024-11-20T14:09:26","date_gmt":"2024-11-20T12:09:26","guid":{"rendered":"https:\/\/observatoriodelplacer.com\/?page_id=3109"},"modified":"2026-02-08T11:56:15","modified_gmt":"2026-02-08T09:56:15","slug":"body-dysmorphing","status":"publish","type":"page","link":"https:\/\/observatoriodelplacer.com\/en\/body-dysmorphing\/","title":{"rendered":"BODY [DYS]MORPHING _ Forbidden:4\u00d8\u039error"},"content":{"rendered":"\n<div class=\"wp-block-columns is-layout-flex wp-container-core-columns-is-layout-28f84493 wp-block-columns-is-layout-flex\">\n<div class=\"wp-block-column is-layout-flow wp-block-column-is-layout-flow\">\n<h5 class=\"wp-block-heading\">_ Residencia art\u00edstica _ 13-17 enero 2025<br><a href=\"#investigacion\" data-type=\"internal\" data-id=\"#investigacion\">_ Sesi\u00f3n de investigaci\u00f3n _ 15 enero 18-21h<\/a><br><a href=\"#performance\">_ Performance _ 18 enero 19h<\/a><\/h5>\n\n\n\n<p>En esta residencia de una semana, invitamos a la audiencia local a unirse a nosotres para explorar nuestras relaciones \u00fanicas y complejas con nuestrxs cuerpxs: cambiando la narrativa de la insatisfacci\u00f3n constante con los defectos percibidos a una del cuidado, la intimidad, el deseo y el amor que merecemos; desafiando los est\u00e1ndares de belleza (hetero)normativos y las percepciones convencionales del sexo y el amor. A trav\u00e9s de pr\u00e1cticas som\u00e1ticas y rituales sagrados, exploraremos perspectivas queer sobre la intimidad personal y la masturbaci\u00f3n, (re)conectando con nuestrxs cuerxs y aprendiendo a soltar, y estando presentes y sosteniendo el espacio para un toque suave de amor y deseo hacia nosotres mismes. El autotoque es un acto radical de autoliberaci\u00f3n y resistencia contra la verg\u00fcenza social sobre nuestros cuerpos queer y expresiones sexuales. A trav\u00e9s de la atenci\u00f3n cuidadosa a nuestrxs cuerpxs, los reclamamos como verdaderamente nuestrxs: una recuperaci\u00f3n de nuestras propias formas de movernos, comportarnos, conectarnos y amarnos a nosotres mismes y a les dem\u00e1s. Aprendemos a abrazar el deseo en sus muchas formas y a sanar a trav\u00e9s de \u00e9l, conect\u00e1ndonos con quienes realmente somos y aprendiendo a sentirnos en casa dentro de nosotres mismes.<\/p>\n<\/div>\n\n\n\n<div class=\"wp-block-column is-layout-flow wp-block-column-is-layout-flow\" style=\"flex-basis:30%\">\n<figure class=\"wp-block-image size-large\"><img loading=\"lazy\" decoding=\"async\" width=\"1024\" height=\"1024\" src=\"https:\/\/observatoriodelplacer.com\/wp-content\/uploads\/2024\/11\/residencias-artisticas-odp-2025-1024x1024.png\" alt=\"BODY [DYS]MORPHING _ Forbidden:4\u00d8\u039error _ residencias art\u00edsticas\" class=\"wp-image-3116\" srcset=\"https:\/\/observatoriodelplacer.com\/wp-content\/uploads\/2024\/11\/residencias-artisticas-odp-2025-1024x1024.png 1024w, https:\/\/observatoriodelplacer.com\/wp-content\/uploads\/2024\/11\/residencias-artisticas-odp-2025-300x300.png 300w, https:\/\/observatoriodelplacer.com\/wp-content\/uploads\/2024\/11\/residencias-artisticas-odp-2025-150x150.png 150w, https:\/\/observatoriodelplacer.com\/wp-content\/uploads\/2024\/11\/residencias-artisticas-odp-2025-768x768.png 768w, https:\/\/observatoriodelplacer.com\/wp-content\/uploads\/2024\/11\/residencias-artisticas-odp-2025-12x12.png 12w, https:\/\/observatoriodelplacer.com\/wp-content\/uploads\/2024\/11\/residencias-artisticas-odp-2025.png 1080w\" sizes=\"auto, (max-width: 1024px) 100vw, 1024px\" \/><\/figure>\n\n\n\n<p>Im\u00e1genes de <a href=\"https:\/\/www.instagram.com\/eluna7777777\/\" target=\"_blank\" rel=\"noopener\">@eluna7777777<\/a><\/p>\n<\/div>\n<\/div>\n\n\n\n<hr class=\"wp-block-separator has-alpha-channel-opacity\"\/>\n\n\n\n<div class=\"wp-block-columns is-layout-flex wp-container-core-columns-is-layout-28f84493 wp-block-columns-is-layout-flex\">\n<div class=\"wp-block-column is-layout-flow wp-block-column-is-layout-flow\">\n<h5 class=\"wp-block-heading\" id=\"investigacion\">_ Sesi\u00f3n de investigaci\u00f3n _ 15 enero 18-21h<\/h5>\n\n\n\n<p>No se necesita experiencia previa para unirse al grupo. No habr\u00e1 una actuaci\u00f3n colectiva, las actividades est\u00e1n enfocadas a explorar la intimidad con nosotros mismos. Ven tal como eres, trae ropa c\u00f3moda y materiales que te hagan sentir segure como una manta o tu peluche favorito, trae un peque\u00f1o espejo.<\/p>\n\n\n\n<p><em>Actividad abierta a aquellxs que investigan su sexualidad independientemente del g\u00e9nero o identidad de las personas con las que se van a encontrar en la experiencia.<\/em> Participaci\u00f3n es gratuita.<\/p>\n\n\n\n<p><strong>REALIZA TU INSCRIPCI\u00d3N A TRAV\u00c9S DE ESTE LINK:<\/strong><\/p>\n\n\n\n<p><a href=\"https:\/\/forms.gle\/5gzpyvwuPSCuPjWw5\" target=\"_blank\" rel=\"noopener\"><strong>https:\/\/forms.gle\/5gzpyvwuPSCuPjWw5<\/strong><\/a><\/p>\n<\/div>\n\n\n\n<div class=\"wp-block-column is-layout-flow wp-block-column-is-layout-flow\" style=\"flex-basis:30%\">\n<figure class=\"wp-block-image size-large\"><img loading=\"lazy\" decoding=\"async\" width=\"1024\" height=\"1024\" src=\"https:\/\/observatoriodelplacer.com\/wp-content\/uploads\/2024\/11\/2-1024x1024.png\" alt=\"BODY [DYS]MORPHING _ Forbidden:4\u00d8\u039error _ residencias art\u00edsticas - sesi\u00f3n investigaci\u00f3n\" class=\"wp-image-3118\" srcset=\"https:\/\/observatoriodelplacer.com\/wp-content\/uploads\/2024\/11\/2-1024x1024.png 1024w, https:\/\/observatoriodelplacer.com\/wp-content\/uploads\/2024\/11\/2-300x300.png 300w, https:\/\/observatoriodelplacer.com\/wp-content\/uploads\/2024\/11\/2-150x150.png 150w, https:\/\/observatoriodelplacer.com\/wp-content\/uploads\/2024\/11\/2-768x768.png 768w, https:\/\/observatoriodelplacer.com\/wp-content\/uploads\/2024\/11\/2-12x12.png 12w, https:\/\/observatoriodelplacer.com\/wp-content\/uploads\/2024\/11\/2.png 1080w\" sizes=\"auto, (max-width: 1024px) 100vw, 1024px\" \/><\/figure>\n<\/div>\n<\/div>\n\n\n\n<hr class=\"wp-block-separator has-alpha-channel-opacity\"\/>\n\n\n\n<div class=\"wp-block-columns is-layout-flex wp-container-core-columns-is-layout-28f84493 wp-block-columns-is-layout-flex\">\n<div class=\"wp-block-column is-layout-flow wp-block-column-is-layout-flow\">\n<h5 class=\"wp-block-heading\" id=\"performance\">_ Performance _ 18 enero 19h<\/h5>\n\n\n\n<p>En la actividad final, \u201cBODY [DYS]MORPHING\u201d, le artiste multidisciplinarie Forbidden:4\u00d8\u039error (they\/them) compartir\u00e1 su experiencia de superaci\u00f3n de la dismorfia corporal a trav\u00e9s del autotoque, el amor propio y el autosexo. La m\u00fasica estar\u00e1 a cargo de le artista sonore experimental Comf (they\/them), quien utilizar\u00e1 sonidos y texturas en colaboraci\u00f3n con Forbidden:4\u00d8\u039error para crear un paisaje sonoro para la actuaci\u00f3n final.<\/p>\n\n\n\n<p><strong>Colaboraci\u00f3n sugerida performance&nbsp;15\u20ac<br>o&nbsp;<\/strong>Variable seg\u00fan tu situaci\u00f3n actual. 10-30\u20ac<br><a href=\"https:\/\/observatoriodelplacer.com\/colaboracion-variable\/\"><strong>Consultar info sobre la colaboraci\u00f3n variable<\/strong><\/a><\/p>\n\n\n\n<p><strong>REALIZA TU INSCRIPCI\u00d3N A TRAV\u00c9S DE ESTE LINK:<\/strong><\/p>\n\n\n\n<p><a href=\"https:\/\/forms.gle\/KXZrVfiykTdEpraA9\" target=\"_blank\" rel=\"noopener\"><strong>https:\/\/forms.gle\/KXZrVfiykTdEpraA9<\/strong><\/a><\/p>\n\n\n\n<p class=\"has-ast-global-color-5-color has-text-color has-background\" style=\"background-color:#ff5050\"><strong><strong><strong><strong><strong><em>*** No queremos que nadie quede fuera de las actividades por tema econ\u00f3mico, si es tu caso av\u00edsanos.<br><\/em>De igual manera, Observatorio del Placer es un proyecto en formaci\u00f3n,&nbsp;si quieres apoyar al espacio y les artistes&nbsp;con una colaboraci\u00f3n mayor, tambi\u00e9n ser\u00e1 bienvenida.<\/strong><\/strong><\/strong><\/strong><\/strong><\/p>\n<\/div>\n\n\n\n<div class=\"wp-block-column is-layout-flow wp-block-column-is-layout-flow\" style=\"flex-basis:30%\">\n<figure class=\"wp-block-image size-large\"><img loading=\"lazy\" decoding=\"async\" width=\"1024\" height=\"1024\" src=\"https:\/\/observatoriodelplacer.com\/wp-content\/uploads\/2024\/11\/residencias-artisticas-odp-20253-1024x1024.png\" alt=\"BODY [DYS]MORPHING _ Forbidden:4\u00d8\u039error _ residencias art\u00edsticas - performance\" class=\"wp-image-3132\" srcset=\"https:\/\/observatoriodelplacer.com\/wp-content\/uploads\/2024\/11\/residencias-artisticas-odp-20253-1024x1024.png 1024w, https:\/\/observatoriodelplacer.com\/wp-content\/uploads\/2024\/11\/residencias-artisticas-odp-20253-300x300.png 300w, https:\/\/observatoriodelplacer.com\/wp-content\/uploads\/2024\/11\/residencias-artisticas-odp-20253-150x150.png 150w, https:\/\/observatoriodelplacer.com\/wp-content\/uploads\/2024\/11\/residencias-artisticas-odp-20253-768x768.png 768w, https:\/\/observatoriodelplacer.com\/wp-content\/uploads\/2024\/11\/residencias-artisticas-odp-20253-12x12.png 12w, https:\/\/observatoriodelplacer.com\/wp-content\/uploads\/2024\/11\/residencias-artisticas-odp-20253.png 1080w\" sizes=\"auto, (max-width: 1024px) 100vw, 1024px\" \/><\/figure>\n<\/div>\n<\/div>\n\n\n\n<hr class=\"wp-block-separator has-alpha-channel-opacity\"\/>\n\n\n\n<div class=\"wp-block-columns is-layout-flex wp-container-core-columns-is-layout-28f84493 wp-block-columns-is-layout-flex\">\n<div class=\"wp-block-column is-layout-flow wp-block-column-is-layout-flow\">\n<h2 class=\"wp-block-heading\"><strong>Forbidden:4\u00d8\u039error<\/strong><\/h2>\n\n\n\n<p>Sofa (they\/them) es bruja moderne, artista y performer multidisciplinaria, neurodivergente y no binarie, que trabaja en el procesamiento del trauma, las emociones, la sanaci\u00f3n y las interacciones con el mundo que nos rodea a trav\u00e9s del arte abstracto y las performances. Ser diferente en un mundo moldeado por sistemas y reglas binarias llev\u00f3 a Sofa a explorar realidades alternativas dentro de sus mundos imaginarios personales y canalizarlas en el arte, combinando diferentes medios en el proceso de sanaci\u00f3n y devenir. Un tema central en su trabajo es el trauma y la sanaci\u00f3n, espec\u00edficamente, la exploraci\u00f3n de nuestros mundos internos, miedos y deseos a trav\u00e9s de la expresi\u00f3n art\u00edstica, al tiempo que abraza la vulnerabilidad y la apertura como partes esenciales de este proceso. Trabajar con conceptos abstractos les permite experimentar con lenguajes y expresiones no verbales de m\u00faltiples capas, investigando c\u00f3mo la representaci\u00f3n y la comunicaci\u00f3n dan forma a los individuos en relaci\u00f3n con la sociedad. A trav\u00e9s de su arte, Sofa tiene como objetivo guiar al p\u00fablico en un viaje interior, evocando sentimientos de incomodidad y confusi\u00f3n que eventualmente conducen a la catarsis y al momento de dejarse llevar, fomentando la sanaci\u00f3n personal y colectiva.<\/p>\n\n\n\n<h2 class=\"wp-block-heading\"><strong>Comf<\/strong><\/h2>\n\n\n\n<p>Jazz (they\/them) es productore\/int\u00e9rprete que equilibra su tiempo entre la creaci\u00f3n de dise\u00f1o de sonido para el arte de nuevos medios y la producci\u00f3n de sus propios temas que abarcan g\u00e9neros de bajo experimental, breaks, downtempo y electr\u00f3nica experimental. Su proyecto principal, Comf, se centra en el uso de la m\u00fasica electr\u00f3nica experimental como una salida para el derramamiento de sangre que teje una elaborada historia de su vida y sus experiencias. Tras el lanzamiento de un proyecto de tres EP en 2021, The Texture Tapes, produjeron y masterizaron obras para la exposici\u00f3n &#8216;Au bord du styx&#8217;, en la Galerie l&#8217;al\u00e9atoire, Par\u00eds, adem\u00e1s de crear un paisaje sonoro para la pieza de artes esc\u00e9nicas &#8216;Body of The Beast&#8217;, que se present\u00f3 en Catalyst, Berl\u00edn. M\u00e1s recientemente, han creado el dise\u00f1o de sonido para la pieza experiencial de realidad virtual, \u00abAnamnesis\u00bb, adem\u00e1s de producir la pieza de pasarela para el debut de Hector Maclean en la Semana de la Moda de Londres a finales de 2023.<\/p>\n<\/div>\n\n\n\n<div class=\"wp-block-column is-layout-flow wp-block-column-is-layout-flow\" style=\"flex-basis:30%\">\n<figure class=\"wp-block-image size-large\"><img loading=\"lazy\" decoding=\"async\" width=\"768\" height=\"1024\" src=\"https:\/\/observatoriodelplacer.com\/wp-content\/uploads\/2024\/11\/10.-performance-768x1024.jpg\" alt=\"Forbidden:4\u00d8\u039error _ sofa\" class=\"wp-image-3121\" srcset=\"https:\/\/observatoriodelplacer.com\/wp-content\/uploads\/2024\/11\/10.-performance-768x1024.jpg 768w, https:\/\/observatoriodelplacer.com\/wp-content\/uploads\/2024\/11\/10.-performance-225x300.jpg 225w, https:\/\/observatoriodelplacer.com\/wp-content\/uploads\/2024\/11\/10.-performance-1152x1536.jpg 1152w, https:\/\/observatoriodelplacer.com\/wp-content\/uploads\/2024\/11\/10.-performance-1536x2048.jpg 1536w, https:\/\/observatoriodelplacer.com\/wp-content\/uploads\/2024\/11\/10.-performance-9x12.jpg 9w, https:\/\/observatoriodelplacer.com\/wp-content\/uploads\/2024\/11\/10.-performance-scaled.jpg 1920w\" sizes=\"auto, (max-width: 768px) 100vw, 768px\" \/><\/figure>\n\n\n\n<p><\/p>\n\n\n\n<figure class=\"wp-block-image size-large\"><img loading=\"lazy\" decoding=\"async\" width=\"682\" height=\"1024\" src=\"https:\/\/observatoriodelplacer.com\/wp-content\/uploads\/2024\/11\/Jazz-pic-682x1024.jpeg\" alt=\"Comf _ Jazz\" class=\"wp-image-3122\" srcset=\"https:\/\/observatoriodelplacer.com\/wp-content\/uploads\/2024\/11\/Jazz-pic-682x1024.jpeg 682w, https:\/\/observatoriodelplacer.com\/wp-content\/uploads\/2024\/11\/Jazz-pic-200x300.jpeg 200w, https:\/\/observatoriodelplacer.com\/wp-content\/uploads\/2024\/11\/Jazz-pic-768x1152.jpeg 768w, https:\/\/observatoriodelplacer.com\/wp-content\/uploads\/2024\/11\/Jazz-pic-8x12.jpeg 8w, https:\/\/observatoriodelplacer.com\/wp-content\/uploads\/2024\/11\/Jazz-pic.jpeg 853w\" sizes=\"auto, (max-width: 682px) 100vw, 682px\" \/><\/figure>\n<\/div>\n<\/div>\n\n\n\n<hr class=\"wp-block-separator has-alpha-channel-opacity\"\/>\n\n\n\n<div class=\"wp-block-columns is-layout-flex wp-container-core-columns-is-layout-28f84493 wp-block-columns-is-layout-flex\">\n<div class=\"wp-block-column is-layout-flow wp-block-column-is-layout-flow\">\n<p><strong>[DIS]MORFISMO CORPORAL<\/strong><\/p>\n\n\n\n<p>Dismorfia corporal, disforia de g\u00e9nero, alienaci\u00f3n, disociaci\u00f3n\u2026 todas estas etiquetas me atraviesan, pero todos los d\u00edas me miro al espejo y odio lo que veo: esta cosa borrosa y esponjosa que est\u00e1 ah\u00ed afuera no soy yo. \u201cEs un trastorno\u201d, dicen, \u201cest\u00e1s enferma, anormal, necesitas curarte, arreglarte\u2026\u201d. En mi mente resuena como una plegaria: \u201carr\u00e9glate, vuelve a la normalidad, ponte hermosa\u201d. No puedo unir los puntos: esta piel extra\u00f1a y fr\u00eda es mi cuerpo, no se siente m\u00eda. \u00bfEn qu\u00e9 cuerpo vivo? \u00bfQu\u00e9 cuerpo toco?<br><br>esta tensi\u00f3n entre mi cuerpo y yo\u2026 es fr\u00eda, distorsionada, distante, r\u00edgida y tan pesada\u2026 una c\u00e1scara extra\u00f1a que me lleva por todos lados\u2026<br>Quiero golpearla y ara\u00f1arla para salir\u2026<br>\u2026de estas capas torpes que no me sienten ni a m\u00ed ni a lo m\u00edo<br>gritando<br>rompiendo<br>cortando<br>odiando<br>en la desesperaci\u00f3n<br>qu\u00e9 hay m\u00e1s all\u00e1<br>y si nada<br>tengo miedo<br>estoy tan cansada<br>ya no puedo m\u00e1s<br>llorando<br>\u00bfme estoy muriendo?<br>\u00bfparar\u00e1?<br>y si no<br>\u2026<br>\u00bfqu\u00e9 quiero?<br>al final<br>quiero sentir\u2026<br>\u2026<br>\u00bfa m\u00ed misme?<br><br>\u00bfqu\u00e9 soy yo? \u00bfc\u00f3mo se siente &#8211; yo\/a m\u00ed misme\/mi cuerpx?<br>\u00bfy si dejo de luchar?<br><br>\u00bfy si toco suavemente?<br>\u00bfy si\u2026<br>\u2026se siente agradable? me estoy transformando, evolucionando, fusion\u00e1ndome, transform\u00e1ndome<br>muerdo, lamo, beso\u2026<br>me estoy cayendo<br>disfrutando<br>me estoy abrazando<br>\u2026a m\u00ed misme<br>Quiero m\u00e1s<br>placer<br>QUIERO<br>ACARICIAR, TOCAR, APRETAR, LAMER, BESAR, AMAR, FOLLAR<br>ME QUIERO<br>A M\u00cd MISME<\/p>\n\n\n\n<p><strong><strong>[DIS]MORFISMO CORPORAL<\/strong><\/strong><br><strong>dismorfia<\/strong> &#8211; \/d\u026as\u02c8m\u0254\u02d0f\u026a\u0259\/ &#8211; sustantivo<br>deformidad o anormalidad en la forma o tama\u00f1o de una parte espec\u00edfica del cuerpo<br><strong>dys<\/strong> &#8211; \/d\u026as\/ &#8211; prefijo<br>malo; dif\u00edcil (usado especialmente en t\u00e9rminos m\u00e9dicos)<br><strong>morfizar<\/strong> &#8211; \/m\u0254\u02d0f\u026a\u014b\/ &#8211; una acci\u00f3n verbal<br>cambiar suavemente de una imagen a otra mediante peque\u00f1os pasos graduales<br>experimentar o hacer que se experimente un proceso gradual de transformaci\u00f3n<\/p>\n<\/div>\n\n\n\n<div class=\"wp-block-column is-layout-flow wp-block-column-is-layout-flow\" style=\"flex-basis:30%\">\n<figure class=\"wp-block-image size-large\"><img loading=\"lazy\" decoding=\"async\" width=\"683\" height=\"1024\" src=\"https:\/\/observatoriodelplacer.com\/wp-content\/uploads\/2024\/11\/IMG_2560-683x1024.jpg\" alt=\"\" class=\"wp-image-3139\" srcset=\"https:\/\/observatoriodelplacer.com\/wp-content\/uploads\/2024\/11\/IMG_2560-683x1024.jpg 683w, https:\/\/observatoriodelplacer.com\/wp-content\/uploads\/2024\/11\/IMG_2560-200x300.jpg 200w, https:\/\/observatoriodelplacer.com\/wp-content\/uploads\/2024\/11\/IMG_2560-768x1152.jpg 768w, https:\/\/observatoriodelplacer.com\/wp-content\/uploads\/2024\/11\/IMG_2560-1024x1536.jpg 1024w, https:\/\/observatoriodelplacer.com\/wp-content\/uploads\/2024\/11\/IMG_2560-1365x2048.jpg 1365w, https:\/\/observatoriodelplacer.com\/wp-content\/uploads\/2024\/11\/IMG_2560-8x12.jpg 8w, https:\/\/observatoriodelplacer.com\/wp-content\/uploads\/2024\/11\/IMG_2560-scaled.jpg 1707w\" sizes=\"auto, (max-width: 683px) 100vw, 683px\" \/><\/figure>\n\n\n\n<p><\/p>\n\n\n\n<figure class=\"wp-block-image size-large\"><img loading=\"lazy\" decoding=\"async\" width=\"731\" height=\"1024\" src=\"https:\/\/observatoriodelplacer.com\/wp-content\/uploads\/2024\/11\/IMG_2535-2-731x1024.jpg\" alt=\"\" class=\"wp-image-3138\" srcset=\"https:\/\/observatoriodelplacer.com\/wp-content\/uploads\/2024\/11\/IMG_2535-2-731x1024.jpg 731w, https:\/\/observatoriodelplacer.com\/wp-content\/uploads\/2024\/11\/IMG_2535-2-214x300.jpg 214w, https:\/\/observatoriodelplacer.com\/wp-content\/uploads\/2024\/11\/IMG_2535-2-768x1075.jpg 768w, https:\/\/observatoriodelplacer.com\/wp-content\/uploads\/2024\/11\/IMG_2535-2-1097x1536.jpg 1097w, https:\/\/observatoriodelplacer.com\/wp-content\/uploads\/2024\/11\/IMG_2535-2-1463x2048.jpg 1463w, https:\/\/observatoriodelplacer.com\/wp-content\/uploads\/2024\/11\/IMG_2535-2-9x12.jpg 9w, https:\/\/observatoriodelplacer.com\/wp-content\/uploads\/2024\/11\/IMG_2535-2-scaled.jpg 1829w\" sizes=\"auto, (max-width: 731px) 100vw, 731px\" \/><\/figure>\n<\/div>\n<\/div>\n\n\n\n<div style=\"height:100px\" aria-hidden=\"true\" class=\"wp-block-spacer\"><\/div>\n\n\n\n<figure class=\"wp-block-image size-full\"><img loading=\"lazy\" decoding=\"async\" width=\"100\" height=\"34\" src=\"https:\/\/observatoriodelplacer.com\/wp-content\/uploads\/2024\/08\/logo-3.png\" alt=\"\" class=\"wp-image-2597\" srcset=\"https:\/\/observatoriodelplacer.com\/wp-content\/uploads\/2024\/08\/logo-3.png 100w, https:\/\/observatoriodelplacer.com\/wp-content\/uploads\/2024\/08\/logo-3-18x6.png 18w\" sizes=\"auto, (max-width: 100px) 100vw, 100px\" \/><figcaption class=\"wp-element-caption\">El proyecto de residencias art\u00edsticas OdP 2025 recibe el apoyo del Ayuntamiento de Barcelona.<\/figcaption><\/figure>\n","protected":false},"excerpt":{"rendered":"<p>_ Residencia art\u00edstica _ 13-17 enero 2025_ Sesi\u00f3n de investigaci\u00f3n _ 15 enero 18-21h_ Performance _ 18 enero 19h En esta residencia de una semana, invitamos a la audiencia local a unirse a nosotres para explorar nuestras relaciones \u00fanicas y complejas con nuestrxs cuerpxs: cambiando la narrativa de la insatisfacci\u00f3n constante con los defectos percibidos [&hellip;]<\/p>\n","protected":false},"author":1,"featured_media":0,"parent":0,"menu_order":0,"comment_status":"closed","ping_status":"closed","template":"","meta":{"site-sidebar-layout":"default","site-content-layout":"","ast-site-content-layout":"default","site-content-style":"default","site-sidebar-style":"default","ast-global-header-display":"","ast-banner-title-visibility":"","ast-main-header-display":"","ast-hfb-above-header-display":"","ast-hfb-below-header-display":"","ast-hfb-mobile-header-display":"","site-post-title":"","ast-breadcrumbs-content":"","ast-featured-img":"","footer-sml-layout":"","theme-transparent-header-meta":"","adv-header-id-meta":"","stick-header-meta":"","header-above-stick-meta":"","header-main-stick-meta":"","header-below-stick-meta":"","astra-migrate-meta-layouts":"set","ast-page-background-enabled":"default","ast-page-background-meta":{"desktop":{"background-color":"var(--ast-global-color-4)","background-image":"","background-repeat":"repeat","background-position":"center center","background-size":"auto","background-attachment":"scroll","background-type":"","background-media":"","overlay-type":"","overlay-color":"","overlay-opacity":"","overlay-gradient":""},"tablet":{"background-color":"","background-image":"","background-repeat":"repeat","background-position":"center center","background-size":"auto","background-attachment":"scroll","background-type":"","background-media":"","overlay-type":"","overlay-color":"","overlay-opacity":"","overlay-gradient":""},"mobile":{"background-color":"","background-image":"","background-repeat":"repeat","background-position":"center center","background-size":"auto","background-attachment":"scroll","background-type":"","background-media":"","overlay-type":"","overlay-color":"","overlay-opacity":"","overlay-gradient":""}},"ast-content-background-meta":{"desktop":{"background-color":"var(--ast-global-color-5)","background-image":"","background-repeat":"repeat","background-position":"center center","background-size":"auto","background-attachment":"scroll","background-type":"","background-media":"","overlay-type":"","overlay-color":"","overlay-opacity":"","overlay-gradient":""},"tablet":{"background-color":"var(--ast-global-color-5)","background-image":"","background-repeat":"repeat","background-position":"center center","background-size":"auto","background-attachment":"scroll","background-type":"","background-media":"","overlay-type":"","overlay-color":"","overlay-opacity":"","overlay-gradient":""},"mobile":{"background-color":"var(--ast-global-color-5)","background-image":"","background-repeat":"repeat","background-position":"center center","background-size":"auto","background-attachment":"scroll","background-type":"","background-media":"","overlay-type":"","overlay-color":"","overlay-opacity":"","overlay-gradient":""}},"footnotes":""},"class_list":["post-3109","page","type-page","status-publish","hentry"],"_links":{"self":[{"href":"https:\/\/observatoriodelplacer.com\/en\/wp-json\/wp\/v2\/pages\/3109","targetHints":{"allow":["GET"]}}],"collection":[{"href":"https:\/\/observatoriodelplacer.com\/en\/wp-json\/wp\/v2\/pages"}],"about":[{"href":"https:\/\/observatoriodelplacer.com\/en\/wp-json\/wp\/v2\/types\/page"}],"author":[{"embeddable":true,"href":"https:\/\/observatoriodelplacer.com\/en\/wp-json\/wp\/v2\/users\/1"}],"replies":[{"embeddable":true,"href":"https:\/\/observatoriodelplacer.com\/en\/wp-json\/wp\/v2\/comments?post=3109"}],"version-history":[{"count":30,"href":"https:\/\/observatoriodelplacer.com\/en\/wp-json\/wp\/v2\/pages\/3109\/revisions"}],"predecessor-version":[{"id":4203,"href":"https:\/\/observatoriodelplacer.com\/en\/wp-json\/wp\/v2\/pages\/3109\/revisions\/4203"}],"wp:attachment":[{"href":"https:\/\/observatoriodelplacer.com\/en\/wp-json\/wp\/v2\/media?parent=3109"}],"curies":[{"name":"wp","href":"https:\/\/api.w.org\/{rel}","templated":true}]}}