{"id":3197,"date":"2024-12-02T13:48:51","date_gmt":"2024-12-02T11:48:51","guid":{"rendered":"https:\/\/observatoriodelplacer.com\/?page_id=3197"},"modified":"2026-01-11T13:58:42","modified_gmt":"2026-01-11T11:58:42","slug":"campos-y-gradientes","status":"publish","type":"page","link":"https:\/\/observatoriodelplacer.com\/en\/campos-y-gradientes\/","title":{"rendered":"C A M P O S \u00b7 Y \u00b7 G R A D I E N T E S"},"content":{"rendered":"<div class=\"wp-block-columns is-layout-flex wp-container-core-columns-is-layout-28f84493 wp-block-columns-is-layout-flex\">\n<div class=\"wp-block-column is-layout-flow wp-block-column-is-layout-flow\">\n<p>\ud835\udcca\ud835\udcc3\ud835\udcb6 \ud835\udcc5\ud835\udcc7\ud835\udcb6\u0301\ud835\udcb8\ud835\udcc9\ud835\udcbe\ud835\udcb8\ud835\udcb6 \ud835\udcb9\ud835\udc52 \ud835\udc52\ud835\udcc8\ud835\udcb8\ud835\udcca\ud835\udcb8\ud835\udcbd\ud835\udcb6<br>(no solo con los o\u00eddos)<\/p>\n\n\n\n<p>Escuchar<br>c\ud835\udc5cn \ud835\udcc1\ud835\udcb6 \ud835\udcc5\ud835\udcbe\ud835\udc52\ud835\udcc1<br>con los poros<br>c\ud835\udc5cm\ud835\udc5c orejas<\/p>\n\n\n\n<p>Escuchar<br>el aire<br>el espacio<br>otras pieles<br>otros cuerpos<\/p>\n\n\n\n<p>Desde una escucha \ud835\udcb6\ud835\udcb8\ud835\udcca\ud835\udcc8\ud835\udc5c\ud835\udcc2\ud835\udcb6\u0301\ud835\udcc9\ud835\udcbe\ud835\udcb8\ud835\udcb6<br>el sonido no se mira<br>\ud835\udcc8\ud835\udc52 \ud835\udcc8\ud835\udcbe\ud835\udc52\ud835\udcc3\ud835\udcc9\ud835\udc52<br>\ud835\udcc9\ud835\udc5c\ud835\udcb8\ud835\udcb6<br>\ud835\udcc8\ud835\udc52 \ud835\udcb9\ud835\udc52\ud835\udcc8\ud835\udcc5\ud835\udcc1\ud835\udcb6\ud835\udccf\ud835\udcb6<\/p>\n\n\n\n<p>Habr\u00e1 momentos de<br>\ud835\udcbe\ud835\udcc3\ud835\udcc9\ud835\udcc7\ud835\udcb6\ud835\udcb6\ud835\udcb8\ud835\udcb8\ud835\udcbe\ud835\udc5c\u0301\ud835\udcc3<br>\ud835\udcbe\ud835\udcc3\ud835\udcc9\ud835\udcc7\ud835\udcb6\ud835\udcb8\ud835\udc5c\ud835\udcc7\ud835\udcc5\ud835\udc5c\u0301\ud835\udcc7\ud835\udc52\ud835\udcb6 \/ \ud835\udcbe\ud835\udcc3\ud835\udcc9\ud835\udcc7\ud835\udcb6\ud835\udc52\ud835\udcc8\ud835\udcc5\ud835\udc52\ud835\udcb8\ud835\udcbe\ud835\udc52<\/p>\n\n\n\n<p>Cuerpos<br>\ud835\udcc9\ud835\udc5c\ud835\udcb8\ud835\udcb6\u0301\ud835\udcc3\ud835\udcb9\ud835\udc5c\ud835\udcc8\ud835\udc52 \ud835\udcc8\ud835\udcbe\ud835\udcc3 \ud835\udcc9\ud835\udc5c\ud835\udcb8\ud835\udcb6\ud835\udcc7\ud835\udcc8\ud835\udc52<br>percibi\u00e9ndose<br>en gradientes de cercan\u00eda<\/p>\n\n\n\n<p>Ojos vendados (quiz\u00e1s)<br>M\u00e1s o menos ropa<br>Cuerpos disponibles<br>a dejarse atravesar<br>por vibraciones suaves<\/p>\n\n\n\n<p>No es una performance<br>No es una charla<\/p>\n\n\n\n<p>Es una pr\u00e1ctica<br>de \ud835\udcb6\ud835\udcc9\ud835\udc52\ud835\udcc3\ud835\udcb8\ud835\udcbe\ud835\udc5c\u0301\ud835\udcc3 \ud835\udcb8\ud835\udc5c\ud835\udcc2\ud835\udcc5\ud835\udcb6\ud835\udcc7\ud835\udcc9\ud835\udcbe\ud835\udcb9\ud835\udcb6<\/p>\n\n\n\n<p>Ven a escuchar<br>lo que el cuerpo ya sabe<br>\ud835\udcb6\ud835\udcc3\ud835\udcc9\ud835\udc52\ud835\udcc8<br>\ud835\udcb9\ud835\udc52\ud835\udcc1 \ud835\udcc1\ud835\udc52\ud835\udcc3\ud835\udcf0\ud835\udcca\ud835\udcb6\ud835\udcbf\ud835\udc52<\/p>\n\n\n\n<p><strong><em>C A M P O S \u00b7 Y \u00b7 G R A D I E N T E S por OdP <\/em><\/strong><br><em><strong>&gt;&gt; Jueves 15 de ENERO. 19.30-21.30h<\/strong><\/em><strong><br>Colaboraci\u00f3n sugerida experiencia<\/strong><em> variable seg\u00fan tu situaci\u00f3n actual 15-30\u20ac.<\/em><br><a href=\"https:\/\/observatoriodelplacer.com\/en\/colaboracion-variable\/\"><strong>Consult information about variable collaboration<\/strong><\/a><\/p>\n\n\n\n<p class=\"has-ast-global-color-5-color has-text-color has-background\" style=\"background-color:#ff5050\"><strong><strong><strong><strong><strong><em>*** We do not want anyone to be left out of the activities due to economic issues, if this is your case, let us know.<br><\/em>Likewise, Observatorio del Placer is a project in formation, if you want to support the project and the artists with a larger collaboration, it will also be welcome.<\/strong><\/strong><\/strong><\/strong><\/strong><\/p>\n\n\n\n<p><strong>MAKE YOUR REGISTRATION THROUGH THIS LINK<\/strong><\/p>\n\n\n\n<p><a href=\"https:\/\/forms.gle\/B6csN4fpJe5VBbL5A\" target=\"_blank\" rel=\"noopener\">https:\/\/forms.gle\/B6csN4fpJe5VBbL5A<\/a><\/p>\n<\/div>\n\n\n\n<div class=\"wp-block-column is-layout-flow wp-block-column-is-layout-flow\" style=\"flex-basis:30%\">\n<figure class=\"wp-block-image size-large\"><img loading=\"lazy\" decoding=\"async\" width=\"591\" height=\"1024\" src=\"https:\/\/observatoriodelplacer.com\/wp-content\/uploads\/2026\/01\/Captura-de-pantalla-2026-01-11-a-las-12.43.39-591x1024.png\" alt=\"\" class=\"wp-image-4178\" srcset=\"https:\/\/observatoriodelplacer.com\/wp-content\/uploads\/2026\/01\/Captura-de-pantalla-2026-01-11-a-las-12.43.39-591x1024.png 591w, https:\/\/observatoriodelplacer.com\/wp-content\/uploads\/2026\/01\/Captura-de-pantalla-2026-01-11-a-las-12.43.39-173x300.png 173w, https:\/\/observatoriodelplacer.com\/wp-content\/uploads\/2026\/01\/Captura-de-pantalla-2026-01-11-a-las-12.43.39-768x1332.png 768w, https:\/\/observatoriodelplacer.com\/wp-content\/uploads\/2026\/01\/Captura-de-pantalla-2026-01-11-a-las-12.43.39-7x12.png 7w, https:\/\/observatoriodelplacer.com\/wp-content\/uploads\/2026\/01\/Captura-de-pantalla-2026-01-11-a-las-12.43.39.png 838w\" sizes=\"auto, (max-width: 591px) 100vw, 591px\" \/><\/figure>\n<\/div>\n<\/div>\n\n\n\n<p><\/p>","protected":false},"excerpt":{"rendered":"<p>\ud835\udcca\ud835\udcc3\ud835\udcb6 \ud835\udcc5\ud835\udcc7\ud835\udcb6\u0301\ud835\udcb8\ud835\udcc9\ud835\udcbe\ud835\udcb8\ud835\udcb6 \ud835\udcb9\ud835\udc52 \ud835\udc52\ud835\udcc8\ud835\udcb8\ud835\udcca\ud835\udcb8\ud835\udcbd\ud835\udcb6(no solo con los o\u00eddos) Escucharc\ud835\udc5cn \ud835\udcc1\ud835\udcb6 \ud835\udcc5\ud835\udcbe\ud835\udc52\ud835\udcc1con los porosc\ud835\udc5cm\ud835\udc5c orejas Escucharel aireel espaciootras pielesotros cuerpos Desde una escucha \ud835\udcb6\ud835\udcb8\ud835\udcca\ud835\udcc8\ud835\udc5c\ud835\udcc2\ud835\udcb6\u0301\ud835\udcc9\ud835\udcbe\ud835\udcb8\ud835\udcb6el sonido no se mira\ud835\udcc8\ud835\udc52 \ud835\udcc8\ud835\udcbe\ud835\udc52\ud835\udcc3\ud835\udcc9\ud835\udc52\ud835\udcc9\ud835\udc5c\ud835\udcb8\ud835\udcb6\ud835\udcc8\ud835\udc52 \ud835\udcb9\ud835\udc52\ud835\udcc8\ud835\udcc5\ud835\udcc1\ud835\udcb6\ud835\udccf\ud835\udcb6 Habr\u00e1 momentos de\ud835\udcbe\ud835\udcc3\ud835\udcc9\ud835\udcc7\ud835\udcb6\ud835\udcb6\ud835\udcb8\ud835\udcb8\ud835\udcbe\ud835\udc5c\u0301\ud835\udcc3\ud835\udcbe\ud835\udcc3\ud835\udcc9\ud835\udcc7\ud835\udcb6\ud835\udcb8\ud835\udc5c\ud835\udcc7\ud835\udcc5\ud835\udc5c\u0301\ud835\udcc7\ud835\udc52\ud835\udcb6 \/ \ud835\udcbe\ud835\udcc3\ud835\udcc9\ud835\udcc7\ud835\udcb6\ud835\udc52\ud835\udcc8\ud835\udcc5\ud835\udc52\ud835\udcb8\ud835\udcbe\ud835\udc52 Cuerpos\ud835\udcc9\ud835\udc5c\ud835\udcb8\ud835\udcb6\u0301\ud835\udcc3\ud835\udcb9\ud835\udc5c\ud835\udcc8\ud835\udc52 \ud835\udcc8\ud835\udcbe\ud835\udcc3 \ud835\udcc9\ud835\udc5c\ud835\udcb8\ud835\udcb6\ud835\udcc7\ud835\udcc8\ud835\udc52percibi\u00e9ndoseen gradientes de cercan\u00eda Ojos vendados (quiz\u00e1s)M\u00e1s o menos ropaCuerpos disponiblesa dejarse atravesarpor vibraciones suaves No es una performanceNo [&hellip;]<\/p>\n","protected":false},"author":1,"featured_media":0,"parent":0,"menu_order":0,"comment_status":"closed","ping_status":"closed","template":"","meta":{"site-sidebar-layout":"default","site-content-layout":"","ast-site-content-layout":"default","site-content-style":"default","site-sidebar-style":"default","ast-global-header-display":"","ast-banner-title-visibility":"","ast-main-header-display":"","ast-hfb-above-header-display":"","ast-hfb-below-header-display":"","ast-hfb-mobile-header-display":"","site-post-title":"","ast-breadcrumbs-content":"","ast-featured-img":"","footer-sml-layout":"","theme-transparent-header-meta":"","adv-header-id-meta":"","stick-header-meta":"","header-above-stick-meta":"","header-main-stick-meta":"","header-below-stick-meta":"","astra-migrate-meta-layouts":"set","ast-page-background-enabled":"default","ast-page-background-meta":{"desktop":{"background-color":"var(--ast-global-color-4)","background-image":"","background-repeat":"repeat","background-position":"center center","background-size":"auto","background-attachment":"scroll","background-type":"","background-media":"","overlay-type":"","overlay-color":"","overlay-opacity":"","overlay-gradient":""},"tablet":{"background-color":"","background-image":"","background-repeat":"repeat","background-position":"center center","background-size":"auto","background-attachment":"scroll","background-type":"","background-media":"","overlay-type":"","overlay-color":"","overlay-opacity":"","overlay-gradient":""},"mobile":{"background-color":"","background-image":"","background-repeat":"repeat","background-position":"center center","background-size":"auto","background-attachment":"scroll","background-type":"","background-media":"","overlay-type":"","overlay-color":"","overlay-opacity":"","overlay-gradient":""}},"ast-content-background-meta":{"desktop":{"background-color":"var(--ast-global-color-5)","background-image":"","background-repeat":"repeat","background-position":"center center","background-size":"auto","background-attachment":"scroll","background-type":"","background-media":"","overlay-type":"","overlay-color":"","overlay-opacity":"","overlay-gradient":""},"tablet":{"background-color":"var(--ast-global-color-5)","background-image":"","background-repeat":"repeat","background-position":"center center","background-size":"auto","background-attachment":"scroll","background-type":"","background-media":"","overlay-type":"","overlay-color":"","overlay-opacity":"","overlay-gradient":""},"mobile":{"background-color":"var(--ast-global-color-5)","background-image":"","background-repeat":"repeat","background-position":"center center","background-size":"auto","background-attachment":"scroll","background-type":"","background-media":"","overlay-type":"","overlay-color":"","overlay-opacity":"","overlay-gradient":""}},"footnotes":""},"class_list":["post-3197","page","type-page","status-publish","hentry"],"_links":{"self":[{"href":"https:\/\/observatoriodelplacer.com\/en\/wp-json\/wp\/v2\/pages\/3197","targetHints":{"allow":["GET"]}}],"collection":[{"href":"https:\/\/observatoriodelplacer.com\/en\/wp-json\/wp\/v2\/pages"}],"about":[{"href":"https:\/\/observatoriodelplacer.com\/en\/wp-json\/wp\/v2\/types\/page"}],"author":[{"embeddable":true,"href":"https:\/\/observatoriodelplacer.com\/en\/wp-json\/wp\/v2\/users\/1"}],"replies":[{"embeddable":true,"href":"https:\/\/observatoriodelplacer.com\/en\/wp-json\/wp\/v2\/comments?post=3197"}],"version-history":[{"count":7,"href":"https:\/\/observatoriodelplacer.com\/en\/wp-json\/wp\/v2\/pages\/3197\/revisions"}],"predecessor-version":[{"id":4182,"href":"https:\/\/observatoriodelplacer.com\/en\/wp-json\/wp\/v2\/pages\/3197\/revisions\/4182"}],"wp:attachment":[{"href":"https:\/\/observatoriodelplacer.com\/en\/wp-json\/wp\/v2\/media?parent=3197"}],"curies":[{"name":"wp","href":"https:\/\/api.w.org\/{rel}","templated":true}]}}