{"id":3218,"date":"2024-12-11T11:24:56","date_gmt":"2024-12-11T09:24:56","guid":{"rendered":"https:\/\/observatoriodelplacer.com\/?page_id=3218"},"modified":"2025-02-27T21:15:18","modified_gmt":"2025-02-27T19:15:18","slug":"fracasar-nunca-fue-tan-sexy","status":"publish","type":"page","link":"https:\/\/observatoriodelplacer.com\/en\/fracasar-nunca-fue-tan-sexy\/","title":{"rendered":"Fracasar nunca fue tan sexy _ Cristian Gonz\u00e1lez"},"content":{"rendered":"<div class=\"wp-block-columns is-layout-flex wp-container-core-columns-is-layout-28f84493 wp-block-columns-is-layout-flex\">\n<div class=\"wp-block-column is-layout-flow wp-block-column-is-layout-flow\">\n<h5 class=\"wp-block-heading\">_ Residencia 9-15 diciembre<br>_ Performance _ 15 diciembre<\/h5>\n\n\n\n<p><strong>Fracasar nunca fue tan sexy<\/strong>&nbsp;es una exploraci\u00f3n en danza y performance que cuestiona los l\u00edmites del cuerpo y su relaci\u00f3n con el deseo, la seducci\u00f3n y el fracaso. A trav\u00e9s de una investigaci\u00f3n personal, la obra se adentra en las complejidades de un cuerpo dise\u00f1ado para agradar, pero que se enfrenta irremediablemente a la imposibilidad de cumplir con esas expectativas.<\/p>\n\n\n\n<p>En este proceso, el cuerpo se transforma, se desplaza, se resiste: es un cuerpo que oscila entre lo solemne y lo ca\u00f3tico, entre el deseo inalcanzable y la vulnerabilidad que nace del fracaso. El movimiento se convierte en un juego de opuestos: el deseo como perfecci\u00f3n y el deseo como liberaci\u00f3n, la seducci\u00f3n como una b\u00fasqueda constante y la seducci\u00f3n como un acto de autenticidad.<\/p>\n\n\n\n<p><strong>Fracasar nunca fue tan sexy<\/strong>&nbsp;es una reflexi\u00f3n sobre c\u00f3mo el placer, como el cuerpo mismo, se reinventa. La obra propone que el fracaso no es el fin, sino el inicio de algo nuevo: una invitaci\u00f3n a deshacer y rehacer la identidad, a rendirse al cambio, al placer, a la ca\u00edda y a la reconstrucci\u00f3n constante.<\/p>\n\n\n\n<p>Direcci\u00f3n y cuerpo : Cristian Gonz\u00e1lez&nbsp;<br>Co-direcci\u00f3n y acompa\u00f1amiento creativo : Eugenia Cao&nbsp;<br>Dise\u00f1o de escenograf\u00eda y acompa\u00f1amiento creativo : KimonaKimona&nbsp;<\/p>\n\n\n\n<p id=\"performance\"><strong><strong><em>Performance &gt;&gt; domingo 15 de diciembre, 19h.<\/em><br>Colaboraci\u00f3n sugerida performance 10\u20ac<\/strong><\/strong><br>Colaboraci\u00f3n variable seg\u00fan tu situaci\u00f3n actual. 5-20\u20ac<br><a href=\"https:\/\/observatoriodelplacer.com\/en\/colaboracion-variable\/\"><strong>Consult information about variable collaboration<\/strong><\/a><\/p>\n\n\n\n<p class=\"has-ast-global-color-5-color has-text-color has-background\" style=\"background-color:#ff5050\"><strong><strong><strong><strong><strong><em>*** We do not want anyone to be left out of the activities due to economic issues, if this is your case, let us know.<br><\/em>Likewise, Observatorio del Placer is a project in formation, if you want to support us with greater collaboration, it will also be welcome.<\/strong><\/strong><\/strong><\/strong><\/strong><\/p>\n\n\n\n<p><strong>MAKE YOUR REGISTRATION THROUGH THIS LINK<\/strong><\/p>\n\n\n\n<p><a href=\"https:\/\/forms.gle\/oUucwJvCU5jq4aTt7\" target=\"_blank\" rel=\"noopener\"><strong>https:\/\/forms.gle\/oUucwJvCU5jq4aTt7<\/strong><\/a><\/p>\n<\/div>\n\n\n\n<div class=\"wp-block-column is-layout-flow wp-block-column-is-layout-flow\" style=\"flex-basis:30%\">\n<figure class=\"wp-block-image size-large\"><img loading=\"lazy\" decoding=\"async\" width=\"1024\" height=\"1024\" src=\"https:\/\/observatoriodelplacer.com\/wp-content\/uploads\/2025\/02\/fracasar-1024x1024.png\" alt=\"Fracasar nunca fue tan sexy _ Cristian Gonz\u00e1lez. residencia art\u00edstica\" class=\"wp-image-3521\" srcset=\"https:\/\/observatoriodelplacer.com\/wp-content\/uploads\/2025\/02\/fracasar-1024x1024.png 1024w, https:\/\/observatoriodelplacer.com\/wp-content\/uploads\/2025\/02\/fracasar-300x300.png 300w, https:\/\/observatoriodelplacer.com\/wp-content\/uploads\/2025\/02\/fracasar-150x150.png 150w, https:\/\/observatoriodelplacer.com\/wp-content\/uploads\/2025\/02\/fracasar-768x768.png 768w, https:\/\/observatoriodelplacer.com\/wp-content\/uploads\/2025\/02\/fracasar-12x12.png 12w, https:\/\/observatoriodelplacer.com\/wp-content\/uploads\/2025\/02\/fracasar.png 1080w\" sizes=\"auto, (max-width: 1024px) 100vw, 1024px\" \/><\/figure>\n\n\n\n<figure class=\"wp-block-image size-large\"><img loading=\"lazy\" decoding=\"async\" width=\"1024\" height=\"1024\" src=\"https:\/\/observatoriodelplacer.com\/wp-content\/uploads\/2024\/12\/fracasar-nunca-fue-tan-sexy-perfo-1024x1024.png\" alt=\"Fracasar nunca fue tan sexy _ Cristian Gonz\u00e1lez. residencia art\u00edstica\" class=\"wp-image-3244\" srcset=\"https:\/\/observatoriodelplacer.com\/wp-content\/uploads\/2024\/12\/fracasar-nunca-fue-tan-sexy-perfo-1024x1024.png 1024w, https:\/\/observatoriodelplacer.com\/wp-content\/uploads\/2024\/12\/fracasar-nunca-fue-tan-sexy-perfo-300x300.png 300w, https:\/\/observatoriodelplacer.com\/wp-content\/uploads\/2024\/12\/fracasar-nunca-fue-tan-sexy-perfo-150x150.png 150w, https:\/\/observatoriodelplacer.com\/wp-content\/uploads\/2024\/12\/fracasar-nunca-fue-tan-sexy-perfo-768x768.png 768w, https:\/\/observatoriodelplacer.com\/wp-content\/uploads\/2024\/12\/fracasar-nunca-fue-tan-sexy-perfo-12x12.png 12w, https:\/\/observatoriodelplacer.com\/wp-content\/uploads\/2024\/12\/fracasar-nunca-fue-tan-sexy-perfo.png 1080w\" sizes=\"auto, (max-width: 1024px) 100vw, 1024px\" \/><\/figure>\n<\/div>\n<\/div>\n\n\n\n<hr class=\"wp-block-separator has-alpha-channel-opacity\"\/>\n\n\n\n<div class=\"wp-block-columns is-layout-flex wp-container-core-columns-is-layout-28f84493 wp-block-columns-is-layout-flex\">\n<div class=\"wp-block-column is-layout-flow wp-block-column-is-layout-flow\" style=\"flex-basis:70%\">\n<h2 class=\"wp-block-heading\">Cristian Gonz\u00e1lez&nbsp;(Madrid, 1994)&nbsp;<\/h2>\n\n\n\n<p>Core\u00f3grafo y bailar\u00edn independiente desde 2009, ha trabajado en proyectos internacionales como int\u00e9rprete y asistente bajo la direcci\u00f3n de figuras como Holly Blakey, Theo Tj Low, Sharon Fridman, Chey Jurado y Daniel Abreu, entre otros. Su trayectoria est\u00e1 marcada por una profunda influencia de diferentes estilos de danza, lo que le permite integrar el entrenamiento corporal, t\u00e9cnico y sensorial para explorar estados f\u00edsicos, emocionales y mentales. Este enfoque le permite generar composiciones coreogr\u00e1ficas y perform\u00e1ticas que exploran la relaci\u00f3n entre el individuo y el colectivo, pilares fundamentales de su investigaci\u00f3n.<\/p>\n\n\n\n<p>Lleva esta pr\u00e1ctica al escenario, al audiovisual, a la fotograf\u00eda y las performances, destacando su inter\u00e9s por la investigaci\u00f3n personal. En proyectos como&nbsp;<em>\u201cFracasar nunca fue tan sexy\u201d<\/em>, que explora temas de sexualidad, deseo y vulnerabilidad, investigando el fracaso como un acto de resistencia y liberaci\u00f3n. Este enfoque lo traslada al trabajo colaborativo, donde el proceso creativo con otros artistas es fundamental para nutrirse y expandir su propio desarrollo. Entre sus \u00faltimos proyectos destacan:&nbsp;<em>\u201cAOVE\u201d<\/em>, co-direcci\u00f3n coreogr\u00e1fica para Samantha Hudson (2023\/2024), y&nbsp;<em>\u201cAfter\u201d y \u00abMinerva\u00bb&nbsp;<\/em>&nbsp;piezas perform\u00e1ticas para el artista Alejandr\u00eda Cinque (2023\/2024).<\/p>\n\n\n\n<p>Adem\u00e1s, su pasi\u00f3n por la docencia le ha llevado a ofrecer laboratorios, talleres y formaciones a nivel nacional e internacional, convocados en pa\u00edses como Polonia, Argentina, Ucrania, Reino Unido y Uruguay. Actualmente basado en Barcelona, sigue desarrollando sus proyectos en Europa.<\/p>\n\n\n\n<p><strong><em><a href=\"https:\/\/www.instagram.com\/cristiangonzalez.h\/\" target=\"_blank\" rel=\"noreferrer noopener\">https:\/\/www.instagram.com\/cristiangonzalez.h\/<\/a><\/em><\/strong><\/p>\n\n\n\n<p><strong><em><a href=\"https:\/\/cristiangonzalezweb.wixsite.com\/cristiangonzalez\" target=\"_blank\" rel=\"noreferrer noopener\">https:\/\/cristiangonzalezweb.wixsite.com\/cristiangonzalez<\/a><\/em><\/strong><\/p>\n<\/div>\n\n\n\n<div class=\"wp-block-column is-layout-flow wp-block-column-is-layout-flow\" style=\"flex-basis:30%\">\n<figure class=\"wp-block-image size-large\"><img loading=\"lazy\" decoding=\"async\" width=\"683\" height=\"1024\" src=\"https:\/\/observatoriodelplacer.com\/wp-content\/uploads\/2024\/12\/2024.23.01-LARVA8915-683x1024.jpeg\" alt=\"Direcci\u00f3n y cuerpo : Cristian Gonz\u00e1lez\u00a0\" class=\"wp-image-3231\" srcset=\"https:\/\/observatoriodelplacer.com\/wp-content\/uploads\/2024\/12\/2024.23.01-LARVA8915-683x1024.jpeg 683w, https:\/\/observatoriodelplacer.com\/wp-content\/uploads\/2024\/12\/2024.23.01-LARVA8915-200x300.jpeg 200w, https:\/\/observatoriodelplacer.com\/wp-content\/uploads\/2024\/12\/2024.23.01-LARVA8915-768x1152.jpeg 768w, https:\/\/observatoriodelplacer.com\/wp-content\/uploads\/2024\/12\/2024.23.01-LARVA8915-1024x1536.jpeg 1024w, https:\/\/observatoriodelplacer.com\/wp-content\/uploads\/2024\/12\/2024.23.01-LARVA8915-1365x2048.jpeg 1365w, https:\/\/observatoriodelplacer.com\/wp-content\/uploads\/2024\/12\/2024.23.01-LARVA8915-8x12.jpeg 8w, https:\/\/observatoriodelplacer.com\/wp-content\/uploads\/2024\/12\/2024.23.01-LARVA8915-scaled.jpeg 1707w\" sizes=\"auto, (max-width: 683px) 100vw, 683px\" \/><\/figure>\n<\/div>\n<\/div>\n\n\n\n<hr class=\"wp-block-separator has-alpha-channel-opacity\"\/>\n\n\n\n<div class=\"wp-block-columns is-layout-flex wp-container-core-columns-is-layout-28f84493 wp-block-columns-is-layout-flex\">\n<div class=\"wp-block-column is-layout-flow wp-block-column-is-layout-flow\" style=\"flex-basis:70%\">\n<h2 class=\"wp-block-heading\">Eugenia Cao (Buenos Aires, Argentina, 1991)&nbsp;<\/h2>\n\n\n\n<p>Es bailarina, directora creativa y vestuarista. Se form\u00f3 en danza y artes esc\u00e9nicas en Argentina y Espa\u00f1a, colaborando con directores como Gustavo Lesgart, la compa\u00f1\u00eda de David Se\u00f1oran y la compa\u00f1\u00eda&nbsp;<em>Soga<\/em>&nbsp;de Natalia Mussio y Sebasti\u00e1n Iglesias. Su enfoque en la investigaci\u00f3n del movimiento la llev\u00f3 a explorar la improvisaci\u00f3n y la composici\u00f3n instant\u00e1nea en Barcelona, incorporando tambi\u00e9n el video, la costura y el cuerpo en sus procesos creativos.<\/p>\n\n\n\n<p>Desde 2017, Eugenia ha trabajado en diversos proyectos personales y colaborativos, como&nbsp;<em>\u201cGladys\u201d<\/em>&nbsp;y&nbsp;<em>\u201cFiere\u201d<\/em>. Se introdujo en las t\u00e9cnicas audiovisuales con Elisabet Prandi en La Bonne y en costura con el Taller Zirt Zart, creando vestuario esc\u00e9nico y material para centros c\u00edvicos y escuelas.<\/p>\n\n\n\n<p>Como co-directora creativa de&nbsp;<em>Si Los Martes Fueran Viernes<\/em>&nbsp;(Barcelona\/Buenos Aires), ha dirigido m\u00e1s de 40 producciones con m\u00e1s de 200 artistas internacionales. Su festival&nbsp;<em>\u201cEnemigos \u00cdntimos\u201d<\/em>&nbsp;en colaboraci\u00f3n con el Mercat de les Flors (2022) que recibi\u00f3 la Menci\u00f3n Especial en los Premios de la Cr\u00edtica Catalana 2023. Durante los \u00faltimos a\u00f1os ha recibido 3 subvenciones a la creaci\u00f3n de la Generalitat de Catalu\u00f1a, el subsidio Mecenazgo 2023 y el apoyo a la creaci\u00f3n del Instituto Prodanza de Buenos Aires.&nbsp;<\/p>\n<\/div>\n\n\n\n<div class=\"wp-block-column is-layout-flow wp-block-column-is-layout-flow\" style=\"flex-basis:30%\">\n<figure class=\"wp-block-image size-full\"><img loading=\"lazy\" decoding=\"async\" width=\"750\" height=\"778\" src=\"https:\/\/observatoriodelplacer.com\/wp-content\/uploads\/2024\/12\/WhatsApp-Image-2024-12-11-at-13.11.08.jpeg\" alt=\"Co-direcci\u00f3n y acompa\u00f1amiento creativo : Eugenia Cao\" class=\"wp-image-3232\" srcset=\"https:\/\/observatoriodelplacer.com\/wp-content\/uploads\/2024\/12\/WhatsApp-Image-2024-12-11-at-13.11.08.jpeg 750w, https:\/\/observatoriodelplacer.com\/wp-content\/uploads\/2024\/12\/WhatsApp-Image-2024-12-11-at-13.11.08-289x300.jpeg 289w, https:\/\/observatoriodelplacer.com\/wp-content\/uploads\/2024\/12\/WhatsApp-Image-2024-12-11-at-13.11.08-12x12.jpeg 12w\" sizes=\"auto, (max-width: 750px) 100vw, 750px\" \/><\/figure>\n<\/div>\n<\/div>\n\n\n\n<hr class=\"wp-block-separator has-alpha-channel-opacity\"\/>\n\n\n\n<div class=\"wp-block-columns is-layout-flex wp-container-core-columns-is-layout-28f84493 wp-block-columns-is-layout-flex\">\n<div class=\"wp-block-column is-layout-flow wp-block-column-is-layout-flow\" style=\"flex-basis:70%\">\n<h2 class=\"wp-block-heading\">KimonaKimona&nbsp;(Madrid, 1994)<\/h2>\n\n\n\n<p>Es artista, dise\u00f1ador y creador multidisciplinar apasionado por crear narrativas visuales que&nbsp;trasciendan&nbsp;los l\u00edmites tradicionales.<\/p>\n\n\n\n<p>Su experiencia radica en el desarrollo de conceptos creativos que integran m\u00faltiples disciplinas. Trabaja en estrecha colaboraci\u00f3n con otros profesionales para hacer realidad sus visiones.<br>Como artista, su trabajo explora temas contempor\u00e1neos como la identidad, el medio ambiente, la naturaleza y la fluidez, con el objetivo de provocar pensamiento e inspirar cambios.<br>Basado en Madrid, trabajando en toda Europa.<\/p>\n<\/div>\n\n\n\n<div class=\"wp-block-column is-layout-flow wp-block-column-is-layout-flow\" style=\"flex-basis:30%\">\n<figure class=\"wp-block-image size-large\"><img loading=\"lazy\" decoding=\"async\" width=\"682\" height=\"1024\" src=\"https:\/\/observatoriodelplacer.com\/wp-content\/uploads\/2024\/12\/41345551-4759-4814-a88a-8eca31faf4c7-682x1024.jpg\" alt=\"Dise\u00f1o de escenograf\u00eda y acompa\u00f1amiento creativo : KimonaKimona\u00a0\" class=\"wp-image-3233\" srcset=\"https:\/\/observatoriodelplacer.com\/wp-content\/uploads\/2024\/12\/41345551-4759-4814-a88a-8eca31faf4c7-682x1024.jpg 682w, https:\/\/observatoriodelplacer.com\/wp-content\/uploads\/2024\/12\/41345551-4759-4814-a88a-8eca31faf4c7-200x300.jpg 200w, https:\/\/observatoriodelplacer.com\/wp-content\/uploads\/2024\/12\/41345551-4759-4814-a88a-8eca31faf4c7-768x1152.jpg 768w, https:\/\/observatoriodelplacer.com\/wp-content\/uploads\/2024\/12\/41345551-4759-4814-a88a-8eca31faf4c7-8x12.jpg 8w, https:\/\/observatoriodelplacer.com\/wp-content\/uploads\/2024\/12\/41345551-4759-4814-a88a-8eca31faf4c7.jpg 853w\" sizes=\"auto, (max-width: 682px) 100vw, 682px\" \/><\/figure>\n<\/div>\n<\/div>\n\n\n\n<div style=\"height:100px\" aria-hidden=\"true\" class=\"wp-block-spacer\"><\/div>\n\n\n\n<figure class=\"wp-block-image size-full\"><img loading=\"lazy\" decoding=\"async\" width=\"100\" height=\"34\" src=\"https:\/\/observatoriodelplacer.com\/wp-content\/uploads\/2024\/08\/logo-3.png\" alt=\"\" class=\"wp-image-2597\" srcset=\"https:\/\/observatoriodelplacer.com\/wp-content\/uploads\/2024\/08\/logo-3.png 100w, https:\/\/observatoriodelplacer.com\/wp-content\/uploads\/2024\/08\/logo-3-18x6.png 18w\" sizes=\"auto, (max-width: 100px) 100vw, 100px\" \/><figcaption class=\"wp-element-caption\">The OdP 2024 artistic residency project receives support from Barcelona City Council.<\/figcaption><\/figure>","protected":false},"excerpt":{"rendered":"<p>_ Residencia 9-15 diciembre_ Performance _ 15 diciembre Fracasar nunca fue tan sexy&nbsp;es una exploraci\u00f3n en danza y performance que cuestiona los l\u00edmites del cuerpo y su relaci\u00f3n con el deseo, la seducci\u00f3n y el fracaso. A trav\u00e9s de una investigaci\u00f3n personal, la obra se adentra en las complejidades de un cuerpo dise\u00f1ado para agradar, [&hellip;]<\/p>\n","protected":false},"author":1,"featured_media":0,"parent":0,"menu_order":0,"comment_status":"closed","ping_status":"closed","template":"","meta":{"site-sidebar-layout":"default","site-content-layout":"","ast-site-content-layout":"default","site-content-style":"default","site-sidebar-style":"default","ast-global-header-display":"","ast-banner-title-visibility":"","ast-main-header-display":"","ast-hfb-above-header-display":"","ast-hfb-below-header-display":"","ast-hfb-mobile-header-display":"","site-post-title":"","ast-breadcrumbs-content":"","ast-featured-img":"","footer-sml-layout":"","theme-transparent-header-meta":"","adv-header-id-meta":"","stick-header-meta":"","header-above-stick-meta":"","header-main-stick-meta":"","header-below-stick-meta":"","astra-migrate-meta-layouts":"set","ast-page-background-enabled":"default","ast-page-background-meta":{"desktop":{"background-color":"var(--ast-global-color-4)","background-image":"","background-repeat":"repeat","background-position":"center center","background-size":"auto","background-attachment":"scroll","background-type":"","background-media":"","overlay-type":"","overlay-color":"","overlay-opacity":"","overlay-gradient":""},"tablet":{"background-color":"","background-image":"","background-repeat":"repeat","background-position":"center center","background-size":"auto","background-attachment":"scroll","background-type":"","background-media":"","overlay-type":"","overlay-color":"","overlay-opacity":"","overlay-gradient":""},"mobile":{"background-color":"","background-image":"","background-repeat":"repeat","background-position":"center center","background-size":"auto","background-attachment":"scroll","background-type":"","background-media":"","overlay-type":"","overlay-color":"","overlay-opacity":"","overlay-gradient":""}},"ast-content-background-meta":{"desktop":{"background-color":"var(--ast-global-color-5)","background-image":"","background-repeat":"repeat","background-position":"center center","background-size":"auto","background-attachment":"scroll","background-type":"","background-media":"","overlay-type":"","overlay-color":"","overlay-opacity":"","overlay-gradient":""},"tablet":{"background-color":"var(--ast-global-color-5)","background-image":"","background-repeat":"repeat","background-position":"center center","background-size":"auto","background-attachment":"scroll","background-type":"","background-media":"","overlay-type":"","overlay-color":"","overlay-opacity":"","overlay-gradient":""},"mobile":{"background-color":"var(--ast-global-color-5)","background-image":"","background-repeat":"repeat","background-position":"center center","background-size":"auto","background-attachment":"scroll","background-type":"","background-media":"","overlay-type":"","overlay-color":"","overlay-opacity":"","overlay-gradient":""}},"footnotes":""},"class_list":["post-3218","page","type-page","status-publish","hentry"],"_links":{"self":[{"href":"https:\/\/observatoriodelplacer.com\/en\/wp-json\/wp\/v2\/pages\/3218","targetHints":{"allow":["GET"]}}],"collection":[{"href":"https:\/\/observatoriodelplacer.com\/en\/wp-json\/wp\/v2\/pages"}],"about":[{"href":"https:\/\/observatoriodelplacer.com\/en\/wp-json\/wp\/v2\/types\/page"}],"author":[{"embeddable":true,"href":"https:\/\/observatoriodelplacer.com\/en\/wp-json\/wp\/v2\/users\/1"}],"replies":[{"embeddable":true,"href":"https:\/\/observatoriodelplacer.com\/en\/wp-json\/wp\/v2\/comments?post=3218"}],"version-history":[{"count":20,"href":"https:\/\/observatoriodelplacer.com\/en\/wp-json\/wp\/v2\/pages\/3218\/revisions"}],"predecessor-version":[{"id":3538,"href":"https:\/\/observatoriodelplacer.com\/en\/wp-json\/wp\/v2\/pages\/3218\/revisions\/3538"}],"wp:attachment":[{"href":"https:\/\/observatoriodelplacer.com\/en\/wp-json\/wp\/v2\/media?parent=3218"}],"curies":[{"name":"wp","href":"https:\/\/api.w.org\/{rel}","templated":true}]}}