{"id":3325,"date":"2024-12-24T14:02:20","date_gmt":"2024-12-24T12:02:20","guid":{"rendered":"https:\/\/observatoriodelplacer.com\/?page_id=3325"},"modified":"2026-02-08T12:37:45","modified_gmt":"2026-02-08T10:37:45","slug":"the-centre-that-cannot-hold-oryx","status":"publish","type":"page","link":"https:\/\/observatoriodelplacer.com\/en\/the-centre-that-cannot-hold-oryx\/","title":{"rendered":"The Centre that Cannot Hold _ Oryx"},"content":{"rendered":"<div class=\"wp-block-columns is-layout-flex wp-container-core-columns-is-layout-28f84493 wp-block-columns-is-layout-flex\">\n<div class=\"wp-block-column is-layout-flow wp-block-column-is-layout-flow\">\n<h5 class=\"wp-block-heading\">_ Artistic residency _ February 10-14<br><a href=\"#opencall\" data-type=\"internal\" data-id=\"#opencall\">_ Open call _ Study group _ 10-15 February<\/a><br><a href=\"#performance\">_ Performance _ February 15, 19h<\/a><\/h5>\n\n\n\n<p>En \u201c<strong>The Centre that Cannot Hold<\/strong>\" a group of dancers, theatre makers, somatic practitioners, and performers are invited to come together through a residency and performance, to understand Choreomania not only as a theoretical framework, but also a somatic methodology to investigate our interpersonal relationships in cognitive capitalist frameworks. That being, the ways systems control, regulate, and \u2018normalize\u2019 our relationality, in which relationships are usually binary, commodified, and serialised. <\/p>\n\n\n\n<p>In the practice-based residency, the intention is to search for the means to explore group intimacy and holding space for one another, especially through emotions which are hard to digest. Through doing so, we explore our intimacy to others, to society, and to ourselves, and the vulnerability and openness that could principally guide our relations not only to other humans, but animals, objects, and the earth. Eventually, the performance is intended to be constituted of a series of theatrical, performative, and dance-based vignettes, in which participants somatically express that which \u2018should not be seen or watched\u2019, exploring emotions which may be typically labelled mad, dissident, excessive, or unseemly. <\/p>\n\n\n\n<p>The impulse then throughout the residency is to deconstruct what might otherwise be understood as pessimistic and cynical into a community building and world building methodology for exploring connection and intimacy through vulnerability and openness, and moreover, how we can understand somatic work, being-together, and performance as practices of transformation and reassociation.<\/p>\n<\/div>\n\n\n\n<div class=\"wp-block-column is-layout-flow wp-block-column-is-layout-flow\" style=\"flex-basis:30%\">\n<figure class=\"wp-block-image size-full\"><img loading=\"lazy\" decoding=\"async\" width=\"1080\" height=\"1350\" src=\"https:\/\/observatoriodelplacer.com\/wp-content\/uploads\/2026\/02\/16.png\" alt=\"\" class=\"wp-image-4219\" srcset=\"https:\/\/observatoriodelplacer.com\/wp-content\/uploads\/2026\/02\/16.png 1080w, https:\/\/observatoriodelplacer.com\/wp-content\/uploads\/2026\/02\/16-240x300.png 240w, https:\/\/observatoriodelplacer.com\/wp-content\/uploads\/2026\/02\/16-819x1024.png 819w, https:\/\/observatoriodelplacer.com\/wp-content\/uploads\/2026\/02\/16-768x960.png 768w, https:\/\/observatoriodelplacer.com\/wp-content\/uploads\/2026\/02\/16-10x12.png 10w\" sizes=\"auto, (max-width: 1080px) 100vw, 1080px\" \/><\/figure>\n<\/div>\n<\/div>\n\n\n\n<hr class=\"wp-block-separator has-alpha-channel-opacity\"\/>\n\n\n\n<div class=\"wp-block-columns is-layout-flex wp-container-core-columns-is-layout-28f84493 wp-block-columns-is-layout-flex\">\n<div class=\"wp-block-column is-layout-flow wp-block-column-is-layout-flow\" style=\"flex-basis:70%\">\n<h5 class=\"wp-block-heading\" id=\"opencall\">_ Open call _ Study group _ 10-15 February<\/h5>\n\n\n\n<p>Oryx will lead as movement director and facilitator in a residency involving 5-10 participants. Together, we will engage in facilitated body-based somatic explorations, open scores, talk and writing based collective reflections, and a rehearsal which shall culminate in a collaborative performance.<\/p>\n\n\n\n<p><em>The activity open to those who would like to investigate their intimacy, interrelationality, and sexuality, regardless of the gender or identity of the people they will meet in the experience. <\/em><\/p>\n\n\n\n<p class=\"translation-block\">Any dancers, theatre makers, somatic explorers, or creatives are encouraged to apply, but registration is open to any interested individual. Local as well as international artists are welcome to participate, but travel costs cannot be covered by the residency. Participation is otherwise free.<\/p>\n\n\n\n<p><strong>GRUPO COMPLETO<\/strong><\/p>\n<\/div>\n\n\n\n<div class=\"wp-block-column is-layout-flow wp-block-column-is-layout-flow\" style=\"flex-basis:30%\">\n<figure class=\"wp-block-image size-large\"><img loading=\"lazy\" decoding=\"async\" width=\"819\" height=\"1024\" src=\"https:\/\/observatoriodelplacer.com\/wp-content\/uploads\/2026\/02\/17-819x1024.png\" alt=\"\" class=\"wp-image-4220\" srcset=\"https:\/\/observatoriodelplacer.com\/wp-content\/uploads\/2026\/02\/17-819x1024.png 819w, https:\/\/observatoriodelplacer.com\/wp-content\/uploads\/2026\/02\/17-240x300.png 240w, https:\/\/observatoriodelplacer.com\/wp-content\/uploads\/2026\/02\/17-768x960.png 768w, https:\/\/observatoriodelplacer.com\/wp-content\/uploads\/2026\/02\/17-10x12.png 10w, https:\/\/observatoriodelplacer.com\/wp-content\/uploads\/2026\/02\/17.png 1080w\" sizes=\"auto, (max-width: 819px) 100vw, 819px\" \/><\/figure>\n<\/div>\n<\/div>\n\n\n\n<hr class=\"wp-block-separator has-alpha-channel-opacity\"\/>\n\n\n\n<div class=\"wp-block-columns is-layout-flex wp-container-core-columns-is-layout-28f84493 wp-block-columns-is-layout-flex\">\n<div class=\"wp-block-column is-layout-flow wp-block-column-is-layout-flow\">\n<h5 class=\"wp-block-heading\" id=\"performance\">_ Performance _ February 15, 19h<\/h5>\n\n\n\n<p>The performance will be the culmination of the exploratory work carried out with Oryx during the residency, where participants will collectively investigate intimacy and vulnerability through movement and somatic reflection.<\/p>\n\n\n\n<p><strong>Suggested collaboration performance 15\u20ac<br>o&nbsp;<\/strong>Variable depending on your current situation. 10-30\u20ac<br><a href=\"https:\/\/observatoriodelplacer.com\/en\/colaboracion-variable\/\"><strong>See information about variable collaboration<\/strong><\/a><\/p>\n\n\n\n<p><strong>REGISTER THROUGH THIS LINK:<\/strong><\/p>\n\n\n\n<p><a href=\"https:\/\/forms.gle\/LwvBN4gb5XCEqB2A7\" target=\"_blank\" rel=\"noopener\"><strong>https:\/\/forms.gle\/LwvBN4gb5XCEqB2A7<\/strong><\/a><\/p>\n\n\n\n<p class=\"has-ast-global-color-5-color has-text-color has-background\" style=\"background-color:#ff5050\"><strong><strong><strong><strong><strong><em>*** We do not want anyone to be left out of the activities due to economic issues, if this is your case, let us know.<br><\/em>Likewise, Observatorio del Placer is a project in formation, if you want to support the space and the artists with a larger collaboration, it will also be welcome.<\/strong><\/strong><\/strong><\/strong><\/strong><\/p>\n<\/div>\n\n\n\n<div class=\"wp-block-column is-layout-flow wp-block-column-is-layout-flow\" style=\"flex-basis:30%\">\n<figure class=\"wp-block-image size-large\"><img loading=\"lazy\" decoding=\"async\" width=\"819\" height=\"1024\" src=\"https:\/\/observatoriodelplacer.com\/wp-content\/uploads\/2026\/02\/18-819x1024.png\" alt=\"\" class=\"wp-image-4221\" srcset=\"https:\/\/observatoriodelplacer.com\/wp-content\/uploads\/2026\/02\/18-819x1024.png 819w, https:\/\/observatoriodelplacer.com\/wp-content\/uploads\/2026\/02\/18-240x300.png 240w, https:\/\/observatoriodelplacer.com\/wp-content\/uploads\/2026\/02\/18-768x960.png 768w, https:\/\/observatoriodelplacer.com\/wp-content\/uploads\/2026\/02\/18-10x12.png 10w, https:\/\/observatoriodelplacer.com\/wp-content\/uploads\/2026\/02\/18.png 1080w\" sizes=\"auto, (max-width: 819px) 100vw, 819px\" \/><\/figure>\n<\/div>\n<\/div>\n\n\n\n<hr class=\"wp-block-separator has-alpha-channel-opacity\"\/>\n\n\n\n<div class=\"wp-block-columns is-layout-flex wp-container-core-columns-is-layout-28f84493 wp-block-columns-is-layout-flex\">\n<div class=\"wp-block-column is-layout-flow wp-block-column-is-layout-flow\">\n<h2 class=\"wp-block-heading\"><strong>Oryx<\/strong><\/h2>\n\n\n\n<p class=\"translation-block\">Oryx is a Berlin-based interdisciplinary performance artist, movement practitioner, researcher, archivist, and writer. Oryx\u2019s work spans contemporary dance; butoh; immersive theatre and acting; durational performance and installation art.\nThey investigate the embodiment of cultural histories, queer theory, gender and class politics, and psycho-somatics. Their work tends towards the political and philosophical: using speculative world building mechanisms and conceptual or poetic writing to postulate and structure their practices. Through their Literature and Art History studies, and later their various movement and dance studies, they became interested in the intersections of critical theory, movement, and bodywork, and the means by which movement and consciously modified experiences through the body can resignify socially encoded experiences of the body, intimacy, self-concept, and affect.<\/p>\n\n\n\n<p>Feminism and queer theory are constant undercurrents to their work: from the representation of the body onstage, self-expressions, radical vulnerability and honesty, the deconstruction of binarisms, and performance radicalism. Underlying all of their work is a desire to critically reflect on and renounce power structures as well as to technically challenge the overarching and instantiated structures of their practices. However, the desire to do so is at once united with a desire to subvert, to make strange and poetic, to escape simple or easy definitions.<\/p>\n\n\n\n<p><a href=\"https:\/\/www.instagram.com\/mlboryx\/\" target=\"_blank\" rel=\"noopener\">https:\/\/www.instagram.com\/mlboryx\/<\/a><\/p>\n<\/div>\n\n\n\n<div class=\"wp-block-column is-layout-flow wp-block-column-is-layout-flow\" style=\"flex-basis:30%\">\n<figure class=\"wp-block-image size-large\"><img loading=\"lazy\" decoding=\"async\" width=\"682\" height=\"1024\" src=\"https:\/\/observatoriodelplacer.com\/wp-content\/uploads\/2024\/12\/IMG_5302-682x1024.jpg\" alt=\"The Centre that Cannot Hold _ Oryx _ residencia art\u00edstica 2025\" class=\"wp-image-3329\" srcset=\"https:\/\/observatoriodelplacer.com\/wp-content\/uploads\/2024\/12\/IMG_5302-682x1024.jpg 682w, https:\/\/observatoriodelplacer.com\/wp-content\/uploads\/2024\/12\/IMG_5302-200x300.jpg 200w, https:\/\/observatoriodelplacer.com\/wp-content\/uploads\/2024\/12\/IMG_5302-768x1152.jpg 768w, https:\/\/observatoriodelplacer.com\/wp-content\/uploads\/2024\/12\/IMG_5302-8x12.jpg 8w, https:\/\/observatoriodelplacer.com\/wp-content\/uploads\/2024\/12\/IMG_5302.jpg 853w\" sizes=\"auto, (max-width: 682px) 100vw, 682px\" \/><\/figure>\n\n\n\n<p><\/p>\n\n\n\n<figure class=\"wp-block-image size-large\"><img loading=\"lazy\" decoding=\"async\" width=\"819\" height=\"1024\" src=\"https:\/\/observatoriodelplacer.com\/wp-content\/uploads\/2024\/12\/img20240207_23545796-819x1024.jpg\" alt=\"The Centre that Cannot Hold _ Oryx _ residencia art\u00edstica 2025\" class=\"wp-image-3328\" srcset=\"https:\/\/observatoriodelplacer.com\/wp-content\/uploads\/2024\/12\/img20240207_23545796-819x1024.jpg 819w, https:\/\/observatoriodelplacer.com\/wp-content\/uploads\/2024\/12\/img20240207_23545796-240x300.jpg 240w, https:\/\/observatoriodelplacer.com\/wp-content\/uploads\/2024\/12\/img20240207_23545796-768x960.jpg 768w, https:\/\/observatoriodelplacer.com\/wp-content\/uploads\/2024\/12\/img20240207_23545796-1229x1536.jpg 1229w, https:\/\/observatoriodelplacer.com\/wp-content\/uploads\/2024\/12\/img20240207_23545796-1638x2048.jpg 1638w, https:\/\/observatoriodelplacer.com\/wp-content\/uploads\/2024\/12\/img20240207_23545796-10x12.jpg 10w, https:\/\/observatoriodelplacer.com\/wp-content\/uploads\/2024\/12\/img20240207_23545796.jpg 2022w\" sizes=\"auto, (max-width: 819px) 100vw, 819px\" \/><\/figure>\n<\/div>\n<\/div>\n\n\n\n<hr class=\"wp-block-separator has-alpha-channel-opacity\"\/>\n\n\n\n<figure class=\"wp-block-image size-full\"><img loading=\"lazy\" decoding=\"async\" width=\"100\" height=\"34\" src=\"https:\/\/observatoriodelplacer.com\/wp-content\/uploads\/2024\/08\/logo-3.png\" alt=\"\" class=\"wp-image-2597\" srcset=\"https:\/\/observatoriodelplacer.com\/wp-content\/uploads\/2024\/08\/logo-3.png 100w, https:\/\/observatoriodelplacer.com\/wp-content\/uploads\/2024\/08\/logo-3-18x6.png 18w\" sizes=\"auto, (max-width: 100px) 100vw, 100px\" \/><figcaption class=\"wp-element-caption\">El proyecto de residencias art\u00edsticas OdP 2025 recibe el apoyo del Ayuntamiento de Barcelona.<\/figcaption><\/figure>","protected":false},"excerpt":{"rendered":"<p>_ Residencia art\u00edstica _ 10-14 febrero_ Convocatoria abierta _ Grupo de estudio _ 10-15 febrero_ Performance _ 15 febrero 19h En \u201cThe Centre that Cannot Hold\u201d, un grupo de bailarines, creadores de teatro, practicantes som\u00e1ticxs y artistas est\u00e1n invitades a reunirse a trav\u00e9s de una residencia y una performance, para entender la coreoman\u00eda no solo [&hellip;]<\/p>\n","protected":false},"author":1,"featured_media":0,"parent":0,"menu_order":0,"comment_status":"closed","ping_status":"closed","template":"","meta":{"site-sidebar-layout":"default","site-content-layout":"","ast-site-content-layout":"default","site-content-style":"default","site-sidebar-style":"default","ast-global-header-display":"","ast-banner-title-visibility":"","ast-main-header-display":"","ast-hfb-above-header-display":"","ast-hfb-below-header-display":"","ast-hfb-mobile-header-display":"","site-post-title":"","ast-breadcrumbs-content":"","ast-featured-img":"","footer-sml-layout":"","theme-transparent-header-meta":"","adv-header-id-meta":"","stick-header-meta":"","header-above-stick-meta":"","header-main-stick-meta":"","header-below-stick-meta":"","astra-migrate-meta-layouts":"set","ast-page-background-enabled":"default","ast-page-background-meta":{"desktop":{"background-color":"var(--ast-global-color-4)","background-image":"","background-repeat":"repeat","background-position":"center center","background-size":"auto","background-attachment":"scroll","background-type":"","background-media":"","overlay-type":"","overlay-color":"","overlay-opacity":"","overlay-gradient":""},"tablet":{"background-color":"","background-image":"","background-repeat":"repeat","background-position":"center center","background-size":"auto","background-attachment":"scroll","background-type":"","background-media":"","overlay-type":"","overlay-color":"","overlay-opacity":"","overlay-gradient":""},"mobile":{"background-color":"","background-image":"","background-repeat":"repeat","background-position":"center center","background-size":"auto","background-attachment":"scroll","background-type":"","background-media":"","overlay-type":"","overlay-color":"","overlay-opacity":"","overlay-gradient":""}},"ast-content-background-meta":{"desktop":{"background-color":"var(--ast-global-color-5)","background-image":"","background-repeat":"repeat","background-position":"center center","background-size":"auto","background-attachment":"scroll","background-type":"","background-media":"","overlay-type":"","overlay-color":"","overlay-opacity":"","overlay-gradient":""},"tablet":{"background-color":"var(--ast-global-color-5)","background-image":"","background-repeat":"repeat","background-position":"center center","background-size":"auto","background-attachment":"scroll","background-type":"","background-media":"","overlay-type":"","overlay-color":"","overlay-opacity":"","overlay-gradient":""},"mobile":{"background-color":"var(--ast-global-color-5)","background-image":"","background-repeat":"repeat","background-position":"center center","background-size":"auto","background-attachment":"scroll","background-type":"","background-media":"","overlay-type":"","overlay-color":"","overlay-opacity":"","overlay-gradient":""}},"footnotes":""},"class_list":["post-3325","page","type-page","status-publish","hentry"],"_links":{"self":[{"href":"https:\/\/observatoriodelplacer.com\/en\/wp-json\/wp\/v2\/pages\/3325","targetHints":{"allow":["GET"]}}],"collection":[{"href":"https:\/\/observatoriodelplacer.com\/en\/wp-json\/wp\/v2\/pages"}],"about":[{"href":"https:\/\/observatoriodelplacer.com\/en\/wp-json\/wp\/v2\/types\/page"}],"author":[{"embeddable":true,"href":"https:\/\/observatoriodelplacer.com\/en\/wp-json\/wp\/v2\/users\/1"}],"replies":[{"embeddable":true,"href":"https:\/\/observatoriodelplacer.com\/en\/wp-json\/wp\/v2\/comments?post=3325"}],"version-history":[{"count":28,"href":"https:\/\/observatoriodelplacer.com\/en\/wp-json\/wp\/v2\/pages\/3325\/revisions"}],"predecessor-version":[{"id":4244,"href":"https:\/\/observatoriodelplacer.com\/en\/wp-json\/wp\/v2\/pages\/3325\/revisions\/4244"}],"wp:attachment":[{"href":"https:\/\/observatoriodelplacer.com\/en\/wp-json\/wp\/v2\/media?parent=3325"}],"curies":[{"name":"wp","href":"https:\/\/api.w.org\/{rel}","templated":true}]}}