{"id":3457,"date":"2025-02-20T14:26:20","date_gmt":"2025-02-20T12:26:20","guid":{"rendered":"https:\/\/observatoriodelplacer.com\/?page_id=3457"},"modified":"2026-02-08T12:27:18","modified_gmt":"2026-02-08T10:27:18","slug":"normal-sickapril","status":"publish","type":"page","link":"https:\/\/observatoriodelplacer.com\/en\/normal-sickapril\/","title":{"rendered":"Normal SICKapril"},"content":{"rendered":"<div class=\"wp-block-columns is-layout-flex wp-container-core-columns-is-layout-28f84493 wp-block-columns-is-layout-flex\">\n<div class=\"wp-block-column is-layout-flow wp-block-column-is-layout-flow\">\n<h5 class=\"wp-block-heading\">_ Grupo de investigaci\u00f3n 14-18 de abril<br>_ Artistic residency April 21-25<br><a href=\"#muestra\" data-type=\"internal\" data-id=\"#muestra\">_ Body installation _ April 25<\/a><\/h5>\n\n\n\n<h6 class=\"wp-block-heading\">Open call for the 5th edition of Normal (April 2025)<br>_ Por Matilde Flor Usinger, Ruben R y<br>Josephine Marquard<\/h6>\n\n\n\n<p>(RESEARCH GROUP) April 14-18, 2025, Barcelona<\/p>\n\n\n\n<p>NORMAL is an ongoing research on intimacy, each time approached through a different lens. For this edition, we invite you to explore SICK: sickness as a state, a process, a relation, a form of knowledge. How does sickness reconfigure our ways of being together? What forms of care, connection, and resistance emerge from it?<\/p>\n\n\n\n<p>We are looking for different kinds of bodies, abilities, and ages to join this exploration. Difference is key. This call is not only for artists but for anyone whose experience, presence, and perspective can contribute to a collective reflection on sickness and intimacy. If you engage with performance, movement, installation, or simply have a lived experience that resonates with these themes, we would love to hear from you.<\/p>\n\n\n\n<p>Participants in this research group will engage in discussions, movement practices, and shared reflections on sickness and intimacy. They will also have the option to continue into the second phase of the project, working towards a performance.<\/p>\n\n\n\n<p>OPEN CALL: NORMAL - SICK (CREATION \/ INSTALLATION) April 21-25, 2025, Barcelona <em>NORMAL &#8211; SICK<\/em> (CREACI\u00d3N \/ INSTALACI\u00d3N) 21-25 de abril de 2025, Barcelona<\/p>\n\n\n\n<p>This second open call is for those interested in shaping a final performance as part of NORMAL - SICK. <em>NORMAL &#8211; SICK<\/em>.<\/p>\n\n\n\n<p>Over the course of five days, participants will collectively develop a performance exploring the themes of sickness, care, and intimacy.<\/p>\n\n\n\n<p>The process will culminate in a public presentation on April 25, 2025.<\/p>\n\n\n\n<p>Those who participated in the research group are invited to continue into this phase, but the call is also open to new participants who feel drawn to engaging in a creative process around these themes.<\/p>\n\n\n\n<p>Let\u2019s create a space where sickness is not just endured but shared, understood, and transformed.<\/p>\n\n\n\n<p id=\"instalacion-corporal\"><a href=\"https:\/\/docs.google.com\/forms\/d\/1kj0Rwk0meHJIeUBXXlNoCboKX2Cx3N_VDgnhtryc9SU\/viewform?edit_requested=true\" target=\"_blank\" rel=\"noopener\"><strong>You can register through this link<\/strong><\/a><\/p>\n\n\n\n<p><\/p>\n\n\n\n<hr class=\"wp-block-separator has-alpha-channel-opacity\"\/>\n\n\n\n<div class=\"wp-block-columns is-layout-flex wp-container-core-columns-is-layout-28f84493 wp-block-columns-is-layout-flex\">\n<div class=\"wp-block-column is-layout-flow wp-block-column-is-layout-flow\" style=\"flex-basis:66.66%\">\n<h6 class=\"wp-block-heading\" id=\"muestra\"><strong>_ Instalaci\u00f3n corporal _ 25 abril 19h<\/strong><\/h6>\n\n\n\n<p>Collaboration&nbsp;<strong>Performance&nbsp;20\u20ac<br>o&nbsp;<\/strong>Variable depending on your current situation. 10-30\u20ac<br><a href=\"https:\/\/observatoriodelplacer.com\/en\/colaboracion-variable\/\"><strong>Consult information about variable collaboration<\/strong><\/a><\/p>\n\n\n\n<p><strong>REGISTER THROUGH THIS LINK:<\/strong><\/p>\n\n\n\n<p><a href=\"https:\/\/forms.gle\/bpBh7TYNoKmE9irT7\" target=\"_blank\" rel=\"noopener\"><strong>https:\/\/forms.gle\/bpBh7TYNoKmE9irT7<\/strong><\/a><\/p>\n\n\n\n<p class=\"has-ast-global-color-5-color has-text-color has-background\" style=\"background-color:#ff5050\"><strong><strong><strong><strong><strong><em>*** We do not want anyone to be left out of the activities due to economic issues, if this is your case, let us know.<br><\/em>Likewise, Observatorio del Placer is a project in formation, if you want to support the space and the artists with a larger collaboration, it will also be welcome.<\/strong><\/strong><\/strong><\/strong><\/strong><\/p>\n<\/div>\n\n\n\n<div class=\"wp-block-column is-layout-flow wp-block-column-is-layout-flow\" style=\"flex-basis:33.33%\">\n<figure class=\"wp-block-image size-large\"><img loading=\"lazy\" decoding=\"async\" width=\"819\" height=\"1024\" src=\"https:\/\/observatoriodelplacer.com\/wp-content\/uploads\/2025\/03\/11-14-feb-819x1024.png\" alt=\"\" class=\"wp-image-3617\" srcset=\"https:\/\/observatoriodelplacer.com\/wp-content\/uploads\/2025\/03\/11-14-feb-819x1024.png 819w, https:\/\/observatoriodelplacer.com\/wp-content\/uploads\/2025\/03\/11-14-feb-240x300.png 240w, https:\/\/observatoriodelplacer.com\/wp-content\/uploads\/2025\/03\/11-14-feb-768x960.png 768w, https:\/\/observatoriodelplacer.com\/wp-content\/uploads\/2025\/03\/11-14-feb-10x12.png 10w, https:\/\/observatoriodelplacer.com\/wp-content\/uploads\/2025\/03\/11-14-feb.png 1080w\" sizes=\"auto, (max-width: 819px) 100vw, 819px\" \/><\/figure>\n<\/div>\n<\/div>\n\n\n\n<hr class=\"wp-block-separator has-alpha-channel-opacity\"\/>\n\n\n\n<h2 class=\"wp-block-heading\">Matilde Flor Usinger<\/h2>\n\n\n\n<p>Matilde aims to embody academic intersectional feminism, challenging societal structures. She integrates knowledge into the body, exploring themes such as sexuality, feminism, world order, gender, and white body supremacy. Her focus extends to the exploration of intimacy, connecting with others on emotional, intellectual, physical, and spiritual levels. She believes that embracing vulnerability empowers deeper, authentic connections, enhancing personal growth and relationships.<\/p>\n\n\n\n<p><strong><a href=\"https:\/\/www.instagram.com\/matildeflor\/\" target=\"_blank\" rel=\"noreferrer noopener\">https:\/\/www.instagram.com\/matildeflor\/<\/a><\/strong><\/p>\n\n\n\n<h2 class=\"wp-block-heading\">6\u1d57\u02b0\ud835\udc53\ud835\udc4e\ud835\udc56\ud835\udc61\u210e<\/h2>\n\n\n\n<p>Fuses experimental nuances of electronic music, visuals, dance and performance through ever-mutating narratives to reimagine emancipatory immediate futures. Their audiovisual experimentation has been shown on stages and at international festivals such as CTM Berlin, S\u00f3nar Barcelona, \u200b\u200bMutek Argentina, Cuenca Biennial, Quito Contemporary Art Center, among others.<\/p>\n\n\n\n<p><a href=\"https:\/\/www.instagram.com\/sixth.faith\" target=\"_blank\" rel=\"noopener\"><strong>https:\/\/www.instagram.com\/sixth.faith<\/strong><\/a><\/p>\n\n\n\n<h2 class=\"wp-block-heading\">Rub\u00e9n R<\/h2>\n\n\n\n<p>Rub\u00e9n R is part of the OdP (Observatorio del Placer) team, as well as being a great researcher on the topic of failure. He also continues to study with great devotion the different ways of feeling gratitude in the face of the idea of \u200b\u200bloss and the sensation of being lost.<\/p>\n<\/div>\n\n\n\n<div class=\"wp-block-column is-layout-flow wp-block-column-is-layout-flow\" style=\"flex-basis:30%\">\n<figure class=\"wp-block-video\"><video autoplay controls loop muted src=\"https:\/\/observatoriodelplacer.com\/wp-content\/uploads\/Normal_SICKapril.mp4\"><\/video><\/figure>\n\n\n\n<p><\/p>\n\n\n\n<figure class=\"wp-block-image size-large\"><img loading=\"lazy\" decoding=\"async\" width=\"819\" height=\"1024\" src=\"https:\/\/observatoriodelplacer.com\/wp-content\/uploads\/2026\/02\/15-819x1024.png\" alt=\"\" class=\"wp-image-4218\" srcset=\"https:\/\/observatoriodelplacer.com\/wp-content\/uploads\/2026\/02\/15-819x1024.png 819w, https:\/\/observatoriodelplacer.com\/wp-content\/uploads\/2026\/02\/15-240x300.png 240w, https:\/\/observatoriodelplacer.com\/wp-content\/uploads\/2026\/02\/15-768x960.png 768w, https:\/\/observatoriodelplacer.com\/wp-content\/uploads\/2026\/02\/15-10x12.png 10w, https:\/\/observatoriodelplacer.com\/wp-content\/uploads\/2026\/02\/15.png 1080w\" sizes=\"auto, (max-width: 819px) 100vw, 819px\" \/><\/figure>\n\n\n\n<p><\/p>\n\n\n\n<figure class=\"wp-block-image size-large\"><img loading=\"lazy\" decoding=\"async\" width=\"684\" height=\"1024\" src=\"https:\/\/observatoriodelplacer.com\/wp-content\/uploads\/2025\/02\/DSC_0342-2-684x1024.jpg\" alt=\"matilde flor usinger normal sickapril\" class=\"wp-image-3503\" srcset=\"https:\/\/observatoriodelplacer.com\/wp-content\/uploads\/2025\/02\/DSC_0342-2-684x1024.jpg 684w, https:\/\/observatoriodelplacer.com\/wp-content\/uploads\/2025\/02\/DSC_0342-2-200x300.jpg 200w, https:\/\/observatoriodelplacer.com\/wp-content\/uploads\/2025\/02\/DSC_0342-2-768x1150.jpg 768w, https:\/\/observatoriodelplacer.com\/wp-content\/uploads\/2025\/02\/DSC_0342-2-1025x1536.jpg 1025w, https:\/\/observatoriodelplacer.com\/wp-content\/uploads\/2025\/02\/DSC_0342-2-1367x2048.jpg 1367w, https:\/\/observatoriodelplacer.com\/wp-content\/uploads\/2025\/02\/DSC_0342-2-8x12.jpg 8w, https:\/\/observatoriodelplacer.com\/wp-content\/uploads\/2025\/02\/DSC_0342-2-scaled.jpg 1709w\" sizes=\"auto, (max-width: 684px) 100vw, 684px\" \/><figcaption class=\"wp-element-caption\">Matilde Flor Usinger<\/figcaption><\/figure>\n\n\n\n<p><\/p>\n\n\n\n<figure class=\"wp-block-image size-large\"><img loading=\"lazy\" decoding=\"async\" width=\"1024\" height=\"778\" src=\"https:\/\/observatoriodelplacer.com\/wp-content\/uploads\/2024\/06\/\ud835\udc6d\ud835\udc6c-v2-1024x778.png\" alt=\"\" class=\"wp-image-2385\" srcset=\"https:\/\/observatoriodelplacer.com\/wp-content\/uploads\/2024\/06\/\ud835\udc6d\ud835\udc6c-v2-1024x778.png 1024w, https:\/\/observatoriodelplacer.com\/wp-content\/uploads\/2024\/06\/\ud835\udc6d\ud835\udc6c-v2-300x228.png 300w, https:\/\/observatoriodelplacer.com\/wp-content\/uploads\/2024\/06\/\ud835\udc6d\ud835\udc6c-v2-768x584.png 768w, https:\/\/observatoriodelplacer.com\/wp-content\/uploads\/2024\/06\/\ud835\udc6d\ud835\udc6c-v2-1536x1167.png 1536w, https:\/\/observatoriodelplacer.com\/wp-content\/uploads\/2024\/06\/\ud835\udc6d\ud835\udc6c-v2-2048x1556.png 2048w, https:\/\/observatoriodelplacer.com\/wp-content\/uploads\/2024\/06\/\ud835\udc6d\ud835\udc6c-v2-16x12.png 16w\" sizes=\"auto, (max-width: 1024px) 100vw, 1024px\" \/><figcaption class=\"wp-element-caption\">Fe<\/figcaption><\/figure>\n\n\n\n<p><\/p>\n\n\n\n<figure class=\"wp-block-image size-large\"><img loading=\"lazy\" decoding=\"async\" width=\"1024\" height=\"576\" src=\"https:\/\/observatoriodelplacer.com\/wp-content\/uploads\/2024\/06\/WhatsApp-Image-2024-06-01-at-11.52.15-1024x576.jpeg\" alt=\"Ruben R normal residencia art\u00edstica\" class=\"wp-image-2407\" srcset=\"https:\/\/observatoriodelplacer.com\/wp-content\/uploads\/2024\/06\/WhatsApp-Image-2024-06-01-at-11.52.15-1024x576.jpeg 1024w, https:\/\/observatoriodelplacer.com\/wp-content\/uploads\/2024\/06\/WhatsApp-Image-2024-06-01-at-11.52.15-300x169.jpeg 300w, https:\/\/observatoriodelplacer.com\/wp-content\/uploads\/2024\/06\/WhatsApp-Image-2024-06-01-at-11.52.15-768x432.jpeg 768w, https:\/\/observatoriodelplacer.com\/wp-content\/uploads\/2024\/06\/WhatsApp-Image-2024-06-01-at-11.52.15-18x10.jpeg 18w, https:\/\/observatoriodelplacer.com\/wp-content\/uploads\/2024\/06\/WhatsApp-Image-2024-06-01-at-11.52.15.jpeg 1344w\" sizes=\"auto, (max-width: 1024px) 100vw, 1024px\" \/><figcaption class=\"wp-element-caption\">Rub\u00e9n R (imagen de Barranco)<\/figcaption><\/figure>\n<\/div>\n<\/div>\n\n\n\n<div style=\"height:100px\" aria-hidden=\"true\" class=\"wp-block-spacer\"><\/div>\n\n\n\n<figure class=\"wp-block-image size-full\"><img loading=\"lazy\" decoding=\"async\" width=\"100\" height=\"34\" src=\"https:\/\/observatoriodelplacer.com\/wp-content\/uploads\/2024\/08\/logo-3.png\" alt=\"\" class=\"wp-image-2597\" srcset=\"https:\/\/observatoriodelplacer.com\/wp-content\/uploads\/2024\/08\/logo-3.png 100w, https:\/\/observatoriodelplacer.com\/wp-content\/uploads\/2024\/08\/logo-3-18x6.png 18w\" sizes=\"auto, (max-width: 100px) 100vw, 100px\" \/><figcaption class=\"wp-element-caption\">El proyecto de residencias art\u00edsticas OdP 2025 recibe el apoyo del Ayuntamiento de Barcelona.<\/figcaption><\/figure>","protected":false},"excerpt":{"rendered":"<p>_ Grupo de investigaci\u00f3n 14-18 de abril_ Residencia art\u00edstica 21-25 de abril_ Instalaci\u00f3n corporal _ 25 de abril Convocatoria abierta para la 5ta edici\u00f3n de Normal (abril 2025)_ Por Matilde Flor Usinger, Ruben R yJosephine Marquard (GRUPO DE INVESTIGACI\u00d3N) 14-18 de abril de 2025, Barcelona NORMAL es una investigaci\u00f3n en curso sobre la intimidad, cada [&hellip;]<\/p>\n","protected":false},"author":1,"featured_media":0,"parent":0,"menu_order":0,"comment_status":"closed","ping_status":"closed","template":"","meta":{"site-sidebar-layout":"default","site-content-layout":"","ast-site-content-layout":"default","site-content-style":"default","site-sidebar-style":"default","ast-global-header-display":"","ast-banner-title-visibility":"","ast-main-header-display":"","ast-hfb-above-header-display":"","ast-hfb-below-header-display":"","ast-hfb-mobile-header-display":"","site-post-title":"","ast-breadcrumbs-content":"","ast-featured-img":"","footer-sml-layout":"","theme-transparent-header-meta":"","adv-header-id-meta":"","stick-header-meta":"","header-above-stick-meta":"","header-main-stick-meta":"","header-below-stick-meta":"","astra-migrate-meta-layouts":"set","ast-page-background-enabled":"default","ast-page-background-meta":{"desktop":{"background-color":"var(--ast-global-color-4)","background-image":"","background-repeat":"repeat","background-position":"center center","background-size":"auto","background-attachment":"scroll","background-type":"","background-media":"","overlay-type":"","overlay-color":"","overlay-opacity":"","overlay-gradient":""},"tablet":{"background-color":"","background-image":"","background-repeat":"repeat","background-position":"center center","background-size":"auto","background-attachment":"scroll","background-type":"","background-media":"","overlay-type":"","overlay-color":"","overlay-opacity":"","overlay-gradient":""},"mobile":{"background-color":"","background-image":"","background-repeat":"repeat","background-position":"center center","background-size":"auto","background-attachment":"scroll","background-type":"","background-media":"","overlay-type":"","overlay-color":"","overlay-opacity":"","overlay-gradient":""}},"ast-content-background-meta":{"desktop":{"background-color":"var(--ast-global-color-5)","background-image":"","background-repeat":"repeat","background-position":"center center","background-size":"auto","background-attachment":"scroll","background-type":"","background-media":"","overlay-type":"","overlay-color":"","overlay-opacity":"","overlay-gradient":""},"tablet":{"background-color":"var(--ast-global-color-5)","background-image":"","background-repeat":"repeat","background-position":"center center","background-size":"auto","background-attachment":"scroll","background-type":"","background-media":"","overlay-type":"","overlay-color":"","overlay-opacity":"","overlay-gradient":""},"mobile":{"background-color":"var(--ast-global-color-5)","background-image":"","background-repeat":"repeat","background-position":"center center","background-size":"auto","background-attachment":"scroll","background-type":"","background-media":"","overlay-type":"","overlay-color":"","overlay-opacity":"","overlay-gradient":""}},"footnotes":""},"class_list":["post-3457","page","type-page","status-publish","hentry"],"_links":{"self":[{"href":"https:\/\/observatoriodelplacer.com\/en\/wp-json\/wp\/v2\/pages\/3457","targetHints":{"allow":["GET"]}}],"collection":[{"href":"https:\/\/observatoriodelplacer.com\/en\/wp-json\/wp\/v2\/pages"}],"about":[{"href":"https:\/\/observatoriodelplacer.com\/en\/wp-json\/wp\/v2\/types\/page"}],"author":[{"embeddable":true,"href":"https:\/\/observatoriodelplacer.com\/en\/wp-json\/wp\/v2\/users\/1"}],"replies":[{"embeddable":true,"href":"https:\/\/observatoriodelplacer.com\/en\/wp-json\/wp\/v2\/comments?post=3457"}],"version-history":[{"count":23,"href":"https:\/\/observatoriodelplacer.com\/en\/wp-json\/wp\/v2\/pages\/3457\/revisions"}],"predecessor-version":[{"id":4235,"href":"https:\/\/observatoriodelplacer.com\/en\/wp-json\/wp\/v2\/pages\/3457\/revisions\/4235"}],"wp:attachment":[{"href":"https:\/\/observatoriodelplacer.com\/en\/wp-json\/wp\/v2\/media?parent=3457"}],"curies":[{"name":"wp","href":"https:\/\/api.w.org\/{rel}","templated":true}]}}