{"id":3468,"date":"2025-02-20T15:05:01","date_gmt":"2025-02-20T13:05:01","guid":{"rendered":"https:\/\/observatoriodelplacer.com\/?page_id=3468"},"modified":"2026-02-08T12:28:18","modified_gmt":"2026-02-08T10:28:18","slug":"formas-de-abrazar-se","status":"publish","type":"page","link":"https:\/\/observatoriodelplacer.com\/en\/formas-de-abrazar-se\/","title":{"rendered":"Formas de abrazar\/se por Alba Pardo y Marta Vusquets"},"content":{"rendered":"<div class=\"wp-block-columns is-layout-flex wp-container-core-columns-is-layout-28f84493 wp-block-columns-is-layout-flex\">\n<div class=\"wp-block-column is-layout-flow wp-block-column-is-layout-flow\">\n<h5 class=\"wp-block-heading\">_ Residencia art\u00edstica 24-28 marzo<br><a href=\"#muestra\" data-type=\"internal\" data-id=\"#muestra\">_ Muestra 4 abril 19h<\/a><\/h5>\n\n\n\n<p class=\"has-text-align-right\"><em>\u201cY\/o percibo en el hueco de tus pesta\u00f1as tu boca completamente abierta. La m\u00e1s m\u00ednima onda de choque te recorre por completo. No existe en ning\u00fan lugar en tu interior un circuito neutro. Y\/o m\/e poso sobre ti, en ese preciso instante tu composici\u00f3n var\u00eda, tomas forma figura color nuevos, una paseante al regreso de su paseo no te reconocer\u00eda ya. Empujas tu masa hacia el lado opuesto del punto en que m\/is dedos te han rozado.\u201c<\/em><br>Monique Wittig<\/p>\n\n\n\n<p>Portada del \u00a1Hola! de 29 de mayo de 2.024: \u201cLos reyes celebran su aniversario como nunca: las claves de un posado para la historia\u201d. En la foto vemos: un fondo verde, c\u00e9sped. Primer plano de la familia real: en primera fila, sentados, a la izquierda el rey y a la derecha la infanta Sof\u00eda. En segunda fila, de pie, a la izquierda la reina y a la derecha la princesa Leonor. Algo llama nuestra atenci\u00f3n: la mano derecha de Letizia \u00bfse posa? sobre el hombro derecho de Felipe.<br>A trav\u00e9s de este gesto, mientras la realeza performa un n\u00facleo familiar unido, una mano es protagonista del contacto en su m\u00e1s m\u00ednima expresi\u00f3n. A partir de aqu\u00ed, surge una pregunta inicial \u00bfpueden dos cuerpos tocarse sin entrar en contacto? Y a sensu contrario: \u00bfPueden dos cuerpos entrar en contacto sin tocarse?<br>En el marco del concepto abrazo, el proyecto pretende explorar las posibilidades y l\u00edmites que permite esta interacci\u00f3n, desde una multiplicidad de espectro. La propuesta se enmarca dentro de una exploraci\u00f3n de las posibilidades que ofrece la interacci\u00f3n de abrazarse y qu\u00e9 fuerzas se generan y contienen a trav\u00e9s de dicha acci\u00f3n.<\/p>\n\n\n\n<p class=\"has-text-align-right\"><em>\u201cNuestra imaginaci\u00f3n no era inocente.\u201d<\/em> Anne Boyer<\/p>\n\n\n\n<p><strong>PREGUNTAS DE TRABAJO:<\/strong><br>\u00bfD\u00f3nde empieza y termina un cuerpo desde el punto de vista f\u00edsico?<br>\u00bfD\u00f3nde empieza y termina un cuerpo desde el punto de vista energ\u00e9tico?<br>\u00bfQu\u00e9 espacios liminales\/de intercambio existen en el cuerpo?\u2028<br>En relaci\u00f3n con la pregunta anterior, \u00bfqu\u00e9 ecosistemas no humanos los habitan?<br>\u00bfQu\u00e9 papel juegan los lugares de replegamiento en cuanto al contacto y qu\u00e9 posibilidades de encuentro permiten?<br>\u00bfC\u00f3mo se encuentran y des\/encuentran los centros de masas en el proceso de los abrazos?<br>\u00bfCu\u00e1l es el contacto m\u00ednimo requerido para devenir abrazo?<br>\u00bfExiste la posibilidad del abrazo total?<br>\u00bfQu\u00e9 fuerzas se despliegan desde las po\u00e9ticas de la gestualidad del deseo?<\/p>\n\n\n\n<hr class=\"wp-block-separator has-alpha-channel-opacity\"\/>\n<\/div>\n\n\n\n<div class=\"wp-block-column is-layout-flow wp-block-column-is-layout-flow\" style=\"flex-basis:30%\">\n<figure class=\"wp-block-image size-large\"><img loading=\"lazy\" decoding=\"async\" width=\"819\" height=\"1024\" src=\"https:\/\/observatoriodelplacer.com\/wp-content\/uploads\/2026\/02\/21-819x1024.png\" alt=\"\" class=\"wp-image-4224\" srcset=\"https:\/\/observatoriodelplacer.com\/wp-content\/uploads\/2026\/02\/21-819x1024.png 819w, https:\/\/observatoriodelplacer.com\/wp-content\/uploads\/2026\/02\/21-240x300.png 240w, https:\/\/observatoriodelplacer.com\/wp-content\/uploads\/2026\/02\/21-768x960.png 768w, https:\/\/observatoriodelplacer.com\/wp-content\/uploads\/2026\/02\/21-10x12.png 10w, https:\/\/observatoriodelplacer.com\/wp-content\/uploads\/2026\/02\/21.png 1080w\" sizes=\"auto, (max-width: 819px) 100vw, 819px\" \/><\/figure>\n\n\n\n<p><\/p>\n<\/div>\n<\/div>\n\n\n\n<div class=\"wp-block-columns is-layout-flex wp-container-core-columns-is-layout-28f84493 wp-block-columns-is-layout-flex\">\n<div class=\"wp-block-column is-layout-flow wp-block-column-is-layout-flow\">\n<h5 class=\"wp-block-heading\" id=\"muestra\">_ Muestra _ 4 abril 19h<\/h5>\n\n\n\n<p>Exploraciones corporales y energ\u00e9ticas perform\u00e1ticas sobre las posibilidades y l\u00edmites del contacto, del no contacto y del formato abrazo.<\/p>\n\n\n\n<p><strong>Colaboraci\u00f3n sugerida&nbsp;15\u20ac<br>o&nbsp;<\/strong>Variable depending on your current situation. 10-30\u20ac<br><a href=\"https:\/\/observatoriodelplacer.com\/en\/colaboracion-variable\/\"><strong>See information about variable collaboration<\/strong><\/a><\/p>\n\n\n\n<p><strong>REGISTER THROUGH THIS LINK:<\/strong><\/p>\n\n\n\n<p><a href=\"https:\/\/forms.gle\/WfQnqHdfJAe325yX8\" target=\"_blank\" rel=\"noopener\"><strong>https:\/\/forms.gle\/WfQnqHdfJAe325yX8<\/strong><\/a><\/p>\n\n\n\n<p class=\"has-ast-global-color-5-color has-text-color has-background\" style=\"background-color:#ff5050\"><strong><strong><strong><strong><strong><em>*** We do not want anyone to be left out of the activities due to economic issues, if this is your case, let us know.<br><\/em>Likewise, Observatorio del Placer is a project in formation, if you want to support the space and the artists with a larger collaboration, it will also be welcome.<\/strong><\/strong><\/strong><\/strong><\/strong><\/p>\n\n\n\n<hr class=\"wp-block-separator has-alpha-channel-opacity\"\/>\n<\/div>\n\n\n\n<div class=\"wp-block-column is-layout-flow wp-block-column-is-layout-flow\" style=\"flex-basis:30%\">\n<figure class=\"wp-block-image size-large\"><img loading=\"lazy\" decoding=\"async\" width=\"819\" height=\"1024\" src=\"https:\/\/observatoriodelplacer.com\/wp-content\/uploads\/2026\/02\/22-819x1024.png\" alt=\"\" class=\"wp-image-4225\" srcset=\"https:\/\/observatoriodelplacer.com\/wp-content\/uploads\/2026\/02\/22-819x1024.png 819w, https:\/\/observatoriodelplacer.com\/wp-content\/uploads\/2026\/02\/22-240x300.png 240w, https:\/\/observatoriodelplacer.com\/wp-content\/uploads\/2026\/02\/22-768x960.png 768w, https:\/\/observatoriodelplacer.com\/wp-content\/uploads\/2026\/02\/22-10x12.png 10w, https:\/\/observatoriodelplacer.com\/wp-content\/uploads\/2026\/02\/22.png 1080w\" sizes=\"auto, (max-width: 819px) 100vw, 819px\" \/><\/figure>\n\n\n\n<p><\/p>\n<\/div>\n<\/div>\n\n\n\n<div class=\"wp-block-columns is-layout-flex wp-container-core-columns-is-layout-28f84493 wp-block-columns-is-layout-flex\">\n<div class=\"wp-block-column is-layout-flow wp-block-column-is-layout-flow\">\n<h2 class=\"wp-block-heading\"><strong>ALBA PARDO<\/strong><\/h2>\n\n\n\n<p>Exparte del en su d\u00eda colectivo Guerrilla Travolaka. Activista lesbotransfeminista. Exploraciones sobre pedagog\u00edas matem\u00e1ticas desde una perspectiva antiracista y acuerpada. Reflexionar desde el cuerpo. Danzante amateur.<\/p>\n<\/div>\n\n\n\n<div class=\"wp-block-column is-layout-flow wp-block-column-is-layout-flow\" style=\"flex-basis:30%\">\n<figure class=\"wp-block-image size-full\"><img loading=\"lazy\" decoding=\"async\" width=\"1920\" height=\"2560\" src=\"https:\/\/observatoriodelplacer.com\/wp-content\/uploads\/2025\/02\/WhatsApp-Image-2025-02-15-at-19.12.20-1-scaled.jpeg\" alt=\"Residencia art\u00edstica Formas de abrazar\/se por Alba Pardo y Marta Vusquets\" class=\"wp-image-3471\" srcset=\"https:\/\/observatoriodelplacer.com\/wp-content\/uploads\/2025\/02\/WhatsApp-Image-2025-02-15-at-19.12.20-1-scaled.jpeg 1920w, https:\/\/observatoriodelplacer.com\/wp-content\/uploads\/2025\/02\/WhatsApp-Image-2025-02-15-at-19.12.20-1-225x300.jpeg 225w, https:\/\/observatoriodelplacer.com\/wp-content\/uploads\/2025\/02\/WhatsApp-Image-2025-02-15-at-19.12.20-1-768x1024.jpeg 768w, https:\/\/observatoriodelplacer.com\/wp-content\/uploads\/2025\/02\/WhatsApp-Image-2025-02-15-at-19.12.20-1-1152x1536.jpeg 1152w, https:\/\/observatoriodelplacer.com\/wp-content\/uploads\/2025\/02\/WhatsApp-Image-2025-02-15-at-19.12.20-1-1536x2048.jpeg 1536w, https:\/\/observatoriodelplacer.com\/wp-content\/uploads\/2025\/02\/WhatsApp-Image-2025-02-15-at-19.12.20-1-9x12.jpeg 9w\" sizes=\"auto, (max-width: 1920px) 100vw, 1920px\" \/><\/figure>\n\n\n\n<p><\/p>\n<\/div>\n<\/div>\n\n\n\n<div class=\"wp-block-columns is-layout-flex wp-container-core-columns-is-layout-28f84493 wp-block-columns-is-layout-flex\">\n<div class=\"wp-block-column is-layout-flow wp-block-column-is-layout-flow\">\n<h2 class=\"wp-block-heading\"><strong><strong>MARTA VUSQUETS<\/strong><\/strong><\/h2>\n\n\n\n<p>(Barcelona, 1987) (ella)<\/p>\n\n\n\n<p class=\"has-text-align-right\"><em>\u201cVenid a buscarme en los lugares todav\u00eda tiernos\u201d<\/em><\/p>\n\n\n\n<p>Experiencias humanas desde la poes\u00eda y el misterio. Deseo como potencia. Marcos corporales, afectivos y emocionales: m\u00e1s all\u00e1 de lo verbal y de lo racional. Amabilidad como pr\u00e1ctica pol\u00edtica. Disidencias sexuales. Mamarracha incombustible atra\u00edda hacia las cosas que brillan.<\/p>\n\n\n\n<p>Abierta a cualquier formato que permita preguntar, entrar en di\u00e1logos y exploraciones. Desaf\u00edo a las identidades asignadas mediante el desbordamiento constante entre lo que deber ser y lo que es. \u00bfQu\u00e9 marcos corporales y emocionales nos permiten so\u00f1ar y construir nuestras vidas tanto individualmente como en colectivo?<\/p>\n\n\n\n<p>Lesbotransfeminismo. Antiespecismo. Miembra de la colectiva Bolleras al vapor. Autora del poemario \u201cEn el reino de las gatas\u201d con Editorial Lastura (2.023).<br>So\u00f1ando con un mundo libre de toda autoridad y din\u00e1mica de opresi\u00f3n.<\/p>\n\n\n\n<p><a href=\"https:\/\/www.mvusquets.com\/\" target=\"_blank\" rel=\"noopener\"><strong>www.mvusquets.com<\/strong><\/a><\/p>\n<\/div>\n\n\n\n<div class=\"wp-block-column is-layout-flow wp-block-column-is-layout-flow\" style=\"flex-basis:30%\">\n<figure class=\"wp-block-image size-large\"><img loading=\"lazy\" decoding=\"async\" width=\"1024\" height=\"684\" src=\"https:\/\/observatoriodelplacer.com\/wp-content\/uploads\/2025\/02\/MARTABUSQUETS-97-1024x684.jpg\" alt=\"Residencia art\u00edstica Formas de abrazar\/se por Alba Pardo y Marta Vusquets\" class=\"wp-image-3477\" srcset=\"https:\/\/observatoriodelplacer.com\/wp-content\/uploads\/2025\/02\/MARTABUSQUETS-97-1024x684.jpg 1024w, https:\/\/observatoriodelplacer.com\/wp-content\/uploads\/2025\/02\/MARTABUSQUETS-97-300x200.jpg 300w, https:\/\/observatoriodelplacer.com\/wp-content\/uploads\/2025\/02\/MARTABUSQUETS-97-768x513.jpg 768w, https:\/\/observatoriodelplacer.com\/wp-content\/uploads\/2025\/02\/MARTABUSQUETS-97-1536x1026.jpg 1536w, https:\/\/observatoriodelplacer.com\/wp-content\/uploads\/2025\/02\/MARTABUSQUETS-97-2048x1368.jpg 2048w, https:\/\/observatoriodelplacer.com\/wp-content\/uploads\/2025\/02\/MARTABUSQUETS-97-18x12.jpg 18w\" sizes=\"auto, (max-width: 1024px) 100vw, 1024px\" \/><\/figure>\n<\/div>\n<\/div>\n\n\n\n<div style=\"height:100px\" aria-hidden=\"true\" class=\"wp-block-spacer\"><\/div>\n\n\n\n<figure class=\"wp-block-image size-full\"><img loading=\"lazy\" decoding=\"async\" width=\"100\" height=\"34\" src=\"https:\/\/observatoriodelplacer.com\/wp-content\/uploads\/2024\/08\/logo-3.png\" alt=\"\" class=\"wp-image-2597\" srcset=\"https:\/\/observatoriodelplacer.com\/wp-content\/uploads\/2024\/08\/logo-3.png 100w, https:\/\/observatoriodelplacer.com\/wp-content\/uploads\/2024\/08\/logo-3-18x6.png 18w\" sizes=\"auto, (max-width: 100px) 100vw, 100px\" \/><figcaption class=\"wp-element-caption\">El proyecto de residencias art\u00edsticas OdP 2025 recibe el apoyo del Ayuntamiento de Barcelona.<\/figcaption><\/figure>","protected":false},"excerpt":{"rendered":"<p>_ Residencia art\u00edstica 24-28 marzo_ Muestra 4 abril 19h \u201cY\/o percibo en el hueco de tus pesta\u00f1as tu boca completamente abierta. La m\u00e1s m\u00ednima onda de choque te recorre por completo. No existe en ning\u00fan lugar en tu interior un circuito neutro. Y\/o m\/e poso sobre ti, en ese preciso instante tu composici\u00f3n var\u00eda, tomas [&hellip;]<\/p>\n","protected":false},"author":1,"featured_media":0,"parent":0,"menu_order":0,"comment_status":"closed","ping_status":"closed","template":"","meta":{"site-sidebar-layout":"default","site-content-layout":"","ast-site-content-layout":"default","site-content-style":"default","site-sidebar-style":"default","ast-global-header-display":"","ast-banner-title-visibility":"","ast-main-header-display":"","ast-hfb-above-header-display":"","ast-hfb-below-header-display":"","ast-hfb-mobile-header-display":"","site-post-title":"","ast-breadcrumbs-content":"","ast-featured-img":"","footer-sml-layout":"","theme-transparent-header-meta":"","adv-header-id-meta":"","stick-header-meta":"","header-above-stick-meta":"","header-main-stick-meta":"","header-below-stick-meta":"","astra-migrate-meta-layouts":"set","ast-page-background-enabled":"default","ast-page-background-meta":{"desktop":{"background-color":"var(--ast-global-color-4)","background-image":"","background-repeat":"repeat","background-position":"center center","background-size":"auto","background-attachment":"scroll","background-type":"","background-media":"","overlay-type":"","overlay-color":"","overlay-opacity":"","overlay-gradient":""},"tablet":{"background-color":"","background-image":"","background-repeat":"repeat","background-position":"center center","background-size":"auto","background-attachment":"scroll","background-type":"","background-media":"","overlay-type":"","overlay-color":"","overlay-opacity":"","overlay-gradient":""},"mobile":{"background-color":"","background-image":"","background-repeat":"repeat","background-position":"center center","background-size":"auto","background-attachment":"scroll","background-type":"","background-media":"","overlay-type":"","overlay-color":"","overlay-opacity":"","overlay-gradient":""}},"ast-content-background-meta":{"desktop":{"background-color":"var(--ast-global-color-5)","background-image":"","background-repeat":"repeat","background-position":"center center","background-size":"auto","background-attachment":"scroll","background-type":"","background-media":"","overlay-type":"","overlay-color":"","overlay-opacity":"","overlay-gradient":""},"tablet":{"background-color":"var(--ast-global-color-5)","background-image":"","background-repeat":"repeat","background-position":"center center","background-size":"auto","background-attachment":"scroll","background-type":"","background-media":"","overlay-type":"","overlay-color":"","overlay-opacity":"","overlay-gradient":""},"mobile":{"background-color":"var(--ast-global-color-5)","background-image":"","background-repeat":"repeat","background-position":"center center","background-size":"auto","background-attachment":"scroll","background-type":"","background-media":"","overlay-type":"","overlay-color":"","overlay-opacity":"","overlay-gradient":""}},"footnotes":""},"class_list":["post-3468","page","type-page","status-publish","hentry"],"_links":{"self":[{"href":"https:\/\/observatoriodelplacer.com\/en\/wp-json\/wp\/v2\/pages\/3468","targetHints":{"allow":["GET"]}}],"collection":[{"href":"https:\/\/observatoriodelplacer.com\/en\/wp-json\/wp\/v2\/pages"}],"about":[{"href":"https:\/\/observatoriodelplacer.com\/en\/wp-json\/wp\/v2\/types\/page"}],"author":[{"embeddable":true,"href":"https:\/\/observatoriodelplacer.com\/en\/wp-json\/wp\/v2\/users\/1"}],"replies":[{"embeddable":true,"href":"https:\/\/observatoriodelplacer.com\/en\/wp-json\/wp\/v2\/comments?post=3468"}],"version-history":[{"count":21,"href":"https:\/\/observatoriodelplacer.com\/en\/wp-json\/wp\/v2\/pages\/3468\/revisions"}],"predecessor-version":[{"id":4237,"href":"https:\/\/observatoriodelplacer.com\/en\/wp-json\/wp\/v2\/pages\/3468\/revisions\/4237"}],"wp:attachment":[{"href":"https:\/\/observatoriodelplacer.com\/en\/wp-json\/wp\/v2\/media?parent=3468"}],"curies":[{"name":"wp","href":"https:\/\/api.w.org\/{rel}","templated":true}]}}