{"id":3560,"date":"2025-03-03T14:11:39","date_gmt":"2025-03-03T12:11:39","guid":{"rendered":"https:\/\/observatoriodelplacer.com\/?page_id=3560"},"modified":"2026-02-08T12:27:49","modified_gmt":"2026-02-08T10:27:49","slug":"snails-por-inigo-laudio-y-matilde-flor","status":"publish","type":"page","link":"https:\/\/observatoriodelplacer.com\/en\/snails-por-inigo-laudio-y-matilde-flor\/","title":{"rendered":"Snails por \u00cd\u00f1igo Laudio y Matilde Flor"},"content":{"rendered":"<div class=\"wp-block-columns is-layout-flex wp-container-core-columns-is-layout-28f84493 wp-block-columns-is-layout-flex\">\n<div class=\"wp-block-column is-layout-flow wp-block-column-is-layout-flow\">\n<h5 class=\"wp-block-heading\">_ Residencia Snails _ 31 mar &#8211; 4 abr 2025<br><a href=\"https:\/\/observatoriodelplacer.com\/en\/snails-por-inigo-laudio-y-matilde-flor\/#perfo\" data-type=\"page\" data-id=\"3560\">_ Performance _ 6 de abril<\/a><\/h5>\n\n\n\n<p class=\"has-text-align-right\"><em>Can prejudice condemn dissident bodies and identities? Can you desire what you don't see? What is the limit of the game? Do you know it? Do you think a look is enough to understand a person?<\/em><\/p>\n\n\n\n<p>Matilde Flor Usinger &amp; \u00cd\u00f1igo Laudio have been exploring these questions for a week at Observatorio del Placer. We would be happy to invite you to a showing of our work.<\/p>\n\n\n\n<h5 class=\"wp-block-heading\" id=\"perfo\"><strong>Snails &#8211; PERFORMANCE<\/strong><\/h5>\n\n\n\n<p>Go through a movement that leads to exploration. Savor the slowness, Savor the essence of the bodies.... Make room for curiosity...morbid curiosity...full of contradictions... Display the range of the bizarre including prohibited bodies, unnameable identities. Eroticize disability in my imagination..., illness? filia?problem? Or have it in front of you... Exists? I cannot desire that which does not exist...that which is hidden. What I don't see, what I don't touch...<\/p>\n\n\n\n<p><em>En el evento habr\u00e1 una persona que podr\u00e1 acompa\u00f1ar a las personas que tengan alguna necesidad de asistencia.<\/em><\/p>\n\n\n\n<p><strong><strong><em>Performance &gt;&gt; domingo 6 de abril, 19h.<\/em><br>Colaboraci\u00f3n experiencia 15\u20ac<\/strong><\/strong><br>Variable collaboration depending on your current situation. 10-30\u20ac<br><a href=\"https:\/\/observatoriodelplacer.com\/en\/colaboracion-variable\/\"><strong>Consult information about variable collaboration<\/strong><\/a><\/p>\n\n\n\n<p class=\"has-ast-global-color-5-color has-text-color has-background\" style=\"background-color:#ff5050\"><strong><strong><strong><strong><strong><em>*** We do not want anyone to be left out of the activities due to economic issues, if this is your case, let us know.<br><\/em>Likewise, Observatorio del Placer is a project in formation, if you want to support us with greater collaboration, it will also be welcome.<\/strong><\/strong><\/strong><\/strong><\/strong><\/p>\n\n\n\n<div class=\"wp-block-columns is-layout-flex wp-container-core-columns-is-layout-28f84493 wp-block-columns-is-layout-flex\">\n<div class=\"wp-block-column is-layout-flow wp-block-column-is-layout-flow\" style=\"flex-basis:60%\">\n<p><strong>MAKE YOUR REGISTRATION THROUGH THIS LINK<\/strong><\/p>\n\n\n\n<p><a href=\"https:\/\/forms.gle\/HribFDRLTqNDRnit8\" target=\"_blank\" rel=\"noopener\"><strong>https:\/\/forms.gle\/HribFDRLTqNDRnit8<\/strong><\/a><\/p>\n<\/div>\n\n\n\n<div class=\"wp-block-column is-layout-flow wp-block-column-is-layout-flow\" style=\"flex-basis:40%\">\n<figure class=\"wp-block-image size-large\"><img loading=\"lazy\" decoding=\"async\" width=\"1080\" height=\"1350\" src=\"https:\/\/observatoriodelplacer.com\/wp-content\/uploads\/2026\/02\/24-819x1024.png\" alt=\"\" class=\"wp-image-4227\" srcset=\"https:\/\/observatoriodelplacer.com\/wp-content\/uploads\/2026\/02\/24-819x1024.png 819w, https:\/\/observatoriodelplacer.com\/wp-content\/uploads\/2026\/02\/24-240x300.png 240w, https:\/\/observatoriodelplacer.com\/wp-content\/uploads\/2026\/02\/24-768x960.png 768w, https:\/\/observatoriodelplacer.com\/wp-content\/uploads\/2026\/02\/24-10x12.png 10w, https:\/\/observatoriodelplacer.com\/wp-content\/uploads\/2026\/02\/24.png 1080w\" sizes=\"auto, (max-width: 1080px) 100vw, 1080px\" \/><\/figure>\n<\/div>\n<\/div>\n\n\n\n<hr class=\"wp-block-separator has-alpha-channel-opacity\"\/>\n\n\n\n<h2 class=\"wp-block-heading\">\u00cd\u00f1igo Mart\u00ednez Sagastiz\u00e1bal<\/h2>\n\n\n\n<p>\u00cd\u00f1igo Mart\u00ednez Sagastiz\u00e1bal, \u00cd\u00f1igo Laudio, as his stage name, is a multidisciplinary artist of Basque origin who has lived in Barcelona for 9 years.<\/p>\n\n\n\n<p>His performance works, interpretation or dance, are aimed at making visible the art and the truth of the reality of people with disabilities, which he himself is affected by.<\/p>\n\n\n\n<p>Using these artistic tools, he tries to break prejudices and stereotypes about people affected by different disability situations.<\/p>\n\n\n\n<p>Two years as a performing dancer in a company in Barcelona, \u200b\u200ba year and a half as a performing dancer also in Leipzig (Germany), main protagonist in two films, a theater actor and the editing of a book make up his career so far.<\/p>\n\n\n\n<p>All this information on the web: www.i\u00f1igolaudio.es <a href=\"http:\/\/www.i\u00f1igolaudio.es\" target=\"_blank\" rel=\"noopener\">www.i\u00f1igolaudio.es<\/a><\/p>\n\n\n\n<h2 class=\"wp-block-heading\">Matilde Flor Usinger<\/h2>\n\n\n\n<p>Matilde aims to embody academic intersectional feminism, challenging societal structures. She integrates knowledge into the body, exploring themes such as sexuality, feminism, world order, gender, and white body supremacy. Her focus extends to the exploration of intimacy, connecting with others on emotional, intellectual, physical, and spiritual levels. She believes that embracing vulnerability empowers deeper, authentic connections, enhancing personal growth and relationships.<\/p>\n<\/div>\n\n\n\n<div class=\"wp-block-column is-layout-flow wp-block-column-is-layout-flow\" style=\"flex-basis:30%\">\n<figure class=\"wp-block-image size-large\"><img loading=\"lazy\" decoding=\"async\" width=\"819\" height=\"1024\" src=\"https:\/\/observatoriodelplacer.com\/wp-content\/uploads\/2026\/02\/23-819x1024.png\" alt=\"\" class=\"wp-image-4226\" srcset=\"https:\/\/observatoriodelplacer.com\/wp-content\/uploads\/2026\/02\/23-819x1024.png 819w, https:\/\/observatoriodelplacer.com\/wp-content\/uploads\/2026\/02\/23-240x300.png 240w, https:\/\/observatoriodelplacer.com\/wp-content\/uploads\/2026\/02\/23-768x960.png 768w, https:\/\/observatoriodelplacer.com\/wp-content\/uploads\/2026\/02\/23-10x12.png 10w, https:\/\/observatoriodelplacer.com\/wp-content\/uploads\/2026\/02\/23.png 1080w\" sizes=\"auto, (max-width: 819px) 100vw, 819px\" \/><\/figure>\n\n\n\n<p>SNAILS, a need to shape and visualise the desire, that people with disabilities are denied, through the normative prejudice that imply that we transmit a forced asexuality &#8211; I\u00f1igo Laudio<\/p>\n\n\n\n<figure class=\"wp-block-image size-large\"><img loading=\"lazy\" decoding=\"async\" width=\"1024\" height=\"769\" src=\"https:\/\/observatoriodelplacer.com\/wp-content\/uploads\/2024\/09\/WhatsApp-Image-2024-07-17-at-08.46.391-1024x769.jpeg\" alt=\"bizarre snails\" class=\"wp-image-2719\" srcset=\"https:\/\/observatoriodelplacer.com\/wp-content\/uploads\/2024\/09\/WhatsApp-Image-2024-07-17-at-08.46.391-1024x769.jpeg 1024w, https:\/\/observatoriodelplacer.com\/wp-content\/uploads\/2024\/09\/WhatsApp-Image-2024-07-17-at-08.46.391-300x225.jpeg 300w, https:\/\/observatoriodelplacer.com\/wp-content\/uploads\/2024\/09\/WhatsApp-Image-2024-07-17-at-08.46.391-768x576.jpeg 768w, https:\/\/observatoriodelplacer.com\/wp-content\/uploads\/2024\/09\/WhatsApp-Image-2024-07-17-at-08.46.391-1536x1153.jpeg 1536w, https:\/\/observatoriodelplacer.com\/wp-content\/uploads\/2024\/09\/WhatsApp-Image-2024-07-17-at-08.46.391-16x12.jpeg 16w, https:\/\/observatoriodelplacer.com\/wp-content\/uploads\/2024\/09\/WhatsApp-Image-2024-07-17-at-08.46.391.jpeg 2048w\" sizes=\"auto, (max-width: 1024px) 100vw, 1024px\" \/><\/figure>\n\n\n\n<p><\/p>\n\n\n\n<figure class=\"wp-block-image size-full\"><img loading=\"lazy\" decoding=\"async\" width=\"1600\" height=\"1066\" src=\"https:\/\/observatoriodelplacer.com\/wp-content\/uploads\/2024\/07\/WhatsApp-Image-2024-07-05-at-19.53.05.jpeg\" alt=\"\" class=\"wp-image-2518\" srcset=\"https:\/\/observatoriodelplacer.com\/wp-content\/uploads\/2024\/07\/WhatsApp-Image-2024-07-05-at-19.53.05.jpeg 1600w, https:\/\/observatoriodelplacer.com\/wp-content\/uploads\/2024\/07\/WhatsApp-Image-2024-07-05-at-19.53.05-300x200.jpeg 300w, https:\/\/observatoriodelplacer.com\/wp-content\/uploads\/2024\/07\/WhatsApp-Image-2024-07-05-at-19.53.05-1024x682.jpeg 1024w, https:\/\/observatoriodelplacer.com\/wp-content\/uploads\/2024\/07\/WhatsApp-Image-2024-07-05-at-19.53.05-768x512.jpeg 768w, https:\/\/observatoriodelplacer.com\/wp-content\/uploads\/2024\/07\/WhatsApp-Image-2024-07-05-at-19.53.05-1536x1023.jpeg 1536w, https:\/\/observatoriodelplacer.com\/wp-content\/uploads\/2024\/07\/WhatsApp-Image-2024-07-05-at-19.53.05-18x12.jpeg 18w\" sizes=\"auto, (max-width: 1600px) 100vw, 1600px\" \/><\/figure>\n\n\n\n<p><\/p>\n\n\n\n<figure class=\"wp-block-image size-large\"><img loading=\"lazy\" decoding=\"async\" width=\"768\" height=\"1024\" src=\"https:\/\/observatoriodelplacer.com\/wp-content\/uploads\/2024\/07\/matilde-768x1024.jpg\" alt=\"\" class=\"wp-image-2507\" srcset=\"https:\/\/observatoriodelplacer.com\/wp-content\/uploads\/2024\/07\/matilde-768x1024.jpg 768w, https:\/\/observatoriodelplacer.com\/wp-content\/uploads\/2024\/07\/matilde-225x300.jpg 225w, https:\/\/observatoriodelplacer.com\/wp-content\/uploads\/2024\/07\/matilde-9x12.jpg 9w, https:\/\/observatoriodelplacer.com\/wp-content\/uploads\/2024\/07\/matilde.jpg 960w\" sizes=\"auto, (max-width: 768px) 100vw, 768px\" \/><\/figure>\n<\/div>\n<\/div>\n\n\n\n<div style=\"height:100px\" aria-hidden=\"true\" class=\"wp-block-spacer\"><\/div>\n\n\n\n<figure class=\"wp-block-image size-full\"><img loading=\"lazy\" decoding=\"async\" width=\"100\" height=\"34\" src=\"https:\/\/observatoriodelplacer.com\/wp-content\/uploads\/2024\/08\/logo-3.png\" alt=\"\" class=\"wp-image-2597\" srcset=\"https:\/\/observatoriodelplacer.com\/wp-content\/uploads\/2024\/08\/logo-3.png 100w, https:\/\/observatoriodelplacer.com\/wp-content\/uploads\/2024\/08\/logo-3-18x6.png 18w\" sizes=\"auto, (max-width: 100px) 100vw, 100px\" \/><figcaption class=\"wp-element-caption\">El proyecto de residencias art\u00edsticas OdP 2025 recibe el apoyo del Ayuntamiento de Barcelona.<\/figcaption><\/figure>","protected":false},"excerpt":{"rendered":"<p>_ Residencia Snails _ 31 mar &#8211; 4 abr 2025_ Performance _ 6 de abril \u00bfPuede el prejuicio condenar cuerpos e identidades disidentes? \u00bfSe puede desear lo que no se ve? \u00bfCu\u00e1l es el l\u00edmite del juego? \u00bfLo conoces? \u00bfCrees que basta una mirada para entender a una persona? Matilde Flor Usinger e \u00cd\u00f1igo Laudio [&hellip;]<\/p>\n","protected":false},"author":1,"featured_media":0,"parent":0,"menu_order":0,"comment_status":"closed","ping_status":"closed","template":"","meta":{"site-sidebar-layout":"default","site-content-layout":"","ast-site-content-layout":"default","site-content-style":"default","site-sidebar-style":"default","ast-global-header-display":"","ast-banner-title-visibility":"","ast-main-header-display":"","ast-hfb-above-header-display":"","ast-hfb-below-header-display":"","ast-hfb-mobile-header-display":"","site-post-title":"","ast-breadcrumbs-content":"","ast-featured-img":"","footer-sml-layout":"","theme-transparent-header-meta":"","adv-header-id-meta":"","stick-header-meta":"","header-above-stick-meta":"","header-main-stick-meta":"","header-below-stick-meta":"","astra-migrate-meta-layouts":"set","ast-page-background-enabled":"default","ast-page-background-meta":{"desktop":{"background-color":"var(--ast-global-color-4)","background-image":"","background-repeat":"repeat","background-position":"center center","background-size":"auto","background-attachment":"scroll","background-type":"","background-media":"","overlay-type":"","overlay-color":"","overlay-opacity":"","overlay-gradient":""},"tablet":{"background-color":"","background-image":"","background-repeat":"repeat","background-position":"center center","background-size":"auto","background-attachment":"scroll","background-type":"","background-media":"","overlay-type":"","overlay-color":"","overlay-opacity":"","overlay-gradient":""},"mobile":{"background-color":"","background-image":"","background-repeat":"repeat","background-position":"center center","background-size":"auto","background-attachment":"scroll","background-type":"","background-media":"","overlay-type":"","overlay-color":"","overlay-opacity":"","overlay-gradient":""}},"ast-content-background-meta":{"desktop":{"background-color":"var(--ast-global-color-5)","background-image":"","background-repeat":"repeat","background-position":"center center","background-size":"auto","background-attachment":"scroll","background-type":"","background-media":"","overlay-type":"","overlay-color":"","overlay-opacity":"","overlay-gradient":""},"tablet":{"background-color":"var(--ast-global-color-5)","background-image":"","background-repeat":"repeat","background-position":"center center","background-size":"auto","background-attachment":"scroll","background-type":"","background-media":"","overlay-type":"","overlay-color":"","overlay-opacity":"","overlay-gradient":""},"mobile":{"background-color":"var(--ast-global-color-5)","background-image":"","background-repeat":"repeat","background-position":"center center","background-size":"auto","background-attachment":"scroll","background-type":"","background-media":"","overlay-type":"","overlay-color":"","overlay-opacity":"","overlay-gradient":""}},"footnotes":""},"class_list":["post-3560","page","type-page","status-publish","hentry"],"_links":{"self":[{"href":"https:\/\/observatoriodelplacer.com\/en\/wp-json\/wp\/v2\/pages\/3560","targetHints":{"allow":["GET"]}}],"collection":[{"href":"https:\/\/observatoriodelplacer.com\/en\/wp-json\/wp\/v2\/pages"}],"about":[{"href":"https:\/\/observatoriodelplacer.com\/en\/wp-json\/wp\/v2\/types\/page"}],"author":[{"embeddable":true,"href":"https:\/\/observatoriodelplacer.com\/en\/wp-json\/wp\/v2\/users\/1"}],"replies":[{"embeddable":true,"href":"https:\/\/observatoriodelplacer.com\/en\/wp-json\/wp\/v2\/comments?post=3560"}],"version-history":[{"count":16,"href":"https:\/\/observatoriodelplacer.com\/en\/wp-json\/wp\/v2\/pages\/3560\/revisions"}],"predecessor-version":[{"id":4236,"href":"https:\/\/observatoriodelplacer.com\/en\/wp-json\/wp\/v2\/pages\/3560\/revisions\/4236"}],"wp:attachment":[{"href":"https:\/\/observatoriodelplacer.com\/en\/wp-json\/wp\/v2\/media?parent=3560"}],"curies":[{"name":"wp","href":"https:\/\/api.w.org\/{rel}","templated":true}]}}