{"id":385,"date":"2022-08-29T10:28:30","date_gmt":"2022-08-29T08:28:30","guid":{"rendered":"https:\/\/observatoriodelplacer.com\/?page_id=385"},"modified":"2022-09-01T13:39:18","modified_gmt":"2022-09-01T11:39:18","slug":"tecnologia-relacional","status":"publish","type":"page","link":"https:\/\/observatoriodelplacer.com\/en\/tecnologia-relacional\/","title":{"rendered":"Tecnolog\u00eda Relacional"},"content":{"rendered":"<div class=\"wp-block-columns is-layout-flex wp-container-core-columns-is-layout-28f84493 wp-block-columns-is-layout-flex\">\n<div class=\"wp-block-column is-layout-flow wp-block-column-is-layout-flow\">\n<p><strong>17 Sept. 16 &#8211; 22h<\/strong> (info in english below)<\/p>\n\n\n\n<p><em>Facilitadores: Il Ruh de Observatorio del Placer (Barcelona)<\/em><\/p>\n\n\n\n<p class=\"has-text-align-right\"><em>\u00abLas personas, las relaciones y los problemas sociales pueden entenderse bajo la forma de una mara\u00f1a. Nos aporta una mirada poli\u00e9drica necesaria para acercarnos a procesos que no son un\u00edvocos, nunca hay una sola raz\u00f3n que constituya un problema.\u00bb<br>Lucas Platero Mendez<\/em><\/p>\n\n\n\n<p>\u00bfTe has parado a sentir como te est\u00e1s relacionando en este momento? \u00bfC\u00f3mo te estas relacionando con la parte de ti que no puedes ver? \u00bfC\u00f3mo te relacionas con la otredad? \u00bfCon lo mas que humano? \u00bfTe sientes un ser acoplante o dominante?<\/p>\n\n\n\n<p>Mediante diferentes ejercicios investigaremos, primero desde lo individual, hacia las posibilidades que nos ofrecen no solo otros cuerpos diferentes a los nuestros sino tambi\u00e9n las posibilidades del propio espacio e incluso de lo invisible. Indagaremos en los diferentes sistemas desde donde nos relacionamos y cuestionaremos esos mismos sistemas para quiz\u00e1s encontrar nuevas conexiones en nosotrxs mismxs.<\/p>\n\n\n\n<p>La invitaci\u00f3n es sencilla. Perd\u00e1monos juntxs y desde ah\u00ed posemos nuestra atenci\u00f3n en las preguntas que surgen y, sin prisas, no busquemos respuestas, escuchemos. Una propuesta invitando a la sexualidad. Una propuesta donde lo humano no sea necesariamente el eje de la experimentaci\u00f3n. \u00bfun lugar donde sugerir crea ecos inimaginables?<\/p>\n\n\n\n<p>Il Ruh forma parte del equipo que genera observatorio del placer y tambi\u00e9n colabora con la plataforma <a href=\"https:\/\/sexschoolhub.com\/\" data-type=\"URL\" data-id=\"https:\/\/sexschoolhub.com\/\" target=\"_blank\" rel=\"noreferrer noopener\">Sex School<\/a> compartiendo talleres sobre sexualidad junto a Anarel.la Martinez.<\/p>\n\n\n\n<p>_<\/p>\n\n\n\n<p><strong>Colaboraci\u00f3n Taller<\/strong><br>50\u20ac hasta el 10 de septiembre despu\u00e9s 60\u20ac.<br>16 -22h<\/p>\n\n\n\n<p>MAKE YOUR REGISTRATION THROUGH THIS LINK <a href=\"https:\/\/forms.gle\/TD3qi9aiKUYr66ty9\" target=\"_blank\" rel=\"noreferrer noopener\">https:\/\/forms.gle\/TD3qi9aiKUYr66ty9<\/a><\/p>\n\n\n\n<p><br>\/\/\/<\/p>\n\n\n\n<h4 class=\"wp-block-heading\">Relational Technology<\/h4>\n\n\n\n<p><strong>Sept. 17th. 16 &#8211; 22h<\/strong><\/p>\n\n\n\n<p class=\"has-text-align-right\"><em>People, relationships and social problems can be understood in the form of a tangle. It gives us a polyhedral perspective necessary to approach processes that are not univocal, there is never a single reason that constitutes a problem.\u00bb <\/em><br><em>Lucas Platero Mendez<\/em><\/p>\n\n\n\n<p>Can you stop for a moment and allow to feel how are you relating right now? How are you relating to the part of you that you cannot see? How do you relate to otherness? With the more-than-human? Do you feel like a coupling or dominant being?<\/p>\n\n\n\n<p>Through different exercises we will investigate, first individually, then towards the possibilities that other bodies offer us, and also the possibilities of space itself and even of the invisible. We will investigate the different systems from which we relate and we will question those very same systems until, perhaps, we find new connections in ourselves.<\/p>\n\n\n\n<p>The invitation is simple. Let&#8217;s get lost together and from there let\u00b4s focus our attention on the questions that arise and, without haste, let&#8217;s not look for answers, let&#8217;s listen. A proposal inviting sexuality. A proposal where the human is not necessarily the axis of experimentation. A place where suggesting creates unimaginable echoes?<\/p>\n\n\n\n<p>Il Ruh is part of the team that generates Observatorio del Placer and also collaborates with the <a href=\"https:\/\/sexschoolhub.com\/\" data-type=\"URL\" data-id=\"https:\/\/sexschoolhub.com\/\" target=\"_blank\" rel=\"noreferrer noopener\">Sex School<\/a> platform sharing workshops on sexuality with Anarel.la Martinez.<\/p>\n\n\n\n<p>_<\/p>\n\n\n\n<p><strong>Workshop Collaboration<br><\/strong>\u20ac50 until September 10, then \u20ac60. <br>4:00 p.m. -10:00 p.m.<br><br>MAKE YOUR REGISTRATION THROUGH THIS LINK <a rel=\"noreferrer noopener\" href=\"https:\/\/forms.gle\/TD3qi9aiKUYr66ty9\" target=\"_blank\">https:\/\/forms.gle\/TD3qi9aiKUYr66ty9<\/a><\/p>\n\n\n\n<p><\/p>\n<\/div>\n\n\n\n<div class=\"wp-block-column is-layout-flow wp-block-column-is-layout-flow\">\n<figure class=\"wp-block-image size-large\"><img loading=\"lazy\" decoding=\"async\" width=\"1024\" height=\"683\" src=\"https:\/\/observatoriodelplacer.com\/wp-content\/uploads\/2022\/08\/WhatsApp-Image-2022-08-22-at-22.58.331-1024x683.jpeg\" alt=\"\" class=\"wp-image-386\" srcset=\"https:\/\/observatoriodelplacer.com\/wp-content\/uploads\/2022\/08\/WhatsApp-Image-2022-08-22-at-22.58.331-1024x683.jpeg 1024w, https:\/\/observatoriodelplacer.com\/wp-content\/uploads\/2022\/08\/WhatsApp-Image-2022-08-22-at-22.58.331-300x200.jpeg 300w, https:\/\/observatoriodelplacer.com\/wp-content\/uploads\/2022\/08\/WhatsApp-Image-2022-08-22-at-22.58.331-768x512.jpeg 768w, https:\/\/observatoriodelplacer.com\/wp-content\/uploads\/2022\/08\/WhatsApp-Image-2022-08-22-at-22.58.331-930x620.jpeg 930w, https:\/\/observatoriodelplacer.com\/wp-content\/uploads\/2022\/08\/WhatsApp-Image-2022-08-22-at-22.58.331.jpeg 1200w\" sizes=\"auto, (max-width: 1024px) 100vw, 1024px\" \/><\/figure>\n<\/div>\n<\/div>","protected":false},"excerpt":{"rendered":"<p>17 Sept. 16 &#8211; 22h (info in english below) Facilitadores: Il Ruh de Observatorio del Placer (Barcelona) \u00abLas personas, las relaciones y los problemas sociales pueden entenderse bajo la forma de una mara\u00f1a. Nos aporta una mirada poli\u00e9drica necesaria para acercarnos a procesos que no son un\u00edvocos, nunca hay una sola raz\u00f3n que constituya un [&hellip;]<\/p>\n","protected":false},"author":1,"featured_media":0,"parent":0,"menu_order":0,"comment_status":"closed","ping_status":"closed","template":"","meta":{"site-sidebar-layout":"default","site-content-layout":"","ast-site-content-layout":"","site-content-style":"default","site-sidebar-style":"default","ast-global-header-display":"","ast-banner-title-visibility":"","ast-main-header-display":"","ast-hfb-above-header-display":"","ast-hfb-below-header-display":"","ast-hfb-mobile-header-display":"","site-post-title":"","ast-breadcrumbs-content":"","ast-featured-img":"","footer-sml-layout":"","theme-transparent-header-meta":"","adv-header-id-meta":"","stick-header-meta":"","header-above-stick-meta":"","header-main-stick-meta":"","header-below-stick-meta":"","astra-migrate-meta-layouts":"default","ast-page-background-enabled":"default","ast-page-background-meta":{"desktop":{"background-color":"var(--ast-global-color-4)","background-image":"","background-repeat":"repeat","background-position":"center center","background-size":"auto","background-attachment":"scroll","background-type":"","background-media":"","overlay-type":"","overlay-color":"","overlay-opacity":"","overlay-gradient":""},"tablet":{"background-color":"","background-image":"","background-repeat":"repeat","background-position":"center center","background-size":"auto","background-attachment":"scroll","background-type":"","background-media":"","overlay-type":"","overlay-color":"","overlay-opacity":"","overlay-gradient":""},"mobile":{"background-color":"","background-image":"","background-repeat":"repeat","background-position":"center center","background-size":"auto","background-attachment":"scroll","background-type":"","background-media":"","overlay-type":"","overlay-color":"","overlay-opacity":"","overlay-gradient":""}},"ast-content-background-meta":{"desktop":{"background-color":"var(--ast-global-color-5)","background-image":"","background-repeat":"repeat","background-position":"center center","background-size":"auto","background-attachment":"scroll","background-type":"","background-media":"","overlay-type":"","overlay-color":"","overlay-opacity":"","overlay-gradient":""},"tablet":{"background-color":"var(--ast-global-color-5)","background-image":"","background-repeat":"repeat","background-position":"center center","background-size":"auto","background-attachment":"scroll","background-type":"","background-media":"","overlay-type":"","overlay-color":"","overlay-opacity":"","overlay-gradient":""},"mobile":{"background-color":"var(--ast-global-color-5)","background-image":"","background-repeat":"repeat","background-position":"center center","background-size":"auto","background-attachment":"scroll","background-type":"","background-media":"","overlay-type":"","overlay-color":"","overlay-opacity":"","overlay-gradient":""}},"footnotes":""},"class_list":["post-385","page","type-page","status-publish","hentry"],"_links":{"self":[{"href":"https:\/\/observatoriodelplacer.com\/en\/wp-json\/wp\/v2\/pages\/385","targetHints":{"allow":["GET"]}}],"collection":[{"href":"https:\/\/observatoriodelplacer.com\/en\/wp-json\/wp\/v2\/pages"}],"about":[{"href":"https:\/\/observatoriodelplacer.com\/en\/wp-json\/wp\/v2\/types\/page"}],"author":[{"embeddable":true,"href":"https:\/\/observatoriodelplacer.com\/en\/wp-json\/wp\/v2\/users\/1"}],"replies":[{"embeddable":true,"href":"https:\/\/observatoriodelplacer.com\/en\/wp-json\/wp\/v2\/comments?post=385"}],"version-history":[{"count":5,"href":"https:\/\/observatoriodelplacer.com\/en\/wp-json\/wp\/v2\/pages\/385\/revisions"}],"predecessor-version":[{"id":410,"href":"https:\/\/observatoriodelplacer.com\/en\/wp-json\/wp\/v2\/pages\/385\/revisions\/410"}],"wp:attachment":[{"href":"https:\/\/observatoriodelplacer.com\/en\/wp-json\/wp\/v2\/media?parent=385"}],"curies":[{"name":"wp","href":"https:\/\/api.w.org\/{rel}","templated":true}]}}