{"id":3880,"date":"2025-05-19T19:02:35","date_gmt":"2025-05-19T17:02:35","guid":{"rendered":"https:\/\/observatoriodelplacer.com\/?page_id=3880"},"modified":"2025-05-25T16:47:49","modified_gmt":"2025-05-25T14:47:49","slug":"placer-y-muerte","status":"publish","type":"page","link":"https:\/\/observatoriodelplacer.com\/en\/placer-y-muerte\/","title":{"rendered":"placer &amp; muerte"},"content":{"rendered":"<div class=\"wp-block-columns is-layout-flex wp-container-core-columns-is-layout-28f84493 wp-block-columns-is-layout-flex\">\n<div class=\"wp-block-column is-layout-flow wp-block-column-is-layout-flow\">\n<p>murmullo entre placer y muerte<br>para cuerpos que no se saben del todo vivos, ni del todo rendidos<\/p>\n\n\n\n<p>entra como quien no quiere interrumpir.<br>sin anunciarte. <br>como un deseo que apenas se atreve.<br>como una pena que no sabe si quedarse.<\/p>\n\n\n\n<p>elige un lugar donde morir un poco. <br>t\u00f3cala \/ t\u00f3calo \/ t\u00f3cate <br>como quien a\u00fan no sabe si est\u00e1 tocando o recordando. <\/p>\n\n\n\n<p>deja que el peso se deslice. <br>que el temblor, si llega, no sea contenido. <br>hazle espacio al espasmo. <br>hazle espacio al suspiro que no viene de los pulmones. <\/p>\n\n\n\n<p>imagina que el placer es un abismo muy suave. <br>ac\u00e9rcate a su borde sin caer todav\u00eda. respira all\u00ed. s\u00f3lo respira. <\/p>\n\n\n\n<p>haz silencio. pero escucha si algo gime adentro. no preguntes si es muerte o placer. qu\u00e9date con el eco. <\/p>\n\n\n\n<p>si algo termina, no lo nombres. <br>si algo comienza, no lo apures. <\/p>\n\n\n\n<p>cuando ya no sepas si est\u00e1s contigo, con otres, o con la ausencia misma: acaricia el aire. y espera respuesta.<\/p>\n\n\n\n<p><\/p>\n\n\n\n<p><strong><em>Placer &amp; muerte por OdP <\/em><\/strong><br><em><strong>&gt;&gt; Mi\u00e9rcoles 4 de junio. 18-22h<\/strong><\/em><strong><br>Colaboraci\u00f3n sugerida experiencia 30\u20ac<\/strong><br><em>O colaboraci\u00f3n variable seg\u00fan tu situaci\u00f3n actual 10-60\u20ac.<\/em><br><a href=\"https:\/\/observatoriodelplacer.com\/en\/colaboracion-variable\/\"><strong>Consult information about variable collaboration<\/strong><\/a><\/p>\n\n\n\n<p class=\"has-ast-global-color-5-color has-text-color has-background\" style=\"background-color:#ff5050\"><strong><strong><strong><strong><strong><em>*** We do not want anyone to be left out of the activities due to economic issues, if this is your case, let us know.<br><\/em>Likewise, Observatorio del Placer is a project in formation, if you want to support the project and the artists with a larger collaboration, it will also be welcome.<\/strong><\/strong><\/strong><\/strong><\/strong><\/p>\n\n\n\n<p><strong>MAKE YOUR REGISTRATION THROUGH THIS LINK<\/strong><\/p>\n\n\n\n<p><a href=\"https:\/\/forms.gle\/XbRvPX1VNoXK2BEp9\" target=\"_blank\" rel=\"noopener\"><strong>https:\/\/forms.gle\/XbRvPX1VNoXK2BEp9<\/strong><\/a><\/p>\n\n\n\n<h2 class=\"wp-block-heading\">Pia<\/h2>\n\n\n\n<p>Es exploradora de las m\u00faltiples y diversas intimidades y de las intra-redes relacionales. Forma parte del equipo de Observatorio y ha participado en varios otros proyectos sobre sexualidades disidentes, porno \u00e9tico y kink. De naturaleza fugitiva, le interesa especialmente la emergencia de identidades cambiantes y estados alterados a trav\u00e9s del juego, as\u00ed como la posibilidad de imaginar colectivamente nuevos paisajes pornogr\u00e1ficos fluidos.<\/p>\n\n\n\n<h2 class=\"wp-block-heading\">Rub\u00e9n R<\/h2>\n\n\n\n<p>Rub\u00e9n R is part of the OdP (Observatorio del Placer) team, as well as being a great researcher on the topic of failure. He also continues to study with great devotion the different ways of feeling gratitude in the face of the idea of \u200b\u200bloss and the sensation of being lost.<\/p>\n<\/div>\n\n\n\n<div class=\"wp-block-column is-layout-flow wp-block-column-is-layout-flow\" style=\"flex-basis:30%\">\n<figure class=\"wp-block-image size-large\"><img loading=\"lazy\" decoding=\"async\" width=\"819\" height=\"1024\" src=\"https:\/\/observatoriodelplacer.com\/wp-content\/uploads\/2025\/05\/POST_4_Junio-819x1024.jpg\" alt=\"placer y muerte. experiencia\" class=\"wp-image-3909\" srcset=\"https:\/\/observatoriodelplacer.com\/wp-content\/uploads\/2025\/05\/POST_4_Junio-819x1024.jpg 819w, https:\/\/observatoriodelplacer.com\/wp-content\/uploads\/2025\/05\/POST_4_Junio-240x300.jpg 240w, https:\/\/observatoriodelplacer.com\/wp-content\/uploads\/2025\/05\/POST_4_Junio-768x960.jpg 768w, https:\/\/observatoriodelplacer.com\/wp-content\/uploads\/2025\/05\/POST_4_Junio-10x12.jpg 10w, https:\/\/observatoriodelplacer.com\/wp-content\/uploads\/2025\/05\/POST_4_Junio.jpg 1080w\" sizes=\"auto, (max-width: 819px) 100vw, 819px\" \/><\/figure>\n\n\n\n<p><\/p>\n\n\n\n<figure class=\"wp-block-image size-large\"><img loading=\"lazy\" decoding=\"async\" width=\"1024\" height=\"828\" src=\"https:\/\/observatoriodelplacer.com\/wp-content\/uploads\/2025\/05\/WhatsApp-Image-2025-05-19-at-19.06.53-1024x828.jpeg\" alt=\"Placer &amp; muerte _ experiencia\" class=\"wp-image-3884\" srcset=\"https:\/\/observatoriodelplacer.com\/wp-content\/uploads\/2025\/05\/WhatsApp-Image-2025-05-19-at-19.06.53-1024x828.jpeg 1024w, https:\/\/observatoriodelplacer.com\/wp-content\/uploads\/2025\/05\/WhatsApp-Image-2025-05-19-at-19.06.53-300x242.jpeg 300w, https:\/\/observatoriodelplacer.com\/wp-content\/uploads\/2025\/05\/WhatsApp-Image-2025-05-19-at-19.06.53-768x621.jpeg 768w, https:\/\/observatoriodelplacer.com\/wp-content\/uploads\/2025\/05\/WhatsApp-Image-2025-05-19-at-19.06.53-1536x1241.jpeg 1536w, https:\/\/observatoriodelplacer.com\/wp-content\/uploads\/2025\/05\/WhatsApp-Image-2025-05-19-at-19.06.53-15x12.jpeg 15w, https:\/\/observatoriodelplacer.com\/wp-content\/uploads\/2025\/05\/WhatsApp-Image-2025-05-19-at-19.06.53.jpeg 1600w\" sizes=\"auto, (max-width: 1024px) 100vw, 1024px\" \/><\/figure>\n\n\n\n<p><\/p>\n\n\n\n<figure class=\"wp-block-image size-large\"><img loading=\"lazy\" decoding=\"async\" width=\"1024\" height=\"682\" src=\"https:\/\/observatoriodelplacer.com\/wp-content\/uploads\/2025\/05\/WhatsApp-Image-2025-05-19-at-19.06.543-1024x682.jpeg\" alt=\"\" class=\"wp-image-3885\" srcset=\"https:\/\/observatoriodelplacer.com\/wp-content\/uploads\/2025\/05\/WhatsApp-Image-2025-05-19-at-19.06.543-1024x682.jpeg 1024w, https:\/\/observatoriodelplacer.com\/wp-content\/uploads\/2025\/05\/WhatsApp-Image-2025-05-19-at-19.06.543-300x200.jpeg 300w, https:\/\/observatoriodelplacer.com\/wp-content\/uploads\/2025\/05\/WhatsApp-Image-2025-05-19-at-19.06.543-768x512.jpeg 768w, https:\/\/observatoriodelplacer.com\/wp-content\/uploads\/2025\/05\/WhatsApp-Image-2025-05-19-at-19.06.543-1536x1023.jpeg 1536w, https:\/\/observatoriodelplacer.com\/wp-content\/uploads\/2025\/05\/WhatsApp-Image-2025-05-19-at-19.06.543-18x12.jpeg 18w, https:\/\/observatoriodelplacer.com\/wp-content\/uploads\/2025\/05\/WhatsApp-Image-2025-05-19-at-19.06.543.jpeg 1600w\" sizes=\"auto, (max-width: 1024px) 100vw, 1024px\" \/><\/figure>\n\n\n\n<p><\/p>\n\n\n\n<figure class=\"wp-block-image size-large\"><img loading=\"lazy\" decoding=\"async\" width=\"1024\" height=\"682\" src=\"https:\/\/observatoriodelplacer.com\/wp-content\/uploads\/2025\/05\/WhatsApp-Image-2025-05-19-at-19.06.542-1024x682.jpeg\" alt=\"\" class=\"wp-image-3883\" srcset=\"https:\/\/observatoriodelplacer.com\/wp-content\/uploads\/2025\/05\/WhatsApp-Image-2025-05-19-at-19.06.542-1024x682.jpeg 1024w, https:\/\/observatoriodelplacer.com\/wp-content\/uploads\/2025\/05\/WhatsApp-Image-2025-05-19-at-19.06.542-300x200.jpeg 300w, https:\/\/observatoriodelplacer.com\/wp-content\/uploads\/2025\/05\/WhatsApp-Image-2025-05-19-at-19.06.542-768x512.jpeg 768w, https:\/\/observatoriodelplacer.com\/wp-content\/uploads\/2025\/05\/WhatsApp-Image-2025-05-19-at-19.06.542-1536x1023.jpeg 1536w, https:\/\/observatoriodelplacer.com\/wp-content\/uploads\/2025\/05\/WhatsApp-Image-2025-05-19-at-19.06.542-18x12.jpeg 18w, https:\/\/observatoriodelplacer.com\/wp-content\/uploads\/2025\/05\/WhatsApp-Image-2025-05-19-at-19.06.542.jpeg 1600w\" sizes=\"auto, (max-width: 1024px) 100vw, 1024px\" \/><\/figure>\n<\/div>\n<\/div>\n\n\n\n<p><\/p>","protected":false},"excerpt":{"rendered":"<p>murmullo entre placer y muertepara cuerpos que no se saben del todo vivos, ni del todo rendidos entra como quien no quiere interrumpir.sin anunciarte. como un deseo que apenas se atreve.como una pena que no sabe si quedarse. elige un lugar donde morir un poco. t\u00f3cala \/ t\u00f3calo \/ t\u00f3cate como quien a\u00fan no sabe [&hellip;]<\/p>\n","protected":false},"author":1,"featured_media":0,"parent":0,"menu_order":0,"comment_status":"closed","ping_status":"closed","template":"","meta":{"site-sidebar-layout":"default","site-content-layout":"","ast-site-content-layout":"default","site-content-style":"default","site-sidebar-style":"default","ast-global-header-display":"","ast-banner-title-visibility":"","ast-main-header-display":"","ast-hfb-above-header-display":"","ast-hfb-below-header-display":"","ast-hfb-mobile-header-display":"","site-post-title":"","ast-breadcrumbs-content":"","ast-featured-img":"","footer-sml-layout":"","theme-transparent-header-meta":"","adv-header-id-meta":"","stick-header-meta":"","header-above-stick-meta":"","header-main-stick-meta":"","header-below-stick-meta":"","astra-migrate-meta-layouts":"set","ast-page-background-enabled":"default","ast-page-background-meta":{"desktop":{"background-color":"var(--ast-global-color-4)","background-image":"","background-repeat":"repeat","background-position":"center center","background-size":"auto","background-attachment":"scroll","background-type":"","background-media":"","overlay-type":"","overlay-color":"","overlay-opacity":"","overlay-gradient":""},"tablet":{"background-color":"","background-image":"","background-repeat":"repeat","background-position":"center center","background-size":"auto","background-attachment":"scroll","background-type":"","background-media":"","overlay-type":"","overlay-color":"","overlay-opacity":"","overlay-gradient":""},"mobile":{"background-color":"","background-image":"","background-repeat":"repeat","background-position":"center center","background-size":"auto","background-attachment":"scroll","background-type":"","background-media":"","overlay-type":"","overlay-color":"","overlay-opacity":"","overlay-gradient":""}},"ast-content-background-meta":{"desktop":{"background-color":"var(--ast-global-color-5)","background-image":"","background-repeat":"repeat","background-position":"center center","background-size":"auto","background-attachment":"scroll","background-type":"","background-media":"","overlay-type":"","overlay-color":"","overlay-opacity":"","overlay-gradient":""},"tablet":{"background-color":"var(--ast-global-color-5)","background-image":"","background-repeat":"repeat","background-position":"center center","background-size":"auto","background-attachment":"scroll","background-type":"","background-media":"","overlay-type":"","overlay-color":"","overlay-opacity":"","overlay-gradient":""},"mobile":{"background-color":"var(--ast-global-color-5)","background-image":"","background-repeat":"repeat","background-position":"center center","background-size":"auto","background-attachment":"scroll","background-type":"","background-media":"","overlay-type":"","overlay-color":"","overlay-opacity":"","overlay-gradient":""}},"footnotes":""},"class_list":["post-3880","page","type-page","status-publish","hentry"],"_links":{"self":[{"href":"https:\/\/observatoriodelplacer.com\/en\/wp-json\/wp\/v2\/pages\/3880","targetHints":{"allow":["GET"]}}],"collection":[{"href":"https:\/\/observatoriodelplacer.com\/en\/wp-json\/wp\/v2\/pages"}],"about":[{"href":"https:\/\/observatoriodelplacer.com\/en\/wp-json\/wp\/v2\/types\/page"}],"author":[{"embeddable":true,"href":"https:\/\/observatoriodelplacer.com\/en\/wp-json\/wp\/v2\/users\/1"}],"replies":[{"embeddable":true,"href":"https:\/\/observatoriodelplacer.com\/en\/wp-json\/wp\/v2\/comments?post=3880"}],"version-history":[{"count":13,"href":"https:\/\/observatoriodelplacer.com\/en\/wp-json\/wp\/v2\/pages\/3880\/revisions"}],"predecessor-version":[{"id":3911,"href":"https:\/\/observatoriodelplacer.com\/en\/wp-json\/wp\/v2\/pages\/3880\/revisions\/3911"}],"wp:attachment":[{"href":"https:\/\/observatoriodelplacer.com\/en\/wp-json\/wp\/v2\/media?parent=3880"}],"curies":[{"name":"wp","href":"https:\/\/api.w.org\/{rel}","templated":true}]}}