{"id":3923,"date":"2025-05-26T20:36:50","date_gmt":"2025-05-26T18:36:50","guid":{"rendered":"https:\/\/observatoriodelplacer.com\/?page_id=3923"},"modified":"2025-05-26T20:41:08","modified_gmt":"2025-05-26T18:41:08","slug":"vibrant-bodies-butoh-and-posthuman-seuality-workshop-by-oryx","status":"publish","type":"page","link":"https:\/\/observatoriodelplacer.com\/en\/vibrant-bodies-butoh-and-posthuman-seuality-workshop-by-oryx\/","title":{"rendered":"Vibrant Bodies: Butoh and posthuman se()uality Workshop by Oryx"},"content":{"rendered":"<div class=\"wp-block-columns is-layout-flex wp-container-core-columns-is-layout-28f84493 wp-block-columns-is-layout-flex\">\n<div class=\"wp-block-column is-layout-flow wp-block-column-is-layout-flow\">\n<h6 class=\"wp-block-heading\"><strong><em>&gt;&gt; Friday June 13 _ 17-21h<br>&gt;&gt; Saturday June&nbsp;14 _ 11-15h<\/em><\/strong><\/h6>\n\n\n\n<p><strong>Vibrant Bodies: Butoh and Posthuman Se()uality<\/strong><br><strong><br><\/strong><em>Facilitated by Oryx<br><\/em>Oryx is a Berlin-based interdisciplinary performance artist, movement practitioner, researcher, archivist, and writer. Their artistic work spans contemporary dance, Butoh, immersive theatre, durational performance, and installation art. Drawing on studies in Literature, Art History, and various dance and movement practices, Oryx investigates the embodiment of cultural histories, queer theory, gender and class politics, and psycho-somatics. Their work is often situated in the philosophical and political, using speculative world-building and conceptual writing to reimagine the body and its affective capacities.<br>\u00a0<br><strong>Workshop Overview:<\/strong><br>Vibrant Bodies\u00a0is a two-day intensive workshop exploring the intersection of Butoh and posthuman sensuality through improvisational movement, embodied research, and guided somatic inquiry.<br>Butoh, a radical movement practice that emerged in postwar Japan, interrogates the body beyond normative aesthetics\u2014embracing slowness, transformation, and the grotesque. In this workshop, Butoh becomes a gateway into posthuman ways of sensing, moving, and becoming. We will explore what it means to inhabit bodies that are speculative, extra-human, or non-anthropocentric\u2014blurring the boundaries between human, animal, object, and atmosphere.<br>Posthuman sensuality in this context is not rooted in technologized futures but in radically expanding our capacity for feeling, perceiving, and existing outside of linear time, fixed identity, or human-centered subjectivity. Through movement meditations, visualizations, writing, and experimental improvisations, participants are invited to touch upon other possible anatomies, temporalities, and modes of intimacy.<br>\u00a0<br><strong>What We\u2019ll Explore:<\/strong><br>\u00b7\u00a0Butoh as a practice of undoing:\u00a0slowing down, becoming other, dissolving narrative selfhood.<br>\u00b7\u00a0Embodied posthumanism:\u00a0inhabiting speculative, hybrid, or non-human bodies through somatic imagination.<br>\u00b7\u00a0Queer time and nonlinear space:\u00a0exploring altered temporalities and rhythms through movement.<br>\u00b7\u00a0Sensuality beyond the human:\u00a0cultivating intimacy with landscapes, objects, textures, atmospheres, as well as possibly other participants. \u00a0<br>\u00b7\u00a0Improvisation as research:\u00a0using movement and intuitive inquiry as tools for accessing new forms of embodiment.<br>\u00a0<br><strong>Who Is This For?<\/strong><br>This workshop welcomes artists, movers, writers, theorists, and curious bodies of all backgrounds. No previous experience with Butoh or dance is required\u2014only a willingness to explore somatic and imaginative processes in an open, experimental environment.<\/p>\n\n\n\n<p><strong>Practical Details:<\/strong><br>\u00b7&nbsp;Duration:&nbsp;2 days<br>\u00b7&nbsp;Location:&nbsp;Observatorio del Placer, Barcelona, Spain<br>\u00b7&nbsp;Dates:&nbsp;13.-14.06<br>\u00b7&nbsp;Time:&nbsp;4h per day; Friday 11:00-15:00 Saturday 11:00-15:00h<br>\u00b7&nbsp;Price:&nbsp;Sliding scale 100 \u2013 160 euros<\/p>\n\n\n\n<p>\u00b7&nbsp;What to Bring:&nbsp;Comfortable clothing for movement, a notebook, and water.<br>\u00b7&nbsp;Language:&nbsp;The workshop will be held in English, but Oryx is also happy to translate into German or Italian.<\/p>\n\n\n\n<p><strong>Registration:<\/strong><br>Spaces are limited. <a href=\"https:\/\/docs.google.com\/forms\/d\/e\/1FAIpQLSf9hdaYEKUyFXNR_dX75yMY0Wd3nwSFRUih82DYo3CyJb1uAA\/viewform\" data-type=\"link\" data-id=\"https:\/\/docs.google.com\/forms\/d\/e\/1FAIpQLSf9hdaYEKUyFXNR_dX75yMY0Wd3nwSFRUih82DYo3CyJb1uAA\/viewform\" target=\"_blank\" rel=\"noopener\"><strong>To register or inquire here<\/strong><\/a><br>Early registration is recommended.<br><\/p>\n\n\n\n<p class=\"has-ast-global-color-5-color has-text-color has-background\" style=\"background-color:#ff5050\"><strong><strong><strong><strong><strong><em>*** We do not want anyone to be left out of the activities due to economic issues, if this is your case, let us know.<br><\/em>De igual manera, Observatorio del Placer es un proyecto en formaci\u00f3n,&nbsp;si quieres apoyar al proyecto con una colaboraci\u00f3n mayor, tambi\u00e9n ser\u00e1 bienvenida.<\/strong><\/strong><\/strong><\/strong><\/strong><\/p>\n<\/div>\n\n\n\n<div class=\"wp-block-column is-layout-flow wp-block-column-is-layout-flow\" style=\"flex-basis:30%\">\n<figure class=\"wp-block-image size-large\"><img loading=\"lazy\" decoding=\"async\" width=\"682\" height=\"1024\" src=\"https:\/\/observatoriodelplacer.com\/wp-content\/uploads\/2025\/05\/WhatsApp-Image-2025-05-26-at-20.28.13-682x1024.jpeg\" alt=\"Vibrant Bodies: Butoh and posthuman se()uality Workshop by Oryx\" class=\"wp-image-3919\" srcset=\"https:\/\/observatoriodelplacer.com\/wp-content\/uploads\/2025\/05\/WhatsApp-Image-2025-05-26-at-20.28.13-682x1024.jpeg 682w, https:\/\/observatoriodelplacer.com\/wp-content\/uploads\/2025\/05\/WhatsApp-Image-2025-05-26-at-20.28.13-200x300.jpeg 200w, https:\/\/observatoriodelplacer.com\/wp-content\/uploads\/2025\/05\/WhatsApp-Image-2025-05-26-at-20.28.13-768x1153.jpeg 768w, https:\/\/observatoriodelplacer.com\/wp-content\/uploads\/2025\/05\/WhatsApp-Image-2025-05-26-at-20.28.13-1023x1536.jpeg 1023w, https:\/\/observatoriodelplacer.com\/wp-content\/uploads\/2025\/05\/WhatsApp-Image-2025-05-26-at-20.28.13-8x12.jpeg 8w, https:\/\/observatoriodelplacer.com\/wp-content\/uploads\/2025\/05\/WhatsApp-Image-2025-05-26-at-20.28.13.jpeg 1066w\" sizes=\"auto, (max-width: 682px) 100vw, 682px\" \/><\/figure>\n\n\n\n<p><\/p>\n\n\n\n<figure class=\"wp-block-image size-full\"><img loading=\"lazy\" decoding=\"async\" width=\"750\" height=\"969\" src=\"https:\/\/observatoriodelplacer.com\/wp-content\/uploads\/2025\/05\/WhatsApp-Image-2025-05-26-at-20.28.12.jpeg\" alt=\"Vibrant Bodies: Butoh and posthuman se()uality Workshop by Oryx\" class=\"wp-image-3925\" srcset=\"https:\/\/observatoriodelplacer.com\/wp-content\/uploads\/2025\/05\/WhatsApp-Image-2025-05-26-at-20.28.12.jpeg 750w, https:\/\/observatoriodelplacer.com\/wp-content\/uploads\/2025\/05\/WhatsApp-Image-2025-05-26-at-20.28.12-232x300.jpeg 232w, https:\/\/observatoriodelplacer.com\/wp-content\/uploads\/2025\/05\/WhatsApp-Image-2025-05-26-at-20.28.12-9x12.jpeg 9w\" sizes=\"auto, (max-width: 750px) 100vw, 750px\" \/><\/figure>\n<\/div>\n<\/div>\n\n\n\n<p><\/p>","protected":false},"excerpt":{"rendered":"<p>&gt;&gt; Friday June 13 _ 17-21h&gt;&gt; Saturday June&nbsp;14 _ 11-15h Vibrant Bodies: Butoh and Posthuman Se()ualityFacilitated by OryxOryx is a Berlin-based interdisciplinary performance artist, movement practitioner, researcher, archivist, and writer. Their artistic work spans contemporary dance, Butoh, immersive theatre, durational performance, and installation art. Drawing on studies in Literature, Art History, and various dance and [&hellip;]<\/p>\n","protected":false},"author":1,"featured_media":0,"parent":0,"menu_order":0,"comment_status":"closed","ping_status":"closed","template":"","meta":{"site-sidebar-layout":"default","site-content-layout":"","ast-site-content-layout":"default","site-content-style":"default","site-sidebar-style":"default","ast-global-header-display":"","ast-banner-title-visibility":"","ast-main-header-display":"","ast-hfb-above-header-display":"","ast-hfb-below-header-display":"","ast-hfb-mobile-header-display":"","site-post-title":"","ast-breadcrumbs-content":"","ast-featured-img":"","footer-sml-layout":"","theme-transparent-header-meta":"","adv-header-id-meta":"","stick-header-meta":"","header-above-stick-meta":"","header-main-stick-meta":"","header-below-stick-meta":"","astra-migrate-meta-layouts":"set","ast-page-background-enabled":"default","ast-page-background-meta":{"desktop":{"background-color":"var(--ast-global-color-4)","background-image":"","background-repeat":"repeat","background-position":"center center","background-size":"auto","background-attachment":"scroll","background-type":"","background-media":"","overlay-type":"","overlay-color":"","overlay-opacity":"","overlay-gradient":""},"tablet":{"background-color":"","background-image":"","background-repeat":"repeat","background-position":"center center","background-size":"auto","background-attachment":"scroll","background-type":"","background-media":"","overlay-type":"","overlay-color":"","overlay-opacity":"","overlay-gradient":""},"mobile":{"background-color":"","background-image":"","background-repeat":"repeat","background-position":"center center","background-size":"auto","background-attachment":"scroll","background-type":"","background-media":"","overlay-type":"","overlay-color":"","overlay-opacity":"","overlay-gradient":""}},"ast-content-background-meta":{"desktop":{"background-color":"var(--ast-global-color-5)","background-image":"","background-repeat":"repeat","background-position":"center center","background-size":"auto","background-attachment":"scroll","background-type":"","background-media":"","overlay-type":"","overlay-color":"","overlay-opacity":"","overlay-gradient":""},"tablet":{"background-color":"var(--ast-global-color-5)","background-image":"","background-repeat":"repeat","background-position":"center center","background-size":"auto","background-attachment":"scroll","background-type":"","background-media":"","overlay-type":"","overlay-color":"","overlay-opacity":"","overlay-gradient":""},"mobile":{"background-color":"var(--ast-global-color-5)","background-image":"","background-repeat":"repeat","background-position":"center center","background-size":"auto","background-attachment":"scroll","background-type":"","background-media":"","overlay-type":"","overlay-color":"","overlay-opacity":"","overlay-gradient":""}},"footnotes":""},"class_list":["post-3923","page","type-page","status-publish","hentry"],"_links":{"self":[{"href":"https:\/\/observatoriodelplacer.com\/en\/wp-json\/wp\/v2\/pages\/3923","targetHints":{"allow":["GET"]}}],"collection":[{"href":"https:\/\/observatoriodelplacer.com\/en\/wp-json\/wp\/v2\/pages"}],"about":[{"href":"https:\/\/observatoriodelplacer.com\/en\/wp-json\/wp\/v2\/types\/page"}],"author":[{"embeddable":true,"href":"https:\/\/observatoriodelplacer.com\/en\/wp-json\/wp\/v2\/users\/1"}],"replies":[{"embeddable":true,"href":"https:\/\/observatoriodelplacer.com\/en\/wp-json\/wp\/v2\/comments?post=3923"}],"version-history":[{"count":5,"href":"https:\/\/observatoriodelplacer.com\/en\/wp-json\/wp\/v2\/pages\/3923\/revisions"}],"predecessor-version":[{"id":3999,"href":"https:\/\/observatoriodelplacer.com\/en\/wp-json\/wp\/v2\/pages\/3923\/revisions\/3999"}],"wp:attachment":[{"href":"https:\/\/observatoriodelplacer.com\/en\/wp-json\/wp\/v2\/media?parent=3923"}],"curies":[{"name":"wp","href":"https:\/\/api.w.org\/{rel}","templated":true}]}}