{"id":4023,"date":"2025-08-02T09:21:07","date_gmt":"2025-08-02T07:21:07","guid":{"rendered":"https:\/\/observatoriodelplacer.com\/?page_id=4023"},"modified":"2026-02-08T12:24:47","modified_gmt":"2026-02-08T10:24:47","slug":"kissing-rocks-fucking-walking-canes","status":"publish","type":"page","link":"https:\/\/observatoriodelplacer.com\/en\/kissing-rocks-fucking-walking-canes\/","title":{"rendered":"kissing rocks fucking walking canes by mariia Lemperk"},"content":{"rendered":"<h5 class=\"wp-block-heading\">_ Artist residency 4-12 August<br><a href=\"https:\/\/observatoriodelplacer.com\/en\/kissing-rocks-fucking-walking-canes\/#perfo\" data-type=\"page\" data-id=\"4023\">_ Performative playground _ 13 agosto<\/a><br><a href=\"https:\/\/observatoriodelplacer.com\/en\/kissing-rocks-fucking-walking-canes\/#workshop\">_ Workshop _&nbsp;14 agosto<\/a><\/h5>\n\n\n\n<div style=\"height:30px\" aria-hidden=\"true\" class=\"wp-block-spacer\"><\/div>\n\n\n\n<div class=\"wp-block-columns is-layout-flex wp-container-core-columns-is-layout-28f84493 wp-block-columns-is-layout-flex\">\n<div class=\"wp-block-column is-layout-flow wp-block-column-is-layout-flow\">\n<h3 class=\"wp-block-heading\" id=\"residencia\">_ Artist residency 4-12 August<\/h3>\n\n\n\n<p class=\"translation-block\">During the \u0446\u0456\u043b\u0443\u0432\u0430\u043d\u043d\u044f \u043a\u0430\u043c\u0456\u043d\u043d\u044f \u0457\u0431\u0430\u043d\u043d\u044f \u0442\u0440\u043e\u0441\u0442\u0438\u043d exploration two key practices are invited to merge and marry. Kissing a rock is a process led, research based and manifested through performative action\/experimental theatrical play\/group happening\/video\/object practice. The act of \u201cKissing a Rock\u201d, featuring a symbolic stone figure, addresses the political nature of surfaces (bodies, objects, gestures). A rock as a change in a story, which setting varies, layering contexts while maintaining clear&amp;consistent practice scenarios.\nKissing stones is explored compulsively, rawly, intuitively with a frame, co-created with a particular space.<\/p>\n\n\n\n<p>The second entering point of the project drips from the lived experience of a sexuality related chronic pain condition. By including walking-cane-dildo-extention into the practice\/expressive sexuality it aims to contribute to the change of fascist perception rooted in the often excluding system fixation on ability. Seeking to dismantle the medicalization and pathologization of bodies in pain, offering a platform where discomfort is an acknowledged reality which co-exists with pleasure.<\/p>\n\n\n\n<p class=\"translation-block\">The methodology of tryout will invite both practices to find their shapes in the new space and create a new form quality. Kissing rocks, fucking walking canes, and everything what comes with that.\nDuring the residency a playground space will be created to be explored together during the days of practice sharing on 13-14.08.<\/p>\n<\/div>\n\n\n\n<div class=\"wp-block-column is-layout-flow wp-block-column-is-layout-flow\" style=\"flex-basis:30%\">\n<figure class=\"wp-block-image size-large\"><img loading=\"lazy\" decoding=\"async\" width=\"819\" height=\"1024\" src=\"https:\/\/observatoriodelplacer.com\/wp-content\/uploads\/2026\/02\/3-819x1024.png\" alt=\"\" class=\"wp-image-4206\" srcset=\"https:\/\/observatoriodelplacer.com\/wp-content\/uploads\/2026\/02\/3-819x1024.png 819w, https:\/\/observatoriodelplacer.com\/wp-content\/uploads\/2026\/02\/3-240x300.png 240w, https:\/\/observatoriodelplacer.com\/wp-content\/uploads\/2026\/02\/3-768x960.png 768w, https:\/\/observatoriodelplacer.com\/wp-content\/uploads\/2026\/02\/3-10x12.png 10w, https:\/\/observatoriodelplacer.com\/wp-content\/uploads\/2026\/02\/3.png 1080w\" sizes=\"auto, (max-width: 819px) 100vw, 819px\" \/><figcaption class=\"wp-element-caption\">Photography: Mar\u00eda Constanza Mel\u00e9ndez<\/figcaption><\/figure>\n\n\n\n<p><\/p>\n\n\n\n<figure class=\"wp-block-video\"><video autoplay controls loop muted src=\"https:\/\/observatoriodelplacer.com\/wp-content\/uploads\/cane6.mp4\"><\/video><\/figure>\n<\/div>\n<\/div>\n\n\n\n<div style=\"height:50px\" aria-hidden=\"true\" class=\"wp-block-spacer\"><\/div>\n\n\n\n<hr class=\"wp-block-separator has-alpha-channel-opacity\"\/>\n\n\n\n<div class=\"wp-block-columns is-layout-flex wp-container-core-columns-is-layout-28f84493 wp-block-columns-is-layout-flex\">\n<div class=\"wp-block-column is-layout-flow wp-block-column-is-layout-flow\">\n<h2 class=\"wp-block-heading\" id=\"perfo\"><strong><strong>_ performative playground: kissing rocks fucking walking canes<\/strong><\/strong><\/h2>\n\n\n\n<p>We are inviting you to enter a practice sharing playground of rock kissing and walking cane f_cking.<\/p>\n\n\n\n<p>The playground will carry methodologies, walking-cane-vibrators, entering point scores, stones, condoms, material bodies, object and abject invitations. Participants can enter any time and engage as radical as needed, contributing to an experimental field for trying out actions, materials, shapes, gestures, supports and instabilities.<\/p>\n\n\n\n<p>The level of entry is open, the watcher position and the 'no play' area will be available.<\/p>\n\n\n\n<p>Whether you arrive with a clear intention or just your breath, you\u2019re welcome.\nWhether you engage solo or connect in a group, the field is open.<br>Tanto si participas solx como en grupo, el espacio est\u00e1 abierto.<\/p>\n\n\n\n<p>For the both days of sharing the confirmation of \nEncountering nudity\/partial nudity, Physical touch, Openness to contact with the playground objects is necessary.<\/p>\n\n\n\n<hr class=\"wp-block-separator has-alpha-channel-opacity\"\/>\n\n\n\n<p class=\"translation-block\">There will be no body fluids exchange\nThere will be the checking-in practice\nNo-play area and a witness\/watcher position possibility.<\/p>\n\n\n\n<p>For the engagement with the objects the condoms will be provided (actions alike a blowjob for a walking cane).<\/p>\n\n\n\n<h5 class=\"wp-block-heading\" id=\"muestra\"><strong><strong><strong>_ Performative playground  _ 13 de agosto<\/strong><\/strong><\/strong> 17-19h<\/h5>\n\n\n\n<p>Collaboration&nbsp;<strong>Playground&nbsp;15\u20ac<br>o&nbsp;<\/strong>Variable seg\u00fan tu situaci\u00f3n actual. 5-25\u20ac <br><a href=\"https:\/\/observatoriodelplacer.com\/en\/colaboracion-variable\/\"><strong>Consult information about variable collaboration<\/strong><\/a><\/p>\n\n\n\n<p><strong>REGISTER THROUGH THIS LINK:<\/strong><\/p>\n\n\n\n<p><a href=\"https:\/\/forms.gle\/nmnuiYosAMveQBQi8\" target=\"_blank\" rel=\"noopener\">https:\/\/forms.gle\/nmnuiYosAMveQBQi8<\/a><\/p>\n\n\n\n<p class=\"has-ast-global-color-5-color has-text-color has-background\" style=\"background-color:#ff5050\"><strong><strong><strong><strong><strong><em>*** We do not want anyone to be left out of the activities due to economic issues, if this is your case, let us know.<br><\/em>Likewise, Observatorio del Placer is a project in formation, if you want to support the space and the artists with a larger collaboration, it will also be welcome.<\/strong><\/strong><\/strong><\/strong><\/strong><\/p>\n<\/div>\n\n\n\n<div class=\"wp-block-column is-layout-flow wp-block-column-is-layout-flow\" style=\"flex-basis:30%\">\n<figure class=\"wp-block-image size-large\"><img loading=\"lazy\" decoding=\"async\" width=\"1080\" height=\"1350\" src=\"https:\/\/observatoriodelplacer.com\/wp-content\/uploads\/2026\/02\/4-819x1024.png\" alt=\"\" class=\"wp-image-4207\" srcset=\"https:\/\/observatoriodelplacer.com\/wp-content\/uploads\/2026\/02\/4-819x1024.png 819w, https:\/\/observatoriodelplacer.com\/wp-content\/uploads\/2026\/02\/4-240x300.png 240w, https:\/\/observatoriodelplacer.com\/wp-content\/uploads\/2026\/02\/4-768x960.png 768w, https:\/\/observatoriodelplacer.com\/wp-content\/uploads\/2026\/02\/4-10x12.png 10w, https:\/\/observatoriodelplacer.com\/wp-content\/uploads\/2026\/02\/4.png 1080w\" sizes=\"auto, (max-width: 1080px) 100vw, 1080px\" \/><figcaption class=\"wp-element-caption\">Photography: Liza Nedayvoda<\/figcaption><\/figure>\n<\/div>\n<\/div>\n\n\n\n<div style=\"height:50px\" aria-hidden=\"true\" class=\"wp-block-spacer\"><\/div>\n\n\n\n<hr class=\"wp-block-separator has-alpha-channel-opacity\"\/>\n\n\n\n<div class=\"wp-block-columns is-layout-flex wp-container-core-columns-is-layout-28f84493 wp-block-columns-is-layout-flex\">\n<div class=\"wp-block-column is-layout-flow wp-block-column-is-layout-flow\">\n<h2 class=\"wp-block-heading\" id=\"workshop\">workshop: kissing rocks fucking walking canes<\/h2>\n\n\n\n<p>This workshop is a deeper entry into the raw duet of stone and cane, where political surfaces and lived pain meet in performative collective exploration. Rooted in the symbolic act of kissing a rock and the embodied resistance of cane-f_cking, we\u2019ll explore how pleasure and discomfort co-exist and re-shape narratives around ability, risk, sexuality, and collective form.<\/p>\n\n\n\n<p class=\"translation-block\">After a practice introduction participants will be invited to co-create situations. \nThe playground will be provided, the play we create together.<\/p>\n\n\n\n<p>For the both days of sharing the confirmation of \nEncountering nudity\/partial nudity, Physical touch, Openness to contact with the playground objects is necessary.<\/p>\n\n\n\n<hr class=\"wp-block-separator has-alpha-channel-opacity\"\/>\n\n\n\n<p class=\"translation-block\">There will be no body fluids exchange\nThere will be the checking-in practice\nNo-play area and a witness\/watcher position possibility.<\/p>\n\n\n\n<p>For the engagement with the objects the condoms will be provided (actions alike a blowjob for a walking cane).<\/p>\n\n\n\n<h5 class=\"wp-block-heading\"><strong><strong><strong>_ Workshop  _ 14 de agosto<\/strong><\/strong><\/strong> 18-20h<\/h5>\n\n\n\n<p>Collaboration&nbsp;<strong>Workshop&nbsp;15\u20ac<br>o&nbsp;<\/strong>Variable depending on your current situation. 10-30\u20ac <br><a href=\"https:\/\/observatoriodelplacer.com\/en\/colaboracion-variable\/\"><strong>Consult information about variable collaboration<\/strong><\/a><\/p>\n\n\n\n<p><strong>REGISTER THROUGH THIS LINK:<\/strong><\/p>\n\n\n\n<p><a href=\"https:\/\/forms.gle\/nmnuiYosAMveQBQi8\" data-type=\"link\" data-id=\"https:\/\/forms.gle\/nmnuiYosAMveQBQi8\" target=\"_blank\" rel=\"noopener\">https:\/\/forms.gle\/nmnuiYosAMveQBQi8<\/a><\/p>\n<\/div>\n\n\n\n<div class=\"wp-block-column is-layout-flow wp-block-column-is-layout-flow\" style=\"flex-basis:30%\">\n<figure class=\"wp-block-image size-large\"><img loading=\"lazy\" decoding=\"async\" width=\"819\" height=\"1024\" src=\"https:\/\/observatoriodelplacer.com\/wp-content\/uploads\/2026\/02\/7-819x1024.png\" alt=\"\" class=\"wp-image-4210\" srcset=\"https:\/\/observatoriodelplacer.com\/wp-content\/uploads\/2026\/02\/7-819x1024.png 819w, https:\/\/observatoriodelplacer.com\/wp-content\/uploads\/2026\/02\/7-240x300.png 240w, https:\/\/observatoriodelplacer.com\/wp-content\/uploads\/2026\/02\/7-768x960.png 768w, https:\/\/observatoriodelplacer.com\/wp-content\/uploads\/2026\/02\/7-10x12.png 10w, https:\/\/observatoriodelplacer.com\/wp-content\/uploads\/2026\/02\/7.png 1080w\" sizes=\"auto, (max-width: 819px) 100vw, 819px\" \/><\/figure>\n<\/div>\n<\/div>\n\n\n\n<div style=\"height:50px\" aria-hidden=\"true\" class=\"wp-block-spacer\"><\/div>\n\n\n\n<hr class=\"wp-block-separator has-alpha-channel-opacity\"\/>\n\n\n\n<div class=\"wp-block-columns is-layout-flex wp-container-core-columns-is-layout-28f84493 wp-block-columns-is-layout-flex\">\n<div class=\"wp-block-column is-layout-flow wp-block-column-is-layout-flow\">\n<h2 class=\"wp-block-heading\" id=\"cristian\">mariia Lemperk<\/h2>\n\n\n\n<p class=\"translation-block\">Interdisciplinary artist\/curator with a practice evolved on the edges of memory and body politics.\ntheir recent interest focuses on the (un- and)controlled pain environments, collective grieving, performative archives, non-hierarchical togetherness issues, gender deconstructions and presence of queer in the political and cultural chaoses of today.<\/p>\n\n\n\n<p class=\"translation-block\">kissing rocks,\nfucking walking canes,\nbuilding performative playgrounds,\nromancing with mistakes,\nlearning pleasure,\nendlessly exploring strategies of resistance,\ncollective choreographies,\npost-pornography,\neducational methodologies,\nactivist actions,\nwith performative tools\nof situation and process (co)composing.<\/p>\n\n\n\n<p>from Odesa, Ukraine, based in between Krak\u00f3w and Barcelona.<\/p>\n\n\n\n<p><a href=\"https:\/\/mariialemperk.com\/\" target=\"_blank\" rel=\"noopener\"><strong>mariialemperk.com<br><\/strong><\/a><a href=\"http:\/\/instagram.com\/mariia_lemperk\/\" target=\"_blank\" rel=\"noopener\"><strong>instagram.com\/mariia_lemperk<br><\/strong><\/a><a href=\"http:\/\/mariialemperk.substack.com\" target=\"_blank\" rel=\"noopener\"><strong>mariialemperk.substack.com<\/strong><\/a><\/p>\n\n\n\n<p><\/p>\n<\/div>\n\n\n\n<div class=\"wp-block-column is-layout-flow wp-block-column-is-layout-flow\" style=\"flex-basis:30%\">\n<figure class=\"wp-block-image size-large\"><img loading=\"lazy\" decoding=\"async\" width=\"1024\" height=\"1024\" src=\"https:\/\/observatoriodelplacer.com\/wp-content\/uploads\/2025\/08\/sensorium-1024x1024.png\" alt=\"Mariia Lemperk\" class=\"wp-image-4026\" srcset=\"https:\/\/observatoriodelplacer.com\/wp-content\/uploads\/2025\/08\/sensorium-1024x1024.png 1024w, https:\/\/observatoriodelplacer.com\/wp-content\/uploads\/2025\/08\/sensorium-300x300.png 300w, https:\/\/observatoriodelplacer.com\/wp-content\/uploads\/2025\/08\/sensorium-150x150.png 150w, https:\/\/observatoriodelplacer.com\/wp-content\/uploads\/2025\/08\/sensorium-768x768.png 768w, https:\/\/observatoriodelplacer.com\/wp-content\/uploads\/2025\/08\/sensorium-12x12.png 12w, https:\/\/observatoriodelplacer.com\/wp-content\/uploads\/2025\/08\/sensorium.png 1080w\" sizes=\"auto, (max-width: 1024px) 100vw, 1024px\" \/><\/figure>\n\n\n\n<figure class=\"wp-block-image size-large\"><img loading=\"lazy\" decoding=\"async\" width=\"819\" height=\"1024\" src=\"https:\/\/observatoriodelplacer.com\/wp-content\/uploads\/2025\/08\/fucking-walking-canes-2-819x1024.jpg\" alt=\"\" class=\"wp-image-4034\" srcset=\"https:\/\/observatoriodelplacer.com\/wp-content\/uploads\/2025\/08\/fucking-walking-canes-2-819x1024.jpg 819w, https:\/\/observatoriodelplacer.com\/wp-content\/uploads\/2025\/08\/fucking-walking-canes-2-240x300.jpg 240w, https:\/\/observatoriodelplacer.com\/wp-content\/uploads\/2025\/08\/fucking-walking-canes-2-768x960.jpg 768w, https:\/\/observatoriodelplacer.com\/wp-content\/uploads\/2025\/08\/fucking-walking-canes-2-10x12.jpg 10w, https:\/\/observatoriodelplacer.com\/wp-content\/uploads\/2025\/08\/fucking-walking-canes-2.jpg 828w\" sizes=\"auto, (max-width: 819px) 100vw, 819px\" \/><\/figure>\n<\/div>\n<\/div>\n\n\n\n<div style=\"height:100px\" aria-hidden=\"true\" class=\"wp-block-spacer\"><\/div>\n\n\n\n<figure class=\"wp-block-image size-full\"><img loading=\"lazy\" decoding=\"async\" width=\"100\" height=\"34\" src=\"https:\/\/observatoriodelplacer.com\/wp-content\/uploads\/2024\/08\/logo-3.png\" alt=\"\" class=\"wp-image-2597\" srcset=\"https:\/\/observatoriodelplacer.com\/wp-content\/uploads\/2024\/08\/logo-3.png 100w, https:\/\/observatoriodelplacer.com\/wp-content\/uploads\/2024\/08\/logo-3-18x6.png 18w\" sizes=\"auto, (max-width: 100px) 100vw, 100px\" \/><figcaption class=\"wp-element-caption\">El proyecto de residencias art\u00edsticas OdP 2025 recibe el apoyo del Ayuntamiento de Barcelona.<\/figcaption><\/figure>","protected":false},"excerpt":{"rendered":"<p>_ Residencia art\u00edstica 4-12 agosto_ Performative playground _ 13 agosto_ Workshop _&nbsp;14 agosto _ Residencia art\u00edstica 4 -12 agosto Durante la exploraci\u00f3n de la \u00ab\u0446\u0456\u043b\u0443\u0432\u0430\u043d\u043d\u044f \u043a\u0430\u043c\u0456\u043d\u043d\u044f \u0457\u0431\u0430\u043d\u043d\u044f \u0442\u0440\u043e\u0441\u0442\u0438\u043d\u00bb, se invita a dos pr\u00e1cticas clave a fusionarse y unirse. Besar una roca es un proceso, basado en la investigaci\u00f3n, que se manifiesta a trav\u00e9s de la [&hellip;]<\/p>\n","protected":false},"author":1,"featured_media":0,"parent":0,"menu_order":0,"comment_status":"closed","ping_status":"closed","template":"","meta":{"site-sidebar-layout":"default","site-content-layout":"","ast-site-content-layout":"default","site-content-style":"default","site-sidebar-style":"default","ast-global-header-display":"","ast-banner-title-visibility":"","ast-main-header-display":"","ast-hfb-above-header-display":"","ast-hfb-below-header-display":"","ast-hfb-mobile-header-display":"","site-post-title":"","ast-breadcrumbs-content":"","ast-featured-img":"","footer-sml-layout":"","theme-transparent-header-meta":"","adv-header-id-meta":"","stick-header-meta":"","header-above-stick-meta":"","header-main-stick-meta":"","header-below-stick-meta":"","astra-migrate-meta-layouts":"set","ast-page-background-enabled":"default","ast-page-background-meta":{"desktop":{"background-color":"var(--ast-global-color-4)","background-image":"","background-repeat":"repeat","background-position":"center center","background-size":"auto","background-attachment":"scroll","background-type":"","background-media":"","overlay-type":"","overlay-color":"","overlay-opacity":"","overlay-gradient":""},"tablet":{"background-color":"","background-image":"","background-repeat":"repeat","background-position":"center center","background-size":"auto","background-attachment":"scroll","background-type":"","background-media":"","overlay-type":"","overlay-color":"","overlay-opacity":"","overlay-gradient":""},"mobile":{"background-color":"","background-image":"","background-repeat":"repeat","background-position":"center center","background-size":"auto","background-attachment":"scroll","background-type":"","background-media":"","overlay-type":"","overlay-color":"","overlay-opacity":"","overlay-gradient":""}},"ast-content-background-meta":{"desktop":{"background-color":"var(--ast-global-color-5)","background-image":"","background-repeat":"repeat","background-position":"center center","background-size":"auto","background-attachment":"scroll","background-type":"","background-media":"","overlay-type":"","overlay-color":"","overlay-opacity":"","overlay-gradient":""},"tablet":{"background-color":"var(--ast-global-color-5)","background-image":"","background-repeat":"repeat","background-position":"center center","background-size":"auto","background-attachment":"scroll","background-type":"","background-media":"","overlay-type":"","overlay-color":"","overlay-opacity":"","overlay-gradient":""},"mobile":{"background-color":"var(--ast-global-color-5)","background-image":"","background-repeat":"repeat","background-position":"center center","background-size":"auto","background-attachment":"scroll","background-type":"","background-media":"","overlay-type":"","overlay-color":"","overlay-opacity":"","overlay-gradient":""}},"footnotes":""},"class_list":["post-4023","page","type-page","status-publish","hentry"],"_links":{"self":[{"href":"https:\/\/observatoriodelplacer.com\/en\/wp-json\/wp\/v2\/pages\/4023","targetHints":{"allow":["GET"]}}],"collection":[{"href":"https:\/\/observatoriodelplacer.com\/en\/wp-json\/wp\/v2\/pages"}],"about":[{"href":"https:\/\/observatoriodelplacer.com\/en\/wp-json\/wp\/v2\/types\/page"}],"author":[{"embeddable":true,"href":"https:\/\/observatoriodelplacer.com\/en\/wp-json\/wp\/v2\/users\/1"}],"replies":[{"embeddable":true,"href":"https:\/\/observatoriodelplacer.com\/en\/wp-json\/wp\/v2\/comments?post=4023"}],"version-history":[{"count":19,"href":"https:\/\/observatoriodelplacer.com\/en\/wp-json\/wp\/v2\/pages\/4023\/revisions"}],"predecessor-version":[{"id":4233,"href":"https:\/\/observatoriodelplacer.com\/en\/wp-json\/wp\/v2\/pages\/4023\/revisions\/4233"}],"wp:attachment":[{"href":"https:\/\/observatoriodelplacer.com\/en\/wp-json\/wp\/v2\/media?parent=4023"}],"curies":[{"name":"wp","href":"https:\/\/api.w.org\/{rel}","templated":true}]}}