{"id":4069,"date":"2025-08-31T09:26:46","date_gmt":"2025-08-31T07:26:46","guid":{"rendered":"https:\/\/observatoriodelplacer.com\/?page_id=4069"},"modified":"2026-02-08T12:24:10","modified_gmt":"2026-02-08T10:24:10","slug":"normal-vanilla","status":"publish","type":"page","link":"https:\/\/observatoriodelplacer.com\/en\/normal-vanilla\/","title":{"rendered":"Normal VANILLA by Matilde Flor Usinger y Ruben R"},"content":{"rendered":"<div class=\"wp-block-columns is-layout-flex wp-container-core-columns-is-layout-28f84493 wp-block-columns-is-layout-flex\">\n<div class=\"wp-block-column is-layout-flow wp-block-column-is-layout-flow\">\n<h5 class=\"wp-block-heading\">_ Grupo investigaci\u00f3n 29 sept &#8211; 4 oct<br><a href=\"#muestra\" data-type=\"internal\" data-id=\"#muestra\">_ Instalaci\u00f3n corporal _ 4 de octubre<\/a><\/h5>\n\n\n\n<h6 class=\"wp-block-heading\">Convocatoria abierta para la 7ta edici\u00f3n de Normal (sep-oct 2025)<br>_ Por Matilde Flor Usinger y Ruben R<\/h6>\n\n\n\n<p>(GRUPO DE INVESTIGACI\u00d3N) 29sept al 4 oct de 2025, Barcelona<\/p>\n\n\n\n<p>NORMAL es una investigaci\u00f3n en curso sobre la intimidad, cada vez abordada desde una perspectiva diferente. Para esta edici\u00f3n, te invitamos a explorar VAINILLA.<\/p>\n\n\n\n<p>El Grupo de Estudio de Normies regresa con una edici\u00f3n: VAINILLA.<\/p>\n\n\n\n<p>Esta vez nos sumergimos en la suave, pegajosa y enredada dulzura de la pene&lt;3traci\u00f3n.<\/p>\n\n\n\n<p>Espera desnudez, enredos y afecto desbordante.<\/p>\n\n\n\n<p>Durante 6 d\u00edas nos reuniremos en el Observatorio del Placer (OdP) de Barcelona para explorar c\u00f3mo los cuerpos, los espacios y lo que compartimos pueden convertirse en un terreno para el amor m\u00e1s all\u00e1 de lo normal.<\/p>\n\n\n\n<p>4 de octubre: Funci\u00f3n, encuentro sobre las 17:00 \u2764\ufe0f 20:00 \u2764\ufe0f<\/p>\n\n\n\n<p>Esto no es un taller. No es terapia. No es seguro, pero es tierno.<\/p>\n\n\n\n<p>Es un experimento de uni\u00f3n, de l\u00edmites porosos, de convertirse en amor.<\/p>\n\n\n\n<p>\u00bf<strong>Qui\u00e9n puede participar?<\/strong><\/p>\n\n\n\n<p>Cualquier persona con curiosidad por la intimidad, la actuaci\u00f3n colectiva y la indeterminaci\u00f3n l\u00fadica. No se requiere experiencia en actuaci\u00f3n, solo la voluntad de presentarse, compartir, desnudarse (literal y metaf\u00f3ricamente).<\/p>\n\n\n\n<p>El Grupo de Estudio de Normies solo se vive cuando hay diferencia. Invitamos y animamos cordialmente a personas de diversos cuerpos, etnias, g\u00e9neros, sexualidades y capacidades a participar; su presencia es esencial.<\/p>\n\n\n\n<p id=\"instalacion-corporal\"><a href=\"https:\/\/docs.google.com\/forms\/d\/e\/1FAIpQLScKeQg3I1wkvBGhJ8FyyAR4xPTQ4yJRbalc3jJ-6AcaXh5Jfw\/viewform\" target=\"_blank\" rel=\"noopener\"><strong>You can register through this link<\/strong><\/a><\/p>\n\n\n\n<p><\/p>\n\n\n\n<hr class=\"wp-block-separator has-alpha-channel-opacity\"\/>\n\n\n\n<div class=\"wp-block-columns is-layout-flex wp-container-core-columns-is-layout-28f84493 wp-block-columns-is-layout-flex\">\n<div class=\"wp-block-column is-layout-flow wp-block-column-is-layout-flow\" style=\"flex-basis:66.66%\">\n<h6 class=\"wp-block-heading\" id=\"muestra\"><strong>_ Instalaci\u00f3n corporal _ 4 oct 19h<\/strong><\/h6>\n<\/div>\n\n\n\n<div class=\"wp-block-column is-layout-flow wp-block-column-is-layout-flow\" style=\"flex-basis:33.33%\">\n<figure class=\"wp-block-image size-large\"><img loading=\"lazy\" decoding=\"async\" width=\"819\" height=\"1024\" src=\"https:\/\/observatoriodelplacer.com\/wp-content\/uploads\/2026\/02\/5-819x1024.png\" alt=\"\" class=\"wp-image-4208\" srcset=\"https:\/\/observatoriodelplacer.com\/wp-content\/uploads\/2026\/02\/5-819x1024.png 819w, https:\/\/observatoriodelplacer.com\/wp-content\/uploads\/2026\/02\/5-240x300.png 240w, https:\/\/observatoriodelplacer.com\/wp-content\/uploads\/2026\/02\/5-768x960.png 768w, https:\/\/observatoriodelplacer.com\/wp-content\/uploads\/2026\/02\/5-10x12.png 10w, https:\/\/observatoriodelplacer.com\/wp-content\/uploads\/2026\/02\/5.png 1080w\" sizes=\"auto, (max-width: 819px) 100vw, 819px\" \/><\/figure>\n<\/div>\n<\/div>\n\n\n\n<p>Images from last edition DIRT<br>Film @carm3lo__00<br>Light @roc_lilith<br>Sound @mermasuelo and @cavid.dhen<br>Other things @sixth.faith<\/p>\n\n\n\n<hr class=\"wp-block-separator has-alpha-channel-opacity\"\/>\n\n\n\n<h2 class=\"wp-block-heading\">Matilde Flor Usinger<\/h2>\n\n\n\n<p>Matilde aims to embody academic intersectional feminism, challenging societal structures. She integrates knowledge into the body, exploring themes such as sexuality, feminism, world order, gender, and white body supremacy. Her focus extends to the exploration of intimacy, connecting with others on emotional, intellectual, physical, and spiritual levels. She believes that embracing vulnerability empowers deeper, authentic connections, enhancing personal growth and relationships.<\/p>\n\n\n\n<p><strong><a href=\"https:\/\/www.instagram.com\/matildeflor\/\" target=\"_blank\" rel=\"noreferrer noopener\">https:\/\/www.instagram.com\/matildeflor\/<\/a><\/strong><\/p>\n\n\n\n<h2 class=\"wp-block-heading\">Rub\u00e9n R<\/h2>\n\n\n\n<p>Rub\u00e9n R is part of the OdP (Observatorio del Placer) team, as well as being a great researcher on the topic of failure. He also continues to study with great devotion the different ways of feeling gratitude in the face of the idea of \u200b\u200bloss and the sensation of being lost.<\/p>\n<\/div>\n\n\n\n<div class=\"wp-block-column is-layout-flow wp-block-column-is-layout-flow\" style=\"flex-basis:30%\">\n<figure class=\"wp-block-image size-large\"><img loading=\"lazy\" decoding=\"async\" width=\"819\" height=\"1024\" src=\"https:\/\/observatoriodelplacer.com\/wp-content\/uploads\/2025\/08\/Screenshot-2025-08-31-at-09-09-16-Instagram-819x1024.png\" alt=\"Normal VANILLA - research group\" class=\"wp-image-4072\" srcset=\"https:\/\/observatoriodelplacer.com\/wp-content\/uploads\/2025\/08\/Screenshot-2025-08-31-at-09-09-16-Instagram-819x1024.png 819w, https:\/\/observatoriodelplacer.com\/wp-content\/uploads\/2025\/08\/Screenshot-2025-08-31-at-09-09-16-Instagram-240x300.png 240w, https:\/\/observatoriodelplacer.com\/wp-content\/uploads\/2025\/08\/Screenshot-2025-08-31-at-09-09-16-Instagram-768x961.png 768w, https:\/\/observatoriodelplacer.com\/wp-content\/uploads\/2025\/08\/Screenshot-2025-08-31-at-09-09-16-Instagram-10x12.png 10w, https:\/\/observatoriodelplacer.com\/wp-content\/uploads\/2025\/08\/Screenshot-2025-08-31-at-09-09-16-Instagram.png 1168w\" sizes=\"auto, (max-width: 819px) 100vw, 819px\" \/><\/figure>\n\n\n\n<p><\/p>\n\n\n\n<figure class=\"wp-block-video\"><video autoplay controls loop muted src=\"https:\/\/observatoriodelplacer.com\/wp-content\/uploads\/Normal_Vainilla.mp4\"><\/video><\/figure>\n\n\n\n<p><\/p>\n\n\n\n<figure class=\"wp-block-image size-large\"><img loading=\"lazy\" decoding=\"async\" width=\"684\" height=\"1024\" src=\"https:\/\/observatoriodelplacer.com\/wp-content\/uploads\/2025\/02\/DSC_0342-2-684x1024.jpg\" alt=\"matilde flor usinger normal sickapril\" class=\"wp-image-3503\" srcset=\"https:\/\/observatoriodelplacer.com\/wp-content\/uploads\/2025\/02\/DSC_0342-2-684x1024.jpg 684w, https:\/\/observatoriodelplacer.com\/wp-content\/uploads\/2025\/02\/DSC_0342-2-200x300.jpg 200w, https:\/\/observatoriodelplacer.com\/wp-content\/uploads\/2025\/02\/DSC_0342-2-768x1150.jpg 768w, https:\/\/observatoriodelplacer.com\/wp-content\/uploads\/2025\/02\/DSC_0342-2-1025x1536.jpg 1025w, https:\/\/observatoriodelplacer.com\/wp-content\/uploads\/2025\/02\/DSC_0342-2-1367x2048.jpg 1367w, https:\/\/observatoriodelplacer.com\/wp-content\/uploads\/2025\/02\/DSC_0342-2-8x12.jpg 8w, https:\/\/observatoriodelplacer.com\/wp-content\/uploads\/2025\/02\/DSC_0342-2-scaled.jpg 1709w\" sizes=\"auto, (max-width: 684px) 100vw, 684px\" \/><figcaption class=\"wp-element-caption\">Matilde Flor Usinger<\/figcaption><\/figure>\n\n\n\n<p><\/p>\n\n\n\n<figure class=\"wp-block-image size-large\"><img loading=\"lazy\" decoding=\"async\" width=\"1024\" height=\"576\" src=\"https:\/\/observatoriodelplacer.com\/wp-content\/uploads\/2024\/06\/WhatsApp-Image-2024-06-01-at-11.52.15-1024x576.jpeg\" alt=\"Ruben R normal residencia art\u00edstica\" class=\"wp-image-2407\" srcset=\"https:\/\/observatoriodelplacer.com\/wp-content\/uploads\/2024\/06\/WhatsApp-Image-2024-06-01-at-11.52.15-1024x576.jpeg 1024w, https:\/\/observatoriodelplacer.com\/wp-content\/uploads\/2024\/06\/WhatsApp-Image-2024-06-01-at-11.52.15-300x169.jpeg 300w, https:\/\/observatoriodelplacer.com\/wp-content\/uploads\/2024\/06\/WhatsApp-Image-2024-06-01-at-11.52.15-768x432.jpeg 768w, https:\/\/observatoriodelplacer.com\/wp-content\/uploads\/2024\/06\/WhatsApp-Image-2024-06-01-at-11.52.15-18x10.jpeg 18w, https:\/\/observatoriodelplacer.com\/wp-content\/uploads\/2024\/06\/WhatsApp-Image-2024-06-01-at-11.52.15.jpeg 1344w\" sizes=\"auto, (max-width: 1024px) 100vw, 1024px\" \/><figcaption class=\"wp-element-caption\">Rub\u00e9n R (imagen de Barranco)<\/figcaption><\/figure>\n<\/div>\n<\/div>\n\n\n\n<div style=\"height:100px\" aria-hidden=\"true\" class=\"wp-block-spacer\"><\/div>\n\n\n\n<figure class=\"wp-block-image size-full\"><img loading=\"lazy\" decoding=\"async\" width=\"100\" height=\"34\" src=\"https:\/\/observatoriodelplacer.com\/wp-content\/uploads\/2024\/08\/logo-3.png\" alt=\"\" class=\"wp-image-2597\" srcset=\"https:\/\/observatoriodelplacer.com\/wp-content\/uploads\/2024\/08\/logo-3.png 100w, https:\/\/observatoriodelplacer.com\/wp-content\/uploads\/2024\/08\/logo-3-18x6.png 18w\" sizes=\"auto, (max-width: 100px) 100vw, 100px\" \/><figcaption class=\"wp-element-caption\">El proyecto de residencias art\u00edsticas OdP 2025 recibe el apoyo del Ayuntamiento de Barcelona.<\/figcaption><\/figure>","protected":false},"excerpt":{"rendered":"<p>_ Grupo investigaci\u00f3n 29 sept &#8211; 4 oct_ Instalaci\u00f3n corporal _ 4 de octubre Convocatoria abierta para la 7ta edici\u00f3n de Normal (sep-oct 2025)_ Por Matilde Flor Usinger y Ruben R (GRUPO DE INVESTIGACI\u00d3N) 29sept al 4 oct de 2025, Barcelona NORMAL es una investigaci\u00f3n en curso sobre la intimidad, cada vez abordada desde una [&hellip;]<\/p>\n","protected":false},"author":1,"featured_media":0,"parent":0,"menu_order":0,"comment_status":"closed","ping_status":"closed","template":"","meta":{"site-sidebar-layout":"default","site-content-layout":"","ast-site-content-layout":"default","site-content-style":"default","site-sidebar-style":"default","ast-global-header-display":"","ast-banner-title-visibility":"","ast-main-header-display":"","ast-hfb-above-header-display":"","ast-hfb-below-header-display":"","ast-hfb-mobile-header-display":"","site-post-title":"","ast-breadcrumbs-content":"","ast-featured-img":"","footer-sml-layout":"","theme-transparent-header-meta":"","adv-header-id-meta":"","stick-header-meta":"","header-above-stick-meta":"","header-main-stick-meta":"","header-below-stick-meta":"","astra-migrate-meta-layouts":"set","ast-page-background-enabled":"default","ast-page-background-meta":{"desktop":{"background-color":"var(--ast-global-color-4)","background-image":"","background-repeat":"repeat","background-position":"center center","background-size":"auto","background-attachment":"scroll","background-type":"","background-media":"","overlay-type":"","overlay-color":"","overlay-opacity":"","overlay-gradient":""},"tablet":{"background-color":"","background-image":"","background-repeat":"repeat","background-position":"center center","background-size":"auto","background-attachment":"scroll","background-type":"","background-media":"","overlay-type":"","overlay-color":"","overlay-opacity":"","overlay-gradient":""},"mobile":{"background-color":"","background-image":"","background-repeat":"repeat","background-position":"center center","background-size":"auto","background-attachment":"scroll","background-type":"","background-media":"","overlay-type":"","overlay-color":"","overlay-opacity":"","overlay-gradient":""}},"ast-content-background-meta":{"desktop":{"background-color":"var(--ast-global-color-5)","background-image":"","background-repeat":"repeat","background-position":"center center","background-size":"auto","background-attachment":"scroll","background-type":"","background-media":"","overlay-type":"","overlay-color":"","overlay-opacity":"","overlay-gradient":""},"tablet":{"background-color":"var(--ast-global-color-5)","background-image":"","background-repeat":"repeat","background-position":"center center","background-size":"auto","background-attachment":"scroll","background-type":"","background-media":"","overlay-type":"","overlay-color":"","overlay-opacity":"","overlay-gradient":""},"mobile":{"background-color":"var(--ast-global-color-5)","background-image":"","background-repeat":"repeat","background-position":"center center","background-size":"auto","background-attachment":"scroll","background-type":"","background-media":"","overlay-type":"","overlay-color":"","overlay-opacity":"","overlay-gradient":""}},"footnotes":""},"class_list":["post-4069","page","type-page","status-publish","hentry"],"_links":{"self":[{"href":"https:\/\/observatoriodelplacer.com\/en\/wp-json\/wp\/v2\/pages\/4069","targetHints":{"allow":["GET"]}}],"collection":[{"href":"https:\/\/observatoriodelplacer.com\/en\/wp-json\/wp\/v2\/pages"}],"about":[{"href":"https:\/\/observatoriodelplacer.com\/en\/wp-json\/wp\/v2\/types\/page"}],"author":[{"embeddable":true,"href":"https:\/\/observatoriodelplacer.com\/en\/wp-json\/wp\/v2\/users\/1"}],"replies":[{"embeddable":true,"href":"https:\/\/observatoriodelplacer.com\/en\/wp-json\/wp\/v2\/comments?post=4069"}],"version-history":[{"count":13,"href":"https:\/\/observatoriodelplacer.com\/en\/wp-json\/wp\/v2\/pages\/4069\/revisions"}],"predecessor-version":[{"id":4232,"href":"https:\/\/observatoriodelplacer.com\/en\/wp-json\/wp\/v2\/pages\/4069\/revisions\/4232"}],"wp:attachment":[{"href":"https:\/\/observatoriodelplacer.com\/en\/wp-json\/wp\/v2\/media?parent=4069"}],"curies":[{"name":"wp","href":"https:\/\/api.w.org\/{rel}","templated":true}]}}