{"id":4097,"date":"2025-09-24T10:50:06","date_gmt":"2025-09-24T08:50:06","guid":{"rendered":"https:\/\/observatoriodelplacer.com\/?page_id=4097"},"modified":"2026-02-08T12:23:39","modified_gmt":"2026-02-08T10:23:39","slug":"fracasar-nunca-fue-tan-sexy-iii-por-cristian-gonzalez","status":"publish","type":"page","link":"https:\/\/observatoriodelplacer.com\/en\/fracasar-nunca-fue-tan-sexy-iii-por-cristian-gonzalez\/","title":{"rendered":"Fracasar Nunca Fue Tan Sexy III por Cristian Gonz\u00e1lez"},"content":{"rendered":"<h5 class=\"wp-block-heading\">_ Residencia art\u00edstica 13 &#8211; 18 octubre<\/h5>\n\n\n\n<div style=\"height:30px\" aria-hidden=\"true\" class=\"wp-block-spacer\"><\/div>\n\n\n\n<div class=\"wp-block-columns is-layout-flex wp-container-core-columns-is-layout-28f84493 wp-block-columns-is-layout-flex\">\n<div class=\"wp-block-column is-layout-flow wp-block-column-is-layout-flow\">\n<h3 class=\"wp-block-heading\" id=\"residencia\">_ Residencia art\u00edstica 13 &#8211; 18 octubre<\/h3>\n\n\n\n<p><strong>Fracasar nunca fue tan sexy<\/strong>&nbsp;es una exploraci\u00f3n en danza y performance que cuestiona los l\u00edmites del cuerpo y su relaci\u00f3n con el deseo, la seducci\u00f3n y el fracaso. A trav\u00e9s de una investigaci\u00f3n personal, la obra se adentra en las complejidades de un cuerpo dise\u00f1ado para agradar, pero que se enfrenta irremediablemente a la imposibilidad de cumplir con esas expectativas.<\/p>\n\n\n\n<p>En este proceso, el cuerpo se transforma, se desplaza, se resiste: es un cuerpo que oscila entre lo solemne y lo ca\u00f3tico, entre el deseo inalcanzable y la vulnerabilidad que nace del fracaso. El movimiento se convierte en un juego de opuestos: el deseo como perfecci\u00f3n y el deseo como liberaci\u00f3n, la seducci\u00f3n como una b\u00fasqueda constante y la seducci\u00f3n como un acto de autenticidad.<\/p>\n\n\n\n<p>Tras dos residencias previas en&nbsp;<em>Observatorio del Placer<\/em>&nbsp;(Barcelona), vuelvo a este espacio por segunda vez con la intenci\u00f3n de seguir profundizando y amplificando la pieza. Durante una semana de residencia creativa, se explorar\u00e1n nuevas escenas que permitan expandir los lenguajes ya existentes y abrir nuevas preguntas.<\/p>\n\n\n\n<p>Una de estas preguntas se centra en c\u00f3mo integrar m\u00e1s al p\u00fablico: \u00bfQu\u00e9 sucede cuando la mirada deja de ser externa y se convierte en parte del juego? \u00bfC\u00f3mo puede el placer compartirse, incluso en el fracaso? Esta nueva etapa propone un territorio m\u00e1s poroso, donde los l\u00edmites entre performer y espectador se desdibujan, abriendo espacio a una experiencia m\u00e1s viva, mutante y colectiva.<\/p>\n\n\n\n<p><strong>Fracasar nunca fue tan sexy<\/strong>&nbsp;es tambi\u00e9n una reflexi\u00f3n sobre c\u00f3mo el placer, como el cuerpo mismo, se reinventa. La obra propone que el fracaso no es el fin, sino el inicio de algo nuevo: una invitaci\u00f3n a deshacer y rehacer la identidad, a rendirse al cambio, al placer, a la ca\u00edda y a la reconstrucci\u00f3n constante.<\/p>\n\n\n\n<p><em>Una creaci\u00f3n de <a href=\"#cristian\">Cristian Gonz\u00e1lez<\/a><\/em><\/p>\n\n\n\n<p><\/p>\n<\/div>\n\n\n\n<div class=\"wp-block-column is-layout-flow wp-block-column-is-layout-flow\" style=\"flex-basis:30%\">\n<figure class=\"wp-block-image size-large\"><img loading=\"lazy\" decoding=\"async\" width=\"819\" height=\"1024\" src=\"https:\/\/observatoriodelplacer.com\/wp-content\/uploads\/2026\/02\/12-819x1024.png\" alt=\"\" class=\"wp-image-4215\" srcset=\"https:\/\/observatoriodelplacer.com\/wp-content\/uploads\/2026\/02\/12-819x1024.png 819w, https:\/\/observatoriodelplacer.com\/wp-content\/uploads\/2026\/02\/12-240x300.png 240w, https:\/\/observatoriodelplacer.com\/wp-content\/uploads\/2026\/02\/12-768x960.png 768w, https:\/\/observatoriodelplacer.com\/wp-content\/uploads\/2026\/02\/12-10x12.png 10w, https:\/\/observatoriodelplacer.com\/wp-content\/uploads\/2026\/02\/12.png 1080w\" sizes=\"auto, (max-width: 819px) 100vw, 819px\" \/><\/figure>\n\n\n\n<p><\/p>\n\n\n\n<figure class=\"wp-block-image size-large\"><img loading=\"lazy\" decoding=\"async\" width=\"1024\" height=\"576\" src=\"https:\/\/observatoriodelplacer.com\/wp-content\/uploads\/2025\/04\/ff.006-1024x576.png\" alt=\"\" class=\"wp-image-3715\" srcset=\"https:\/\/observatoriodelplacer.com\/wp-content\/uploads\/2025\/04\/ff.006-1024x576.png 1024w, https:\/\/observatoriodelplacer.com\/wp-content\/uploads\/2025\/04\/ff.006-300x169.png 300w, https:\/\/observatoriodelplacer.com\/wp-content\/uploads\/2025\/04\/ff.006-768x432.png 768w, https:\/\/observatoriodelplacer.com\/wp-content\/uploads\/2025\/04\/ff.006-1536x864.png 1536w, https:\/\/observatoriodelplacer.com\/wp-content\/uploads\/2025\/04\/ff.006-18x10.png 18w, https:\/\/observatoriodelplacer.com\/wp-content\/uploads\/2025\/04\/ff.006.png 1920w\" sizes=\"auto, (max-width: 1024px) 100vw, 1024px\" \/><\/figure>\n\n\n\n<p><\/p>\n<\/div>\n<\/div>\n\n\n\n<div style=\"height:50px\" aria-hidden=\"true\" class=\"wp-block-spacer\"><\/div>\n\n\n\n<hr class=\"wp-block-separator has-alpha-channel-opacity\"\/>\n\n\n\n<div class=\"wp-block-columns is-layout-flex wp-container-core-columns-is-layout-28f84493 wp-block-columns-is-layout-flex\">\n<div class=\"wp-block-column is-layout-flow wp-block-column-is-layout-flow\">\n<h2 class=\"wp-block-heading\" id=\"cristian\">Cristian Gonz\u00e1lez (Madrid, 1994)<\/h2>\n\n\n\n<p>ES Core\u00f3grafo y bailar\u00edn independiente desde el a\u00f1o 2009, su experiencia profesional como int\u00e9rprete y asistente le ha llevado a trabajar en proyectos internacionales bajo la direcci\u00f3n coreogr\u00e1fica de Holly Blakey, Theo Tj Low, Sharon Fridman, Chey Jurado, Daniel Abreu Taiat dansa, Iker Karrera entre otros.<\/p>\n\n\n\n<p>Respaldado por su experiencia y a trav\u00e9s de influencias de diferentes estilos de danza, se sirve del entrenamiento corporal, t\u00e9cnico y sensorial para propiciar estados f\u00edsicos, emocionales y mentales donde la vinculaci\u00f3n entre cuerpos forman composiciones coreogr\u00e1ficas y performativas inspiradas en la relaci\u00f3n y di\u00e1logo entre individuo y colectivo como pilares de su investigaci\u00f3n.<\/p>\n\n\n\n<p>Esto lo traslada al escenario, audiovisuales, fotograf\u00eda y performances. Le representa una fuerte atracci\u00f3n por el trabajo colaborativo con y para otras artistas, donde encuentra una forma de nutrirse, aprender y desarrollarse. Resaltando sus \u00faltimos proyectos como; \u201cAOVE\u201d co-direcci\u00f3n coreogr\u00e1fica para Samantha Hudson 2023\/2024, \u201cAfter\u201d Pieza perform\u00e1tica para el artista Alejandr\u00eda Cinque 2023\/2024.<\/p>\n\n\n\n<p><a href=\"https:\/\/www.instagram.com\/cristiangonzalez.h\/\" target=\"_blank\" rel=\"noopener\">https:\/\/www.instagram.com\/cristiangonzalez.h\/<\/a><\/p>\n\n\n\n<p><a href=\"https:\/\/cristiangonzalezweb.wixsite.com\/cristiangonzalez\" target=\"_blank\" rel=\"noopener\">https:\/\/cristiangonzalezweb.wixsite.com\/cristiangonzalez<\/a><\/p>\n<\/div>\n\n\n\n<div class=\"wp-block-column is-layout-flow wp-block-column-is-layout-flow\" style=\"flex-basis:30%\">\n<figure class=\"wp-block-image size-large\"><img loading=\"lazy\" decoding=\"async\" width=\"1024\" height=\"576\" src=\"https:\/\/observatoriodelplacer.com\/wp-content\/uploads\/2025\/04\/FFFF.001-1024x576.png\" alt=\"\" class=\"wp-image-3726\" srcset=\"https:\/\/observatoriodelplacer.com\/wp-content\/uploads\/2025\/04\/FFFF.001-1024x576.png 1024w, https:\/\/observatoriodelplacer.com\/wp-content\/uploads\/2025\/04\/FFFF.001-300x169.png 300w, https:\/\/observatoriodelplacer.com\/wp-content\/uploads\/2025\/04\/FFFF.001-768x432.png 768w, https:\/\/observatoriodelplacer.com\/wp-content\/uploads\/2025\/04\/FFFF.001-1536x864.png 1536w, https:\/\/observatoriodelplacer.com\/wp-content\/uploads\/2025\/04\/FFFF.001-18x10.png 18w, https:\/\/observatoriodelplacer.com\/wp-content\/uploads\/2025\/04\/FFFF.001.png 1920w\" sizes=\"auto, (max-width: 1024px) 100vw, 1024px\" \/><\/figure>\n<\/div>\n<\/div>\n\n\n\n<div style=\"height:100px\" aria-hidden=\"true\" class=\"wp-block-spacer\"><\/div>\n\n\n\n<figure class=\"wp-block-image size-full\"><img loading=\"lazy\" decoding=\"async\" width=\"100\" height=\"34\" src=\"https:\/\/observatoriodelplacer.com\/wp-content\/uploads\/2024\/08\/logo-3.png\" alt=\"\" class=\"wp-image-2597\" srcset=\"https:\/\/observatoriodelplacer.com\/wp-content\/uploads\/2024\/08\/logo-3.png 100w, https:\/\/observatoriodelplacer.com\/wp-content\/uploads\/2024\/08\/logo-3-18x6.png 18w\" sizes=\"auto, (max-width: 100px) 100vw, 100px\" \/><figcaption class=\"wp-element-caption\">El proyecto de residencias art\u00edsticas OdP 2025 recibe el apoyo del Ayuntamiento de Barcelona.<\/figcaption><\/figure>","protected":false},"excerpt":{"rendered":"<p>_ Residencia art\u00edstica 13 &#8211; 18 octubre _ Residencia art\u00edstica 13 &#8211; 18 octubre Fracasar nunca fue tan sexy&nbsp;es una exploraci\u00f3n en danza y performance que cuestiona los l\u00edmites del cuerpo y su relaci\u00f3n con el deseo, la seducci\u00f3n y el fracaso. A trav\u00e9s de una investigaci\u00f3n personal, la obra se adentra en las complejidades [&hellip;]<\/p>\n","protected":false},"author":1,"featured_media":0,"parent":0,"menu_order":0,"comment_status":"closed","ping_status":"closed","template":"","meta":{"site-sidebar-layout":"default","site-content-layout":"","ast-site-content-layout":"default","site-content-style":"default","site-sidebar-style":"default","ast-global-header-display":"","ast-banner-title-visibility":"","ast-main-header-display":"","ast-hfb-above-header-display":"","ast-hfb-below-header-display":"","ast-hfb-mobile-header-display":"","site-post-title":"","ast-breadcrumbs-content":"","ast-featured-img":"","footer-sml-layout":"","theme-transparent-header-meta":"","adv-header-id-meta":"","stick-header-meta":"","header-above-stick-meta":"","header-main-stick-meta":"","header-below-stick-meta":"","astra-migrate-meta-layouts":"set","ast-page-background-enabled":"default","ast-page-background-meta":{"desktop":{"background-color":"var(--ast-global-color-4)","background-image":"","background-repeat":"repeat","background-position":"center center","background-size":"auto","background-attachment":"scroll","background-type":"","background-media":"","overlay-type":"","overlay-color":"","overlay-opacity":"","overlay-gradient":""},"tablet":{"background-color":"","background-image":"","background-repeat":"repeat","background-position":"center center","background-size":"auto","background-attachment":"scroll","background-type":"","background-media":"","overlay-type":"","overlay-color":"","overlay-opacity":"","overlay-gradient":""},"mobile":{"background-color":"","background-image":"","background-repeat":"repeat","background-position":"center center","background-size":"auto","background-attachment":"scroll","background-type":"","background-media":"","overlay-type":"","overlay-color":"","overlay-opacity":"","overlay-gradient":""}},"ast-content-background-meta":{"desktop":{"background-color":"var(--ast-global-color-5)","background-image":"","background-repeat":"repeat","background-position":"center center","background-size":"auto","background-attachment":"scroll","background-type":"","background-media":"","overlay-type":"","overlay-color":"","overlay-opacity":"","overlay-gradient":""},"tablet":{"background-color":"var(--ast-global-color-5)","background-image":"","background-repeat":"repeat","background-position":"center center","background-size":"auto","background-attachment":"scroll","background-type":"","background-media":"","overlay-type":"","overlay-color":"","overlay-opacity":"","overlay-gradient":""},"mobile":{"background-color":"var(--ast-global-color-5)","background-image":"","background-repeat":"repeat","background-position":"center center","background-size":"auto","background-attachment":"scroll","background-type":"","background-media":"","overlay-type":"","overlay-color":"","overlay-opacity":"","overlay-gradient":""}},"footnotes":""},"class_list":["post-4097","page","type-page","status-publish","hentry"],"_links":{"self":[{"href":"https:\/\/observatoriodelplacer.com\/en\/wp-json\/wp\/v2\/pages\/4097","targetHints":{"allow":["GET"]}}],"collection":[{"href":"https:\/\/observatoriodelplacer.com\/en\/wp-json\/wp\/v2\/pages"}],"about":[{"href":"https:\/\/observatoriodelplacer.com\/en\/wp-json\/wp\/v2\/types\/page"}],"author":[{"embeddable":true,"href":"https:\/\/observatoriodelplacer.com\/en\/wp-json\/wp\/v2\/users\/1"}],"replies":[{"embeddable":true,"href":"https:\/\/observatoriodelplacer.com\/en\/wp-json\/wp\/v2\/comments?post=4097"}],"version-history":[{"count":3,"href":"https:\/\/observatoriodelplacer.com\/en\/wp-json\/wp\/v2\/pages\/4097\/revisions"}],"predecessor-version":[{"id":4231,"href":"https:\/\/observatoriodelplacer.com\/en\/wp-json\/wp\/v2\/pages\/4097\/revisions\/4231"}],"wp:attachment":[{"href":"https:\/\/observatoriodelplacer.com\/en\/wp-json\/wp\/v2\/media?parent=4097"}],"curies":[{"name":"wp","href":"https:\/\/api.w.org\/{rel}","templated":true}]}}