{"id":4105,"date":"2025-09-24T11:42:27","date_gmt":"2025-09-24T09:42:27","guid":{"rendered":"https:\/\/observatoriodelplacer.com\/?page_id=4105"},"modified":"2026-02-08T12:23:14","modified_gmt":"2026-02-08T10:23:14","slug":"vanitas-bellini-boy","status":"publish","type":"page","link":"https:\/\/observatoriodelplacer.com\/en\/vanitas-bellini-boy\/","title":{"rendered":"Vanitas\u00a0_ Bellini Boy"},"content":{"rendered":"<h5 class=\"wp-block-heading\"><a href=\"#residencia\" data-type=\"internal\" data-id=\"#residencia\">_ Residencia art\u00edstica 20 &#8211; 29 octubre<\/a><br><a href=\"#perfos\">_ Performance _ 30 octubre<\/a><\/h5>\n\n\n\n<div style=\"height:30px\" aria-hidden=\"true\" class=\"wp-block-spacer\"><\/div>\n\n\n\n<div class=\"wp-block-columns is-layout-flex wp-container-core-columns-is-layout-28f84493 wp-block-columns-is-layout-flex\">\n<div class=\"wp-block-column is-layout-flow wp-block-column-is-layout-flow\">\n<h3 class=\"wp-block-heading\" id=\"residencia\">_ Residencia art\u00edstica 20-29 octubre<\/h3>\n\n\n\n<p>El proyecto&nbsp;<em>Vanitas&nbsp;<\/em>de&nbsp;Bellini Boy&nbsp;es una performance en solitario que explora la relaci\u00f3n entre el cuerpo, el silencio y los traumas no expresados. Desarrollada entre 2024 y 2025 a trav\u00e9s de varias residencias en Europa (Viena, Barcelona, Z\u00farich, Vevey, Bari), esta creaci\u00f3n se inscribe en una investigaci\u00f3n art\u00edstica sobre la vulnerabilidad y su reapropiaci\u00f3n en un contexto queer.<\/p>\n\n\n\n<p>Esta residencia busca afinar el lenguaje coreogr\u00e1fico y dramat\u00fargico de la pieza, poniendo el foco en la escucha sensorial, la intensidad emocional y la cercan\u00eda con el p\u00fablico.<\/p>\n<\/div>\n\n\n\n<div class=\"wp-block-column is-layout-flow wp-block-column-is-layout-flow\" style=\"flex-basis:30%\">\n<figure class=\"wp-block-image size-large\"><img loading=\"lazy\" decoding=\"async\" width=\"819\" height=\"1024\" src=\"https:\/\/observatoriodelplacer.com\/wp-content\/uploads\/2026\/02\/1-819x1024.png\" alt=\"\" class=\"wp-image-4204\" srcset=\"https:\/\/observatoriodelplacer.com\/wp-content\/uploads\/2026\/02\/1-819x1024.png 819w, https:\/\/observatoriodelplacer.com\/wp-content\/uploads\/2026\/02\/1-240x300.png 240w, https:\/\/observatoriodelplacer.com\/wp-content\/uploads\/2026\/02\/1-768x960.png 768w, https:\/\/observatoriodelplacer.com\/wp-content\/uploads\/2026\/02\/1-10x12.png 10w, https:\/\/observatoriodelplacer.com\/wp-content\/uploads\/2026\/02\/1.png 1080w\" sizes=\"auto, (max-width: 819px) 100vw, 819px\" \/><\/figure>\n<\/div>\n<\/div>\n\n\n\n<div style=\"height:50px\" aria-hidden=\"true\" class=\"wp-block-spacer\"><\/div>\n\n\n\n<hr class=\"wp-block-separator has-alpha-channel-opacity\"\/>\n\n\n\n<div class=\"wp-block-columns is-layout-flex wp-container-core-columns-is-layout-28f84493 wp-block-columns-is-layout-flex\">\n<div class=\"wp-block-column is-layout-flow wp-block-column-is-layout-flow\">\n<h2 class=\"wp-block-heading\" id=\"perfo\"><strong><strong>_<em>Vanitas<\/em>&nbsp;_ Bellini Boy<\/strong><\/strong><\/h2>\n\n\n\n<p><em><em>Vanitas<\/em><\/em>&nbsp;nace de una investigaci\u00f3n \u00edntima sobre la auto-censura, el deseo y la reapropiaci\u00f3n del cuerpo como persona queer que vive con el VIH. Durante a\u00f1os, he desarrollado estrategias de supervivencia social que me han llevado a contener, modular o silenciar ciertos aspectos de mi expresi\u00f3n corporal y sexual. Este solo es una manera de confrontar y transformar esos mecanismos profundamente inscritos en la fisicalidad.<\/p>\n\n\n\n<p>El gesto central de la pieza \u2014 tragar, retener, contener \u2014 se convierte as\u00ed en una met\u00e1fora de la violencia interiorizada que muchas personas queer experimentamos respecto a nuestra sexualidad y nuestra fragilidad. Pero m\u00e1s all\u00e1 de la denuncia, esta obra es tambi\u00e9n parte de un proceso de sanaci\u00f3n: un espacio para dejar emerger de nuevo el deseo, para habitar el cuerpo desde una vulnerabilidad asumida, y para afirmar una presencia que ya no busca adaptarse, sino ser.<\/p>\n<\/div>\n\n\n\n<div class=\"wp-block-column is-layout-flow wp-block-column-is-layout-flow\" style=\"flex-basis:30%\">\n<figure class=\"wp-block-image size-large\"><img loading=\"lazy\" decoding=\"async\" width=\"819\" height=\"1024\" src=\"https:\/\/observatoriodelplacer.com\/wp-content\/uploads\/2026\/02\/2-819x1024.png\" alt=\"\" class=\"wp-image-4205\" srcset=\"https:\/\/observatoriodelplacer.com\/wp-content\/uploads\/2026\/02\/2-819x1024.png 819w, https:\/\/observatoriodelplacer.com\/wp-content\/uploads\/2026\/02\/2-240x300.png 240w, https:\/\/observatoriodelplacer.com\/wp-content\/uploads\/2026\/02\/2-768x960.png 768w, https:\/\/observatoriodelplacer.com\/wp-content\/uploads\/2026\/02\/2-10x12.png 10w, https:\/\/observatoriodelplacer.com\/wp-content\/uploads\/2026\/02\/2.png 1080w\" sizes=\"auto, (max-width: 819px) 100vw, 819px\" \/><\/figure>\n<\/div>\n<\/div>\n\n\n\n<div style=\"height:50px\" aria-hidden=\"true\" class=\"wp-block-spacer\"><\/div>\n\n\n\n<hr class=\"wp-block-separator has-alpha-channel-opacity\"\/>\n\n\n\n<div class=\"wp-block-columns is-layout-flex wp-container-core-columns-is-layout-28f84493 wp-block-columns-is-layout-flex\">\n<div class=\"wp-block-column is-layout-flow wp-block-column-is-layout-flow\">\n<h2 class=\"wp-block-heading\" id=\"cristian\">Bellini Boy<\/h2>\n\n\n\n<p>Cuyo nombre real es&nbsp;<strong>Tommy Cattin<\/strong>, es un artista suizo-italiano, bailar\u00edn, core\u00f3grafo y pedagogo, activo principalmente entre Suiza y Barcelona. Formado en Londres, Barcelona y Leeds, ha bailado profesionalmente en numerosos pa\u00edses europeos y en algunos de los principales teatros del continente. Tambi\u00e9n ha impartido clases y dirigido talleres en Suiza, Francia, Italia, Dinamarca y el Reino Unido, y ha presentado sus obras en estos pa\u00edses durante los \u00faltimos siete a\u00f1os.<br>En 2024, lanza&nbsp;<strong>Bellini Boy<\/strong>, su alter ego performativo queer, como un espacio de libertad, poes\u00eda y activismo corporal. A trav\u00e9s de esta figura, explora la visibilidad LGTBIQ+, el glamour como estrategia de resistencia, la vida con el VIH y la construcci\u00f3n de identidades m\u00faltiples. Bellini Boy se consolida r\u00e1pidamente como una voz singular dentro de la escena queer independiente de Barcelona, con performances, talleres y colaboraciones presentadas tambi\u00e9n en Par\u00eds, Viena y Suiza, adem\u00e1s de Catalu\u00f1a.<br>Apoyado por figuras destacadas de la escena queer internacional como Barry Brondon (ICONIQA), Peter Darling (Darling Record Music) o Archie Burnett (\u00edcono del voguing), Bellini Boy une arte, pensamiento social y transmisi\u00f3n cultural. En 2025, recibe el&nbsp;<strong>Queer Leader Award<\/strong>&nbsp;otorgado por la organizaci\u00f3n internacional&nbsp;<strong>We Create Space<\/strong>&nbsp;en Barcelona.<br>Ese mismo a\u00f1o, Bellini Boy lanza su primer single,&nbsp;<strong>\u201cSomething to Say\u201d<\/strong>, una obra \u00edntima y pol\u00edtica que se sit\u00faa entre manifiesto visual y archivo queer personal. Este proyecto marca una nueva etapa en el di\u00e1logo entre sus pr\u00e1cticas coreogr\u00e1ficas, performativas y audiovisuales.<\/p>\n\n\n\n<p><a href=\"https:\/\/www.tommycattin.com\/vanitas\" target=\"_blank\" rel=\"noopener\">www.tommycattin.com\/vanitas<\/a><\/p>\n\n\n\n<p><a href=\"https:\/\/www.belliniboy.com\/\" target=\"_blank\" rel=\"noreferrer noopener\">www.belliniboy.com<\/a><\/p>\n<\/div>\n\n\n\n<div class=\"wp-block-column is-layout-flow wp-block-column-is-layout-flow\" style=\"flex-basis:30%\">\n<figure class=\"wp-block-image size-full\"><img loading=\"lazy\" decoding=\"async\" width=\"424\" height=\"640\" src=\"https:\/\/observatoriodelplacer.com\/wp-content\/uploads\/2025\/09\/Bio_BelliniBoy.png\" alt=\"\" class=\"wp-image-4106\" srcset=\"https:\/\/observatoriodelplacer.com\/wp-content\/uploads\/2025\/09\/Bio_BelliniBoy.png 424w, https:\/\/observatoriodelplacer.com\/wp-content\/uploads\/2025\/09\/Bio_BelliniBoy-199x300.png 199w, https:\/\/observatoriodelplacer.com\/wp-content\/uploads\/2025\/09\/Bio_BelliniBoy-8x12.png 8w\" sizes=\"auto, (max-width: 424px) 100vw, 424px\" \/><\/figure>\n<\/div>\n<\/div>\n\n\n\n<div style=\"height:100px\" aria-hidden=\"true\" class=\"wp-block-spacer\"><\/div>\n\n\n\n<figure class=\"wp-block-image size-full\"><img loading=\"lazy\" decoding=\"async\" width=\"100\" height=\"34\" src=\"https:\/\/observatoriodelplacer.com\/wp-content\/uploads\/2024\/08\/logo-3.png\" alt=\"\" class=\"wp-image-2597\" srcset=\"https:\/\/observatoriodelplacer.com\/wp-content\/uploads\/2024\/08\/logo-3.png 100w, https:\/\/observatoriodelplacer.com\/wp-content\/uploads\/2024\/08\/logo-3-18x6.png 18w\" sizes=\"auto, (max-width: 100px) 100vw, 100px\" \/><figcaption class=\"wp-element-caption\">El proyecto de residencias art\u00edsticas OdP 2025 recibe el apoyo del Ayuntamiento de Barcelona.<\/figcaption><\/figure>\n\n\n\n<p><\/p>","protected":false},"excerpt":{"rendered":"<p>_ Residencia art\u00edstica 20 &#8211; 29 octubre_ Performance _ 30 octubre _ Residencia art\u00edstica 20-29 octubre El proyecto&nbsp;Vanitas&nbsp;de&nbsp;Bellini Boy&nbsp;es una performance en solitario que explora la relaci\u00f3n entre el cuerpo, el silencio y los traumas no expresados. Desarrollada entre 2024 y 2025 a trav\u00e9s de varias residencias en Europa (Viena, Barcelona, Z\u00farich, Vevey, Bari), esta [&hellip;]<\/p>\n","protected":false},"author":1,"featured_media":0,"parent":0,"menu_order":0,"comment_status":"closed","ping_status":"closed","template":"","meta":{"site-sidebar-layout":"default","site-content-layout":"","ast-site-content-layout":"default","site-content-style":"default","site-sidebar-style":"default","ast-global-header-display":"","ast-banner-title-visibility":"","ast-main-header-display":"","ast-hfb-above-header-display":"","ast-hfb-below-header-display":"","ast-hfb-mobile-header-display":"","site-post-title":"","ast-breadcrumbs-content":"","ast-featured-img":"","footer-sml-layout":"","theme-transparent-header-meta":"","adv-header-id-meta":"","stick-header-meta":"","header-above-stick-meta":"","header-main-stick-meta":"","header-below-stick-meta":"","astra-migrate-meta-layouts":"set","ast-page-background-enabled":"default","ast-page-background-meta":{"desktop":{"background-color":"var(--ast-global-color-4)","background-image":"","background-repeat":"repeat","background-position":"center center","background-size":"auto","background-attachment":"scroll","background-type":"","background-media":"","overlay-type":"","overlay-color":"","overlay-opacity":"","overlay-gradient":""},"tablet":{"background-color":"","background-image":"","background-repeat":"repeat","background-position":"center center","background-size":"auto","background-attachment":"scroll","background-type":"","background-media":"","overlay-type":"","overlay-color":"","overlay-opacity":"","overlay-gradient":""},"mobile":{"background-color":"","background-image":"","background-repeat":"repeat","background-position":"center center","background-size":"auto","background-attachment":"scroll","background-type":"","background-media":"","overlay-type":"","overlay-color":"","overlay-opacity":"","overlay-gradient":""}},"ast-content-background-meta":{"desktop":{"background-color":"var(--ast-global-color-5)","background-image":"","background-repeat":"repeat","background-position":"center center","background-size":"auto","background-attachment":"scroll","background-type":"","background-media":"","overlay-type":"","overlay-color":"","overlay-opacity":"","overlay-gradient":""},"tablet":{"background-color":"var(--ast-global-color-5)","background-image":"","background-repeat":"repeat","background-position":"center center","background-size":"auto","background-attachment":"scroll","background-type":"","background-media":"","overlay-type":"","overlay-color":"","overlay-opacity":"","overlay-gradient":""},"mobile":{"background-color":"var(--ast-global-color-5)","background-image":"","background-repeat":"repeat","background-position":"center center","background-size":"auto","background-attachment":"scroll","background-type":"","background-media":"","overlay-type":"","overlay-color":"","overlay-opacity":"","overlay-gradient":""}},"footnotes":""},"class_list":["post-4105","page","type-page","status-publish","hentry"],"_links":{"self":[{"href":"https:\/\/observatoriodelplacer.com\/en\/wp-json\/wp\/v2\/pages\/4105","targetHints":{"allow":["GET"]}}],"collection":[{"href":"https:\/\/observatoriodelplacer.com\/en\/wp-json\/wp\/v2\/pages"}],"about":[{"href":"https:\/\/observatoriodelplacer.com\/en\/wp-json\/wp\/v2\/types\/page"}],"author":[{"embeddable":true,"href":"https:\/\/observatoriodelplacer.com\/en\/wp-json\/wp\/v2\/users\/1"}],"replies":[{"embeddable":true,"href":"https:\/\/observatoriodelplacer.com\/en\/wp-json\/wp\/v2\/comments?post=4105"}],"version-history":[{"count":12,"href":"https:\/\/observatoriodelplacer.com\/en\/wp-json\/wp\/v2\/pages\/4105\/revisions"}],"predecessor-version":[{"id":4230,"href":"https:\/\/observatoriodelplacer.com\/en\/wp-json\/wp\/v2\/pages\/4105\/revisions\/4230"}],"wp:attachment":[{"href":"https:\/\/observatoriodelplacer.com\/en\/wp-json\/wp\/v2\/media?parent=4105"}],"curies":[{"name":"wp","href":"https:\/\/api.w.org\/{rel}","templated":true}]}}