{"id":416,"date":"2022-09-18T18:15:04","date_gmt":"2022-09-18T16:15:04","guid":{"rendered":"https:\/\/observatoriodelplacer.com\/?page_id=416"},"modified":"2024-04-24T12:41:08","modified_gmt":"2024-04-24T10:41:08","slug":"follar-de-risa","status":"publish","type":"page","link":"https:\/\/observatoriodelplacer.com\/en\/follar-de-risa\/","title":{"rendered":"Follar de risa"},"content":{"rendered":"<div class=\"wp-block-columns is-layout-flex wp-container-core-columns-is-layout-28f84493 wp-block-columns-is-layout-flex\">\n<div class=\"wp-block-column is-layout-flow wp-block-column-is-layout-flow\">\n<p><strong>S\u00e1bado 11 mayo<\/strong> \u00b7 <strong>16 &#8211; 22h<\/strong><br><em>Facilita el D\u00fao sacaputas<\/em><\/p>\n\n\n\n<p>Tanto la risa como la excitaci\u00f3n sexual implican transformaciones fisiol\u00f3gicas de alto grado y tienen el potencial para reordenar las estructuras sociales. Tambi\u00e9n se dice que algo es \u201cde risa\u201d cuando la performatividad no resulta exitosa y no alcanza el \u201cpassing\u201d. En este sentido, \u201cFollar de risa\u201d trabajar\u00e1 con imitaciones burdas de estereotipos er\u00f3ticos. No se trata de llegar a ning\u00fan \u201cfinal feliz\u201d sino de explorar la tem\u00e1tica de lo sexual desde situaciones potencialmente c\u00f3micas. Esta suerte de gincana er\u00f3tica est\u00e1 especialmente dirigida a aquelles que no les importa apostar por el fracaso si lo que est\u00e1 en juego es una carcajada.<\/p>\n\n\n\n<p><strong>D\u00fao sacaputas<\/strong> son dos habituales del Observatorio del Placer que en esta ocasi\u00f3n unen fuerzas para seguir explorando la sexualidad desde lo c\u00f3mico. Les interesan estrategias dispares como los juegos de palabras, el humor grosero y el absurdo.<\/p>\n\n\n\n<p><em>Activity open to those who investigate their sexuality regardless of the gender or identity of the people they will meet in the experience.<\/em><\/p>\n\n\n\n<figure class=\"wp-block-image size-large\"><img loading=\"lazy\" decoding=\"async\" width=\"1024\" height=\"683\" src=\"https:\/\/observatoriodelplacer.com\/wp-content\/uploads\/2022\/10\/ASMRdelfuturo-quimpujol_7LOW-1024x683.jpg\" alt=\"\" class=\"wp-image-486\" srcset=\"https:\/\/observatoriodelplacer.com\/wp-content\/uploads\/2022\/10\/ASMRdelfuturo-quimpujol_7LOW-1024x683.jpg 1024w, https:\/\/observatoriodelplacer.com\/wp-content\/uploads\/2022\/10\/ASMRdelfuturo-quimpujol_7LOW-300x200.jpg 300w, https:\/\/observatoriodelplacer.com\/wp-content\/uploads\/2022\/10\/ASMRdelfuturo-quimpujol_7LOW-768x512.jpg 768w, https:\/\/observatoriodelplacer.com\/wp-content\/uploads\/2022\/10\/ASMRdelfuturo-quimpujol_7LOW-1536x1024.jpg 1536w, https:\/\/observatoriodelplacer.com\/wp-content\/uploads\/2022\/10\/ASMRdelfuturo-quimpujol_7LOW-2048x1365.jpg 2048w, https:\/\/observatoriodelplacer.com\/wp-content\/uploads\/2022\/10\/ASMRdelfuturo-quimpujol_7LOW-930x620.jpg 930w\" sizes=\"auto, (max-width: 1024px) 100vw, 1024px\" \/><\/figure>\n\n\n\n<p><\/p>\n\n\n\n<figure class=\"wp-block-image size-large\"><img loading=\"lazy\" decoding=\"async\" width=\"579\" height=\"580\" src=\"https:\/\/observatoriodelplacer.com\/wp-content\/uploads\/2024\/04\/WhatsApp-Image-2024-04-23-at-15.49.20-edited-1.jpeg\" alt=\"\" class=\"wp-image-2260\" srcset=\"https:\/\/observatoriodelplacer.com\/wp-content\/uploads\/2024\/04\/WhatsApp-Image-2024-04-23-at-15.49.20-edited-1.jpeg 579w, https:\/\/observatoriodelplacer.com\/wp-content\/uploads\/2024\/04\/WhatsApp-Image-2024-04-23-at-15.49.20-edited-1-300x300.jpeg 300w, https:\/\/observatoriodelplacer.com\/wp-content\/uploads\/2024\/04\/WhatsApp-Image-2024-04-23-at-15.49.20-edited-1-150x150.jpeg 150w, https:\/\/observatoriodelplacer.com\/wp-content\/uploads\/2024\/04\/WhatsApp-Image-2024-04-23-at-15.49.20-edited-1-12x12.jpeg 12w\" sizes=\"auto, (max-width: 579px) 100vw, 579px\" \/><\/figure>\n\n\n\n<p>_<\/p>\n\n\n\n<p><strong><em>follar de risa &gt;&gt; S\u00e1bado 11 de mayo \u00b7 de 16 a 22h<\/em><br>Colaboraci\u00f3n experiencia 60\u20ac<\/strong><br>Colaboraci\u00f3n variable seg\u00fan tu situaci\u00f3n actual. 30-90\u20ac<br><a href=\"https:\/\/observatoriodelplacer.com\/en\/colaboracion-variable\/\"><strong>Consult information about variable collaboration<\/strong><\/a><\/p>\n\n\n\n<p class=\"has-ast-global-color-5-color has-text-color has-background\" style=\"background-color:#ff5050\"><strong><strong><strong><em>*** We do not want anyone to be left out of the activities due to economic issues. If this is your case, let us know and we will look for possible exchanges or reduced collaboration.<br><\/em>Likewise, Observatorio del Placer is a project in formation, if you want to support us with greater collaboration, it will also be welcome.<\/strong><\/strong><\/strong><\/p>\n\n\n\n<p><strong>MAKE YOUR REGISTRATION THROUGH THIS LINK<\/strong><\/p>\n\n\n\n<p><a href=\"https:\/\/forms.gle\/3HosLFNRT3kigzgf7\" target=\"_blank\" rel=\"noopener\">https:\/\/forms.gle\/3HosLFNRT3kigzgf7<\/a><\/p>\n<\/div>\n\n\n\n<div class=\"wp-block-column is-layout-flow wp-block-column-is-layout-flow\">\n<figure class=\"wp-block-image size-large\"><img loading=\"lazy\" decoding=\"async\" width=\"1024\" height=\"1024\" src=\"https:\/\/observatoriodelplacer.com\/wp-content\/uploads\/2024\/04\/follar-de-risa-1024x1024.png\" alt=\"\" class=\"wp-image-2251\" srcset=\"https:\/\/observatoriodelplacer.com\/wp-content\/uploads\/2024\/04\/follar-de-risa-1024x1024.png 1024w, https:\/\/observatoriodelplacer.com\/wp-content\/uploads\/2024\/04\/follar-de-risa-300x300.png 300w, https:\/\/observatoriodelplacer.com\/wp-content\/uploads\/2024\/04\/follar-de-risa-150x150.png 150w, https:\/\/observatoriodelplacer.com\/wp-content\/uploads\/2024\/04\/follar-de-risa-768x768.png 768w, https:\/\/observatoriodelplacer.com\/wp-content\/uploads\/2024\/04\/follar-de-risa-12x12.png 12w, https:\/\/observatoriodelplacer.com\/wp-content\/uploads\/2024\/04\/follar-de-risa.png 1080w\" sizes=\"auto, (max-width: 1024px) 100vw, 1024px\" \/><\/figure>\n<\/div>\n<\/div>","protected":false},"excerpt":{"rendered":"<p>S\u00e1bado 11 mayo \u00b7 16 &#8211; 22hFacilita el D\u00fao sacaputas Tanto la risa como la excitaci\u00f3n sexual implican transformaciones fisiol\u00f3gicas de alto grado y tienen el potencial para reordenar las estructuras sociales. Tambi\u00e9n se dice que algo es \u201cde risa\u201d cuando la performatividad no resulta exitosa y no alcanza el \u201cpassing\u201d. En este sentido, \u201cFollar [&hellip;]<\/p>\n","protected":false},"author":1,"featured_media":0,"parent":0,"menu_order":0,"comment_status":"closed","ping_status":"closed","template":"","meta":{"site-sidebar-layout":"default","site-content-layout":"","ast-site-content-layout":"","site-content-style":"default","site-sidebar-style":"default","ast-global-header-display":"","ast-banner-title-visibility":"","ast-main-header-display":"","ast-hfb-above-header-display":"","ast-hfb-below-header-display":"","ast-hfb-mobile-header-display":"","site-post-title":"","ast-breadcrumbs-content":"","ast-featured-img":"","footer-sml-layout":"","theme-transparent-header-meta":"","adv-header-id-meta":"","stick-header-meta":"","header-above-stick-meta":"","header-main-stick-meta":"","header-below-stick-meta":"","astra-migrate-meta-layouts":"default","ast-page-background-enabled":"default","ast-page-background-meta":{"desktop":{"background-color":"var(--ast-global-color-4)","background-image":"","background-repeat":"repeat","background-position":"center center","background-size":"auto","background-attachment":"scroll","background-type":"","background-media":"","overlay-type":"","overlay-color":"","overlay-opacity":"","overlay-gradient":""},"tablet":{"background-color":"","background-image":"","background-repeat":"repeat","background-position":"center center","background-size":"auto","background-attachment":"scroll","background-type":"","background-media":"","overlay-type":"","overlay-color":"","overlay-opacity":"","overlay-gradient":""},"mobile":{"background-color":"","background-image":"","background-repeat":"repeat","background-position":"center center","background-size":"auto","background-attachment":"scroll","background-type":"","background-media":"","overlay-type":"","overlay-color":"","overlay-opacity":"","overlay-gradient":""}},"ast-content-background-meta":{"desktop":{"background-color":"var(--ast-global-color-5)","background-image":"","background-repeat":"repeat","background-position":"center center","background-size":"auto","background-attachment":"scroll","background-type":"","background-media":"","overlay-type":"","overlay-color":"","overlay-opacity":"","overlay-gradient":""},"tablet":{"background-color":"var(--ast-global-color-5)","background-image":"","background-repeat":"repeat","background-position":"center center","background-size":"auto","background-attachment":"scroll","background-type":"","background-media":"","overlay-type":"","overlay-color":"","overlay-opacity":"","overlay-gradient":""},"mobile":{"background-color":"var(--ast-global-color-5)","background-image":"","background-repeat":"repeat","background-position":"center center","background-size":"auto","background-attachment":"scroll","background-type":"","background-media":"","overlay-type":"","overlay-color":"","overlay-opacity":"","overlay-gradient":""}},"footnotes":""},"class_list":["post-416","page","type-page","status-publish","hentry"],"_links":{"self":[{"href":"https:\/\/observatoriodelplacer.com\/en\/wp-json\/wp\/v2\/pages\/416","targetHints":{"allow":["GET"]}}],"collection":[{"href":"https:\/\/observatoriodelplacer.com\/en\/wp-json\/wp\/v2\/pages"}],"about":[{"href":"https:\/\/observatoriodelplacer.com\/en\/wp-json\/wp\/v2\/types\/page"}],"author":[{"embeddable":true,"href":"https:\/\/observatoriodelplacer.com\/en\/wp-json\/wp\/v2\/users\/1"}],"replies":[{"embeddable":true,"href":"https:\/\/observatoriodelplacer.com\/en\/wp-json\/wp\/v2\/comments?post=416"}],"version-history":[{"count":30,"href":"https:\/\/observatoriodelplacer.com\/en\/wp-json\/wp\/v2\/pages\/416\/revisions"}],"predecessor-version":[{"id":2262,"href":"https:\/\/observatoriodelplacer.com\/en\/wp-json\/wp\/v2\/pages\/416\/revisions\/2262"}],"wp:attachment":[{"href":"https:\/\/observatoriodelplacer.com\/en\/wp-json\/wp\/v2\/media?parent=416"}],"curies":[{"name":"wp","href":"https:\/\/api.w.org\/{rel}","templated":true}]}}