{"id":4248,"date":"2026-02-08T12:46:33","date_gmt":"2026-02-08T10:46:33","guid":{"rendered":"https:\/\/observatoriodelplacer.com\/?page_id=4248"},"modified":"2026-02-08T12:48:28","modified_gmt":"2026-02-08T10:48:28","slug":"cuidame-de-lola-ini","status":"publish","type":"page","link":"https:\/\/observatoriodelplacer.com\/en\/cuidame-de-lola-ini\/","title":{"rendered":"CU\u00cdDAME&#8230;\u00a0de\u00a0Lola &#038; I\u00f1i"},"content":{"rendered":"<div style=\"height:30px\" aria-hidden=\"true\" class=\"wp-block-spacer\"><\/div>\n\n\n\n<div class=\"wp-block-columns is-layout-flex wp-container-core-columns-is-layout-28f84493 wp-block-columns-is-layout-flex\">\n<div class=\"wp-block-column is-layout-flow wp-block-column-is-layout-flow\">\n<h3 class=\"wp-block-heading\" id=\"residencia\">_ Residencia art\u00edstica 20-29 octubre<\/h3>\n\n\n\n<p>Personas como objetos de cuidado.&nbsp;<\/p>\n\n\n\n<p>\u00bfAcaso me preguntas?<br>No, a ti te cuidamos.<\/p>\n\n\n\n<p>Esta performance es un acto de rebeli\u00f3n para dinamitar los prejuicios en los cuidados hacia la gente disca. Para reclamar la agencia de los cuerpos desprove\u00eddos de autonom\u00eda. Las barreras a la accesibilidad son f\u00edsicas, pero tambi\u00e9n morales. Ha llegado el momento de reconocer el capacitista en nosotres.<\/p>\n\n\n\n<p>\u00bfA caso no necesitamos todxs cuidados? \u00bfA caso les discxs no podemos cuidar? \u00bfQu\u00e9 cuidados quieres para m\u00ed? \u00bfPara qu\u00e9 me quieres cuidar?<\/p>\n<\/div>\n\n\n\n<div class=\"wp-block-column is-layout-flow wp-block-column-is-layout-flow\" style=\"flex-basis:30%\">\n<figure class=\"wp-block-image size-large\"><img loading=\"lazy\" decoding=\"async\" width=\"819\" height=\"1024\" src=\"https:\/\/observatoriodelplacer.com\/wp-content\/uploads\/2026\/02\/WhatsApp-Image-2026-01-18-at-19.45.37-819x1024.jpeg\" alt=\"\" class=\"wp-image-4246\" srcset=\"https:\/\/observatoriodelplacer.com\/wp-content\/uploads\/2026\/02\/WhatsApp-Image-2026-01-18-at-19.45.37-819x1024.jpeg 819w, https:\/\/observatoriodelplacer.com\/wp-content\/uploads\/2026\/02\/WhatsApp-Image-2026-01-18-at-19.45.37-240x300.jpeg 240w, https:\/\/observatoriodelplacer.com\/wp-content\/uploads\/2026\/02\/WhatsApp-Image-2026-01-18-at-19.45.37-768x960.jpeg 768w, https:\/\/observatoriodelplacer.com\/wp-content\/uploads\/2026\/02\/WhatsApp-Image-2026-01-18-at-19.45.37-10x12.jpeg 10w, https:\/\/observatoriodelplacer.com\/wp-content\/uploads\/2026\/02\/WhatsApp-Image-2026-01-18-at-19.45.37.jpeg 1024w\" sizes=\"auto, (max-width: 819px) 100vw, 819px\" \/><\/figure>\n<\/div>\n<\/div>\n\n\n\n<div style=\"height:50px\" aria-hidden=\"true\" class=\"wp-block-spacer\"><\/div>\n\n\n\n<hr class=\"wp-block-separator has-alpha-channel-opacity\"\/>\n\n\n\n<div class=\"wp-block-columns is-layout-flex wp-container-core-columns-is-layout-28f84493 wp-block-columns-is-layout-flex\">\n<div class=\"wp-block-column is-layout-flow wp-block-column-is-layout-flow\">\n<h2 class=\"wp-block-heading\" id=\"cristian\">Int\u00e9rpretes Lola &amp; I\u00f1i<\/h2>\n\n\n\n<p><strong>Lola Pistola<\/strong><br>Perra prosex, bandida del amor y fan\u00e1tica del error. Postpornifico mi experiencia de vida como artista multidisciplinar, revindicando el humor, la incomodidad y el amor como herramientas definitivas.<\/p>\n\n\n\n<p><strong>I\u00f1igo Laudio<\/strong><br>Soy \u00cd\u00f1igo , ser excomulgado del c\u00edrculo normativo desde el d\u00eda de su nacimiento.<br>Me autodefino como diska-crip-mutant-queer, y habito la periferia\u00a0de lo que no existe como provechoso o productivo.<br>Artista de la danza y la performance. Int\u00e9rprete de cine y de teatro. De vez en cuando escribo.<\/p>\n<\/div>\n\n\n\n<div class=\"wp-block-column is-layout-flow wp-block-column-is-layout-flow\" style=\"flex-basis:30%\">\n<figure class=\"wp-block-image size-full\"><img loading=\"lazy\" decoding=\"async\" width=\"1599\" height=\"1199\" src=\"https:\/\/observatoriodelplacer.com\/wp-content\/uploads\/2026\/02\/WhatsApp-Image-2026-01-31-at-15.28.05.jpeg\" alt=\"\" class=\"wp-image-4250\" srcset=\"https:\/\/observatoriodelplacer.com\/wp-content\/uploads\/2026\/02\/WhatsApp-Image-2026-01-31-at-15.28.05.jpeg 1599w, https:\/\/observatoriodelplacer.com\/wp-content\/uploads\/2026\/02\/WhatsApp-Image-2026-01-31-at-15.28.05-300x225.jpeg 300w, https:\/\/observatoriodelplacer.com\/wp-content\/uploads\/2026\/02\/WhatsApp-Image-2026-01-31-at-15.28.05-1024x768.jpeg 1024w, https:\/\/observatoriodelplacer.com\/wp-content\/uploads\/2026\/02\/WhatsApp-Image-2026-01-31-at-15.28.05-768x576.jpeg 768w, https:\/\/observatoriodelplacer.com\/wp-content\/uploads\/2026\/02\/WhatsApp-Image-2026-01-31-at-15.28.05-1536x1152.jpeg 1536w, https:\/\/observatoriodelplacer.com\/wp-content\/uploads\/2026\/02\/WhatsApp-Image-2026-01-31-at-15.28.05-16x12.jpeg 16w\" sizes=\"auto, (max-width: 1599px) 100vw, 1599px\" \/><\/figure>\n<\/div>\n<\/div>\n\n\n\n<div style=\"height:100px\" aria-hidden=\"true\" class=\"wp-block-spacer\"><\/div>\n\n\n\n<p><\/p>","protected":false},"excerpt":{"rendered":"<p>_ Residencia art\u00edstica 20-29 octubre Personas como objetos de cuidado.&nbsp; \u00bfAcaso me preguntas?No, a ti te cuidamos. Esta performance es un acto de rebeli\u00f3n para dinamitar los prejuicios en los cuidados hacia la gente disca. Para reclamar la agencia de los cuerpos desprove\u00eddos de autonom\u00eda. Las barreras a la accesibilidad son f\u00edsicas, pero tambi\u00e9n morales. [&hellip;]<\/p>\n","protected":false},"author":1,"featured_media":0,"parent":0,"menu_order":0,"comment_status":"closed","ping_status":"closed","template":"","meta":{"site-sidebar-layout":"default","site-content-layout":"","ast-site-content-layout":"default","site-content-style":"default","site-sidebar-style":"default","ast-global-header-display":"","ast-banner-title-visibility":"","ast-main-header-display":"","ast-hfb-above-header-display":"","ast-hfb-below-header-display":"","ast-hfb-mobile-header-display":"","site-post-title":"","ast-breadcrumbs-content":"","ast-featured-img":"","footer-sml-layout":"","theme-transparent-header-meta":"","adv-header-id-meta":"","stick-header-meta":"","header-above-stick-meta":"","header-main-stick-meta":"","header-below-stick-meta":"","astra-migrate-meta-layouts":"set","ast-page-background-enabled":"default","ast-page-background-meta":{"desktop":{"background-color":"var(--ast-global-color-4)","background-image":"","background-repeat":"repeat","background-position":"center center","background-size":"auto","background-attachment":"scroll","background-type":"","background-media":"","overlay-type":"","overlay-color":"","overlay-opacity":"","overlay-gradient":""},"tablet":{"background-color":"","background-image":"","background-repeat":"repeat","background-position":"center center","background-size":"auto","background-attachment":"scroll","background-type":"","background-media":"","overlay-type":"","overlay-color":"","overlay-opacity":"","overlay-gradient":""},"mobile":{"background-color":"","background-image":"","background-repeat":"repeat","background-position":"center center","background-size":"auto","background-attachment":"scroll","background-type":"","background-media":"","overlay-type":"","overlay-color":"","overlay-opacity":"","overlay-gradient":""}},"ast-content-background-meta":{"desktop":{"background-color":"var(--ast-global-color-5)","background-image":"","background-repeat":"repeat","background-position":"center center","background-size":"auto","background-attachment":"scroll","background-type":"","background-media":"","overlay-type":"","overlay-color":"","overlay-opacity":"","overlay-gradient":""},"tablet":{"background-color":"var(--ast-global-color-5)","background-image":"","background-repeat":"repeat","background-position":"center center","background-size":"auto","background-attachment":"scroll","background-type":"","background-media":"","overlay-type":"","overlay-color":"","overlay-opacity":"","overlay-gradient":""},"mobile":{"background-color":"var(--ast-global-color-5)","background-image":"","background-repeat":"repeat","background-position":"center center","background-size":"auto","background-attachment":"scroll","background-type":"","background-media":"","overlay-type":"","overlay-color":"","overlay-opacity":"","overlay-gradient":""}},"footnotes":""},"class_list":["post-4248","page","type-page","status-publish","hentry"],"_links":{"self":[{"href":"https:\/\/observatoriodelplacer.com\/en\/wp-json\/wp\/v2\/pages\/4248","targetHints":{"allow":["GET"]}}],"collection":[{"href":"https:\/\/observatoriodelplacer.com\/en\/wp-json\/wp\/v2\/pages"}],"about":[{"href":"https:\/\/observatoriodelplacer.com\/en\/wp-json\/wp\/v2\/types\/page"}],"author":[{"embeddable":true,"href":"https:\/\/observatoriodelplacer.com\/en\/wp-json\/wp\/v2\/users\/1"}],"replies":[{"embeddable":true,"href":"https:\/\/observatoriodelplacer.com\/en\/wp-json\/wp\/v2\/comments?post=4248"}],"version-history":[{"count":4,"href":"https:\/\/observatoriodelplacer.com\/en\/wp-json\/wp\/v2\/pages\/4248\/revisions"}],"predecessor-version":[{"id":4256,"href":"https:\/\/observatoriodelplacer.com\/en\/wp-json\/wp\/v2\/pages\/4248\/revisions\/4256"}],"wp:attachment":[{"href":"https:\/\/observatoriodelplacer.com\/en\/wp-json\/wp\/v2\/media?parent=4248"}],"curies":[{"name":"wp","href":"https:\/\/api.w.org\/{rel}","templated":true}]}}