{"id":434,"date":"2022-10-04T10:40:50","date_gmt":"2022-10-04T08:40:50","guid":{"rendered":"https:\/\/observatoriodelplacer.com\/?page_id=434"},"modified":"2022-10-05T18:49:07","modified_gmt":"2022-10-05T16:49:07","slug":"circulo-de-masturbacion-colectiva","status":"publish","type":"page","link":"https:\/\/observatoriodelplacer.com\/en\/circulo-de-masturbacion-colectiva\/","title":{"rendered":"C\u00cdRCULO DE MASTURBACI\u00d3N COLECTIVA"},"content":{"rendered":"<div class=\"wp-block-columns is-layout-flex wp-container-core-columns-is-layout-28f84493 wp-block-columns-is-layout-flex\">\n<div class=\"wp-block-column is-layout-flow wp-block-column-is-layout-flow\">\n<p class=\"has-text-align-right\">Hay que darse cuenta del poder que pueden aportarnos nuestras entrepiernas y nuestros corazones liberados, quiz\u00e1s entonces podremos pasar a la acci\u00f3n. Podremos<br>\u201ctomar partido hasta mancharnos\u201d.<br>Diana J. Torres<\/p>\n\n\n\n<p><strong>30 Oct. 16-20h<\/strong><br><strong>Facilita, Sandra Bravo<\/strong><\/p>\n\n\n\n<p>\u00bfQu\u00e9 es el placer para ti? \u00bfQu\u00e9 relaci\u00f3n tienes con \u00e9l? \u00bfC\u00f3mo lo consigues? El c\u00edrculo de masturbaci\u00f3n colectiva es una propuesta para que indagues un poco m\u00e1s en estas preguntas y, sobre todo, para que las experimentes en tu propio cuerpo.<\/p>\n\n\n\n<p>Es probable que te hayas masturbado alguna vez, pero, \u00bfsientes que podr\u00edas hacerlo de otras maneras? \u00bfConversas con tu cuerpo o simplemente le exiges un orgasmo? \u00bfC\u00f3mo te sentir\u00edas si alguien observara c\u00f3mo alimentas tu propio erotismo?<\/p>\n\n\n\n<p>En nuestra sociedad reservamos la masturbaci\u00f3n al espacio de lo privado, de la genitalidad y de la individualidad. Aqu\u00ed te proponemos experimentar con la intimidad y creatividad colectivas. \u00bfQu\u00e9 se genera en tu mente al pensar en ello?<br>\u00bfC\u00f3mo responde tu cuerpo al imaginarlo?<\/p>\n\n\n\n<p>Observa tus sensaciones corporales en comunidad. Jadea entre jadeos ajenos o simplemente llora tus posibles bloqueos. Tu vulnerabilidad es bienvenida (y muy sexy). El objetivo de este taller no es alcanzar el orgasmo, sino observar y acoger<br>nuestra sexualidad desde otra \u00f3ptica.<\/p>\n\n\n\n<p>Amor propio, onanismo, intimidad colectiva. <br>Placer, verg\u00fcenza, culpa, miedo.<br>Orgullo, exhibici\u00f3n, voyeurismo.<br>Un\u00e1monos y compartamos sin compartirnos. <br>Juguemos con lo propio en colectivo.<br>Generemos un espacio \u00fanico e irrepetible de individualidad colectiva, vulnerable y disfrutona.<\/p>\n\n\n\n<p><strong>Sandra Bravo<\/strong> es periodista, terapeuta y activista no mon\u00f3gama. Facilita talleres y actividades con perspectiva sex-positive y es la creadora del proyecto de divulgaci\u00f3n&nbsp;<a rel=\"noreferrer noopener\" href=\"http:\/\/www.hablemosdepoliamor.com\/\" target=\"_blank\">www.hablemosdepoliamor.com<\/a><\/p>\n\n\n\n<p><\/p>\n\n\n\n<p>Colaboraci\u00f3n Taller 40\u20ac hasta el 23 de octubre despu\u00e9s 50\u20ac.<br>5\u20ac descuento para lxs asistentes al Sensorium de Octubre o al taller de Septiembre.<\/p>\n\n\n\n<p>MAKE YOUR REGISTRATION THROUGH THIS LINK<\/p>\n\n\n\n<p><a href=\"https:\/\/forms.gle\/ZtkwSDm9H8WmSTrr9\" target=\"_blank\" rel=\"noreferrer noopener\">https:\/\/forms.gle\/ZtkwSDm9H8WmSTrr9<\/a><\/p>\n<\/div>\n\n\n\n<div class=\"wp-block-column is-layout-flow wp-block-column-is-layout-flow\">\n<figure class=\"wp-block-image size-large\"><img loading=\"lazy\" decoding=\"async\" width=\"1024\" height=\"1024\" src=\"https:\/\/observatoriodelplacer.com\/wp-content\/uploads\/2022\/10\/imagen2-1024x1024.png\" alt=\"\" class=\"wp-image-445\" srcset=\"https:\/\/observatoriodelplacer.com\/wp-content\/uploads\/2022\/10\/imagen2-1024x1024.png 1024w, https:\/\/observatoriodelplacer.com\/wp-content\/uploads\/2022\/10\/imagen2-300x300.png 300w, https:\/\/observatoriodelplacer.com\/wp-content\/uploads\/2022\/10\/imagen2-150x150.png 150w, https:\/\/observatoriodelplacer.com\/wp-content\/uploads\/2022\/10\/imagen2-768x768.png 768w, https:\/\/observatoriodelplacer.com\/wp-content\/uploads\/2022\/10\/imagen2.png 1080w\" sizes=\"auto, (max-width: 1024px) 100vw, 1024px\" \/><\/figure>\n<\/div>\n<\/div>","protected":false},"excerpt":{"rendered":"<p>Hay que darse cuenta del poder que pueden aportarnos nuestras entrepiernas y nuestros corazones liberados, quiz\u00e1s entonces podremos pasar a la acci\u00f3n. Podremos\u201ctomar partido hasta mancharnos\u201d.Diana J. Torres 30 Oct. 16-20hFacilita, Sandra Bravo \u00bfQu\u00e9 es el placer para ti? \u00bfQu\u00e9 relaci\u00f3n tienes con \u00e9l? \u00bfC\u00f3mo lo consigues? El c\u00edrculo de masturbaci\u00f3n colectiva es una propuesta [&hellip;]<\/p>\n","protected":false},"author":1,"featured_media":0,"parent":0,"menu_order":0,"comment_status":"closed","ping_status":"closed","template":"","meta":{"site-sidebar-layout":"default","site-content-layout":"","ast-site-content-layout":"","site-content-style":"default","site-sidebar-style":"default","ast-global-header-display":"","ast-banner-title-visibility":"","ast-main-header-display":"","ast-hfb-above-header-display":"","ast-hfb-below-header-display":"","ast-hfb-mobile-header-display":"","site-post-title":"","ast-breadcrumbs-content":"","ast-featured-img":"","footer-sml-layout":"","theme-transparent-header-meta":"","adv-header-id-meta":"","stick-header-meta":"","header-above-stick-meta":"","header-main-stick-meta":"","header-below-stick-meta":"","astra-migrate-meta-layouts":"default","ast-page-background-enabled":"default","ast-page-background-meta":{"desktop":{"background-color":"var(--ast-global-color-4)","background-image":"","background-repeat":"repeat","background-position":"center center","background-size":"auto","background-attachment":"scroll","background-type":"","background-media":"","overlay-type":"","overlay-color":"","overlay-opacity":"","overlay-gradient":""},"tablet":{"background-color":"","background-image":"","background-repeat":"repeat","background-position":"center center","background-size":"auto","background-attachment":"scroll","background-type":"","background-media":"","overlay-type":"","overlay-color":"","overlay-opacity":"","overlay-gradient":""},"mobile":{"background-color":"","background-image":"","background-repeat":"repeat","background-position":"center center","background-size":"auto","background-attachment":"scroll","background-type":"","background-media":"","overlay-type":"","overlay-color":"","overlay-opacity":"","overlay-gradient":""}},"ast-content-background-meta":{"desktop":{"background-color":"var(--ast-global-color-5)","background-image":"","background-repeat":"repeat","background-position":"center center","background-size":"auto","background-attachment":"scroll","background-type":"","background-media":"","overlay-type":"","overlay-color":"","overlay-opacity":"","overlay-gradient":""},"tablet":{"background-color":"var(--ast-global-color-5)","background-image":"","background-repeat":"repeat","background-position":"center center","background-size":"auto","background-attachment":"scroll","background-type":"","background-media":"","overlay-type":"","overlay-color":"","overlay-opacity":"","overlay-gradient":""},"mobile":{"background-color":"var(--ast-global-color-5)","background-image":"","background-repeat":"repeat","background-position":"center center","background-size":"auto","background-attachment":"scroll","background-type":"","background-media":"","overlay-type":"","overlay-color":"","overlay-opacity":"","overlay-gradient":""}},"footnotes":""},"class_list":["post-434","page","type-page","status-publish","hentry"],"_links":{"self":[{"href":"https:\/\/observatoriodelplacer.com\/en\/wp-json\/wp\/v2\/pages\/434","targetHints":{"allow":["GET"]}}],"collection":[{"href":"https:\/\/observatoriodelplacer.com\/en\/wp-json\/wp\/v2\/pages"}],"about":[{"href":"https:\/\/observatoriodelplacer.com\/en\/wp-json\/wp\/v2\/types\/page"}],"author":[{"embeddable":true,"href":"https:\/\/observatoriodelplacer.com\/en\/wp-json\/wp\/v2\/users\/1"}],"replies":[{"embeddable":true,"href":"https:\/\/observatoriodelplacer.com\/en\/wp-json\/wp\/v2\/comments?post=434"}],"version-history":[{"count":8,"href":"https:\/\/observatoriodelplacer.com\/en\/wp-json\/wp\/v2\/pages\/434\/revisions"}],"predecessor-version":[{"id":464,"href":"https:\/\/observatoriodelplacer.com\/en\/wp-json\/wp\/v2\/pages\/434\/revisions\/464"}],"wp:attachment":[{"href":"https:\/\/observatoriodelplacer.com\/en\/wp-json\/wp\/v2\/media?parent=434"}],"curies":[{"name":"wp","href":"https:\/\/api.w.org\/{rel}","templated":true}]}}