{"id":45,"date":"2021-08-11T20:12:43","date_gmt":"2021-08-11T20:12:43","guid":{"rendered":"https:\/\/observatoriodelplacer.com\/?page_id=45"},"modified":"2022-08-26T10:27:11","modified_gmt":"2022-08-26T08:27:11","slug":"basicos","status":"publish","type":"page","link":"https:\/\/observatoriodelplacer.com\/en\/basicos\/","title":{"rendered":"BASICS"},"content":{"rendered":"<div class=\"wp-block-group is-layout-flow wp-block-group-is-layout-flow\">\n<div class=\"wp-block-columns is-layout-flex wp-container-core-columns-is-layout-28f84493 wp-block-columns-is-layout-flex\">\n<div class=\"wp-block-column is-layout-flow wp-block-column-is-layout-flow\">\n<p>I.<br>Dress Code _ Cuando te prepares, intenta aportar algo de lo que te gustar\u00eda encontrar y ante la duda, desnudx.<\/p>\n\n\n\n<p>II.<br>\u00abNo\u00bb significa \u00abNo\u00bb. \u00abQuiz\u00e1s\u00bb significa \u00abNo\u00bb. El consentimiento es la base del respeto, el bienestar y la seguridad. Nos preocupamos por el consentimiento en todas las formas posibles. Respeto en todo momento. No toques sin permiso expl\u00edcito. No seas una molestia repetitiva.<\/p>\n\n\n\n<p>III.<br>M\u00e1s sobre el consentimiento: no rompas una escena. Espera a que te inviten. Aunque ser voyeur es una opci\u00f3n leg\u00edtima, practicar el amor propio no consensuado no est\u00e1 aceptado.<\/p>\n\n\n\n<p>IV.<br>Respeto: La comunicaci\u00f3n agresiva, coercitiva, irrespetuosa o manipuladora, verbal o no verbal, no es bienvenida en absoluto.<\/p>\n\n\n\n<p>V.<br>No se tolerar\u00e1n las actitudes f\u00f3bicas hacia la identidad, la raza, el g\u00e9nero, la orientaci\u00f3n o los tipos de cuerpo. Nunca.<\/p>\n\n\n\n<p>VI.<br>Valoramos profundamente la seguridad emocional y el bienestar de les participantes y, al mismo tiempo, no podemos prometer seguridad. Pedimos responsabilidad personal en los espacios de juego.<\/p>\n\n\n\n<p>VII.<br>Por temas de salud y cuidados, pedimos responsabilidad personal ante la situaci\u00f3n del covid y que te abstengas de venir si tienes s\u00edntomas o sientes inseguridad al respecto.<\/p>\n\n\n\n<p>De igual manera pedimos que est\u00e9s al corriente de tu estado de salud sexual y que te hagas pruebas de ITS previas al evento si fuese necesario.<\/p>\n\n\n\n<p>VIII.<br>Si en cualquier momento sientes que algo despierta tus alarmas o simplemente tienes dudas o curiosidades, dir\u00edgete al equipo de \ud835\udc12\ud835\udc04\ud835\udc0d\ud835\udc12\ud835\udc0e\ud835\udc11\ud835\udc08\ud835\udc14\ud835\udc0c que se encontrar\u00e1 siempre en el espacio.<\/p>\n\n\n\n<p>IX.<br>No queremos fotos ni videos, lo que pase quedar\u00e1 en nuestra memoria. Si hubiese fot\u00f3grafx oficial en el evento, siempre preguntar\u00e1 antes de incluir a cualquier persona u escena.<\/p>\n\n\n\n<p>X.<br>Nos gusta que las decisiones tomadas sean siempre conscientes y no nos interesan ni el alcohol ni las drogas en el transcurso de \ud835\udc12\ud835\udc04\ud835\udc0d\ud835\udc12\ud835\udc0e\ud835\udc11\ud835\udc08\ud835\udc14\ud835\udc0c.<\/p>\n\n\n\n<p>XI.<br>Nos guardamos el derecho de expulsar o rechazar la entrada a cualquier persona que nos parezca que no cuadra con la filosof\u00eda del evento, o que no respeta los BASICOS de \ud835\udc12\ud835\udc04\ud835\udc0d\ud835\udc12\ud835\udc0e\ud835\udc11\ud835\udc08\ud835\udc14\ud835\udc0c, independientemente de que haya comprado la entrada anteriormente.<\/p>\n<\/div>\n<\/div>\n<\/div>","protected":false},"excerpt":{"rendered":"<p>I.Dress Code _ Cuando te prepares, intenta aportar algo de lo que te gustar\u00eda encontrar y ante la duda, desnudx. II.\u00abNo\u00bb significa \u00abNo\u00bb. \u00abQuiz\u00e1s\u00bb significa \u00abNo\u00bb. El consentimiento es la base del respeto, el bienestar y la seguridad. Nos preocupamos por el consentimiento en todas las formas posibles. Respeto en todo momento. No toques sin [&hellip;]<\/p>\n","protected":false},"author":1,"featured_media":0,"parent":0,"menu_order":0,"comment_status":"closed","ping_status":"closed","template":"","meta":{"site-sidebar-layout":"default","site-content-layout":"","ast-site-content-layout":"","site-content-style":"default","site-sidebar-style":"default","ast-global-header-display":"","ast-banner-title-visibility":"","ast-main-header-display":"","ast-hfb-above-header-display":"","ast-hfb-below-header-display":"","ast-hfb-mobile-header-display":"","site-post-title":"","ast-breadcrumbs-content":"","ast-featured-img":"","footer-sml-layout":"","theme-transparent-header-meta":"","adv-header-id-meta":"","stick-header-meta":"","header-above-stick-meta":"","header-main-stick-meta":"","header-below-stick-meta":"","astra-migrate-meta-layouts":"default","ast-page-background-enabled":"default","ast-page-background-meta":{"desktop":{"background-color":"var(--ast-global-color-4)","background-image":"","background-repeat":"repeat","background-position":"center center","background-size":"auto","background-attachment":"scroll","background-type":"","background-media":"","overlay-type":"","overlay-color":"","overlay-opacity":"","overlay-gradient":""},"tablet":{"background-color":"","background-image":"","background-repeat":"repeat","background-position":"center center","background-size":"auto","background-attachment":"scroll","background-type":"","background-media":"","overlay-type":"","overlay-color":"","overlay-opacity":"","overlay-gradient":""},"mobile":{"background-color":"","background-image":"","background-repeat":"repeat","background-position":"center center","background-size":"auto","background-attachment":"scroll","background-type":"","background-media":"","overlay-type":"","overlay-color":"","overlay-opacity":"","overlay-gradient":""}},"ast-content-background-meta":{"desktop":{"background-color":"var(--ast-global-color-5)","background-image":"","background-repeat":"repeat","background-position":"center center","background-size":"auto","background-attachment":"scroll","background-type":"","background-media":"","overlay-type":"","overlay-color":"","overlay-opacity":"","overlay-gradient":""},"tablet":{"background-color":"var(--ast-global-color-5)","background-image":"","background-repeat":"repeat","background-position":"center center","background-size":"auto","background-attachment":"scroll","background-type":"","background-media":"","overlay-type":"","overlay-color":"","overlay-opacity":"","overlay-gradient":""},"mobile":{"background-color":"var(--ast-global-color-5)","background-image":"","background-repeat":"repeat","background-position":"center center","background-size":"auto","background-attachment":"scroll","background-type":"","background-media":"","overlay-type":"","overlay-color":"","overlay-opacity":"","overlay-gradient":""}},"footnotes":""},"class_list":["post-45","page","type-page","status-publish","hentry"],"_links":{"self":[{"href":"https:\/\/observatoriodelplacer.com\/en\/wp-json\/wp\/v2\/pages\/45","targetHints":{"allow":["GET"]}}],"collection":[{"href":"https:\/\/observatoriodelplacer.com\/en\/wp-json\/wp\/v2\/pages"}],"about":[{"href":"https:\/\/observatoriodelplacer.com\/en\/wp-json\/wp\/v2\/types\/page"}],"author":[{"embeddable":true,"href":"https:\/\/observatoriodelplacer.com\/en\/wp-json\/wp\/v2\/users\/1"}],"replies":[{"embeddable":true,"href":"https:\/\/observatoriodelplacer.com\/en\/wp-json\/wp\/v2\/comments?post=45"}],"version-history":[{"count":14,"href":"https:\/\/observatoriodelplacer.com\/en\/wp-json\/wp\/v2\/pages\/45\/revisions"}],"predecessor-version":[{"id":384,"href":"https:\/\/observatoriodelplacer.com\/en\/wp-json\/wp\/v2\/pages\/45\/revisions\/384"}],"wp:attachment":[{"href":"https:\/\/observatoriodelplacer.com\/en\/wp-json\/wp\/v2\/media?parent=45"}],"curies":[{"name":"wp","href":"https:\/\/api.w.org\/{rel}","templated":true}]}}