{"id":770,"date":"2022-12-30T23:05:57","date_gmt":"2022-12-30T21:05:57","guid":{"rendered":"https:\/\/observatoriodelplacer.com\/?page_id=770"},"modified":"2023-01-07T10:26:39","modified_gmt":"2023-01-07T08:26:39","slug":"orgia-y-liminalidad","status":"publish","type":"page","link":"https:\/\/observatoriodelplacer.com\/en\/orgia-y-liminalidad\/","title":{"rendered":"Org\u00eda y liminalidad"},"content":{"rendered":"<div class=\"wp-block-columns is-layout-flex wp-container-core-columns-is-layout-28f84493 wp-block-columns-is-layout-flex\">\n<div class=\"wp-block-column is-layout-flow wp-block-column-is-layout-flow\">\n<p><strong>Domingo 15 Enero<\/strong> \u00b7 <strong>12-18h<\/strong><br><em>Facilita ZCA<\/em><\/p>\n\n\n\n<p class=\"has-text-align-right\"><em>As\u00ed la liminalidad se compara frecuentemente con la muerte, con el contraerse en el \u00fatero, con la invisibilidad, la oscuridad, la bisexualidad, la soledad y los eclipses solares o lunares. <\/em><strong>The Ritual Process. Structure and Anti-Structure, 1969, Victor W. Turner.<\/strong><\/p>\n\n\n\n<p>Un taller\/ritual alrededor de cuestiones como \u00bfQu\u00e9 tiene la org\u00eda de liminal? \u00bfEs la liminalidad un (no)espacio de (trans)formaci\u00f3n? \u00bfC\u00f3mo habitar lo liminal en la org\u00eda? Un viaje donde eludir o escapar del sistema de clasificaciones (que normalmente establecen las situaciones y posiciones en el espacio cultural). \u00abGentes del umbral\u00bb (tramposxs, payasxs, saltimbanquis) intra-accionando un momento en y fuera del tiempo, donde no estar ni en un sitio ni en otro. Sin situarnos en las posiciones asignadas y dispuestas por la ley, la costumbre, las convenciones y el ceremonial. M\u00e1scaras, atuendos y vestimentas grotescas\u2026 desnudez. Un proceso donde la ambig\u00fcedad y el exceso cohabitan alegremente con lo sagrado y lo humilde.<\/p>\n\n\n\n<p><strong>ZCA<\/strong> es parte generadora de ODP (observatorio del placer). <br>Despu\u00e9s de sus estudios en cine y teolog\u00eda su inter\u00e9s personal por el cuerpo y sus relaciones hace que investigue en diferentes pr\u00e1cticas som\u00e1ticas y de sexualidad. produce en 2017 y 2018 xplorebcn adem\u00e1s de organizar talleres tanto para xplorebcn como para xplore berlin en 2021 y colaborar junto a <a rel=\"noreferrer noopener\" href=\"https:\/\/www.instagram.com\/princesalimonera\" data-type=\"URL\" data-id=\"https:\/\/www.instagram.com\/princesalimonera\" target=\"_blank\">Anarella Mart\u00ednez-Madrid<\/a> on the platform <a rel=\"noreferrer noopener\" href=\"https:\/\/www.sexschoolhub.com\/\" data-type=\"URL\" data-id=\"https:\/\/www.sexschoolhub.com\/\" target=\"_blank\">sex school<\/a>.<\/p>\n\n\n\n<figure class=\"wp-block-image size-large\"><img loading=\"lazy\" decoding=\"async\" width=\"759\" height=\"1024\" src=\"https:\/\/observatoriodelplacer.com\/wp-content\/uploads\/2022\/11\/WhatsApp-Image-2022-11-18-at-17.18.54-759x1024.jpeg\" alt=\"\" class=\"wp-image-638\" srcset=\"https:\/\/observatoriodelplacer.com\/wp-content\/uploads\/2022\/11\/WhatsApp-Image-2022-11-18-at-17.18.54-759x1024.jpeg 759w, https:\/\/observatoriodelplacer.com\/wp-content\/uploads\/2022\/11\/WhatsApp-Image-2022-11-18-at-17.18.54-222x300.jpeg 222w, https:\/\/observatoriodelplacer.com\/wp-content\/uploads\/2022\/11\/WhatsApp-Image-2022-11-18-at-17.18.54-768x1036.jpeg 768w, https:\/\/observatoriodelplacer.com\/wp-content\/uploads\/2022\/11\/WhatsApp-Image-2022-11-18-at-17.18.54-1139x1536.jpeg 1139w, https:\/\/observatoriodelplacer.com\/wp-content\/uploads\/2022\/11\/WhatsApp-Image-2022-11-18-at-17.18.54.jpeg 1186w\" sizes=\"auto, (max-width: 759px) 100vw, 759px\" \/><\/figure>\n\n\n\n<p><strong>Colaboraci\u00f3n Taller<\/strong><br>50\u20ac hasta el 4 de enero despu\u00e9s 60\u20ac.<br>5\u20ac descuento para lxs asistentes al taller de Diciembre.<\/p>\n\n\n\n<p class=\"has-nv-site-bg-color has-text-color has-background\" style=\"background-color:#ff5050\"><strong><em><em>*** We do not want anyone to be left out of the activities due to economic issues. If this is your case, let us know and we will look for possible exchanges or a reduced collaboration.<\/em><br><\/em>Likewise, Observatorio del Placer is a project in formation, if you want to support us with greater collaboration, it will also be welcome.<\/strong><\/p>\n\n\n\n<p>MAKE YOUR REGISTRATION THROUGH THIS LINK<\/p>\n\n\n\n<p><a href=\"https:\/\/forms.gle\/3KEpDpnZRx1wRMMKA\" target=\"_blank\" rel=\"noopener\">https:\/\/forms.gle\/3KEpDpnZRx1wRMMKA<\/a><\/p>\n<\/div>\n\n\n\n<div class=\"wp-block-column is-layout-flow wp-block-column-is-layout-flow\">\n<figure class=\"wp-block-image size-large\"><a href=\"https:\/\/forms.gle\/3KEpDpnZRx1wRMMKA\" target=\"_blank\" rel=\"noopener\"><img decoding=\"async\" src=\"https:\/\/observatoriodelplacer.com\/wp-content\/uploads\/2022\/12\/orgiayliminalidad-1024x1024.png\" alt=\"\" class=\"wp-image-771\"\/><\/a><\/figure>\n<\/div>\n<\/div>","protected":false},"excerpt":{"rendered":"<p>Domingo 15 Enero \u00b7 12-18hFacilita ZCA As\u00ed la liminalidad se compara frecuentemente con la muerte, con el contraerse en el \u00fatero, con la invisibilidad, la oscuridad, la bisexualidad, la soledad y los eclipses solares o lunares. The Ritual Process. Structure and Anti-Structure, 1969, Victor W. Turner. Un taller\/ritual alrededor de cuestiones como \u00bfQu\u00e9 tiene la [&hellip;]<\/p>\n","protected":false},"author":1,"featured_media":0,"parent":0,"menu_order":0,"comment_status":"closed","ping_status":"closed","template":"","meta":{"site-sidebar-layout":"default","site-content-layout":"","ast-site-content-layout":"","site-content-style":"default","site-sidebar-style":"default","ast-global-header-display":"","ast-banner-title-visibility":"","ast-main-header-display":"","ast-hfb-above-header-display":"","ast-hfb-below-header-display":"","ast-hfb-mobile-header-display":"","site-post-title":"","ast-breadcrumbs-content":"","ast-featured-img":"","footer-sml-layout":"","theme-transparent-header-meta":"","adv-header-id-meta":"","stick-header-meta":"","header-above-stick-meta":"","header-main-stick-meta":"","header-below-stick-meta":"","astra-migrate-meta-layouts":"default","ast-page-background-enabled":"default","ast-page-background-meta":{"desktop":{"background-color":"var(--ast-global-color-4)","background-image":"","background-repeat":"repeat","background-position":"center center","background-size":"auto","background-attachment":"scroll","background-type":"","background-media":"","overlay-type":"","overlay-color":"","overlay-opacity":"","overlay-gradient":""},"tablet":{"background-color":"","background-image":"","background-repeat":"repeat","background-position":"center center","background-size":"auto","background-attachment":"scroll","background-type":"","background-media":"","overlay-type":"","overlay-color":"","overlay-opacity":"","overlay-gradient":""},"mobile":{"background-color":"","background-image":"","background-repeat":"repeat","background-position":"center center","background-size":"auto","background-attachment":"scroll","background-type":"","background-media":"","overlay-type":"","overlay-color":"","overlay-opacity":"","overlay-gradient":""}},"ast-content-background-meta":{"desktop":{"background-color":"var(--ast-global-color-5)","background-image":"","background-repeat":"repeat","background-position":"center center","background-size":"auto","background-attachment":"scroll","background-type":"","background-media":"","overlay-type":"","overlay-color":"","overlay-opacity":"","overlay-gradient":""},"tablet":{"background-color":"var(--ast-global-color-5)","background-image":"","background-repeat":"repeat","background-position":"center center","background-size":"auto","background-attachment":"scroll","background-type":"","background-media":"","overlay-type":"","overlay-color":"","overlay-opacity":"","overlay-gradient":""},"mobile":{"background-color":"var(--ast-global-color-5)","background-image":"","background-repeat":"repeat","background-position":"center center","background-size":"auto","background-attachment":"scroll","background-type":"","background-media":"","overlay-type":"","overlay-color":"","overlay-opacity":"","overlay-gradient":""}},"footnotes":""},"class_list":["post-770","page","type-page","status-publish","hentry"],"_links":{"self":[{"href":"https:\/\/observatoriodelplacer.com\/en\/wp-json\/wp\/v2\/pages\/770","targetHints":{"allow":["GET"]}}],"collection":[{"href":"https:\/\/observatoriodelplacer.com\/en\/wp-json\/wp\/v2\/pages"}],"about":[{"href":"https:\/\/observatoriodelplacer.com\/en\/wp-json\/wp\/v2\/types\/page"}],"author":[{"embeddable":true,"href":"https:\/\/observatoriodelplacer.com\/en\/wp-json\/wp\/v2\/users\/1"}],"replies":[{"embeddable":true,"href":"https:\/\/observatoriodelplacer.com\/en\/wp-json\/wp\/v2\/comments?post=770"}],"version-history":[{"count":5,"href":"https:\/\/observatoriodelplacer.com\/en\/wp-json\/wp\/v2\/pages\/770\/revisions"}],"predecessor-version":[{"id":801,"href":"https:\/\/observatoriodelplacer.com\/en\/wp-json\/wp\/v2\/pages\/770\/revisions\/801"}],"wp:attachment":[{"href":"https:\/\/observatoriodelplacer.com\/en\/wp-json\/wp\/v2\/media?parent=770"}],"curies":[{"name":"wp","href":"https:\/\/api.w.org\/{rel}","templated":true}]}}